{"id":1590,"date":"2017-07-21T10:13:14","date_gmt":"2017-07-21T14:13:14","guid":{"rendered":"https:\/\/smartprint.com\/?page_id=1590"},"modified":"2021-05-27T12:51:34","modified_gmt":"2021-05-27T12:51:34","slug":"accueil","status":"publish","type":"page","link":"https:\/\/smartprint.com\/fr\/","title":{"rendered":"Accueil"},"content":{"rendered":"<p>[et_pb_section fb_built=&#8221;1&#8243; admin_label=&#8221;section&#8221; _builder_version=&#8221;3.22&#8243; background_color=&#8221;rgba(255,255,255,0)&#8221; fb_built=&#8221;1&#8243; bb_built=&#8221;1&#8243; _i=&#8221;0&#8243; _address=&#8221;0&#8243;][et_pb_row padding_mobile=&#8221;off&#8221; column_padding_mobile=&#8221;on&#8221; admin_label=&#8221;row&#8221; _builder_version=&#8221;3.25&#8243; background_color=&#8221;#d1d1d1&#8243; background_size=&#8221;initial&#8221; background_position=&#8221;top_left&#8221; background_repeat=&#8221;repeat&#8221; _i=&#8221;0&#8243; _address=&#8221;0.0&#8243;][et_pb_column type=&#8221;4_4&#8243; _builder_version=&#8221;3.25&#8243; custom_padding=&#8221;|||&#8221; _i=&#8221;0&#8243; _address=&#8221;0.0.0&#8243; custom_padding__hover=&#8221;|||&#8221;][et_pb_slider admin_label=&#8221;360 Slider&#8221; module_id=&#8221;home-360banner&#8221; module_class=&#8221;homepage&#8221; _builder_version=&#8221;3.29.3&#8243; custom_padding=&#8221;|||&#8221; custom_padding_tablet=&#8221;|||&#8221; custom_padding_phone=&#8221;|||&#8221; hover_enabled=&#8221;0&#8243; box_shadow_style=&#8221;preset6&#8243; box_shadow_blur=&#8221;10px&#8221; box_shadow_color=&#8221;rgba(0,0,0,0.1)&#8221; remove_inner_shadow=&#8221;off&#8221; hide_content_on_mobile=&#8221;off&#8221; hide_cta_on_mobile=&#8221;off&#8221; show_inner_shadow=&#8221;on&#8221; button_letter_spacing_hover=&#8221;0&#8243; _i=&#8221;0&#8243; _address=&#8221;0.0.0.0&#8243; button_text_size__hover_enabled=&#8221;off&#8221; button_one_text_size__hover_enabled=&#8221;off&#8221; button_two_text_size__hover_enabled=&#8221;off&#8221; button_text_color__hover_enabled=&#8221;off&#8221; button_one_text_color__hover_enabled=&#8221;off&#8221; button_two_text_color__hover_enabled=&#8221;off&#8221; button_border_width__hover_enabled=&#8221;off&#8221; button_one_border_width__hover_enabled=&#8221;off&#8221; button_two_border_width__hover_enabled=&#8221;off&#8221; button_border_color__hover_enabled=&#8221;off&#8221; button_one_border_color__hover_enabled=&#8221;off&#8221; button_two_border_color__hover_enabled=&#8221;off&#8221; button_border_radius__hover_enabled=&#8221;off&#8221; button_one_border_radius__hover_enabled=&#8221;off&#8221; button_two_border_radius__hover_enabled=&#8221;off&#8221; button_letter_spacing__hover_enabled=&#8221;on&#8221; button_letter_spacing__hover=&#8221;0&#8243; button_one_letter_spacing__hover_enabled=&#8221;off&#8221; button_two_letter_spacing__hover_enabled=&#8221;off&#8221; button_bg_color__hover_enabled=&#8221;off&#8221; button_one_bg_color__hover_enabled=&#8221;off&#8221; button_two_bg_color__hover_enabled=&#8221;off&#8221;][et_pb_slide use_bg_overlay=&#8221;off&#8221; use_text_overlay=&#8221;off&#8221; admin_title=&#8221;360 Print Management&#8221; _builder_version=&#8221;3.29.3&#8243; header_font=&#8221;||||&#8221; body_font=&#8221;||||&#8221; background_color=&#8221;#ffffff&#8221; background_image=&#8221;http:\/\/smartprint.com\/wp-content\/uploads\/2016\/01\/360-home-banner.jpg&#8221; button_icon_placement=&#8221;right&#8221; button_on_hover=&#8221;on&#8221; background_layout=&#8221;light&#8221; hover_enabled=&#8221;0&#8243; _i=&#8221;0&#8243; _address=&#8221;0.0.0.0.0&#8243; button_text_size__hover_enabled=&#8221;off&#8221; button_one_text_size__hover_enabled=&#8221;off&#8221; button_two_text_size__hover_enabled=&#8221;off&#8221; button_text_color__hover_enabled=&#8221;off&#8221; button_one_text_color__hover_enabled=&#8221;off&#8221; button_two_text_color__hover_enabled=&#8221;off&#8221; button_border_width__hover_enabled=&#8221;off&#8221; button_one_border_width__hover_enabled=&#8221;off&#8221; button_two_border_width__hover_enabled=&#8221;off&#8221; button_border_color__hover_enabled=&#8221;off&#8221; button_one_border_color__hover_enabled=&#8221;off&#8221; button_two_border_color__hover_enabled=&#8221;off&#8221; button_border_radius__hover_enabled=&#8221;off&#8221; button_one_border_radius__hover_enabled=&#8221;off&#8221; button_two_border_radius__hover_enabled=&#8221;off&#8221; button_letter_spacing__hover_enabled=&#8221;off&#8221; button_one_letter_spacing__hover_enabled=&#8221;off&#8221; button_two_letter_spacing__hover_enabled=&#8221;off&#8221; button_bg_color__hover_enabled=&#8221;off&#8221; button_one_bg_color__hover_enabled=&#8221;off&#8221; button_two_bg_color__hover_enabled=&#8221;off&#8221;]<\/p>\n<h2><img loading=\"lazy\" decoding=\"async\" class=\"style-svg\" src=\"https:\/\/smartprint.com\/wp-content\/uploads\/2018\/06\/360-logo.png\" alt=\"\" width=\"300\" height=\"238\" \/><\/h2>\n<h2 class=\"et_pb_slide_title\">D\u00e9couvrez les Services d\u2019Impression G\u00e9r\u00e9s pour tous vos besoins, sur une seule facture.<\/h2>\n<p>Jamais un service d\u2019impression g\u00e9r\u00e9 n\u2019avait offert autant, ou n\u2019avait rendu les choses aussi simples.<\/p>\n<p><a class=\"et_pb_more_button et_pb_button\" href=\"\/fr\/smartprint-360\/\">D\u00e9couvrez SmartPrint 360<\/a><\/p>\n<p>[\/et_pb_slide][\/et_pb_slider][et_pb_slider show_pagination=&#8221;off&#8221; module_id=&#8221;home-help-banner&#8221; module_class=&#8221;homepage&#8221; _builder_version=&#8221;3.16&#8243; background_position=&#8221;top_center&#8221; custom_padding=&#8221;10em|0px|10em|0px&#8221; custom_padding_tablet=&#8221;|||&#8221; custom_padding_phone=&#8221;|||&#8221; box_shadow_style=&#8221;preset6&#8243; box_shadow_blur=&#8221;10px&#8221; box_shadow_color=&#8221;rgba(0,0,0,0.1)&#8221; top_padding=&#8221;10em&#8221; bottom_padding=&#8221;10em&#8221; remove_inner_shadow=&#8221;off&#8221; hide_content_on_mobile=&#8221;off&#8221; hide_cta_on_mobile=&#8221;off&#8221; show_inner_shadow=&#8221;on&#8221; button_letter_spacing_hover=&#8221;0&#8243; _i=&#8221;1&#8243; _address=&#8221;0.0.0.1&#8243; button_text_size__hover_enabled=&#8221;off&#8221; button_one_text_size__hover_enabled=&#8221;off&#8221; button_two_text_size__hover_enabled=&#8221;off&#8221; button_text_color__hover_enabled=&#8221;off&#8221; button_one_text_color__hover_enabled=&#8221;off&#8221; button_two_text_color__hover_enabled=&#8221;off&#8221; button_border_width__hover_enabled=&#8221;off&#8221; button_one_border_width__hover_enabled=&#8221;off&#8221; button_two_border_width__hover_enabled=&#8221;off&#8221; button_border_color__hover_enabled=&#8221;off&#8221; button_one_border_color__hover_enabled=&#8221;off&#8221; button_two_border_color__hover_enabled=&#8221;off&#8221; button_border_radius__hover_enabled=&#8221;off&#8221; button_one_border_radius__hover_enabled=&#8221;off&#8221; button_two_border_radius__hover_enabled=&#8221;off&#8221; button_letter_spacing__hover_enabled=&#8221;on&#8221; button_letter_spacing__hover=&#8221;0&#8243; button_one_letter_spacing__hover_enabled=&#8221;off&#8221; button_two_letter_spacing__hover_enabled=&#8221;off&#8221; button_bg_color__hover_enabled=&#8221;off&#8221; button_one_bg_color__hover_enabled=&#8221;off&#8221; button_two_bg_color__hover_enabled=&#8221;off&#8221;][et_pb_slide heading=&#8221;Mon environnement d&#8217;impression est hors de contr\u00f4le!&#8221; button_text=&#8221;T\u00e9l\u00e9charger le manuel indispensable des services d&#8217;impressions g\u00e9r\u00e9s&#8221; button_link=&#8221;https:\/\/smartprint.com\/fr\/manuel-indispensable-vers-les-services-dimpressions-geres\/&#8221; use_bg_overlay=&#8221;off&#8221; use_text_overlay=&#8221;off&#8221; admin_title=&#8221;Print Environment&#8221; _builder_version=&#8221;3.16&#8243; header_font=&#8221;||||&#8221; body_font=&#8221;||||&#8221; background_color=&#8221;#e5e5e5&#8243; background_image=&#8221;https:\/\/smartprint.com\/wp-content\/uploads\/2016\/01\/banner_placeholder_2.jpg&#8221; custom_button=&#8221;on&#8221; button_font=&#8221;||||&#8221; button_icon_placement=&#8221;right&#8221; button_on_hover=&#8221;on&#8221; background_layout=&#8221;light&#8221; custom_css_slide_title=&#8221;width:50%; float:left;&#8221; custom_css_slide_button=&#8221;width:50%; float:left;&#8221; _i=&#8221;0&#8243; _address=&#8221;0.0.0.1.0&#8243; button_text_size__hover_enabled=&#8221;off&#8221; button_one_text_size__hover_enabled=&#8221;off&#8221; button_two_text_size__hover_enabled=&#8221;off&#8221; button_text_color__hover_enabled=&#8221;off&#8221; button_one_text_color__hover_enabled=&#8221;off&#8221; button_two_text_color__hover_enabled=&#8221;off&#8221; button_border_width__hover_enabled=&#8221;off&#8221; button_one_border_width__hover_enabled=&#8221;off&#8221; button_two_border_width__hover_enabled=&#8221;off&#8221; button_border_color__hover_enabled=&#8221;off&#8221; button_one_border_color__hover_enabled=&#8221;off&#8221; button_two_border_color__hover_enabled=&#8221;off&#8221; button_border_radius__hover_enabled=&#8221;off&#8221; button_one_border_radius__hover_enabled=&#8221;off&#8221; button_two_border_radius__hover_enabled=&#8221;off&#8221; button_letter_spacing__hover_enabled=&#8221;off&#8221; button_one_letter_spacing__hover_enabled=&#8221;off&#8221; button_two_letter_spacing__hover_enabled=&#8221;off&#8221; button_bg_color__hover_enabled=&#8221;off&#8221; button_one_bg_color__hover_enabled=&#8221;off&#8221; button_two_bg_color__hover_enabled=&#8221;off&#8221;][\/et_pb_slide][\/et_pb_slider][\/et_pb_column][\/et_pb_row][\/et_pb_section][et_pb_section fb_built=&#8221;1&#8243; _builder_version=&#8221;3.22&#8243; background_color=&#8221;rgba(255,255,255,0)&#8221; fb_built=&#8221;1&#8243; bb_built=&#8221;1&#8243; _i=&#8221;1&#8243; _address=&#8221;1&#8243;][et_pb_row column_structure=&#8221;1_2,1_2&#8243; padding_mobile=&#8221;off&#8221; column_padding_mobile=&#8221;on&#8221; admin_label=&#8221;brands \/ print environments&#8221; module_class=&#8221;border-right&#8221; _builder_version=&#8221;3.25&#8243; background_color=&#8221;#ededed&#8221; background_size=&#8221;initial&#8221; background_position=&#8221;top_left&#8221; background_repeat=&#8221;repeat&#8221; custom_padding=&#8221;4em||4em|&#8221; _i=&#8221;0&#8243; _address=&#8221;1.0&#8243;][et_pb_column type=&#8221;1_2&#8243; _builder_version=&#8221;3.25&#8243; custom_padding=&#8221;|||&#8221; _i=&#8221;0&#8243; _address=&#8221;1.0.0&#8243; custom_padding__hover=&#8221;|||&#8221;][et_pb_text _builder_version=&#8221;3.27.4&#8243; background_size=&#8221;initial&#8221; background_position=&#8221;top_left&#8221; background_repeat=&#8221;repeat&#8221; text_orientation=&#8221;right&#8221; custom_padding=&#8221;|3em||&#8221; border_style=&#8221;solid&#8221; _i=&#8221;0&#8243; _address=&#8221;1.0.0.0&#8243;]<\/p>\n<h1>Des gens brillants qui<br \/>\ncomprennent des environnements<br \/>\nd\u2019impressions obscurs<\/h1>\n<p>[\/et_pb_text][\/et_pb_column][et_pb_column type=&#8221;1_2&#8243; _builder_version=&#8221;3.25&#8243; custom_padding=&#8221;|||&#8221; _i=&#8221;1&#8243; _address=&#8221;1.0.1&#8243; custom_padding__hover=&#8221;|||&#8221;][et_pb_image src=&#8221;http:\/\/smartprint.com\/wp-content\/uploads\/2016\/12\/Case-Study_Vendor-Consolidation_thumbnail-1.jpg&#8221; url=&#8221;https:\/\/smartprint.com\/fr\/etude-de-cas-sig\/etude-de-cas-sig-consolidation-de-fournisseurs-et-materiel-dimpression-standardise\/&#8221; url_new_window=&#8221;on&#8221; align_tablet=&#8221;center&#8221; align_last_edited=&#8221;on|desktop&#8221; _builder_version=&#8221;3.23&#8243; custom_margin=&#8221;40px|||&#8221; animation=&#8221;off&#8221; _i=&#8221;0&#8243; _address=&#8221;1.0.1.0&#8243;][\/et_pb_image][et_pb_image src=&#8221;http:\/\/smartprint.com\/wp-content\/uploads\/2016\/11\/Case-Study_Document-Management-System-Paperless_thumbnail.jpg&#8221; alt=&#8221;MPS Case Study Document Management System Paperless Food Processing Manufacturing&#8221; title_text=&#8221;MPS Case Study Document Management System Paperless Efficiencies&#8221; url=&#8221;https:\/\/smartprint.com\/fr\/etude-de-cas-sig\/etude-de-cas-sig-systeme-de-gestion-documentaire-et-solution-efficaces-sans-papier\/&#8221; url_new_window=&#8221;on&#8221; align_tablet=&#8221;center&#8221; align_last_edited=&#8221;on|desktop&#8221; _builder_version=&#8221;3.23&#8243; custom_margin=&#8221;40px|||&#8221; animation=&#8221;off&#8221; _i=&#8221;1&#8243; _address=&#8221;1.0.1.1&#8243;][\/et_pb_image][et_pb_code admin_label=&#8221;Learn More Button&#8221; module_class=&#8221;aligncenter&#8221; saved_tabs=&#8221;all&#8221; _i=&#8221;2&#8243; _address=&#8221;1.0.1.2&#8243;]<a class=\"et_pb_promo_button et_pb_button\" href=\"https:\/\/smartprint.com\/fr\/etude-de-cas-sig\/\">En savoir plus<\/a>[\/et_pb_code][\/et_pb_column][\/et_pb_row][\/et_pb_section][et_pb_section fb_built=&#8221;1&#8243; admin_label=&#8221;section&#8221; _builder_version=&#8221;3.22&#8243; background_color=&#8221;rgba(255,255,255,0)&#8221; fb_built=&#8221;1&#8243; bb_built=&#8221;1&#8243; _i=&#8221;2&#8243; _address=&#8221;2&#8243;][et_pb_row column_structure=&#8221;1_3,1_3,1_3&#8243; admin_label=&#8221;row&#8221; _builder_version=&#8221;3.25&#8243; background_size=&#8221;initial&#8221; background_position=&#8221;top_left&#8221; background_repeat=&#8221;repeat&#8221; _i=&#8221;0&#8243; _address=&#8221;2.0&#8243;][et_pb_column type=&#8221;1_3&#8243; _builder_version=&#8221;3.25&#8243; custom_padding=&#8221;|||&#8221; _i=&#8221;0&#8243; _address=&#8221;2.0.0&#8243; custom_padding__hover=&#8221;|||&#8221;][et_pb_blurb title=&#8221;Contr\u00f4le des documents&#8221; url=&#8221;\/fr\/services-dimpressions-geres\/les-avantages-des-services-dimpressions-geres\/le-controle-des-documents-produit-des-avantages-organisationnels-importants\/&#8221; image=&#8221;https:\/\/smartprint.com\/wp-content\/uploads\/2016\/01\/icon_document.svg&#8221; alt=&#8221;Document Control&#8221; image_max_width=&#8221;none&#8221; admin_label=&#8221;Document Control&#8221; module_class=&#8221;style-svg&#8221; _builder_version=&#8221;3.0.74&#8243; background_size=&#8221;initial&#8221; background_position=&#8221;top_left&#8221; background_repeat=&#8221;repeat&#8221; text_orientation=&#8221;center&#8221; _i=&#8221;0&#8243; _address=&#8221;2.0.0.0&#8243;]<\/p>\n<p>Am\u00e9liorer le workflow et l&#8217;efficacit\u00e9 de l&#8217;\u00e9quipe<\/p>\n<p>[\/et_pb_blurb][et_pb_code module_class=&#8221;aligncenter&#8221; _i=&#8221;1&#8243; _address=&#8221;2.0.0.1&#8243;]<a class=\"et_pb_promo_button et_pb_button\" href=\"https:\/\/smartprint.com\/fr\/services-dimpressions-geres\/les-avantages-des-services-dimpressions-geres\/le-controle-des-documents-produit-des-avantages-organisationnels-importants\/\">En savoir plus<\/a>[\/et_pb_code][\/et_pb_column][et_pb_column type=&#8221;1_3&#8243; _builder_version=&#8221;3.25&#8243; custom_padding=&#8221;|||&#8221; _i=&#8221;1&#8243; _address=&#8221;2.0.1&#8243; custom_padding__hover=&#8221;|||&#8221;][et_pb_blurb title=&#8221;Au revoir le papier&#8221; url=&#8221;https:\/\/smartprint.com\/fr\/services-dimpressions-geres\/les-avantages-des-services-dimpressions-geres\/un-bureau-sans-papier-grace-aux-sig\/&#8221; image=&#8221;https:\/\/smartprint.com\/wp-content\/uploads\/2016\/01\/icon_paperless.svg&#8221; alt=&#8221;Go Paperless&#8221; image_max_width=&#8221;none&#8221; admin_label=&#8221;Go Paperless&#8221; module_class=&#8221;style-svg&#8221; _builder_version=&#8221;3.0.74&#8243; background_size=&#8221;initial&#8221; background_position=&#8221;top_left&#8221; background_repeat=&#8221;repeat&#8221; text_orientation=&#8221;center&#8221; _i=&#8221;0&#8243; _address=&#8221;2.0.1.0&#8243;]<\/p>\n<p>R\u00e9duire les co\u00fbts d&#8217;impression de 30 \u00e0 50%<\/p>\n<p>[\/et_pb_blurb][et_pb_code module_class=&#8221;aligncenter&#8221; _i=&#8221;1&#8243; _address=&#8221;2.0.1.1&#8243;]<a class=\"et_pb_promo_button et_pb_button\" href=\"https:\/\/smartprint.com\/fr\/services-dimpressions-geres\/les-avantages-des-services-dimpressions-geres\/un-bureau-sans-papier-grace-aux-sig\/\">En savoir plus<\/a>[\/et_pb_code][\/et_pb_column][et_pb_column type=&#8221;1_3&#8243; _builder_version=&#8221;3.25&#8243; custom_padding=&#8221;|||&#8221; _i=&#8221;2&#8243; _address=&#8221;2.0.2&#8243; custom_padding__hover=&#8221;|||&#8221;][et_pb_blurb title=&#8221;Consolidation des fournisseurs&#8221; url=&#8221;https:\/\/smartprint.com\/fr\/services-dimpressions-geres\/les-avantages-des-services-dimpressions-geres\/la-consolidation-des-fournisseurs-dimpression-produit-des-economies-de-couts-et-des-avantages-organisationnels-indirects\/&#8221; image=&#8221;https:\/\/smartprint.com\/wp-content\/uploads\/2016\/01\/icon_vendor_ai.svg&#8221; alt=&#8221;Vendor Consolidation&#8221; image_max_width=&#8221;none&#8221; admin_label=&#8221;Vendor Consolidation&#8221; module_class=&#8221;style-svg&#8221; _builder_version=&#8221;3.0.74&#8243; background_size=&#8221;initial&#8221; background_position=&#8221;top_left&#8221; background_repeat=&#8221;repeat&#8221; text_orientation=&#8221;center&#8221; _i=&#8221;0&#8243; _address=&#8221;2.0.2.0&#8243;]<\/p>\n<p>R\u00e9duisez les fournisseurs de plus de 5 \u00e0 1 seul<\/p>\n<p>[\/et_pb_blurb][et_pb_code module_class=&#8221;aligncenter&#8221; _i=&#8221;1&#8243; _address=&#8221;2.0.2.1&#8243;]<a class=\"et_pb_promo_button et_pb_button\" href=\"https:\/\/smartprint.com\/fr\/services-dimpressions-geres\/les-avantages-des-services-dimpressions-geres\/la-consolidation-des-fournisseurs-dimpression-produit-des-economies-de-couts-et-des-avantages-organisationnels-indirects\/\">En savoir plus<\/a>[\/et_pb_code][\/et_pb_column][\/et_pb_row][et_pb_row _builder_version=&#8221;3.25&#8243; background_size=&#8221;initial&#8221; background_position=&#8221;top_left&#8221; background_repeat=&#8221;repeat&#8221; custom_padding=&#8221;40px|5%||5%&#8221; _i=&#8221;1&#8243; _address=&#8221;2.1&#8243;][et_pb_column type=&#8221;4_4&#8243; _builder_version=&#8221;3.25&#8243; custom_padding=&#8221;|||&#8221; _i=&#8221;0&#8243; _address=&#8221;2.1.0&#8243; custom_padding__hover=&#8221;|||&#8221;][et_pb_blog posts_number=&#8221;2&#8243; include_categories=&#8221;84&#8243; show_more=&#8221;on&#8221; show_author=&#8221;off&#8221; show_date=&#8221;off&#8221; show_categories=&#8221;off&#8221; show_pagination=&#8221;off&#8221; disabled_on=&#8221;off|off|off&#8221; _builder_version=&#8221;3.29.3&#8243; border_style=&#8221;solid&#8221; use_dropshadow=&#8221;off&#8221; _i=&#8221;0&#8243; _address=&#8221;2.1.0.0&#8243;][\/et_pb_blog][\/et_pb_column][\/et_pb_row][\/et_pb_section]<\/p>\n","protected":false},"excerpt":{"rendered":"<p>D\u00e9couvrez les Services d\u2019Impression G\u00e9r\u00e9s pour tous&#8230;<\/p>\n <a href=\"https:\/\/smartprint.com\/fr\/\" class=\"more-link\" title=\"Read More\">En savoir plus<\/a>","protected":false},"author":3,"featured_media":0,"parent":0,"menu_order":0,"comment_status":"closed","ping_status":"closed","template":"","meta":{"_acf_changed":false,"_et_pb_use_builder":"on","_et_pb_old_content":"","_et_gb_content_width":"","content-type":"","footnotes":""},"class_list":["post-1590","page","type-page","status-publish","hentry"],"acf":[],"yoast_head":"<!-- This site is optimized with the Yoast SEO plugin v27.4 - https:\/\/yoast.com\/product\/yoast-seo-wordpress\/ -->\n<title>Accueil - SmartPrint<\/title>\n<meta name=\"robots\" content=\"index, follow, max-snippet:-1, max-image-preview:large, max-video-preview:-1\" \/>\n<link rel=\"canonical\" href=\"https:\/\/smartprint.com\/fr\/\" \/>\n<meta property=\"og:locale\" content=\"fr_FR\" \/>\n<meta property=\"og:type\" content=\"article\" \/>\n<meta property=\"og:title\" content=\"Accueil - SmartPrint\" \/>\n<meta property=\"og:description\" content=\"D\u00e9couvrez les Services d\u2019Impression G\u00e9r\u00e9s pour tous...\" \/>\n<meta property=\"og:url\" content=\"https:\/\/smartprint.com\/fr\/\" \/>\n<meta property=\"og:site_name\" content=\"SmartPrint\" \/>\n<meta property=\"article:modified_time\" content=\"2021-05-27T12:51:34+00:00\" \/>\n<meta property=\"og:image\" content=\"https:\/\/smartprint.com\/wp-content\/uploads\/2018\/06\/360-logo.png\" \/>\n<meta name=\"twitter:card\" content=\"summary_large_image\" \/>\n<meta name=\"twitter:label1\" content=\"Est. reading time\" \/>\n\t<meta name=\"twitter:data1\" content=\"8 minutes\" \/>\n<script type=\"application\/ld+json\" class=\"yoast-schema-graph\">{\"@context\":\"https:\\\/\\\/schema.org\",\"@graph\":[{\"@type\":\"WebPage\",\"@id\":\"https:\\\/\\\/smartprint.com\\\/fr\\\/\",\"url\":\"https:\\\/\\\/smartprint.com\\\/fr\\\/\",\"name\":\"Accueil - SmartPrint\",\"isPartOf\":{\"@id\":\"https:\\\/\\\/smartprint.com\\\/#website\"},\"primaryImageOfPage\":{\"@id\":\"https:\\\/\\\/smartprint.com\\\/fr\\\/#primaryimage\"},\"image\":{\"@id\":\"https:\\\/\\\/smartprint.com\\\/fr\\\/#primaryimage\"},\"thumbnailUrl\":\"https:\\\/\\\/smartprint.com\\\/wp-content\\\/uploads\\\/2018\\\/06\\\/360-logo.png\",\"datePublished\":\"2017-07-21T14:13:14+00:00\",\"dateModified\":\"2021-05-27T12:51:34+00:00\",\"breadcrumb\":{\"@id\":\"https:\\\/\\\/smartprint.com\\\/fr\\\/#breadcrumb\"},\"inLanguage\":\"fr-FR\",\"potentialAction\":[{\"@type\":\"ReadAction\",\"target\":[\"https:\\\/\\\/smartprint.com\\\/fr\\\/\"]}]},{\"@type\":\"ImageObject\",\"inLanguage\":\"fr-FR\",\"@id\":\"https:\\\/\\\/smartprint.com\\\/fr\\\/#primaryimage\",\"url\":\"https:\\\/\\\/smartprint.com\\\/wp-content\\\/uploads\\\/2018\\\/06\\\/360-logo.png\",\"contentUrl\":\"https:\\\/\\\/smartprint.com\\\/wp-content\\\/uploads\\\/2018\\\/06\\\/360-logo.png\"},{\"@type\":\"BreadcrumbList\",\"@id\":\"https:\\\/\\\/smartprint.com\\\/fr\\\/#breadcrumb\",\"itemListElement\":[{\"@type\":\"ListItem\",\"position\":1,\"name\":\"Accueil\",\"item\":\"https:\\\/\\\/smartprint.com\\\/fr\\\/\"},{\"@type\":\"ListItem\",\"position\":2,\"name\":\"Accueil\"}]},{\"@type\":\"WebSite\",\"@id\":\"https:\\\/\\\/smartprint.com\\\/#website\",\"url\":\"https:\\\/\\\/smartprint.com\\\/\",\"name\":\"SmartPrint\",\"description\":\"Services d&#039;Impression G\u00e9r\u00e9s\",\"potentialAction\":[{\"@type\":\"SearchAction\",\"target\":{\"@type\":\"EntryPoint\",\"urlTemplate\":\"https:\\\/\\\/smartprint.com\\\/?s={search_term_string}\"},\"query-input\":{\"@type\":\"PropertyValueSpecification\",\"valueRequired\":true,\"valueName\":\"search_term_string\"}}],\"inLanguage\":\"fr-FR\"}]}<\/script>\n<!-- \/ Yoast SEO plugin. -->","yoast_head_json":{"title":"Accueil - SmartPrint","robots":{"index":"index","follow":"follow","max-snippet":"max-snippet:-1","max-image-preview":"max-image-preview:large","max-video-preview":"max-video-preview:-1"},"canonical":"https:\/\/smartprint.com\/fr\/","og_locale":"fr_FR","og_type":"article","og_title":"Accueil - SmartPrint","og_description":"D\u00e9couvrez les Services d\u2019Impression G\u00e9r\u00e9s pour tous...","og_url":"https:\/\/smartprint.com\/fr\/","og_site_name":"SmartPrint","article_modified_time":"2021-05-27T12:51:34+00:00","og_image":[{"url":"https:\/\/smartprint.com\/wp-content\/uploads\/2018\/06\/360-logo.png","type":"","width":"","height":""}],"twitter_card":"summary_large_image","twitter_misc":{"Est. reading time":"8 minutes"},"schema":{"@context":"https:\/\/schema.org","@graph":[{"@type":"WebPage","@id":"https:\/\/smartprint.com\/fr\/","url":"https:\/\/smartprint.com\/fr\/","name":"Accueil - SmartPrint","isPartOf":{"@id":"https:\/\/smartprint.com\/#website"},"primaryImageOfPage":{"@id":"https:\/\/smartprint.com\/fr\/#primaryimage"},"image":{"@id":"https:\/\/smartprint.com\/fr\/#primaryimage"},"thumbnailUrl":"https:\/\/smartprint.com\/wp-content\/uploads\/2018\/06\/360-logo.png","datePublished":"2017-07-21T14:13:14+00:00","dateModified":"2021-05-27T12:51:34+00:00","breadcrumb":{"@id":"https:\/\/smartprint.com\/fr\/#breadcrumb"},"inLanguage":"fr-FR","potentialAction":[{"@type":"ReadAction","target":["https:\/\/smartprint.com\/fr\/"]}]},{"@type":"ImageObject","inLanguage":"fr-FR","@id":"https:\/\/smartprint.com\/fr\/#primaryimage","url":"https:\/\/smartprint.com\/wp-content\/uploads\/2018\/06\/360-logo.png","contentUrl":"https:\/\/smartprint.com\/wp-content\/uploads\/2018\/06\/360-logo.png"},{"@type":"BreadcrumbList","@id":"https:\/\/smartprint.com\/fr\/#breadcrumb","itemListElement":[{"@type":"ListItem","position":1,"name":"Accueil","item":"https:\/\/smartprint.com\/fr\/"},{"@type":"ListItem","position":2,"name":"Accueil"}]},{"@type":"WebSite","@id":"https:\/\/smartprint.com\/#website","url":"https:\/\/smartprint.com\/","name":"SmartPrint","description":"Services d&#039;Impression G\u00e9r\u00e9s","potentialAction":[{"@type":"SearchAction","target":{"@type":"EntryPoint","urlTemplate":"https:\/\/smartprint.com\/?s={search_term_string}"},"query-input":{"@type":"PropertyValueSpecification","valueRequired":true,"valueName":"search_term_string"}}],"inLanguage":"fr-FR"}]}},"_links":{"self":[{"href":"https:\/\/smartprint.com\/fr\/wp-json\/wp\/v2\/pages\/1590","targetHints":{"allow":["GET"]}}],"collection":[{"href":"https:\/\/smartprint.com\/fr\/wp-json\/wp\/v2\/pages"}],"about":[{"href":"https:\/\/smartprint.com\/fr\/wp-json\/wp\/v2\/types\/page"}],"author":[{"embeddable":true,"href":"https:\/\/smartprint.com\/fr\/wp-json\/wp\/v2\/users\/3"}],"replies":[{"embeddable":true,"href":"https:\/\/smartprint.com\/fr\/wp-json\/wp\/v2\/comments?post=1590"}],"version-history":[{"count":41,"href":"https:\/\/smartprint.com\/fr\/wp-json\/wp\/v2\/pages\/1590\/revisions"}],"predecessor-version":[{"id":4623,"href":"https:\/\/smartprint.com\/fr\/wp-json\/wp\/v2\/pages\/1590\/revisions\/4623"}],"wp:attachment":[{"href":"https:\/\/smartprint.com\/fr\/wp-json\/wp\/v2\/media?parent=1590"}],"curies":[{"name":"wp","href":"https:\/\/api.w.org\/{rel}","templated":true}]}}