{"id":1595,"date":"2017-07-21T11:23:58","date_gmt":"2017-07-21T15:23:58","guid":{"rendered":"https:\/\/smartprint.com\/?page_id=1595"},"modified":"2017-12-14T16:44:35","modified_gmt":"2017-12-14T20:44:35","slug":"services-dimpressions-geres","status":"publish","type":"page","link":"https:\/\/smartprint.com\/fr\/services-dimpressions-geres\/","title":{"rendered":"Services d&#8217;Impressions G\u00e9r\u00e9s"},"content":{"rendered":"<p>[et_pb_section bb_built=&#8221;1&#8243; admin_label=&#8221;section&#8221; transparent_background_fb=&#8221;default&#8221; _builder_version=&#8221;3.0.47&#8243;][et_pb_row admin_label=&#8221;row&#8221; _builder_version=&#8221;3.0.64&#8243; background_size=&#8221;initial&#8221; background_position=&#8221;top_left&#8221; background_repeat=&#8221;repeat&#8221;][et_pb_column type=&#8221;4_4&#8243;][et_pb_text _builder_version=&#8221;3.0.64&#8243; background_size=&#8221;initial&#8221; background_position=&#8221;top_left&#8221; background_repeat=&#8221;repeat&#8221;]<\/p>\n<h2>Expliquez-moi les Services d&#8217;Impressions G\u00e9r\u00e9s?<\/h2>\n<p>Les Services d&#8217;Impressions G\u00e9r\u00e9s (SIG) consistent en l&#8217;am\u00e9lioration continue de l\u2019environnement d&#8217;impression et de num\u00e9risation et du workflow des documents de vos utilisateurs. Ils comprennent les fournitures et le soutien aux bons \u00e9quipements et des solutions logicielles int\u00e9gr\u00e9es pour soutenir l&#8217;efficacit\u00e9 de l&#8217;utilisateur et la r\u00e9duction des co\u00fbts. Les SIG sont destin\u00e9s \u00e0 supporter les besoins d&#8217;impression des personnes de votre organisation avec l&#8217;environnement d&#8217;impression correct, le plus efficace et le plus rentable.<\/p>\n<h2>Les avantages des Services d&#8217;Impressions G\u00e9r\u00e9s<\/h2>\n<p>Il existe de nombreux avantages \u00e0 implanter des Services d&#8217;Impressions G\u00e9r\u00e9s, y compris une r\u00e9duction des co\u00fbts, une r\u00e9duction des appels \u00e0 l\u2019assistance informatique, une efficacit\u00e9 accrue et une r\u00e9duction de la gestion des fournisseurs. Les entreprises qui les ont mis en \u0153uvre ont connu une r\u00e9duction de 50% des co\u00fbts de papier et d&#8217;impression, une r\u00e9duction de 25% des appels \u00e0 l\u2019assistance l&#8217;informatique et ont r\u00e9duit g\u00e9n\u00e9ralement les fournisseurs d&#8217;impression et de num\u00e9risation de bureau de 5 ou plus \u00e0 1 seul.<\/p>\n<p><strong>Pour en savoir plus sur la fa\u00e7on dont votre entreprise peut <a href=\"https:\/\/smartprint.com\/fr\/services-dimpressions-geres\/les-avantages-des-services-dimpressions-geres\/\">b\u00e9n\u00e9ficier des Services d&#8217;Impressions G\u00e9r\u00e9s<\/a>.\u00a0<\/strong><\/p>\n<p>[\/et_pb_text][\/et_pb_column][\/et_pb_row][\/et_pb_section][et_pb_section bb_built=&#8221;1&#8243; transparent_background_fb=&#8221;default&#8221; _builder_version=&#8221;3.0.47&#8243;][et_pb_row _builder_version=&#8221;3.0.47&#8243; background_size=&#8221;initial&#8221; background_position=&#8221;top_left&#8221; background_repeat=&#8221;repeat&#8221;][et_pb_column type=&#8221;1_3&#8243;][et_pb_blurb admin_label=&#8221;Assessing Print&#8221; title=&#8221;\u00c9valuation des pages&#8221; url=&#8221;\/fr\/services-dimpressions-geres\/evaluation-de-votre-environnement-dimpression\/&#8221; image=&#8221;https:\/\/smartprint.com\/wp-content\/uploads\/2016\/01\/icon_assessing_print.svg&#8221; text_orientation=&#8221;center&#8221; module_class=&#8221;style-svg&#8221; _builder_version=&#8221;3.0.64&#8243; background_size=&#8221;initial&#8221; background_position=&#8221;top_left&#8221; background_repeat=&#8221;repeat&#8221; url_new_window=&#8221;off&#8221; use_icon=&#8221;off&#8221; use_circle=&#8221;off&#8221; use_circle_border=&#8221;off&#8221; icon_placement=&#8221;top&#8221; use_icon_font_size=&#8221;off&#8221; background_layout=&#8221;light&#8221; border_style=&#8221;solid&#8221; animation=&#8221;top&#8221;]<\/p>\n<h3>Analyser et comprendre<br \/>\nl&#8217;\u00e9tat de la situation actuelle<\/h3>\n<p>[\/et_pb_blurb][et_pb_code admin_label=&#8221;Learn More Button&#8221; module_class=&#8221;aligncenter&#8221; _builder_version=&#8221;3.0.64&#8243;]&lt;a class=&#8221;et_pb_promo_button et_pb_button&#8221; href=&#8221;\/fr\/services-dimpressions-geres\/evaluation-de-votre-environnement-dimpression\/&#8221;&gt;En savoir plus&lt;\/a&gt;[\/et_pb_code][et_pb_blurb admin_label=&#8221;Benefits of Managed Print&#8221; title=&#8221;Les avantages des impressions g\u00e9r\u00e9es&#8221; url=&#8221;\/fr\/services-dimpressions-geres\/les-avantages-des-services-dimpressions-geres\/&#8221; image=&#8221;https:\/\/smartprint.com\/wp-content\/uploads\/2016\/01\/icon_benefits.svg&#8221; text_orientation=&#8221;center&#8221; module_class=&#8221;style-svg&#8221; _builder_version=&#8221;3.0.64&#8243; background_size=&#8221;initial&#8221; background_position=&#8221;top_left&#8221; background_repeat=&#8221;repeat&#8221; url_new_window=&#8221;off&#8221; use_icon=&#8221;off&#8221; use_circle=&#8221;off&#8221; use_circle_border=&#8221;off&#8221; icon_placement=&#8221;top&#8221; use_icon_font_size=&#8221;off&#8221; background_layout=&#8221;light&#8221; border_style=&#8221;solid&#8221; animation=&#8221;top&#8221;]<\/p>\n<h3>\u00c9liminer cet environnement d\u2019impression <em>hors de contr\u00f4le<\/em>, la frustration et les co\u00fbts<\/h3>\n<p>[\/et_pb_blurb][et_pb_code admin_label=&#8221;Learn More Button&#8221; module_class=&#8221;aligncenter&#8221; _builder_version=&#8221;3.0.64&#8243;]&lt;a class=&#8221;et_pb_promo_button et_pb_button&#8221; href=&#8221;\/fr\/services-dimpressions-geres\/les-avantages-des-services-dimpressions-geres\/&#8221;&gt;En savoir plus&lt;\/a&gt;[\/et_pb_code][\/et_pb_column][et_pb_column type=&#8221;1_3&#8243;][et_pb_blurb admin_label=&#8221;Managing Print&#8221; title=&#8221;Gestion des pages&#8221; url=&#8221;\/fr\/services-dimpressions-geres\/la-gestion-de-votre-environnement-dimpression\/&#8221; image=&#8221;https:\/\/smartprint.com\/wp-content\/uploads\/2016\/01\/icon_managing_print.svg&#8221; text_orientation=&#8221;center&#8221; module_class=&#8221;style-svg&#8221; _builder_version=&#8221;3.0.64&#8243; background_size=&#8221;initial&#8221; background_position=&#8221;top_left&#8221; background_repeat=&#8221;repeat&#8221; url_new_window=&#8221;off&#8221; use_icon=&#8221;off&#8221; use_circle=&#8221;off&#8221; use_circle_border=&#8221;off&#8221; icon_placement=&#8221;top&#8221; use_icon_font_size=&#8221;off&#8221; background_layout=&#8221;light&#8221; border_style=&#8221;solid&#8221; animation=&#8221;top&#8221;]<\/p>\n<h3>Un environnement d&#8217;impression hors de contr\u00f4le = des d\u00e9penses hors de contr\u00f4le<\/h3>\n<p>[\/et_pb_blurb][et_pb_code admin_label=&#8221;Learn More Button&#8221; module_class=&#8221;aligncenter&#8221; _builder_version=&#8221;3.0.64&#8243;]&lt;a class=&#8221;et_pb_promo_button et_pb_button&#8221; href=&#8221;\/fr\/services-dimpressions-geres\/la-gestion-de-votre-environnement-dimpression\/&#8221;&gt;En savoir plus&lt;\/a&gt;[\/et_pb_code][\/et_pb_column][et_pb_column type=&#8221;1_3&#8243;][et_pb_blurb admin_label=&#8221;Optimizing Print&#8221; title=&#8221;Optimiser les pages&#8221; url=&#8221;\/fr\/services-dimpressions-geres\/optimisation-de-votre-environnement-dimpression\/&#8221; image=&#8221;https:\/\/smartprint.com\/wp-content\/uploads\/2016\/01\/icon_optimizing_print.svg&#8221; text_orientation=&#8221;center&#8221; module_class=&#8221;style-svg&#8221; _builder_version=&#8221;3.0.64&#8243; background_size=&#8221;initial&#8221; background_position=&#8221;top_left&#8221; background_repeat=&#8221;repeat&#8221; url_new_window=&#8221;off&#8221; use_icon=&#8221;off&#8221; use_circle=&#8221;off&#8221; use_circle_border=&#8221;off&#8221; icon_placement=&#8221;top&#8221; use_icon_font_size=&#8221;off&#8221; background_layout=&#8221;light&#8221; border_style=&#8221;solid&#8221; animation=&#8221;top&#8221;]<\/p>\n<h3>Une r\u00e9duction jusqu&#8217;\u00e0 de 50%<br \/>\ndes co\u00fbts d&#8217;impression<\/h3>\n<p>[\/et_pb_blurb][et_pb_code admin_label=&#8221;Learn More Button&#8221; module_class=&#8221;aligncenter&#8221; _builder_version=&#8221;3.0.64&#8243;]&lt;a class=&#8221;et_pb_promo_button et_pb_button&#8221; href=&#8221;\/fr\/services-dimpressions-geres\/optimisation-de-votre-environnement-dimpression\/&#8221;&gt;En savoir plus&lt;\/a&gt;[\/et_pb_code][et_pb_blurb admin_label=&#8221;MPS Expertise&#8221; title=&#8221;Notre expertise en SIG&#8221; url=&#8221;\/fr\/services-dimpressions-geres\/notre-expertise-sig-pour-soutenir-votre-environnement-dimpression\/&#8221; image=&#8221;https:\/\/smartprint.com\/wp-content\/uploads\/2016\/01\/icon_mps_expertise.svg&#8221; text_orientation=&#8221;center&#8221; module_class=&#8221;style-svg&#8221; _builder_version=&#8221;3.0.64&#8243; background_size=&#8221;initial&#8221; background_position=&#8221;top_left&#8221; background_repeat=&#8221;repeat&#8221; url_new_window=&#8221;off&#8221; use_icon=&#8221;off&#8221; use_circle=&#8221;off&#8221; use_circle_border=&#8221;off&#8221; icon_placement=&#8221;top&#8221; use_icon_font_size=&#8221;off&#8221; background_layout=&#8221;light&#8221; border_style=&#8221;solid&#8221; animation=&#8221;top&#8221;]<\/p>\n<h3>Des gens brillants qui comprennent les environnement d\u2019impression obscurs.<\/h3>\n<p>[\/et_pb_blurb][et_pb_code admin_label=&#8221;Learn More Button&#8221; module_class=&#8221;aligncenter&#8221; _builder_version=&#8221;3.0.64&#8243;]&lt;a class=&#8221;et_pb_promo_button et_pb_button&#8221; href=&#8221;\/fr\/services-dimpressions-geres\/notre-expertise-sig-pour-soutenir-votre-environnement-dimpression\/&#8221;&gt;En savoir plus&lt;\/a&gt;[\/et_pb_code][\/et_pb_column][\/et_pb_row][\/et_pb_section][et_pb_section bb_built=&#8221;1&#8243; admin_label=&#8221;section&#8221; transparent_background_fb=&#8221;default&#8221; _builder_version=&#8221;3.0.47&#8243;][et_pb_row admin_label=&#8221;row&#8221; _builder_version=&#8221;3.0.47&#8243; background_size=&#8221;initial&#8221; background_position=&#8221;top_left&#8221; background_repeat=&#8221;repeat&#8221;][et_pb_column type=&#8221;4_4&#8243;][et_pb_text _builder_version=&#8221;3.0.64&#8243; background_layout=&#8221;light&#8221; text_orientation=&#8221;left&#8221; border_style=&#8221;solid&#8221;]<\/p>\n<h2>Les processus des Services d&#8217;Impressions G\u00e9r\u00e9s<\/h2>\n<p>La mise en oeuvre des Services d&#8217;Impression G\u00e9r\u00e9s est un processus simple qui n\u00e9cessite l&#8217;expertise d&#8217;un\u00a0<a href=\"https:\/\/smartprint.com\/fr\/services-dimpressions-geres\/notre-expertise-sig-pour-soutenir-votre-environnement-dimpression\/\">sp\u00e9cialiste SIG<\/a>\u00a0pour diriger votre \u00e9quipe \u00e0 travers trois \u00e9tapes afin de d\u00e9terminer les meilleurs services en fonction des besoins sp\u00e9cifiques de votre environnement d&#8217;impression:<\/p>\n<p><a href=\"https:\/\/smartprint.com\/fr\/services-dimpressions-geres\/evaluation-de-votre-environnement-dimpression\/\"><strong>1. \u00c9valuation de votre environnement d&#8217;impression<\/strong><\/a> \u2013 Comprenez lev\u00e9ritable \u00e9tat actuel des co\u00fbts, des p\u00e9riph\u00e9riques et des zones de congestion des utilisateurs.<\/p>\n<p><a href=\"https:\/\/smartprint.com\/fr\/services-dimpressions-geres\/la-gestion-de-votre-environnement-dimpression\/\"><strong>2. Gestion de votre environnement d&#8217;impression<\/strong><\/a>\u00a0\u2013 Simplifiez le avec un seul partenaire strat\u00e9gique.<\/p>\n<p><a href=\"https:\/\/smartprint.com\/fr\/services-dimpressions-geres\/optimisation-de-votre-environnement-dimpression\/\"><strong>3. Optimisation de votre enviornnement d&#8217;impression<\/strong><\/a> \u2013 Tirer partie du logiciel de workflow int\u00e9gr\u00e9 et implanter le meilleur d\u00e9ploiement \u00e9quilibr\u00e9 pour votre organisation dans le but d&#8217;augmenter consid\u00e9rablement l&#8217;efficacit\u00e9 des utilisateurs.<\/p>\n<p>Une large gamme de Services d&#8217;Impressions G\u00e9r\u00e9s sont disponibles sur le march\u00e9 et il est crucial de trouver la bonne solution SIG pour vos objectifs sp\u00e9cifiques. Les solutions SIG vont de programmes SIG complets \u00e0 des services sur site et assistance de pi\u00e8ces d&#8217;imprimantes. Une \u00e9valuation compl\u00e8te ainsi que des recommandations SIG peuvent vous aider \u00e0 d\u00e9terminer les meilleures solutions pour votre entreprises.<\/p>\n<p><strong>Diff\u00e9rentes industries ont diff\u00e9rents besoins en SIG. <a href=\"https:\/\/smartprint.com\/fr\/solutions-dimpression-par-industrie\/\">Trouvez votre industrie et d\u00e9couvrez ce que les services d&#8217;impressions g\u00e9r\u00e9s peuvent faire pour vous.<\/a><\/strong><\/p>\n<p>[\/et_pb_text][\/et_pb_column][\/et_pb_row][\/et_pb_section]<\/p>\n","protected":false},"excerpt":{"rendered":"<p>Expliquez-moi les Services d&#8217;Impressions G\u00e9r\u00e9s?&#8230;<\/p>\n <a href=\"https:\/\/smartprint.com\/fr\/services-dimpressions-geres\/\" class=\"more-link\" title=\"Read More\">En savoir plus<\/a>","protected":false},"author":3,"featured_media":0,"parent":0,"menu_order":0,"comment_status":"closed","ping_status":"closed","template":"page-full.php","meta":{"_acf_changed":false,"_et_pb_use_builder":"on","_et_pb_old_content":"<p>Clipper tender line chase league grog Jolly Roger log hornswaggle swing the lead. Crow's nest clap of thunder me schooner landlubber or just lubber execution dock red ensign topmast Letter of Marque bucko. Black jack Spanish Main bilge no prey, no pay line warp starboard main sheet topgallant bilged on her anchor.<\/p><p>Provost gangway Blimey come about rutters smartly yo-ho-ho handsomely bilge rat maroon. Red ensign league long clothes American Main belay snow keelhaul cog hearties haul wind. Hogshead chantey Davy Jones' Locker brig furl brigantine Brethren of the Coast bring a spring upon her cable pressgang chase.<\/p><p>Bucko scallywag carouser topsail nipperkin Davy Jones' Locker sutler nipper no prey, no pay Spanish Main. Galleon strike colors gaff hail-shot fire ship chase guns plunder tender Nelsons folly no prey, no pay. Gangplank fluke pink smartly barkadeer hang the jib wherry come about bucko coxswain.<\/p>","_et_gb_content_width":"","content-type":"","footnotes":""},"class_list":["post-1595","page","type-page","status-publish","hentry"],"acf":[],"yoast_head":"<!-- This site is optimized with the Yoast SEO plugin v27.3 - https:\/\/yoast.com\/product\/yoast-seo-wordpress\/ -->\n<title>Services d&#039;Impressions G\u00e9r\u00e9s - SmartPrint<\/title>\n<meta name=\"robots\" content=\"index, follow, max-snippet:-1, max-image-preview:large, max-video-preview:-1\" \/>\n<link rel=\"canonical\" href=\"https:\/\/smartprint.com\/fr\/services-dimpressions-geres\/\" \/>\n<meta property=\"og:locale\" content=\"fr_FR\" \/>\n<meta property=\"og:type\" content=\"article\" \/>\n<meta property=\"og:title\" content=\"Services d&#039;Impressions G\u00e9r\u00e9s - SmartPrint\" \/>\n<meta property=\"og:description\" content=\"Expliquez-moi les Services d&#8217;Impressions G\u00e9r\u00e9s?...\" \/>\n<meta property=\"og:url\" content=\"https:\/\/smartprint.com\/fr\/services-dimpressions-geres\/\" \/>\n<meta property=\"og:site_name\" content=\"SmartPrint\" \/>\n<meta property=\"article:modified_time\" content=\"2017-12-14T20:44:35+00:00\" \/>\n<meta name=\"twitter:card\" content=\"summary_large_image\" \/>\n<meta name=\"twitter:label1\" content=\"Est. reading time\" \/>\n\t<meta name=\"twitter:data1\" content=\"6 minutes\" \/>\n<script type=\"application\/ld+json\" class=\"yoast-schema-graph\">{\"@context\":\"https:\\\/\\\/schema.org\",\"@graph\":[{\"@type\":\"WebPage\",\"@id\":\"https:\\\/\\\/smartprint.com\\\/fr\\\/services-dimpressions-geres\\\/\",\"url\":\"https:\\\/\\\/smartprint.com\\\/fr\\\/services-dimpressions-geres\\\/\",\"name\":\"Services d'Impressions G\u00e9r\u00e9s - SmartPrint\",\"isPartOf\":{\"@id\":\"https:\\\/\\\/smartprint.com\\\/#website\"},\"datePublished\":\"2017-07-21T15:23:58+00:00\",\"dateModified\":\"2017-12-14T20:44:35+00:00\",\"breadcrumb\":{\"@id\":\"https:\\\/\\\/smartprint.com\\\/fr\\\/services-dimpressions-geres\\\/#breadcrumb\"},\"inLanguage\":\"fr-FR\",\"potentialAction\":[{\"@type\":\"ReadAction\",\"target\":[\"https:\\\/\\\/smartprint.com\\\/fr\\\/services-dimpressions-geres\\\/\"]}]},{\"@type\":\"BreadcrumbList\",\"@id\":\"https:\\\/\\\/smartprint.com\\\/fr\\\/services-dimpressions-geres\\\/#breadcrumb\",\"itemListElement\":[{\"@type\":\"ListItem\",\"position\":1,\"name\":\"Accueil\",\"item\":\"https:\\\/\\\/smartprint.com\\\/fr\\\/\"},{\"@type\":\"ListItem\",\"position\":2,\"name\":\"Services d&#8217;Impressions G\u00e9r\u00e9s\"}]},{\"@type\":\"WebSite\",\"@id\":\"https:\\\/\\\/smartprint.com\\\/#website\",\"url\":\"https:\\\/\\\/smartprint.com\\\/\",\"name\":\"SmartPrint\",\"description\":\"Services d&#039;Impression G\u00e9r\u00e9s\",\"potentialAction\":[{\"@type\":\"SearchAction\",\"target\":{\"@type\":\"EntryPoint\",\"urlTemplate\":\"https:\\\/\\\/smartprint.com\\\/?s={search_term_string}\"},\"query-input\":{\"@type\":\"PropertyValueSpecification\",\"valueRequired\":true,\"valueName\":\"search_term_string\"}}],\"inLanguage\":\"fr-FR\"}]}<\/script>\n<!-- \/ Yoast SEO plugin. -->","yoast_head_json":{"title":"Services d'Impressions G\u00e9r\u00e9s - SmartPrint","robots":{"index":"index","follow":"follow","max-snippet":"max-snippet:-1","max-image-preview":"max-image-preview:large","max-video-preview":"max-video-preview:-1"},"canonical":"https:\/\/smartprint.com\/fr\/services-dimpressions-geres\/","og_locale":"fr_FR","og_type":"article","og_title":"Services d'Impressions G\u00e9r\u00e9s - SmartPrint","og_description":"Expliquez-moi les Services d&#8217;Impressions G\u00e9r\u00e9s?...","og_url":"https:\/\/smartprint.com\/fr\/services-dimpressions-geres\/","og_site_name":"SmartPrint","article_modified_time":"2017-12-14T20:44:35+00:00","twitter_card":"summary_large_image","twitter_misc":{"Est. reading time":"6 minutes"},"schema":{"@context":"https:\/\/schema.org","@graph":[{"@type":"WebPage","@id":"https:\/\/smartprint.com\/fr\/services-dimpressions-geres\/","url":"https:\/\/smartprint.com\/fr\/services-dimpressions-geres\/","name":"Services d'Impressions G\u00e9r\u00e9s - SmartPrint","isPartOf":{"@id":"https:\/\/smartprint.com\/#website"},"datePublished":"2017-07-21T15:23:58+00:00","dateModified":"2017-12-14T20:44:35+00:00","breadcrumb":{"@id":"https:\/\/smartprint.com\/fr\/services-dimpressions-geres\/#breadcrumb"},"inLanguage":"fr-FR","potentialAction":[{"@type":"ReadAction","target":["https:\/\/smartprint.com\/fr\/services-dimpressions-geres\/"]}]},{"@type":"BreadcrumbList","@id":"https:\/\/smartprint.com\/fr\/services-dimpressions-geres\/#breadcrumb","itemListElement":[{"@type":"ListItem","position":1,"name":"Accueil","item":"https:\/\/smartprint.com\/fr\/"},{"@type":"ListItem","position":2,"name":"Services d&#8217;Impressions G\u00e9r\u00e9s"}]},{"@type":"WebSite","@id":"https:\/\/smartprint.com\/#website","url":"https:\/\/smartprint.com\/","name":"SmartPrint","description":"Services d&#039;Impression G\u00e9r\u00e9s","potentialAction":[{"@type":"SearchAction","target":{"@type":"EntryPoint","urlTemplate":"https:\/\/smartprint.com\/?s={search_term_string}"},"query-input":{"@type":"PropertyValueSpecification","valueRequired":true,"valueName":"search_term_string"}}],"inLanguage":"fr-FR"}]}},"_links":{"self":[{"href":"https:\/\/smartprint.com\/fr\/wp-json\/wp\/v2\/pages\/1595","targetHints":{"allow":["GET"]}}],"collection":[{"href":"https:\/\/smartprint.com\/fr\/wp-json\/wp\/v2\/pages"}],"about":[{"href":"https:\/\/smartprint.com\/fr\/wp-json\/wp\/v2\/types\/page"}],"author":[{"embeddable":true,"href":"https:\/\/smartprint.com\/fr\/wp-json\/wp\/v2\/users\/3"}],"replies":[{"embeddable":true,"href":"https:\/\/smartprint.com\/fr\/wp-json\/wp\/v2\/comments?post=1595"}],"version-history":[{"count":10,"href":"https:\/\/smartprint.com\/fr\/wp-json\/wp\/v2\/pages\/1595\/revisions"}],"predecessor-version":[{"id":2697,"href":"https:\/\/smartprint.com\/fr\/wp-json\/wp\/v2\/pages\/1595\/revisions\/2697"}],"wp:attachment":[{"href":"https:\/\/smartprint.com\/fr\/wp-json\/wp\/v2\/media?parent=1595"}],"curies":[{"name":"wp","href":"https:\/\/api.w.org\/{rel}","templated":true}]}}