{"id":1600,"date":"2017-07-24T10:45:16","date_gmt":"2017-07-24T14:45:16","guid":{"rendered":"https:\/\/smartprint.com\/?page_id=1600\/"},"modified":"2018-05-31T15:48:51","modified_gmt":"2018-05-31T19:48:51","slug":"evaluation-gratuite-de-la-securite-de-votre-reseau-dimpression","status":"publish","type":"page","link":"https:\/\/smartprint.com\/fr\/evaluation-gratuite-de-la-securite-de-votre-reseau-dimpression\/","title":{"rendered":"\u00c9valuation gratuite de la s\u00e9curit\u00e9 de votre r\u00e9seau d&#8217;impression"},"content":{"rendered":"<p>[et_pb_section bb_built=&#8221;1&#8243; admin_label=&#8221;section&#8221; transparent_background_fb=&#8221;default&#8221; _builder_version=&#8221;3.0.47&#8243;][et_pb_row admin_label=&#8221;row&#8221; _builder_version=&#8221;3.0.64&#8243; background_size=&#8221;initial&#8221; background_position=&#8221;top_left&#8221; background_repeat=&#8221;repeat&#8221;][et_pb_column type=&#8221;1_2&#8243;][et_pb_divider height=&#8221;24px&#8221; _builder_version=&#8221;3.0.47&#8243; \/][et_pb_text _builder_version=&#8221;3.0.64&#8243; background_size=&#8221;initial&#8221; background_position=&#8221;top_left&#8221; background_repeat=&#8221;repeat&#8221;]<\/p>\n<h1>Avez-vous prot\u00e9g\u00e9 vos imprimantes contre les menaces de s\u00e9curit\u00e9?<\/h1>\n<p>Contactez-nous pour v\u00e9rifier si vous \u00eates admissible \u00e0 une \u00e9valuation gratuite de la s\u00e9curit\u00e9 de votre r\u00e9seau d&#8217;impression et produirons un rapport pour d\u00e9terminer si votre entreprise est vuln\u00e9rable. Cette \u00e9valuation vous outille \u00e0 savoir si vous \u00eates \u00e0 risque et comment barrer les failles.<\/p>\n<p>Notre but est de vous livrer un plan de s\u00e9curit\u00e9 expliquant l&#8217;infrastructure\u00a0mat\u00e9rielle ayant la capacit\u00e9 de fermer les vuln\u00e9rabilit\u00e9s de mani\u00e8re automatis\u00e9e.<\/p>\n<p>[\/et_pb_text][et_pb_divider height=&#8221;8px&#8221; _builder_version=&#8221;3.0.47&#8243; \/][et_pb_text _builder_version=&#8221;3.0.64&#8243; background_size=&#8221;initial&#8221; background_position=&#8221;top_left&#8221; background_repeat=&#8221;repeat&#8221;]<\/p>\n<h1>L&#8217;\u00e9valuation gratuite de la s\u00e9curit\u00e9 de votre infrastructure d&#8217;impression comprend:<\/h1>\n<ul>\n<li class=\"paragraph_break\">Une\u00a0<strong>analyse de r\u00e9seau,<\/strong>\u00a0d&#8217;un \u00e9chantillon de vos p\u00e9riph\u00e9riques d&#8217;impressions, effectu\u00e9e par l&#8217;un de nos techniciens de syst\u00e8mes;<\/li>\n<li>Un rapport avec une <strong>liste d\u00e9taill\u00e9e des failles<\/strong> trouv\u00e9es lors de l&#8217;analyse;<\/li>\n<li>Nous offrirons des recommandations de s\u00e9curisation de votre environnement avec une<strong> liste d&#8217;outils et de syst\u00e8mes de pr\u00e9vention recommand\u00e9s<\/strong>;<\/li>\n<\/ul>\n<p>[\/et_pb_text][\/et_pb_column][et_pb_column type=&#8221;1_2&#8243;][et_pb_image src=&#8221;https:\/\/smartprint.com\/wp-content\/uploads\/2016\/09\/Stats-Picture.png&#8221; animation=&#8221;off&#8221; align=&#8221;center&#8221; _builder_version=&#8221;3.0.47&#8243; \/][\/et_pb_column][\/et_pb_row][et_pb_row _builder_version=&#8221;3.0.47&#8243; background_size=&#8221;initial&#8221; background_position=&#8221;top_left&#8221; background_repeat=&#8221;repeat&#8221;][et_pb_column type=&#8221;4_4&#8243;][et_pb_text _builder_version=&#8221;3.0.64&#8243; background_size=&#8221;initial&#8221; background_position=&#8221;top_left&#8221; background_repeat=&#8221;repeat&#8221; background_layout=&#8221;light&#8221; text_orientation=&#8221;left&#8221; border_style=&#8221;solid&#8221;]<\/p>\n<p><!--[if lte IE 8]><script charset=\"utf-8\" type=\"text\/javascript\" src=\"\/\/js.hsforms.net\/forms\/v2-legacy.js\"><\/script><![endif]--><script charset=\"utf-8\" type=\"text\/javascript\" src=\"\/\/js.hsforms.net\/forms\/v2.js\"><\/script><script>\n  hbspt.forms.create({\n\tportalId: \"4215610\",\n\tformId: \"6c31eb9d-f174-441d-88a6-21e313af2c7c\",\n\tcss: \"\",\n\tsfdcCampaignId: \"7011W000000eOcnQAE\"\n});\n<\/script><\/p>\n<p>[\/et_pb_text][\/et_pb_column][\/et_pb_row][et_pb_row _builder_version=&#8221;3.0.64&#8243; background_size=&#8221;initial&#8221; background_position=&#8221;top_left&#8221; background_repeat=&#8221;repeat&#8221;][et_pb_column type=&#8221;4_4&#8243;][et_pb_divider height=&#8221;8px&#8221; _builder_version=&#8221;3.0.47&#8243; \/][et_pb_text _builder_version=&#8221;3.0.64&#8243; background_size=&#8221;initial&#8221; background_position=&#8221;top_left&#8221; background_repeat=&#8221;repeat&#8221;]<\/p>\n<h3>L&#8217;expertise en s\u00e9curit\u00e9 de SmartPrint<\/h3>\n<ul>\n<li>Nous livrons des solutions pour permettre \u00e0 votre entreprise <strong>d&#8217;automatiser les protocoles de s\u00e9curit\u00e9 de l&#8217;infrastructure d&#8217;impression<\/strong> et de reporting pour <strong>distinguer vos services<\/strong> et les partager avec vos clients et prospects.<\/li>\n<li>SmartPrint fournit des frais simples et mensuels pour fournir une solution de s\u00e9curit\u00e9, d&#8217;\u00e9quipements, de gestion des services d&#8217;impression et de logiciels de num\u00e9risation. L&#8217;avenir du travail est la n\u00e9cessit\u00e9 de vous assurer que votre environnement est s\u00e9curis\u00e9 afin que vos clients puissent vous faire confiance avec des informations importantes.<\/li>\n<\/ul>\n<p>[\/et_pb_text][\/et_pb_column][\/et_pb_row][\/et_pb_section]<\/p>\n","protected":false},"excerpt":{"rendered":"<p>Avez-vous prot\u00e9g\u00e9 vos imprimantes contre les menaces&#8230;<\/p>\n <a href=\"https:\/\/smartprint.com\/fr\/evaluation-gratuite-de-la-securite-de-votre-reseau-dimpression\/\" class=\"more-link\" title=\"Read More\">En savoir plus<\/a>","protected":false},"author":3,"featured_media":0,"parent":0,"menu_order":0,"comment_status":"closed","ping_status":"closed","template":"page-full.php","meta":{"_acf_changed":false,"_et_pb_use_builder":"on","_et_pb_old_content":"","_et_gb_content_width":"","content-type":"","footnotes":""},"class_list":["post-1600","page","type-page","status-publish","hentry"],"acf":[],"yoast_head":"<!-- This site is optimized with the Yoast SEO plugin v27.3 - https:\/\/yoast.com\/product\/yoast-seo-wordpress\/ -->\n<title>\u00c9valuation gratuite de la s\u00e9curit\u00e9 de votre r\u00e9seau d&#039;impression - SmartPrint<\/title>\n<meta name=\"robots\" content=\"index, follow, max-snippet:-1, max-image-preview:large, max-video-preview:-1\" \/>\n<link rel=\"canonical\" href=\"https:\/\/smartprint.com\/fr\/evaluation-gratuite-de-la-securite-de-votre-reseau-dimpression\/\" \/>\n<meta property=\"og:locale\" content=\"fr_FR\" \/>\n<meta property=\"og:type\" content=\"article\" \/>\n<meta property=\"og:title\" content=\"\u00c9valuation gratuite de la s\u00e9curit\u00e9 de votre r\u00e9seau d&#039;impression - SmartPrint\" \/>\n<meta property=\"og:description\" content=\"Avez-vous prot\u00e9g\u00e9 vos imprimantes contre les menaces...\" \/>\n<meta property=\"og:url\" content=\"https:\/\/smartprint.com\/fr\/evaluation-gratuite-de-la-securite-de-votre-reseau-dimpression\/\" \/>\n<meta property=\"og:site_name\" content=\"SmartPrint\" \/>\n<meta property=\"article:modified_time\" content=\"2018-05-31T19:48:51+00:00\" \/>\n<meta name=\"twitter:card\" content=\"summary_large_image\" \/>\n<meta name=\"twitter:label1\" content=\"Est. reading time\" \/>\n\t<meta name=\"twitter:data1\" content=\"2 minutes\" \/>\n<script type=\"application\/ld+json\" class=\"yoast-schema-graph\">{\"@context\":\"https:\\\/\\\/schema.org\",\"@graph\":[{\"@type\":\"WebPage\",\"@id\":\"https:\\\/\\\/smartprint.com\\\/fr\\\/evaluation-gratuite-de-la-securite-de-votre-reseau-dimpression\\\/\",\"url\":\"https:\\\/\\\/smartprint.com\\\/fr\\\/evaluation-gratuite-de-la-securite-de-votre-reseau-dimpression\\\/\",\"name\":\"\u00c9valuation gratuite de la s\u00e9curit\u00e9 de votre r\u00e9seau d'impression - SmartPrint\",\"isPartOf\":{\"@id\":\"https:\\\/\\\/smartprint.com\\\/#website\"},\"datePublished\":\"2017-07-24T14:45:16+00:00\",\"dateModified\":\"2018-05-31T19:48:51+00:00\",\"breadcrumb\":{\"@id\":\"https:\\\/\\\/smartprint.com\\\/fr\\\/evaluation-gratuite-de-la-securite-de-votre-reseau-dimpression\\\/#breadcrumb\"},\"inLanguage\":\"fr-FR\",\"potentialAction\":[{\"@type\":\"ReadAction\",\"target\":[\"https:\\\/\\\/smartprint.com\\\/fr\\\/evaluation-gratuite-de-la-securite-de-votre-reseau-dimpression\\\/\"]}]},{\"@type\":\"BreadcrumbList\",\"@id\":\"https:\\\/\\\/smartprint.com\\\/fr\\\/evaluation-gratuite-de-la-securite-de-votre-reseau-dimpression\\\/#breadcrumb\",\"itemListElement\":[{\"@type\":\"ListItem\",\"position\":1,\"name\":\"Accueil\",\"item\":\"https:\\\/\\\/smartprint.com\\\/fr\\\/\"},{\"@type\":\"ListItem\",\"position\":2,\"name\":\"\u00c9valuation gratuite de la s\u00e9curit\u00e9 de votre r\u00e9seau d&#8217;impression\"}]},{\"@type\":\"WebSite\",\"@id\":\"https:\\\/\\\/smartprint.com\\\/#website\",\"url\":\"https:\\\/\\\/smartprint.com\\\/\",\"name\":\"SmartPrint\",\"description\":\"Services d&#039;Impression G\u00e9r\u00e9s\",\"potentialAction\":[{\"@type\":\"SearchAction\",\"target\":{\"@type\":\"EntryPoint\",\"urlTemplate\":\"https:\\\/\\\/smartprint.com\\\/?s={search_term_string}\"},\"query-input\":{\"@type\":\"PropertyValueSpecification\",\"valueRequired\":true,\"valueName\":\"search_term_string\"}}],\"inLanguage\":\"fr-FR\"}]}<\/script>\n<!-- \/ Yoast SEO plugin. -->","yoast_head_json":{"title":"\u00c9valuation gratuite de la s\u00e9curit\u00e9 de votre r\u00e9seau d'impression - SmartPrint","robots":{"index":"index","follow":"follow","max-snippet":"max-snippet:-1","max-image-preview":"max-image-preview:large","max-video-preview":"max-video-preview:-1"},"canonical":"https:\/\/smartprint.com\/fr\/evaluation-gratuite-de-la-securite-de-votre-reseau-dimpression\/","og_locale":"fr_FR","og_type":"article","og_title":"\u00c9valuation gratuite de la s\u00e9curit\u00e9 de votre r\u00e9seau d'impression - SmartPrint","og_description":"Avez-vous prot\u00e9g\u00e9 vos imprimantes contre les menaces...","og_url":"https:\/\/smartprint.com\/fr\/evaluation-gratuite-de-la-securite-de-votre-reseau-dimpression\/","og_site_name":"SmartPrint","article_modified_time":"2018-05-31T19:48:51+00:00","twitter_card":"summary_large_image","twitter_misc":{"Est. reading time":"2 minutes"},"schema":{"@context":"https:\/\/schema.org","@graph":[{"@type":"WebPage","@id":"https:\/\/smartprint.com\/fr\/evaluation-gratuite-de-la-securite-de-votre-reseau-dimpression\/","url":"https:\/\/smartprint.com\/fr\/evaluation-gratuite-de-la-securite-de-votre-reseau-dimpression\/","name":"\u00c9valuation gratuite de la s\u00e9curit\u00e9 de votre r\u00e9seau d'impression - SmartPrint","isPartOf":{"@id":"https:\/\/smartprint.com\/#website"},"datePublished":"2017-07-24T14:45:16+00:00","dateModified":"2018-05-31T19:48:51+00:00","breadcrumb":{"@id":"https:\/\/smartprint.com\/fr\/evaluation-gratuite-de-la-securite-de-votre-reseau-dimpression\/#breadcrumb"},"inLanguage":"fr-FR","potentialAction":[{"@type":"ReadAction","target":["https:\/\/smartprint.com\/fr\/evaluation-gratuite-de-la-securite-de-votre-reseau-dimpression\/"]}]},{"@type":"BreadcrumbList","@id":"https:\/\/smartprint.com\/fr\/evaluation-gratuite-de-la-securite-de-votre-reseau-dimpression\/#breadcrumb","itemListElement":[{"@type":"ListItem","position":1,"name":"Accueil","item":"https:\/\/smartprint.com\/fr\/"},{"@type":"ListItem","position":2,"name":"\u00c9valuation gratuite de la s\u00e9curit\u00e9 de votre r\u00e9seau d&#8217;impression"}]},{"@type":"WebSite","@id":"https:\/\/smartprint.com\/#website","url":"https:\/\/smartprint.com\/","name":"SmartPrint","description":"Services d&#039;Impression G\u00e9r\u00e9s","potentialAction":[{"@type":"SearchAction","target":{"@type":"EntryPoint","urlTemplate":"https:\/\/smartprint.com\/?s={search_term_string}"},"query-input":{"@type":"PropertyValueSpecification","valueRequired":true,"valueName":"search_term_string"}}],"inLanguage":"fr-FR"}]}},"_links":{"self":[{"href":"https:\/\/smartprint.com\/fr\/wp-json\/wp\/v2\/pages\/1600","targetHints":{"allow":["GET"]}}],"collection":[{"href":"https:\/\/smartprint.com\/fr\/wp-json\/wp\/v2\/pages"}],"about":[{"href":"https:\/\/smartprint.com\/fr\/wp-json\/wp\/v2\/types\/page"}],"author":[{"embeddable":true,"href":"https:\/\/smartprint.com\/fr\/wp-json\/wp\/v2\/users\/3"}],"replies":[{"embeddable":true,"href":"https:\/\/smartprint.com\/fr\/wp-json\/wp\/v2\/comments?post=1600"}],"version-history":[{"count":3,"href":"https:\/\/smartprint.com\/fr\/wp-json\/wp\/v2\/pages\/1600\/revisions"}],"predecessor-version":[{"id":3101,"href":"https:\/\/smartprint.com\/fr\/wp-json\/wp\/v2\/pages\/1600\/revisions\/3101"}],"wp:attachment":[{"href":"https:\/\/smartprint.com\/fr\/wp-json\/wp\/v2\/media?parent=1600"}],"curies":[{"name":"wp","href":"https:\/\/api.w.org\/{rel}","templated":true}]}}