{"id":1604,"date":"2017-07-24T10:59:36","date_gmt":"2017-07-24T14:59:36","guid":{"rendered":"https:\/\/smartprint.com\/?page_id=1604\/"},"modified":"2018-05-31T15:46:38","modified_gmt":"2018-05-31T19:46:38","slug":"manuel-indispensable-vers-les-services-dimpressions-geres","status":"publish","type":"page","link":"https:\/\/smartprint.com\/fr\/manuel-indispensable-vers-les-services-dimpressions-geres\/","title":{"rendered":"Manuel indispensable vers les Services d&#8217;Impression G\u00e9r\u00e9s"},"content":{"rendered":"<p>[et_pb_section bb_built=&#8221;1&#8243; admin_label=&#8221;section&#8221; transparent_background_fb=&#8221;default&#8221; _builder_version=&#8221;3.0.47&#8243;][et_pb_row admin_label=&#8221;row&#8221; _builder_version=&#8221;3.0.64&#8243; background_size=&#8221;initial&#8221; background_position=&#8221;top_left&#8221; background_repeat=&#8221;repeat&#8221;][et_pb_column type=&#8221;1_2&#8243;][et_pb_text _builder_version=&#8221;3.0.64&#8243; background_size=&#8221;initial&#8221; background_position=&#8221;top_left&#8221; background_repeat=&#8221;repeat&#8221;]<\/p>\n<p>De nombreux dirigeants d&#8217;entreprises n&#8217;ont pas pens\u00e9 \u00e0 la fa\u00e7on dont l&#8217;impression de bureau, la num\u00e9risation et les processus d&#8217;affaires inefficaces li\u00e9s au workflow des documents peuvent n\u00e9gativement affecter l&#8217;efficacit\u00e9 globale de leur organisation.<\/p>\n<p>M\u00eame si le leadership suspecte que les co\u00fbts durs et doux dans ce domaine peuvent \u00eatre \u00e9lev\u00e9s, ils peuvent \u00eatre difficiles \u00e0 quantifier et l&#8217;impact positif de la reprise du contr\u00f4le est souvent sous-estim\u00e9 de fa\u00e7on consid\u00e9rable.<\/p>\n<p>En cons\u00e9quence, les services d&#8217;impressions g\u00e9r\u00e9s sont essentiels pour \u00e9valuer, prendre le contr\u00f4le, am\u00e9liorer et maintenir les processus m\u00e9tier li\u00e9s \u00e0 l&#8217;environnement d&#8217;impression d&#8217;une organisation. Les avantages des SIG sont nombreux, et comprennent:<\/p>\n<ul>\n<li>Des \u00e9conomies de co\u00fbts impressionnantes<\/li>\n<li>Des \u00e9conomies de temps pour les TI<\/li>\n<li>Des gains d&#8217;efficacit\u00e9 de l&#8217;utilisateur<\/li>\n<li>Une am\u00e9lioration du contr\u00f4le et de la s\u00e9curit\u00e9 des documents<\/li>\n<li>La consolidation des fournisseurs<\/li>\n<li>L&#8217;uniformisation de la flotte<\/li>\n<li>Le bureau sans papier<\/li>\n<\/ul>\n<p>Il y a beaucoup de choses \u00e0 consid\u00e9rer et \u00e0 apprendre au sujet des SIG. C&#8217;est pourquoi nous avons d\u00e9velopp\u00e9 le manuel essentiel vers les SIG. Il peut vous aider \u00e0 comprendre ce que sont les SIG, comment ceux-ci peuvent am\u00e9liorer votre entreprise et comment choisir votre bon partenaire SIG.<\/p>\n<p>&nbsp;<\/p>\n<p>[\/et_pb_text][\/et_pb_column][et_pb_column type=&#8221;1_2&#8243;][et_pb_image src=&#8221;https:\/\/smartprint.com\/wp-content\/uploads\/2016\/03\/essential-guide-mps-thumbnail-2.jpg&#8221; animation=&#8221;off&#8221; align=&#8221;center&#8221; max_width=&#8221;250px&#8221; _builder_version=&#8221;3.0.64&#8243; \/][et_pb_text admin_label=&#8221;guide form&#8221; _builder_version=&#8221;3.0.64&#8243; background_size=&#8221;initial&#8221; background_position=&#8221;top_left&#8221; background_repeat=&#8221;repeat&#8221; background_layout=&#8221;light&#8221; text_orientation=&#8221;left&#8221; border_style=&#8221;solid&#8221;]<\/p>\n<h2>T\u00e9l\u00e9charger le manuel essentiel vers les services d&#8217;impression g\u00e9r\u00e9s!<\/h2>\n<p><!--[if lte IE 8]><script charset=\"utf-8\" type=\"text\/javascript\" src=\"\/\/js.hsforms.net\/forms\/v2-legacy.js\"><\/script><![endif]--><script charset=\"utf-8\" type=\"text\/javascript\" src=\"\/\/js.hsforms.net\/forms\/v2.js\"><\/script><script>\n  hbspt.forms.create({\n\tportalId: \"4215610\",\n\tformId: \"08dd7caa-cebd-427b-8912-55f821212e5c\",\n\tcss: \"\",\n\tsfdcCampaignId: \"7011W000000eOcdQAE\"\n});\n<\/script><\/p>\n<p>[\/et_pb_text][\/et_pb_column][\/et_pb_row][\/et_pb_section]<\/p>\n","protected":false},"excerpt":{"rendered":"<p>De nombreux dirigeants d&#8217;entreprises&#8230;<\/p>\n <a href=\"https:\/\/smartprint.com\/fr\/manuel-indispensable-vers-les-services-dimpressions-geres\/\" class=\"more-link\" title=\"Read More\">En savoir plus<\/a>","protected":false},"author":3,"featured_media":0,"parent":0,"menu_order":0,"comment_status":"closed","ping_status":"closed","template":"page-full.php","meta":{"_acf_changed":false,"_et_pb_use_builder":"on","_et_pb_old_content":"<p>Many business executives haven\u2019t thought about how inefficient office printing, imaging and business processes related to document workflow can affect their organization's overall efficiency.<\/p><p>Even if leadership suspects that hard and soft costs in this area may be high, they can be difficult to quantify and the positive impact of getting control is often drastically underestimated.<\/p><p>As a result, Managed Print Services (MPS) are essential to assess, take control of, improve and maintain the business processes related to an organization\u2019s print environment. The benefits of MPS are numerous including:<\/p><ul><li>Dramatic cost savings<\/li><li>IT time savings<\/li><li>User efficiency gains<\/li><li>Improved document control and security<\/li><li>Vendor consolidation<\/li><li>Fleet standardization<\/li><li>Paperless office<\/li><\/ul><p>When considering MPS, there is a lot to know. That's why we developed the ultimate guide to MPS. It can help you understand what MPS is, how it can improve your business and how to select the right MPS partner.<\/p><h2>Download the Essential Guide to Managed Print Services now!<\/h2><p>[gravityform id=\"2\" title=\"false\" description=\"false\"]<\/p>","_et_gb_content_width":"","content-type":"","footnotes":""},"class_list":["post-1604","page","type-page","status-publish","hentry"],"acf":[],"yoast_head":"<!-- This site is optimized with the Yoast SEO plugin v27.3 - https:\/\/yoast.com\/product\/yoast-seo-wordpress\/ -->\n<title>Manuel indispensable vers les Services d&#039;Impression G\u00e9r\u00e9s - SmartPrint<\/title>\n<meta name=\"robots\" content=\"index, follow, max-snippet:-1, max-image-preview:large, max-video-preview:-1\" \/>\n<link rel=\"canonical\" href=\"https:\/\/smartprint.com\/fr\/manuel-indispensable-vers-les-services-dimpressions-geres\/\" \/>\n<meta property=\"og:locale\" content=\"fr_FR\" \/>\n<meta property=\"og:type\" content=\"article\" \/>\n<meta property=\"og:title\" content=\"Manuel indispensable vers les Services d&#039;Impression G\u00e9r\u00e9s - SmartPrint\" \/>\n<meta property=\"og:description\" content=\"De nombreux dirigeants d&#8217;entreprises...\" \/>\n<meta property=\"og:url\" content=\"https:\/\/smartprint.com\/fr\/manuel-indispensable-vers-les-services-dimpressions-geres\/\" \/>\n<meta property=\"og:site_name\" content=\"SmartPrint\" \/>\n<meta property=\"article:modified_time\" content=\"2018-05-31T19:46:38+00:00\" \/>\n<meta name=\"twitter:card\" content=\"summary_large_image\" \/>\n<meta name=\"twitter:label1\" content=\"Est. reading time\" \/>\n\t<meta name=\"twitter:data1\" content=\"2 minutes\" \/>\n<script type=\"application\/ld+json\" class=\"yoast-schema-graph\">{\"@context\":\"https:\\\/\\\/schema.org\",\"@graph\":[{\"@type\":\"WebPage\",\"@id\":\"https:\\\/\\\/smartprint.com\\\/fr\\\/manuel-indispensable-vers-les-services-dimpressions-geres\\\/\",\"url\":\"https:\\\/\\\/smartprint.com\\\/fr\\\/manuel-indispensable-vers-les-services-dimpressions-geres\\\/\",\"name\":\"Manuel indispensable vers les Services d'Impression G\u00e9r\u00e9s - SmartPrint\",\"isPartOf\":{\"@id\":\"https:\\\/\\\/smartprint.com\\\/#website\"},\"datePublished\":\"2017-07-24T14:59:36+00:00\",\"dateModified\":\"2018-05-31T19:46:38+00:00\",\"breadcrumb\":{\"@id\":\"https:\\\/\\\/smartprint.com\\\/fr\\\/manuel-indispensable-vers-les-services-dimpressions-geres\\\/#breadcrumb\"},\"inLanguage\":\"fr-FR\",\"potentialAction\":[{\"@type\":\"ReadAction\",\"target\":[\"https:\\\/\\\/smartprint.com\\\/fr\\\/manuel-indispensable-vers-les-services-dimpressions-geres\\\/\"]}]},{\"@type\":\"BreadcrumbList\",\"@id\":\"https:\\\/\\\/smartprint.com\\\/fr\\\/manuel-indispensable-vers-les-services-dimpressions-geres\\\/#breadcrumb\",\"itemListElement\":[{\"@type\":\"ListItem\",\"position\":1,\"name\":\"Accueil\",\"item\":\"https:\\\/\\\/smartprint.com\\\/fr\\\/\"},{\"@type\":\"ListItem\",\"position\":2,\"name\":\"Manuel indispensable vers les Services d&#8217;Impression G\u00e9r\u00e9s\"}]},{\"@type\":\"WebSite\",\"@id\":\"https:\\\/\\\/smartprint.com\\\/#website\",\"url\":\"https:\\\/\\\/smartprint.com\\\/\",\"name\":\"SmartPrint\",\"description\":\"Services d&#039;Impression G\u00e9r\u00e9s\",\"potentialAction\":[{\"@type\":\"SearchAction\",\"target\":{\"@type\":\"EntryPoint\",\"urlTemplate\":\"https:\\\/\\\/smartprint.com\\\/?s={search_term_string}\"},\"query-input\":{\"@type\":\"PropertyValueSpecification\",\"valueRequired\":true,\"valueName\":\"search_term_string\"}}],\"inLanguage\":\"fr-FR\"}]}<\/script>\n<!-- \/ Yoast SEO plugin. -->","yoast_head_json":{"title":"Manuel indispensable vers les Services d'Impression G\u00e9r\u00e9s - SmartPrint","robots":{"index":"index","follow":"follow","max-snippet":"max-snippet:-1","max-image-preview":"max-image-preview:large","max-video-preview":"max-video-preview:-1"},"canonical":"https:\/\/smartprint.com\/fr\/manuel-indispensable-vers-les-services-dimpressions-geres\/","og_locale":"fr_FR","og_type":"article","og_title":"Manuel indispensable vers les Services d'Impression G\u00e9r\u00e9s - SmartPrint","og_description":"De nombreux dirigeants d&#8217;entreprises...","og_url":"https:\/\/smartprint.com\/fr\/manuel-indispensable-vers-les-services-dimpressions-geres\/","og_site_name":"SmartPrint","article_modified_time":"2018-05-31T19:46:38+00:00","twitter_card":"summary_large_image","twitter_misc":{"Est. reading time":"2 minutes"},"schema":{"@context":"https:\/\/schema.org","@graph":[{"@type":"WebPage","@id":"https:\/\/smartprint.com\/fr\/manuel-indispensable-vers-les-services-dimpressions-geres\/","url":"https:\/\/smartprint.com\/fr\/manuel-indispensable-vers-les-services-dimpressions-geres\/","name":"Manuel indispensable vers les Services d'Impression G\u00e9r\u00e9s - SmartPrint","isPartOf":{"@id":"https:\/\/smartprint.com\/#website"},"datePublished":"2017-07-24T14:59:36+00:00","dateModified":"2018-05-31T19:46:38+00:00","breadcrumb":{"@id":"https:\/\/smartprint.com\/fr\/manuel-indispensable-vers-les-services-dimpressions-geres\/#breadcrumb"},"inLanguage":"fr-FR","potentialAction":[{"@type":"ReadAction","target":["https:\/\/smartprint.com\/fr\/manuel-indispensable-vers-les-services-dimpressions-geres\/"]}]},{"@type":"BreadcrumbList","@id":"https:\/\/smartprint.com\/fr\/manuel-indispensable-vers-les-services-dimpressions-geres\/#breadcrumb","itemListElement":[{"@type":"ListItem","position":1,"name":"Accueil","item":"https:\/\/smartprint.com\/fr\/"},{"@type":"ListItem","position":2,"name":"Manuel indispensable vers les Services d&#8217;Impression G\u00e9r\u00e9s"}]},{"@type":"WebSite","@id":"https:\/\/smartprint.com\/#website","url":"https:\/\/smartprint.com\/","name":"SmartPrint","description":"Services d&#039;Impression G\u00e9r\u00e9s","potentialAction":[{"@type":"SearchAction","target":{"@type":"EntryPoint","urlTemplate":"https:\/\/smartprint.com\/?s={search_term_string}"},"query-input":{"@type":"PropertyValueSpecification","valueRequired":true,"valueName":"search_term_string"}}],"inLanguage":"fr-FR"}]}},"_links":{"self":[{"href":"https:\/\/smartprint.com\/fr\/wp-json\/wp\/v2\/pages\/1604","targetHints":{"allow":["GET"]}}],"collection":[{"href":"https:\/\/smartprint.com\/fr\/wp-json\/wp\/v2\/pages"}],"about":[{"href":"https:\/\/smartprint.com\/fr\/wp-json\/wp\/v2\/types\/page"}],"author":[{"embeddable":true,"href":"https:\/\/smartprint.com\/fr\/wp-json\/wp\/v2\/users\/3"}],"replies":[{"embeddable":true,"href":"https:\/\/smartprint.com\/fr\/wp-json\/wp\/v2\/comments?post=1604"}],"version-history":[{"count":8,"href":"https:\/\/smartprint.com\/fr\/wp-json\/wp\/v2\/pages\/1604\/revisions"}],"predecessor-version":[{"id":3097,"href":"https:\/\/smartprint.com\/fr\/wp-json\/wp\/v2\/pages\/1604\/revisions\/3097"}],"wp:attachment":[{"href":"https:\/\/smartprint.com\/fr\/wp-json\/wp\/v2\/media?parent=1604"}],"curies":[{"name":"wp","href":"https:\/\/api.w.org\/{rel}","templated":true}]}}