{"id":1606,"date":"2017-07-24T11:04:09","date_gmt":"2017-07-24T15:04:09","guid":{"rendered":"https:\/\/smartprint.com\/?page_id=1606\/"},"modified":"2018-05-31T14:53:09","modified_gmt":"2018-05-31T18:53:09","slug":"evaluation-de-votre-environnement-dimpression","status":"publish","type":"page","link":"https:\/\/smartprint.com\/fr\/services-dimpressions-geres\/evaluation-de-votre-environnement-dimpression\/","title":{"rendered":"\u00c9valuation de votre environnement d&#8217;impression"},"content":{"rendered":"<p>[et_pb_section bb_built=&#8221;1&#8243; admin_label=&#8221;section&#8221; transparent_background_fb=&#8221;default&#8221; _builder_version=&#8221;3.0.47&#8243;][et_pb_row admin_label=&#8221;row&#8221; _builder_version=&#8221;3.0.47&#8243; background_size=&#8221;initial&#8221; background_position=&#8221;top_left&#8221; background_repeat=&#8221;repeat&#8221;][et_pb_column type=&#8221;4_4&#8243;][et_pb_text _builder_version=&#8221;3.0.64&#8243; background_size=&#8221;initial&#8221; background_position=&#8221;top_left&#8221; background_repeat=&#8221;repeat&#8221; background_layout=&#8221;light&#8221; text_orientation=&#8221;left&#8221; border_style=&#8221;solid&#8221;]<\/p>\n<p>La plupart des entreprises ne connaissent pas le nombre d&#8217;imprimantes qu&#8217;elles poss\u00e8dent ou les nombre de pages qu&#8217;elles impriment. L&#8217;analyse et la compr\u00e9hension de l&#8217;environnement d&#8217;impression actuel n&#8217;est pas une t\u00e2che facile. Cela prend du temps et de l&#8217;expertise pour inventorier tous les appareils, \u00e9valuer leurs co\u00fbts connexes et d\u00e9terminer comment ils sont impact\u00e9s par les volumes imprim\u00e9s dans l&#8217;organisation. Si cela est fait correctement, les r\u00e9sultats de l&#8217;\u00e9valuation sont incroyables. Et probablement, pour la premi\u00e8re fois, vous apprendrez:<\/p>\n<ul>\n<li>Le nombre r\u00e9el de p\u00e9riph\u00e9riques d&#8217;impression dans l&#8217;organisation. Celui-ci est \u00a0g\u00e9n\u00e9ralement beaucoup plus \u00e9lev\u00e9 que vous ne l&#8217;imaginiez.<\/li>\n<li>La majorit\u00e9 du volume d&#8217;impression r\u00e9el est effectu\u00e9 par un tr\u00e8s petit pourcentage des p\u00e9riph\u00e9riques d&#8217;impression.<\/li>\n<li>De nombreux p\u00e9riph\u00e9riques sont redondants.<\/li>\n<li>Des milliers de dollars sont investis dans les fournitures, dont certaines sont expir\u00e9es, ou pour des imprimantes qui ne sont m\u00eame plus dans l&#8217;organisation.<\/li>\n<li>Les volumes des copies ont diminu\u00e9 alors que les co\u00fbts des copieurs ont augment\u00e9.<\/li>\n<li>Quels documents et de quelle fa\u00e7on vos utilisateurs impriment, num\u00e9risent et copient.<\/li>\n<li>Le co\u00fbt total de possession peut \u00eatre surprenant.<\/li>\n<\/ul>\n<p>Le plus grand b\u00e9n\u00e9fice de l&#8217;\u00e9valuation est l&#8217;\u00e9tablissement d&#8217;un point de r\u00e9f\u00e9rence actuelle. C&#8217;est un \u00e9l\u00e9ment essentiel pour comparer les co\u00fbts et les avantages des services d&#8217;impressions g\u00e9r\u00e9s \u00e0 votre environnement actuel. C&#8217;est aussi le point de d\u00e9part pour permettre \u00e0 de nos sp\u00e9cialiste SmartPrint de creuser en profondeur le comportement des utilisateurs et le workflow et d\u00e9terminer o\u00f9 cr\u00e9er cet impact important pour \u00e9pargner et gagner en efficacit\u00e9.<\/p>\n<p><strong>Remplissez le formulaire ci-dessous pour votre \u00e9valuation, sans obligation, de votre environnement d&#8217;impression.<\/strong><br \/>\n<!-- [if lte IE 8]><script charset=\"utf-8\" type=\"text\/javascript\" src=\"\/\/js.hsforms.net\/forms\/v2-legacy.js\"><\/script><![endif]--><script charset=\"utf-8\" type=\"text\/javascript\" src=\"\/\/js.hsforms.net\/forms\/v2.js\"><\/script><br \/>\n<script>\n  hbspt.forms.create({\n\tportalId: \"4215610\",\n\tformId: \"e95f4eac-2795-4316-93a6-f1c53a547955\",\n\tcss: \"\",\n\tsfdcCampaignId: \"7011W000000eObzQAE\"\n});\n<\/script><\/p>\n<p>[\/et_pb_text][\/et_pb_column][\/et_pb_row][\/et_pb_section]<\/p>\n","protected":false},"excerpt":{"rendered":"<p>La plupart des entreprises ne connaissent pas le&#8230;<\/p>\n <a href=\"https:\/\/smartprint.com\/fr\/services-dimpressions-geres\/evaluation-de-votre-environnement-dimpression\/\" class=\"more-link\" title=\"Read More\">En savoir plus<\/a>","protected":false},"author":3,"featured_media":0,"parent":1595,"menu_order":0,"comment_status":"closed","ping_status":"closed","template":"page-mps.php","meta":{"_acf_changed":false,"_et_pb_use_builder":"on","_et_pb_old_content":"<p>Most businesses don't know the number of printers they have or the number pages they're printing. Analyzing and understanding the current print environment is no easy task. It takes time and expertise to inventory all devices, assess their related costs and determine how they're impacted by the print volumes across the organization. If done properly, the assessment results are amazing. Probably for the first time ever, you'll know:<\/p><ul><li>The actual number of print devices in the organization. Usually far more than you imagine.<\/li><li>The majority of the actual print volume is done by a very small percentage of the print devices.<\/li><li>Many print devices are redundant.<\/li><li>Thousands of dollars are tied up in supplies inventory, some of which is expired or for printers no longer in the organization.<\/li><li>Copy volumes have decreased while copier costs have increased.<\/li><li>The total cost of ownership can be a staggering number.<\/li><li>What and how your users are printing, scanning and copying.<\/li><\/ul><p>The biggest benefit from the assessment is the establishment of a current state baseline. This is an essential element for measuring the costs and benefits of a Managed Print solution against the current environment. This is also the starting point to enable one of our experts to dig into user behaviour and workflow, which is where a large impact for savings and efficiency.<\/p><p><strong>Complete the form below for your no obligation print environment assessment.<\/strong><\/p><p>[gravityform id=\"5\" title=\"false\" description=\"false\"]<\/p>","_et_gb_content_width":"","content-type":"","footnotes":""},"class_list":["post-1606","page","type-page","status-publish","hentry"],"acf":[],"yoast_head":"<!-- This site is optimized with the Yoast SEO plugin v27.3 - https:\/\/yoast.com\/product\/yoast-seo-wordpress\/ -->\n<title>\u00c9valuation de votre environnement d&#039;impression - SmartPrint<\/title>\n<meta name=\"robots\" content=\"index, follow, max-snippet:-1, max-image-preview:large, max-video-preview:-1\" \/>\n<link rel=\"canonical\" href=\"https:\/\/smartprint.com\/fr\/services-dimpressions-geres\/evaluation-de-votre-environnement-dimpression\/\" \/>\n<meta property=\"og:locale\" content=\"fr_FR\" \/>\n<meta property=\"og:type\" content=\"article\" \/>\n<meta property=\"og:title\" content=\"\u00c9valuation de votre environnement d&#039;impression - SmartPrint\" \/>\n<meta property=\"og:description\" content=\"La plupart des entreprises ne connaissent pas le...\" \/>\n<meta property=\"og:url\" content=\"https:\/\/smartprint.com\/fr\/services-dimpressions-geres\/evaluation-de-votre-environnement-dimpression\/\" \/>\n<meta property=\"og:site_name\" content=\"SmartPrint\" \/>\n<meta property=\"article:modified_time\" content=\"2018-05-31T18:53:09+00:00\" \/>\n<meta name=\"twitter:card\" content=\"summary_large_image\" \/>\n<meta name=\"twitter:label1\" content=\"Est. reading time\" \/>\n\t<meta name=\"twitter:data1\" content=\"2 minutes\" \/>\n<script type=\"application\/ld+json\" class=\"yoast-schema-graph\">{\"@context\":\"https:\\\/\\\/schema.org\",\"@graph\":[{\"@type\":\"WebPage\",\"@id\":\"https:\\\/\\\/smartprint.com\\\/fr\\\/services-dimpressions-geres\\\/evaluation-de-votre-environnement-dimpression\\\/\",\"url\":\"https:\\\/\\\/smartprint.com\\\/fr\\\/services-dimpressions-geres\\\/evaluation-de-votre-environnement-dimpression\\\/\",\"name\":\"\u00c9valuation de votre environnement d'impression - SmartPrint\",\"isPartOf\":{\"@id\":\"https:\\\/\\\/smartprint.com\\\/#website\"},\"datePublished\":\"2017-07-24T15:04:09+00:00\",\"dateModified\":\"2018-05-31T18:53:09+00:00\",\"breadcrumb\":{\"@id\":\"https:\\\/\\\/smartprint.com\\\/fr\\\/services-dimpressions-geres\\\/evaluation-de-votre-environnement-dimpression\\\/#breadcrumb\"},\"inLanguage\":\"fr-FR\",\"potentialAction\":[{\"@type\":\"ReadAction\",\"target\":[\"https:\\\/\\\/smartprint.com\\\/fr\\\/services-dimpressions-geres\\\/evaluation-de-votre-environnement-dimpression\\\/\"]}]},{\"@type\":\"BreadcrumbList\",\"@id\":\"https:\\\/\\\/smartprint.com\\\/fr\\\/services-dimpressions-geres\\\/evaluation-de-votre-environnement-dimpression\\\/#breadcrumb\",\"itemListElement\":[{\"@type\":\"ListItem\",\"position\":1,\"name\":\"Accueil\",\"item\":\"https:\\\/\\\/smartprint.com\\\/fr\\\/\"},{\"@type\":\"ListItem\",\"position\":2,\"name\":\"Services d&#8217;Impressions G\u00e9r\u00e9s\",\"item\":\"https:\\\/\\\/smartprint.com\\\/fr\\\/services-dimpressions-geres\\\/\"},{\"@type\":\"ListItem\",\"position\":3,\"name\":\"\u00c9valuation de votre environnement d&#8217;impression\"}]},{\"@type\":\"WebSite\",\"@id\":\"https:\\\/\\\/smartprint.com\\\/#website\",\"url\":\"https:\\\/\\\/smartprint.com\\\/\",\"name\":\"SmartPrint\",\"description\":\"Services d&#039;Impression G\u00e9r\u00e9s\",\"potentialAction\":[{\"@type\":\"SearchAction\",\"target\":{\"@type\":\"EntryPoint\",\"urlTemplate\":\"https:\\\/\\\/smartprint.com\\\/?s={search_term_string}\"},\"query-input\":{\"@type\":\"PropertyValueSpecification\",\"valueRequired\":true,\"valueName\":\"search_term_string\"}}],\"inLanguage\":\"fr-FR\"}]}<\/script>\n<!-- \/ Yoast SEO plugin. -->","yoast_head_json":{"title":"\u00c9valuation de votre environnement d'impression - SmartPrint","robots":{"index":"index","follow":"follow","max-snippet":"max-snippet:-1","max-image-preview":"max-image-preview:large","max-video-preview":"max-video-preview:-1"},"canonical":"https:\/\/smartprint.com\/fr\/services-dimpressions-geres\/evaluation-de-votre-environnement-dimpression\/","og_locale":"fr_FR","og_type":"article","og_title":"\u00c9valuation de votre environnement d'impression - SmartPrint","og_description":"La plupart des entreprises ne connaissent pas le...","og_url":"https:\/\/smartprint.com\/fr\/services-dimpressions-geres\/evaluation-de-votre-environnement-dimpression\/","og_site_name":"SmartPrint","article_modified_time":"2018-05-31T18:53:09+00:00","twitter_card":"summary_large_image","twitter_misc":{"Est. reading time":"2 minutes"},"schema":{"@context":"https:\/\/schema.org","@graph":[{"@type":"WebPage","@id":"https:\/\/smartprint.com\/fr\/services-dimpressions-geres\/evaluation-de-votre-environnement-dimpression\/","url":"https:\/\/smartprint.com\/fr\/services-dimpressions-geres\/evaluation-de-votre-environnement-dimpression\/","name":"\u00c9valuation de votre environnement d'impression - SmartPrint","isPartOf":{"@id":"https:\/\/smartprint.com\/#website"},"datePublished":"2017-07-24T15:04:09+00:00","dateModified":"2018-05-31T18:53:09+00:00","breadcrumb":{"@id":"https:\/\/smartprint.com\/fr\/services-dimpressions-geres\/evaluation-de-votre-environnement-dimpression\/#breadcrumb"},"inLanguage":"fr-FR","potentialAction":[{"@type":"ReadAction","target":["https:\/\/smartprint.com\/fr\/services-dimpressions-geres\/evaluation-de-votre-environnement-dimpression\/"]}]},{"@type":"BreadcrumbList","@id":"https:\/\/smartprint.com\/fr\/services-dimpressions-geres\/evaluation-de-votre-environnement-dimpression\/#breadcrumb","itemListElement":[{"@type":"ListItem","position":1,"name":"Accueil","item":"https:\/\/smartprint.com\/fr\/"},{"@type":"ListItem","position":2,"name":"Services d&#8217;Impressions G\u00e9r\u00e9s","item":"https:\/\/smartprint.com\/fr\/services-dimpressions-geres\/"},{"@type":"ListItem","position":3,"name":"\u00c9valuation de votre environnement d&#8217;impression"}]},{"@type":"WebSite","@id":"https:\/\/smartprint.com\/#website","url":"https:\/\/smartprint.com\/","name":"SmartPrint","description":"Services d&#039;Impression G\u00e9r\u00e9s","potentialAction":[{"@type":"SearchAction","target":{"@type":"EntryPoint","urlTemplate":"https:\/\/smartprint.com\/?s={search_term_string}"},"query-input":{"@type":"PropertyValueSpecification","valueRequired":true,"valueName":"search_term_string"}}],"inLanguage":"fr-FR"}]}},"_links":{"self":[{"href":"https:\/\/smartprint.com\/fr\/wp-json\/wp\/v2\/pages\/1606","targetHints":{"allow":["GET"]}}],"collection":[{"href":"https:\/\/smartprint.com\/fr\/wp-json\/wp\/v2\/pages"}],"about":[{"href":"https:\/\/smartprint.com\/fr\/wp-json\/wp\/v2\/types\/page"}],"author":[{"embeddable":true,"href":"https:\/\/smartprint.com\/fr\/wp-json\/wp\/v2\/users\/3"}],"replies":[{"embeddable":true,"href":"https:\/\/smartprint.com\/fr\/wp-json\/wp\/v2\/comments?post=1606"}],"version-history":[{"count":5,"href":"https:\/\/smartprint.com\/fr\/wp-json\/wp\/v2\/pages\/1606\/revisions"}],"predecessor-version":[{"id":3081,"href":"https:\/\/smartprint.com\/fr\/wp-json\/wp\/v2\/pages\/1606\/revisions\/3081"}],"up":[{"embeddable":true,"href":"https:\/\/smartprint.com\/fr\/wp-json\/wp\/v2\/pages\/1595"}],"wp:attachment":[{"href":"https:\/\/smartprint.com\/fr\/wp-json\/wp\/v2\/media?parent=1606"}],"curies":[{"name":"wp","href":"https:\/\/api.w.org\/{rel}","templated":true}]}}