{"id":1608,"date":"2017-07-24T11:29:59","date_gmt":"2017-07-24T15:29:59","guid":{"rendered":"https:\/\/smartprint.com\/?page_id=1608\/"},"modified":"2019-09-24T10:07:38","modified_gmt":"2019-09-24T14:07:38","slug":"acces-client","status":"publish","type":"page","link":"https:\/\/smartprint.com\/fr\/acces-client\/","title":{"rendered":"Acc\u00e8s client"},"content":{"rendered":"<p>[et_pb_section bb_built=&#8221;1&#8243; admin_label=&#8221;section&#8221; transparent_background_fb=&#8221;default&#8221; _builder_version=&#8221;3.0.47&#8243; background_color=&#8221;rgba(255,255,255,0)&#8221; inner_width=&#8221;auto&#8221; inner_max_width=&#8221;none&#8221;][et_pb_row admin_label=&#8221;row&#8221; _builder_version=&#8221;3.0.47&#8243; background_size=&#8221;initial&#8221; background_position=&#8221;top_left&#8221; background_repeat=&#8221;repeat&#8221; width=&#8221;80%&#8221; max_width=&#8221;1080px&#8221;][et_pb_column type=&#8221;3_4&#8243;][et_pb_text _builder_version=&#8221;3.0.47&#8243; background_size=&#8221;initial&#8221; background_position=&#8221;top_left&#8221; background_repeat=&#8221;repeat&#8221;]<\/p>\n<h2>SmartLink Customer Login<\/h2>\n<h2><img loading=\"lazy\" decoding=\"async\" class=\"style-svg\" src=\"https:\/\/smartprint.com\/wp-content\/uploads\/2016\/01\/SmartLink-300x93.jpg\" alt=\"SmartLink\" width=\"300\" height=\"93\" \/><\/h2>\n<p><strong>Clients SIG de Smartprint<\/strong>\u00a0\u2013 Connectez-vous ci-dessous pour acc\u00e9der \u00e0 votre compte, placer des commandes ou un appel de service.<\/p>\n<h2><\/h2>\n<p>[\/et_pb_text][et_pb_code admin_label=&#8221;SmartLink Login&#8221; _builder_version=&#8221;3.22.5&#8243; z_index_tablet=&#8221;500&#8243;]<span class=\"occIcon-24215-50343\"> <button><img decoding=\"async\" class=\"occIconState\" style=\"display: inline; cursor: pointer;\" title=\"Live Chat Support Online\" src=\"http:\/\/www.onlinechatcenters.com\/status-24215-50343\" alt=\"Soutien en ligne - Chat\" border=\"0\" hspace=\"0\" vspace=\"0\" data-relation=\"24215d50343\" \/><\/button><\/span> <!-- Begin OCC code for SmartPrint Customer Care department --><script type=\"text\/javascript\"> (function() { var occ = document.createElement('script'); occ.type = 'text\/javascript'; occ.async = true; occ.src = ('https:' == document.location.protocol ? 'https:\/\/' : 'http:\/\/') + 'www.onlinechatcenters.com\/code-24215-50343.js'; var s = document.getElementsByTagName('script')[0]; s.parentNode.insertBefore(occ, s); })(); <\/script> <!-- End OCC code --><!-- [et_pb_line_break_holder] --><!-- [et_pb_line_break_holder] --><a target=\"_blank\" id=\"portal-login-button\" href=\"https:\/\/einfo.smartprint.com\/einfo\/Gateway\" rel=\"noopener noreferrer\">Acc\u00e8s client<\/a>[\/et_pb_code][et_pb_text _builder_version=&#8221;3.22.5&#8243; background_size=&#8221;initial&#8221; background_position=&#8221;top_left&#8221; background_repeat=&#8221;repeat&#8221; text_text_shadow_horizontal_length=&#8221;text_text_shadow_style,%91object Object%93&#8243; text_text_shadow_vertical_length=&#8221;text_text_shadow_style,%91object Object%93&#8243; text_text_shadow_blur_strength=&#8221;text_text_shadow_style,%91object Object%93&#8243; link_text_shadow_horizontal_length=&#8221;link_text_shadow_style,%91object Object%93&#8243; link_text_shadow_vertical_length=&#8221;link_text_shadow_style,%91object Object%93&#8243; link_text_shadow_blur_strength=&#8221;link_text_shadow_style,%91object Object%93&#8243; ul_text_shadow_horizontal_length=&#8221;ul_text_shadow_style,%91object Object%93&#8243; ul_text_shadow_vertical_length=&#8221;ul_text_shadow_style,%91object Object%93&#8243; ul_text_shadow_blur_strength=&#8221;ul_text_shadow_style,%91object Object%93&#8243; ol_text_shadow_horizontal_length=&#8221;ol_text_shadow_style,%91object Object%93&#8243; ol_text_shadow_vertical_length=&#8221;ol_text_shadow_style,%91object Object%93&#8243; ol_text_shadow_blur_strength=&#8221;ol_text_shadow_style,%91object Object%93&#8243; quote_text_shadow_horizontal_length=&#8221;quote_text_shadow_style,%91object Object%93&#8243; quote_text_shadow_vertical_length=&#8221;quote_text_shadow_style,%91object Object%93&#8243; quote_text_shadow_blur_strength=&#8221;quote_text_shadow_style,%91object Object%93&#8243; header_text_shadow_horizontal_length=&#8221;header_text_shadow_style,%91object Object%93&#8243; header_text_shadow_vertical_length=&#8221;header_text_shadow_style,%91object Object%93&#8243; header_text_shadow_blur_strength=&#8221;header_text_shadow_style,%91object Object%93&#8243; header_2_text_shadow_horizontal_length=&#8221;header_2_text_shadow_style,%91object Object%93&#8243; header_2_text_shadow_vertical_length=&#8221;header_2_text_shadow_style,%91object Object%93&#8243; header_2_text_shadow_blur_strength=&#8221;header_2_text_shadow_style,%91object Object%93&#8243; header_3_text_shadow_horizontal_length=&#8221;header_3_text_shadow_style,%91object Object%93&#8243; header_3_text_shadow_vertical_length=&#8221;header_3_text_shadow_style,%91object Object%93&#8243; header_3_text_shadow_blur_strength=&#8221;header_3_text_shadow_style,%91object Object%93&#8243; header_4_text_shadow_horizontal_length=&#8221;header_4_text_shadow_style,%91object Object%93&#8243; header_4_text_shadow_vertical_length=&#8221;header_4_text_shadow_style,%91object Object%93&#8243; header_4_text_shadow_blur_strength=&#8221;header_4_text_shadow_style,%91object Object%93&#8243; header_5_text_shadow_horizontal_length=&#8221;header_5_text_shadow_style,%91object Object%93&#8243; header_5_text_shadow_vertical_length=&#8221;header_5_text_shadow_style,%91object Object%93&#8243; header_5_text_shadow_blur_strength=&#8221;header_5_text_shadow_style,%91object Object%93&#8243; header_6_text_shadow_horizontal_length=&#8221;header_6_text_shadow_style,%91object Object%93&#8243; header_6_text_shadow_vertical_length=&#8221;header_6_text_shadow_style,%91object Object%93&#8243; header_6_text_shadow_blur_strength=&#8221;header_6_text_shadow_style,%91object Object%93&#8243; z_index_tablet=&#8221;500&#8243;]<\/p>\n<p><a href=\"https:\/\/einfo.smartprint.com\/einfo\/Gateway\/Login\">Cliquez ici pour acc\u00e9der \u00e0 SmartLink en fran\u00e7ais<\/a><\/p>\n<p>Besoin d&#8217;aide? Cliquez sur Chat en direct ou contactez-nous \u00e0 <a href=\"mailto:customercare@smartprint.com\">customercare@smartprint.com<\/a> ou au 1.800.387.9434.<\/p>\n<p>[\/et_pb_text][\/et_pb_column][et_pb_column type=&#8221;1_4&#8243;][\/et_pb_column][\/et_pb_row][\/et_pb_section]<\/p>\n","protected":false},"excerpt":{"rendered":"<p>SmartLink Customer Login Clients SIG de Smartprint\u00a0\u2013&#8230;<\/p>\n <a href=\"https:\/\/smartprint.com\/fr\/acces-client\/\" class=\"more-link\" title=\"Read More\">En savoir plus<\/a>","protected":false},"author":3,"featured_media":0,"parent":0,"menu_order":0,"comment_status":"closed","ping_status":"closed","template":"page-about.php","meta":{"_acf_changed":false,"_et_pb_use_builder":"on","_et_pb_old_content":"<h2>SmartLink Customer Login<\/h2><h2><span style=\"color: #ff0000;\">SMARTLINK IMAGE<\/span><\/h2><p>SmartPrint MPS Clients \u2013 for access to your account and to place service calls and order supplies, login in here.<\/p><h2><span style=\"color: #ff0000;\">FORM<\/span><\/h2><h2><span style=\"color: #ff0000;\">LIVE CHAT ONLINE<\/span><\/h2>","_et_gb_content_width":"","content-type":"","footnotes":""},"class_list":["post-1608","page","type-page","status-publish","hentry"],"acf":[],"yoast_head":"<!-- This site is optimized with the Yoast SEO plugin v27.3 - https:\/\/yoast.com\/product\/yoast-seo-wordpress\/ -->\n<title>Acc\u00e8s client - SmartPrint<\/title>\n<meta name=\"robots\" content=\"index, follow, max-snippet:-1, max-image-preview:large, max-video-preview:-1\" \/>\n<link rel=\"canonical\" href=\"https:\/\/smartprint.com\/fr\/acces-client\/\" \/>\n<meta property=\"og:locale\" content=\"fr_FR\" \/>\n<meta property=\"og:type\" content=\"article\" \/>\n<meta property=\"og:title\" content=\"Acc\u00e8s client - SmartPrint\" \/>\n<meta property=\"og:description\" content=\"SmartLink Customer Login Clients SIG de Smartprint\u00a0\u2013...\" \/>\n<meta property=\"og:url\" content=\"https:\/\/smartprint.com\/fr\/acces-client\/\" \/>\n<meta property=\"og:site_name\" content=\"SmartPrint\" \/>\n<meta property=\"article:modified_time\" content=\"2019-09-24T14:07:38+00:00\" \/>\n<meta property=\"og:image\" content=\"https:\/\/smartprint.com\/wp-content\/uploads\/2016\/01\/SmartLink-300x93.jpg\" \/>\n<meta name=\"twitter:card\" content=\"summary_large_image\" \/>\n<meta name=\"twitter:label1\" content=\"Est. reading time\" \/>\n\t<meta name=\"twitter:data1\" content=\"3 minutes\" \/>\n<script type=\"application\/ld+json\" class=\"yoast-schema-graph\">{\"@context\":\"https:\\\/\\\/schema.org\",\"@graph\":[{\"@type\":\"WebPage\",\"@id\":\"https:\\\/\\\/smartprint.com\\\/fr\\\/acces-client\\\/\",\"url\":\"https:\\\/\\\/smartprint.com\\\/fr\\\/acces-client\\\/\",\"name\":\"Acc\u00e8s client - SmartPrint\",\"isPartOf\":{\"@id\":\"https:\\\/\\\/smartprint.com\\\/#website\"},\"primaryImageOfPage\":{\"@id\":\"https:\\\/\\\/smartprint.com\\\/fr\\\/acces-client\\\/#primaryimage\"},\"image\":{\"@id\":\"https:\\\/\\\/smartprint.com\\\/fr\\\/acces-client\\\/#primaryimage\"},\"thumbnailUrl\":\"https:\\\/\\\/smartprint.com\\\/wp-content\\\/uploads\\\/2016\\\/01\\\/SmartLink-300x93.jpg\",\"datePublished\":\"2017-07-24T15:29:59+00:00\",\"dateModified\":\"2019-09-24T14:07:38+00:00\",\"breadcrumb\":{\"@id\":\"https:\\\/\\\/smartprint.com\\\/fr\\\/acces-client\\\/#breadcrumb\"},\"inLanguage\":\"fr-FR\",\"potentialAction\":[{\"@type\":\"ReadAction\",\"target\":[\"https:\\\/\\\/smartprint.com\\\/fr\\\/acces-client\\\/\"]}]},{\"@type\":\"ImageObject\",\"inLanguage\":\"fr-FR\",\"@id\":\"https:\\\/\\\/smartprint.com\\\/fr\\\/acces-client\\\/#primaryimage\",\"url\":\"https:\\\/\\\/smartprint.com\\\/wp-content\\\/uploads\\\/2016\\\/01\\\/SmartLink-300x93.jpg\",\"contentUrl\":\"https:\\\/\\\/smartprint.com\\\/wp-content\\\/uploads\\\/2016\\\/01\\\/SmartLink-300x93.jpg\"},{\"@type\":\"BreadcrumbList\",\"@id\":\"https:\\\/\\\/smartprint.com\\\/fr\\\/acces-client\\\/#breadcrumb\",\"itemListElement\":[{\"@type\":\"ListItem\",\"position\":1,\"name\":\"Accueil\",\"item\":\"https:\\\/\\\/smartprint.com\\\/fr\\\/\"},{\"@type\":\"ListItem\",\"position\":2,\"name\":\"Acc\u00e8s client\"}]},{\"@type\":\"WebSite\",\"@id\":\"https:\\\/\\\/smartprint.com\\\/#website\",\"url\":\"https:\\\/\\\/smartprint.com\\\/\",\"name\":\"SmartPrint\",\"description\":\"Services d&#039;Impression G\u00e9r\u00e9s\",\"potentialAction\":[{\"@type\":\"SearchAction\",\"target\":{\"@type\":\"EntryPoint\",\"urlTemplate\":\"https:\\\/\\\/smartprint.com\\\/?s={search_term_string}\"},\"query-input\":{\"@type\":\"PropertyValueSpecification\",\"valueRequired\":true,\"valueName\":\"search_term_string\"}}],\"inLanguage\":\"fr-FR\"}]}<\/script>\n<!-- \/ Yoast SEO plugin. -->","yoast_head_json":{"title":"Acc\u00e8s client - SmartPrint","robots":{"index":"index","follow":"follow","max-snippet":"max-snippet:-1","max-image-preview":"max-image-preview:large","max-video-preview":"max-video-preview:-1"},"canonical":"https:\/\/smartprint.com\/fr\/acces-client\/","og_locale":"fr_FR","og_type":"article","og_title":"Acc\u00e8s client - SmartPrint","og_description":"SmartLink Customer Login Clients SIG de Smartprint\u00a0\u2013...","og_url":"https:\/\/smartprint.com\/fr\/acces-client\/","og_site_name":"SmartPrint","article_modified_time":"2019-09-24T14:07:38+00:00","og_image":[{"url":"https:\/\/smartprint.com\/wp-content\/uploads\/2016\/01\/SmartLink-300x93.jpg","type":"","width":"","height":""}],"twitter_card":"summary_large_image","twitter_misc":{"Est. reading time":"3 minutes"},"schema":{"@context":"https:\/\/schema.org","@graph":[{"@type":"WebPage","@id":"https:\/\/smartprint.com\/fr\/acces-client\/","url":"https:\/\/smartprint.com\/fr\/acces-client\/","name":"Acc\u00e8s client - SmartPrint","isPartOf":{"@id":"https:\/\/smartprint.com\/#website"},"primaryImageOfPage":{"@id":"https:\/\/smartprint.com\/fr\/acces-client\/#primaryimage"},"image":{"@id":"https:\/\/smartprint.com\/fr\/acces-client\/#primaryimage"},"thumbnailUrl":"https:\/\/smartprint.com\/wp-content\/uploads\/2016\/01\/SmartLink-300x93.jpg","datePublished":"2017-07-24T15:29:59+00:00","dateModified":"2019-09-24T14:07:38+00:00","breadcrumb":{"@id":"https:\/\/smartprint.com\/fr\/acces-client\/#breadcrumb"},"inLanguage":"fr-FR","potentialAction":[{"@type":"ReadAction","target":["https:\/\/smartprint.com\/fr\/acces-client\/"]}]},{"@type":"ImageObject","inLanguage":"fr-FR","@id":"https:\/\/smartprint.com\/fr\/acces-client\/#primaryimage","url":"https:\/\/smartprint.com\/wp-content\/uploads\/2016\/01\/SmartLink-300x93.jpg","contentUrl":"https:\/\/smartprint.com\/wp-content\/uploads\/2016\/01\/SmartLink-300x93.jpg"},{"@type":"BreadcrumbList","@id":"https:\/\/smartprint.com\/fr\/acces-client\/#breadcrumb","itemListElement":[{"@type":"ListItem","position":1,"name":"Accueil","item":"https:\/\/smartprint.com\/fr\/"},{"@type":"ListItem","position":2,"name":"Acc\u00e8s client"}]},{"@type":"WebSite","@id":"https:\/\/smartprint.com\/#website","url":"https:\/\/smartprint.com\/","name":"SmartPrint","description":"Services d&#039;Impression G\u00e9r\u00e9s","potentialAction":[{"@type":"SearchAction","target":{"@type":"EntryPoint","urlTemplate":"https:\/\/smartprint.com\/?s={search_term_string}"},"query-input":{"@type":"PropertyValueSpecification","valueRequired":true,"valueName":"search_term_string"}}],"inLanguage":"fr-FR"}]}},"_links":{"self":[{"href":"https:\/\/smartprint.com\/fr\/wp-json\/wp\/v2\/pages\/1608","targetHints":{"allow":["GET"]}}],"collection":[{"href":"https:\/\/smartprint.com\/fr\/wp-json\/wp\/v2\/pages"}],"about":[{"href":"https:\/\/smartprint.com\/fr\/wp-json\/wp\/v2\/types\/page"}],"author":[{"embeddable":true,"href":"https:\/\/smartprint.com\/fr\/wp-json\/wp\/v2\/users\/3"}],"replies":[{"embeddable":true,"href":"https:\/\/smartprint.com\/fr\/wp-json\/wp\/v2\/comments?post=1608"}],"version-history":[{"count":5,"href":"https:\/\/smartprint.com\/fr\/wp-json\/wp\/v2\/pages\/1608\/revisions"}],"predecessor-version":[{"id":3723,"href":"https:\/\/smartprint.com\/fr\/wp-json\/wp\/v2\/pages\/1608\/revisions\/3723"}],"wp:attachment":[{"href":"https:\/\/smartprint.com\/fr\/wp-json\/wp\/v2\/media?parent=1608"}],"curies":[{"name":"wp","href":"https:\/\/api.w.org\/{rel}","templated":true}]}}