{"id":1611,"date":"2017-07-24T11:30:35","date_gmt":"2017-07-24T15:30:35","guid":{"rendered":"https:\/\/smartprint.com\/?page_id=1611\/"},"modified":"2020-01-10T14:46:49","modified_gmt":"2020-01-10T14:46:49","slug":"ajouter-un-peripherique","status":"publish","type":"page","link":"https:\/\/smartprint.com\/fr\/liste-de-verification-des-clients\/ajouter-un-peripherique\/","title":{"rendered":"Ajouter un p\u00e9riph\u00e9rique"},"content":{"rendered":"<p><strong>Formulaire d&#8217;ajout d&#8217;un nouveau p\u00e9riph\u00e9rique<\/strong><\/p>\n<p>Remplissez les informations de notre nouveau p\u00e9riph\u00e9rique ci-dessous<\/p>\n<p><!-- [if lte IE 8]>\n<script charset=\"utf-8\" type=\"text\/javascript\" src=\"\/\/js.hsforms.net\/forms\/v2-legacy.js\"><\/script>\n<![endif]--><script charset=\"utf-8\" type=\"text\/javascript\" src=\"\/\/js.hsforms.net\/forms\/v2.js\"><\/script><br \/>\n<script>\n  hbspt.forms.create({\n\tportalId: \"4215610\",\n\tformId: \"adf91375-6b9c-4cb6-99c0-e9b9fcbb1c82\"\n});\n<\/script><\/p>\n<p><a href=\"https:\/\/smartprint.com\/fr\/liste-de-verification-des-clients\/\">Cliquez ici pour s\u00e9lectionner un autre formulaire.<\/a><\/p>\n<p>&nbsp;<\/p>\n","protected":false},"excerpt":{"rendered":"<p>Formulaire d&#8217;ajout d&#8217;un nouveau p\u00e9riph\u00e9rique Remplissez les informations de notre nouveau p\u00e9riph\u00e9rique ci-dessous Cliquez ici pour s\u00e9lectionner un autre formulaire. &nbsp;<\/p>\n <a href=\"https:\/\/smartprint.com\/fr\/liste-de-verification-des-clients\/ajouter-un-peripherique\/\" class=\"more-link\" title=\"Read More\">En savoir plus<\/a>","protected":false},"author":3,"featured_media":0,"parent":1612,"menu_order":0,"comment_status":"closed","ping_status":"closed","template":"page-full.php","meta":{"_acf_changed":false,"_et_pb_use_builder":"","_et_pb_old_content":"","_et_gb_content_width":"","content-type":"","footnotes":""},"class_list":["post-1611","page","type-page","status-publish","hentry"],"acf":[],"yoast_head":"<!-- This site is optimized with the Yoast SEO plugin v27.3 - https:\/\/yoast.com\/product\/yoast-seo-wordpress\/ -->\n<title>Ajouter un p\u00e9riph\u00e9rique - SmartPrint<\/title>\n<meta name=\"robots\" content=\"noindex, nofollow\" \/>\n<meta property=\"og:locale\" content=\"fr_FR\" \/>\n<meta property=\"og:type\" content=\"article\" \/>\n<meta property=\"og:title\" content=\"Ajouter un p\u00e9riph\u00e9rique - SmartPrint\" \/>\n<meta property=\"og:description\" content=\"Formulaire d&#8217;ajout d&#8217;un nouveau p\u00e9riph\u00e9rique Remplissez les informations de notre nouveau p\u00e9riph\u00e9rique ci-dessous Cliquez ici pour s\u00e9lectionner un autre formulaire. &nbsp;\" \/>\n<meta property=\"og:url\" content=\"https:\/\/smartprint.com\/fr\/liste-de-verification-des-clients\/ajouter-un-peripherique\/\" \/>\n<meta property=\"og:site_name\" content=\"SmartPrint\" \/>\n<meta property=\"article:modified_time\" content=\"2020-01-10T14:46:49+00:00\" \/>\n<meta name=\"twitter:card\" content=\"summary_large_image\" \/>\n<script type=\"application\/ld+json\" class=\"yoast-schema-graph\">{\"@context\":\"https:\\\/\\\/schema.org\",\"@graph\":[{\"@type\":\"WebPage\",\"@id\":\"https:\\\/\\\/smartprint.com\\\/fr\\\/liste-de-verification-des-clients\\\/ajouter-un-peripherique\\\/\",\"url\":\"https:\\\/\\\/smartprint.com\\\/fr\\\/liste-de-verification-des-clients\\\/ajouter-un-peripherique\\\/\",\"name\":\"Ajouter un p\u00e9riph\u00e9rique - SmartPrint\",\"isPartOf\":{\"@id\":\"https:\\\/\\\/smartprint.com\\\/#website\"},\"datePublished\":\"2017-07-24T15:30:35+00:00\",\"dateModified\":\"2020-01-10T14:46:49+00:00\",\"breadcrumb\":{\"@id\":\"https:\\\/\\\/smartprint.com\\\/fr\\\/liste-de-verification-des-clients\\\/ajouter-un-peripherique\\\/#breadcrumb\"},\"inLanguage\":\"fr-FR\",\"potentialAction\":[{\"@type\":\"ReadAction\",\"target\":[\"https:\\\/\\\/smartprint.com\\\/fr\\\/liste-de-verification-des-clients\\\/ajouter-un-peripherique\\\/\"]}]},{\"@type\":\"BreadcrumbList\",\"@id\":\"https:\\\/\\\/smartprint.com\\\/fr\\\/liste-de-verification-des-clients\\\/ajouter-un-peripherique\\\/#breadcrumb\",\"itemListElement\":[{\"@type\":\"ListItem\",\"position\":1,\"name\":\"Accueil\",\"item\":\"https:\\\/\\\/smartprint.com\\\/fr\\\/\"},{\"@type\":\"ListItem\",\"position\":2,\"name\":\"Liste de v\u00e9rification des clients\",\"item\":\"https:\\\/\\\/smartprint.com\\\/fr\\\/liste-de-verification-des-clients\\\/\"},{\"@type\":\"ListItem\",\"position\":3,\"name\":\"Ajouter un p\u00e9riph\u00e9rique\"}]},{\"@type\":\"WebSite\",\"@id\":\"https:\\\/\\\/smartprint.com\\\/#website\",\"url\":\"https:\\\/\\\/smartprint.com\\\/\",\"name\":\"SmartPrint\",\"description\":\"Services d&#039;Impression G\u00e9r\u00e9s\",\"potentialAction\":[{\"@type\":\"SearchAction\",\"target\":{\"@type\":\"EntryPoint\",\"urlTemplate\":\"https:\\\/\\\/smartprint.com\\\/?s={search_term_string}\"},\"query-input\":{\"@type\":\"PropertyValueSpecification\",\"valueRequired\":true,\"valueName\":\"search_term_string\"}}],\"inLanguage\":\"fr-FR\"}]}<\/script>\n<!-- \/ Yoast SEO plugin. -->","yoast_head_json":{"title":"Ajouter un p\u00e9riph\u00e9rique - SmartPrint","robots":{"index":"noindex","follow":"nofollow"},"og_locale":"fr_FR","og_type":"article","og_title":"Ajouter un p\u00e9riph\u00e9rique - SmartPrint","og_description":"Formulaire d&#8217;ajout d&#8217;un nouveau p\u00e9riph\u00e9rique Remplissez les informations de notre nouveau p\u00e9riph\u00e9rique ci-dessous Cliquez ici pour s\u00e9lectionner un autre formulaire. &nbsp;","og_url":"https:\/\/smartprint.com\/fr\/liste-de-verification-des-clients\/ajouter-un-peripherique\/","og_site_name":"SmartPrint","article_modified_time":"2020-01-10T14:46:49+00:00","twitter_card":"summary_large_image","schema":{"@context":"https:\/\/schema.org","@graph":[{"@type":"WebPage","@id":"https:\/\/smartprint.com\/fr\/liste-de-verification-des-clients\/ajouter-un-peripherique\/","url":"https:\/\/smartprint.com\/fr\/liste-de-verification-des-clients\/ajouter-un-peripherique\/","name":"Ajouter un p\u00e9riph\u00e9rique - SmartPrint","isPartOf":{"@id":"https:\/\/smartprint.com\/#website"},"datePublished":"2017-07-24T15:30:35+00:00","dateModified":"2020-01-10T14:46:49+00:00","breadcrumb":{"@id":"https:\/\/smartprint.com\/fr\/liste-de-verification-des-clients\/ajouter-un-peripherique\/#breadcrumb"},"inLanguage":"fr-FR","potentialAction":[{"@type":"ReadAction","target":["https:\/\/smartprint.com\/fr\/liste-de-verification-des-clients\/ajouter-un-peripherique\/"]}]},{"@type":"BreadcrumbList","@id":"https:\/\/smartprint.com\/fr\/liste-de-verification-des-clients\/ajouter-un-peripherique\/#breadcrumb","itemListElement":[{"@type":"ListItem","position":1,"name":"Accueil","item":"https:\/\/smartprint.com\/fr\/"},{"@type":"ListItem","position":2,"name":"Liste de v\u00e9rification des clients","item":"https:\/\/smartprint.com\/fr\/liste-de-verification-des-clients\/"},{"@type":"ListItem","position":3,"name":"Ajouter un p\u00e9riph\u00e9rique"}]},{"@type":"WebSite","@id":"https:\/\/smartprint.com\/#website","url":"https:\/\/smartprint.com\/","name":"SmartPrint","description":"Services d&#039;Impression G\u00e9r\u00e9s","potentialAction":[{"@type":"SearchAction","target":{"@type":"EntryPoint","urlTemplate":"https:\/\/smartprint.com\/?s={search_term_string}"},"query-input":{"@type":"PropertyValueSpecification","valueRequired":true,"valueName":"search_term_string"}}],"inLanguage":"fr-FR"}]}},"_links":{"self":[{"href":"https:\/\/smartprint.com\/fr\/wp-json\/wp\/v2\/pages\/1611","targetHints":{"allow":["GET"]}}],"collection":[{"href":"https:\/\/smartprint.com\/fr\/wp-json\/wp\/v2\/pages"}],"about":[{"href":"https:\/\/smartprint.com\/fr\/wp-json\/wp\/v2\/types\/page"}],"author":[{"embeddable":true,"href":"https:\/\/smartprint.com\/fr\/wp-json\/wp\/v2\/users\/3"}],"replies":[{"embeddable":true,"href":"https:\/\/smartprint.com\/fr\/wp-json\/wp\/v2\/comments?post=1611"}],"version-history":[{"count":4,"href":"https:\/\/smartprint.com\/fr\/wp-json\/wp\/v2\/pages\/1611\/revisions"}],"predecessor-version":[{"id":3889,"href":"https:\/\/smartprint.com\/fr\/wp-json\/wp\/v2\/pages\/1611\/revisions\/3889"}],"up":[{"embeddable":true,"href":"https:\/\/smartprint.com\/fr\/wp-json\/wp\/v2\/pages\/1612"}],"wp:attachment":[{"href":"https:\/\/smartprint.com\/fr\/wp-json\/wp\/v2\/media?parent=1611"}],"curies":[{"name":"wp","href":"https:\/\/api.w.org\/{rel}","templated":true}]}}