{"id":1612,"date":"2017-07-24T11:31:26","date_gmt":"2017-07-24T15:31:26","guid":{"rendered":"https:\/\/smartprint.com\/?page_id=1612\/"},"modified":"2017-12-04T17:44:04","modified_gmt":"2017-12-04T21:44:04","slug":"liste-de-verification-des-clients","status":"publish","type":"page","link":"https:\/\/smartprint.com\/fr\/liste-de-verification-des-clients\/","title":{"rendered":"Liste de v\u00e9rification des clients"},"content":{"rendered":"<p>[et_pb_section bb_built=&#8221;1&#8243; admin_label=&#8221;section&#8221; transparent_background_fb=&#8221;default&#8221; _builder_version=&#8221;3.0.47&#8243;][et_pb_row admin_label=&#8221;row&#8221; _builder_version=&#8221;3.0.64&#8243; background_size=&#8221;initial&#8221; background_position=&#8221;top_left&#8221; background_repeat=&#8221;repeat&#8221;][et_pb_column type=&#8221;4_4&#8243;][et_pb_text _builder_version=&#8221;3.0.64&#8243; background_size=&#8221;initial&#8221; background_position=&#8221;top_left&#8221; background_repeat=&#8221;repeat&#8221;]<\/p>\n<h2>Ajouter \/ D\u00e9placer \/ Changer &#8211; Liste de contr\u00f4le<\/h2>\n<p>Cliquez sur le bouton appropri\u00e9 et remplissez le formulaire pour vous assurer que les ajouts, les d\u00e9placement ou les changements de p\u00e9riph\u00e9riques ont \u00e9t\u00e9 effectu\u00e9s.<\/p>\n<p>[\/et_pb_text][\/et_pb_column][\/et_pb_row][et_pb_row _builder_version=&#8221;3.0.47&#8243; background_size=&#8221;initial&#8221; background_position=&#8221;top_left&#8221; background_repeat=&#8221;repeat&#8221;][et_pb_column type=&#8221;1_3&#8243;][et_pb_button admin_label=&#8221;Add Device&#8221; button_url=&#8221;https:\/\/smartprint.com\/fr\/connexion-a-smartlink\/add-a-device\/&#8221; button_text=&#8221;Ajouter un p\u00e9riph\u00e9rique&#8221; button_alignment=&#8221;center&#8221; _builder_version=&#8221;3.0.64&#8243; background_color=&#8221;#7EBEC5&#8243; url_new_window=&#8221;off&#8221; background_layout=&#8221;light&#8221; custom_button=&#8221;off&#8221; button_letter_spacing=&#8221;0&#8243; button_icon_placement=&#8221;right&#8221; button_letter_spacing_hover=&#8221;0&#8243;]<br \/>\n[\/et_pb_button][\/et_pb_column][et_pb_column type=&#8221;1_3&#8243;][et_pb_button admin_label=&#8221;Move Device&#8221; button_url=&#8221;https:\/\/smartprint.com\/fr\/connexion-a-smartlink\/move-a-device\/&#8221; button_text=&#8221;D\u00e9placer un p\u00e9riph\u00e9rique&#8221; button_alignment=&#8221;center&#8221; _builder_version=&#8221;3.0.64&#8243; background_color=&#8221;#7EBEC5&#8243; url_new_window=&#8221;off&#8221; background_layout=&#8221;light&#8221; custom_button=&#8221;off&#8221; button_letter_spacing=&#8221;0&#8243; button_icon_placement=&#8221;right&#8221; button_letter_spacing_hover=&#8221;0&#8243;]<br \/>\n[\/et_pb_button][\/et_pb_column][et_pb_column type=&#8221;1_3&#8243;][et_pb_button admin_label=&#8221;Change Device&#8221; button_url=&#8221;https:\/\/smartprint.com\/fr\/liste-de-verification-des-clients\/remplacer-ou-echanger-un-peripherique\/&#8221; button_text=&#8221;Retirer \/ changer un p\u00e9riph\u00e9rique&#8221; button_alignment=&#8221;center&#8221; _builder_version=&#8221;3.0.64&#8243; background_color=&#8221;#7EBEC5&#8243; url_new_window=&#8221;off&#8221; background_layout=&#8221;light&#8221; custom_button=&#8221;off&#8221; button_letter_spacing=&#8221;0&#8243; button_icon_placement=&#8221;right&#8221; button_letter_spacing_hover=&#8221;0&#8243;]<br \/>\n[\/et_pb_button][\/et_pb_column][\/et_pb_row][\/et_pb_section]<\/p>\n","protected":false},"excerpt":{"rendered":"<p>Ajouter \/ D\u00e9placer \/ Changer &#8211; Liste de&#8230;<\/p>\n <a href=\"https:\/\/smartprint.com\/fr\/liste-de-verification-des-clients\/\" class=\"more-link\" title=\"Read More\">En savoir plus<\/a>","protected":false},"author":3,"featured_media":0,"parent":0,"menu_order":0,"comment_status":"closed","ping_status":"closed","template":"page-full.php","meta":{"_acf_changed":false,"_et_pb_use_builder":"on","_et_pb_old_content":"Add \/ Move \/ Change Checklist\r\n\r\nPlease","_et_gb_content_width":"","content-type":"","footnotes":""},"class_list":["post-1612","page","type-page","status-publish","hentry"],"acf":[],"yoast_head":"<!-- This site is optimized with the Yoast SEO plugin v27.3 - https:\/\/yoast.com\/product\/yoast-seo-wordpress\/ -->\n<title>Liste de v\u00e9rification des clients - SmartPrint<\/title>\n<meta name=\"robots\" content=\"noindex, nofollow\" \/>\n<meta property=\"og:locale\" content=\"fr_FR\" \/>\n<meta property=\"og:type\" content=\"article\" \/>\n<meta property=\"og:title\" content=\"Liste de v\u00e9rification des clients - SmartPrint\" \/>\n<meta property=\"og:description\" content=\"Ajouter \/ D\u00e9placer \/ Changer &#8211; Liste de...\" \/>\n<meta property=\"og:url\" content=\"https:\/\/smartprint.com\/fr\/liste-de-verification-des-clients\/\" \/>\n<meta property=\"og:site_name\" content=\"SmartPrint\" \/>\n<meta property=\"article:modified_time\" content=\"2017-12-04T21:44:04+00:00\" \/>\n<meta name=\"twitter:card\" content=\"summary_large_image\" \/>\n<meta name=\"twitter:label1\" content=\"Est. reading time\" \/>\n\t<meta name=\"twitter:data1\" content=\"2 minutes\" \/>\n<script type=\"application\/ld+json\" class=\"yoast-schema-graph\">{\"@context\":\"https:\\\/\\\/schema.org\",\"@graph\":[{\"@type\":\"WebPage\",\"@id\":\"https:\\\/\\\/smartprint.com\\\/fr\\\/liste-de-verification-des-clients\\\/\",\"url\":\"https:\\\/\\\/smartprint.com\\\/fr\\\/liste-de-verification-des-clients\\\/\",\"name\":\"Liste de v\u00e9rification des clients - SmartPrint\",\"isPartOf\":{\"@id\":\"https:\\\/\\\/smartprint.com\\\/#website\"},\"datePublished\":\"2017-07-24T15:31:26+00:00\",\"dateModified\":\"2017-12-04T21:44:04+00:00\",\"breadcrumb\":{\"@id\":\"https:\\\/\\\/smartprint.com\\\/fr\\\/liste-de-verification-des-clients\\\/#breadcrumb\"},\"inLanguage\":\"fr-FR\",\"potentialAction\":[{\"@type\":\"ReadAction\",\"target\":[\"https:\\\/\\\/smartprint.com\\\/fr\\\/liste-de-verification-des-clients\\\/\"]}]},{\"@type\":\"BreadcrumbList\",\"@id\":\"https:\\\/\\\/smartprint.com\\\/fr\\\/liste-de-verification-des-clients\\\/#breadcrumb\",\"itemListElement\":[{\"@type\":\"ListItem\",\"position\":1,\"name\":\"Accueil\",\"item\":\"https:\\\/\\\/smartprint.com\\\/fr\\\/\"},{\"@type\":\"ListItem\",\"position\":2,\"name\":\"Liste de v\u00e9rification des clients\"}]},{\"@type\":\"WebSite\",\"@id\":\"https:\\\/\\\/smartprint.com\\\/#website\",\"url\":\"https:\\\/\\\/smartprint.com\\\/\",\"name\":\"SmartPrint\",\"description\":\"Services d&#039;Impression G\u00e9r\u00e9s\",\"potentialAction\":[{\"@type\":\"SearchAction\",\"target\":{\"@type\":\"EntryPoint\",\"urlTemplate\":\"https:\\\/\\\/smartprint.com\\\/?s={search_term_string}\"},\"query-input\":{\"@type\":\"PropertyValueSpecification\",\"valueRequired\":true,\"valueName\":\"search_term_string\"}}],\"inLanguage\":\"fr-FR\"}]}<\/script>\n<!-- \/ Yoast SEO plugin. -->","yoast_head_json":{"title":"Liste de v\u00e9rification des clients - SmartPrint","robots":{"index":"noindex","follow":"nofollow"},"og_locale":"fr_FR","og_type":"article","og_title":"Liste de v\u00e9rification des clients - SmartPrint","og_description":"Ajouter \/ D\u00e9placer \/ Changer &#8211; Liste de...","og_url":"https:\/\/smartprint.com\/fr\/liste-de-verification-des-clients\/","og_site_name":"SmartPrint","article_modified_time":"2017-12-04T21:44:04+00:00","twitter_card":"summary_large_image","twitter_misc":{"Est. reading time":"2 minutes"},"schema":{"@context":"https:\/\/schema.org","@graph":[{"@type":"WebPage","@id":"https:\/\/smartprint.com\/fr\/liste-de-verification-des-clients\/","url":"https:\/\/smartprint.com\/fr\/liste-de-verification-des-clients\/","name":"Liste de v\u00e9rification des clients - SmartPrint","isPartOf":{"@id":"https:\/\/smartprint.com\/#website"},"datePublished":"2017-07-24T15:31:26+00:00","dateModified":"2017-12-04T21:44:04+00:00","breadcrumb":{"@id":"https:\/\/smartprint.com\/fr\/liste-de-verification-des-clients\/#breadcrumb"},"inLanguage":"fr-FR","potentialAction":[{"@type":"ReadAction","target":["https:\/\/smartprint.com\/fr\/liste-de-verification-des-clients\/"]}]},{"@type":"BreadcrumbList","@id":"https:\/\/smartprint.com\/fr\/liste-de-verification-des-clients\/#breadcrumb","itemListElement":[{"@type":"ListItem","position":1,"name":"Accueil","item":"https:\/\/smartprint.com\/fr\/"},{"@type":"ListItem","position":2,"name":"Liste de v\u00e9rification des clients"}]},{"@type":"WebSite","@id":"https:\/\/smartprint.com\/#website","url":"https:\/\/smartprint.com\/","name":"SmartPrint","description":"Services d&#039;Impression G\u00e9r\u00e9s","potentialAction":[{"@type":"SearchAction","target":{"@type":"EntryPoint","urlTemplate":"https:\/\/smartprint.com\/?s={search_term_string}"},"query-input":{"@type":"PropertyValueSpecification","valueRequired":true,"valueName":"search_term_string"}}],"inLanguage":"fr-FR"}]}},"_links":{"self":[{"href":"https:\/\/smartprint.com\/fr\/wp-json\/wp\/v2\/pages\/1612","targetHints":{"allow":["GET"]}}],"collection":[{"href":"https:\/\/smartprint.com\/fr\/wp-json\/wp\/v2\/pages"}],"about":[{"href":"https:\/\/smartprint.com\/fr\/wp-json\/wp\/v2\/types\/page"}],"author":[{"embeddable":true,"href":"https:\/\/smartprint.com\/fr\/wp-json\/wp\/v2\/users\/3"}],"replies":[{"embeddable":true,"href":"https:\/\/smartprint.com\/fr\/wp-json\/wp\/v2\/comments?post=1612"}],"version-history":[{"count":5,"href":"https:\/\/smartprint.com\/fr\/wp-json\/wp\/v2\/pages\/1612\/revisions"}],"predecessor-version":[{"id":2561,"href":"https:\/\/smartprint.com\/fr\/wp-json\/wp\/v2\/pages\/1612\/revisions\/2561"}],"wp:attachment":[{"href":"https:\/\/smartprint.com\/fr\/wp-json\/wp\/v2\/media?parent=1612"}],"curies":[{"name":"wp","href":"https:\/\/api.w.org\/{rel}","templated":true}]}}