{"id":1614,"date":"2017-07-24T11:32:12","date_gmt":"2017-07-24T15:32:12","guid":{"rendered":"https:\/\/smartprint.com\/?page_id=1614\/"},"modified":"2017-11-29T11:13:15","modified_gmt":"2017-11-29T15:13:15","slug":"followme-la-solution-de-confiance-pour-une-impression-de-bureau-rentable-et-securisee","status":"publish","type":"page","link":"https:\/\/smartprint.com\/fr\/propos-de-smartprint\/partenariats-et-associations-sig\/followme-la-solution-de-confiance-pour-une-impression-de-bureau-rentable-et-securisee\/","title":{"rendered":"FollowMe &#8211; La solution de confiance pour une impression de bureau rentable et s\u00e9curis\u00e9e"},"content":{"rendered":"<p>[et_pb_section bb_built=&#8221;1&#8243;][et_pb_row][et_pb_column type=&#8221;4_4&#8243;][et_pb_text]<\/p>\n<p><a href=\"http:\/\/www.followme.ringdale.com\/\" target=\"_blank\" rel=\"noopener\"><img loading=\"lazy\" decoding=\"async\" class=\"style-svg alignright\" src=\"https:\/\/smartprint.com\/wp-content\/uploads\/2016\/03\/followme-300x70.png\" alt=\"followme mps smartprint\" width=\"300\" height=\"70\" \/><\/a><\/p>\n<p>FollowMe est la solution compl\u00e8te de gestion de sortie de document qui aide les entreprises \u00e0 r\u00e9duire les co\u00fbts d&#8217;impression jusqu&#8217;\u00e0 60%, qui prot\u00e8ge des donn\u00e9es pr\u00e9cieuses et qui am\u00e9liore l&#8217;efficacit\u00e9 des environnements d&#8217;impression.<\/p>\n<p>Que vous op\u00e9riez un environnement d&#8217;impression ou que vous mettiez en \u0153uvre une strat\u00e9gie de Services d&#8217;Impressions G\u00e9r\u00e9s (SIG), FollowMe fonctionne avec les p\u00e9riph\u00e9riques de sortie de tous les fabricants d&#8217;imprimantes et assure la facilit\u00e9 d&#8217;utilisation et l&#8217;adaptabilit\u00e9 dans diff\u00e9rents environnements d&#8217;impression, en supportant \u00e0 la fois des travaux d&#8217;impression h\u00f4te et bureau.<\/p>\n<p>Aper\u00e7u<\/p>\n<p><a href=\"http:\/\/www.followme.ringdale.com\/\" target=\"_blank\" rel=\"noopener\"><img loading=\"lazy\" decoding=\"async\" class=\"style-svg alignright\" src=\"https:\/\/smartprint.com\/wp-content\/uploads\/2016\/04\/FollowMe_benefits2.jpg\" alt=\"FollowMe_benefits2\" width=\"313\" height=\"506\" \/><\/a><\/p>\n<p>Les documents non r\u00e9cup\u00e9r\u00e9s \u00e0 l&#8217;imprimante peuvent repr\u00e9senter jusqu\u2019\u00e0 30% de toutes les impressions, ce qui entra\u00eene une pr\u00e9occupation pour les marges b\u00e9n\u00e9ficiaires. FollowMe r\u00e9duit rapidement l&#8217;impression inutile en demandant aux utilisateurs de s&#8217;authentifier sur le p\u00e9riph\u00e9rique de sortie pour lib\u00e9rer leur travail d&#8217;impression, ce qui leur permet de d\u00e9cider si leurs documents doivent \u00eatre supprim\u00e9s ou imprim\u00e9s.<\/p>\n<p>Pour aider les entreprises \u00e0 minimiser la perte, le moteur d\u2019intelligence d\u2019affaires de FollowMe permet aux administrateurs de mettre en \u0153uvre des politiques d&#8217;impression \u00e0 l&#8217;\u00e9chelle de l&#8217;entreprise, telles que l&#8217;impression couleur uniquement lorsqu&#8217;elles sont autoris\u00e9es par l&#8217;organisation ou l&#8217;application automatique de courriels \u00e0 imprimer en noir et blanc.<\/p>\n<p>Avec la s\u00e9curit\u00e9 de bout en bout, FollowMe prot\u00e8ge les donn\u00e9es pr\u00e9cieuses et permet aux utilisateurs de partager des p\u00e9riph\u00e9riques d&#8217;impression en toute s\u00e9curit\u00e9, en supprimant les besoins des imprimantes locales de bureau pour maintenir la confidentialit\u00e9. Pour des environnements hautement s\u00e9curis\u00e9s, FollowMe fournit un cryptage de donn\u00e9es de niveau gouvernemental et peut restreindre l&#8217;acc\u00e8s de l&#8217;appareil uniquement au personnel autoris\u00e9 pour \u00e9viter toute utilisation abusive.<\/p>\n<p>Il est souvent difficile de g\u00e9rer l&#8217;environnement d&#8217;impression lorsque la gestion des imprimantes, des copieurs et des scanners est fragment\u00e9e dans les diff\u00e9rents services et bureaux. Pour gagner du temps, FollowMe centralisera le contr\u00f4le des flottes d&#8217;impression sur plusieurs sites et fournira des outils de maintenance intuitifs qui simplifient de nombreuses t\u00e2ches administratives.<\/p>\n<p>Les outils de suivi et de reporting de FollowMe donnent une transparence sur tous les co\u00fbts d&#8217;impression, ce qui aide les gestionnaires financiers \u00e0 allouer ou \u00e0 r\u00e9cup\u00e9rer les co\u00fbts des services ou des clients. Les organisations peuvent \u00e9galement utiliser les donn\u00e9es de suivi de FollowMe pour les conformer aux r\u00e9glementations de l&#8217;industrie telles que Gramm-Leach-Bliley Act (GLBA), la norme de s\u00e9curit\u00e9 des donn\u00e9es de l&#8217;industrie de la carte de paiement (PCI DSS) et Sarbanes-Oxley (SOX).<\/p>\n<p><strong>Comment FollowMe fonctionne<\/strong><\/p>\n<p>L&#8217;impression FollowMe permet aux utilisateurs d&#8217;imprimer sur une file d&#8217;attente d&#8217;impression partag\u00e9e, de parcourir et de lancer leur travail d&#8217;impression \u00e0 partir de n&#8217;importe quel p\u00e9riph\u00e9rique de sortie activ\u00e9. Les travailleurs mobiles peuvent imprimer en toute s\u00e9curit\u00e9 \u00e0 partir de n&#8217;importe quel emplacement, t\u00e9l\u00e9phone mobile ou tablette, et si une imprimante \u00e9choue, la productivit\u00e9 n&#8217;est pas interrompue.<\/p>\n<p><strong>Impression mobile sans effort<\/strong><\/p>\n<p>La fonction d&#8217;impression mobile de FollowMe am\u00e8ne la puissance d&#8217;impression aux t\u00e9l\u00e9phones cellulaires et permet aux utilisateurs d&#8217;imprimer en toute s\u00e9curit\u00e9 pendant leur d\u00e9placement. Les travaux d&#8217;impression peuvent \u00eatre soumis par courrier \u00e9lectronique, client Web et \u00e0 partir de n&#8217;importe quel t\u00e9l\u00e9phone intelligent ou tablette.<\/p>\n<ul>\n<li>Imprimez en toute s\u00e9curit\u00e9 \u00e0 partir de n&#8217;importe quel emplacement<\/li>\n<li>Imprimez \u00e0 partir de n&#8217;importe quel t\u00e9l\u00e9phone intelligent ou tablette<\/li>\n<li>S&#8217;int\u00e8gre avec Apple AirPrint et Google Cloud Print<\/li>\n<\/ul>\n<p><strong>En savoir plus&#8230;<\/strong><\/p>\n<p><a href=\"https:\/\/www.ringdale.com\/\"><img loading=\"lazy\" decoding=\"async\" class=\"style-svg alignright\" src=\"https:\/\/smartprint.com\/wp-content\/uploads\/2016\/03\/ringdale-300x171.png\" alt=\"ringdale mps smartprint\" width=\"218\" height=\"124\" \/><\/a>Pour apprendre comment FollowMe peut vous aider \u00e0 r\u00e9duire vos co\u00fbts d&#8217;impression et \u00e0 am\u00e9liorer votre environnement d&#8217;impression, visitez <a href=\"http:\/\/www.followme.ringdale.com\/\" target=\"_blank\" rel=\"noopener\">www.followme.ringdale.com<\/a>.<\/p>\n<h6>Ringdale, FollowMe\u00ae et leurs logos respectifs sont des marques de commerce d\u00e9pos\u00e9es propri\u00e9t\u00e9 de Ringdale UK Ltd et Ringdale, Inc.<\/h6>\n<p>[\/et_pb_text][\/et_pb_column][\/et_pb_row][\/et_pb_section]<\/p>\n","protected":false},"excerpt":{"rendered":"<p>[et_pb_section bb_built=&#8221;1&#8243;][et_pb_row][et_pb_column type=&#8221;4_4&#8243;][et_pb_text] FollowMe est la solution compl\u00e8te de gestion de sortie de document qui aide les entreprises \u00e0 r\u00e9duire les co\u00fbts d&#8217;impression jusqu&#8217;\u00e0 60%, qui prot\u00e8ge des donn\u00e9es pr\u00e9cieuses et qui am\u00e9liore l&#8217;efficacit\u00e9 des environnements d&#8217;impression. Que vous op\u00e9riez un environnement d&#8217;impression ou que vous mettiez en \u0153uvre une strat\u00e9gie de Services d&#8217;Impressions G\u00e9r\u00e9s [&hellip;]<\/p>\n <a href=\"https:\/\/smartprint.com\/fr\/propos-de-smartprint\/partenariats-et-associations-sig\/followme-la-solution-de-confiance-pour-une-impression-de-bureau-rentable-et-securisee\/\" class=\"more-link\" title=\"Read More\">En savoir plus<\/a>","protected":false},"author":3,"featured_media":0,"parent":1617,"menu_order":0,"comment_status":"closed","ping_status":"closed","template":"","meta":{"_acf_changed":false,"_et_pb_use_builder":"off","_et_pb_old_content":"<p><a href=\"http:\/\/www.followme.ringdale.com\/\" target=\"_blank\"><img class=\"style-svg alignleft\" src=\"https:\/\/smartprint.com\/wp-content\/uploads\/2016\/04\/FollowMe_benefits2.jpg\" alt=\"FollowMe_benefits2\" width=\"313\" height=\"506\" \/><\/a>FollowMe is the complete document output management solution which helps organisations reduce printing costs by up to 60%, protects valuable data, and improves the efficiency of printing environments.<\/p><p>Whether you are operating a printing environment or implementing a Managed Print Service (MPS) strategy, FollowMe works with output devices from any printer manufacturer, and ensures usability and adaptability within diverse printing environments, supporting both host and office printing.<\/p><h3>Overview<\/h3><p>Waste from documents, left uncollected at the printer can equate to 30% of all printing, causing concern for revenue margins. FollowMe quickly reduces unnecessary printing by requiring users to authenticate at the output device to release their print job, giving that additional opportunity for the user to decide if their documents should be deleted or printed.<\/p><p>To help organisations minimise waste, FollowMe\u2019s business intelligence engine makes it easy for administrators to implement enterprise-wide printing policies, such as allowing colour printing only when authorised by the organisation or automatically enforcing e-mails to print in monochrome.<\/p><p>With end-to-end security, FollowMe protects valuable data and enables users to share print devices securely, removing the need for desktop printers to maintain privacy. For highly secure environments, FollowMe provides Government grade data encryption, and can restrict device access only to authorised personnel to prevent misuse.<\/p><p>It is often difficult to manage the printing environment when the management of printers, copiers and scanners is fragmented across departments and office locations. To save time, FollowMe will centralise the control of print fleets, across multiple sites, and provides intuitive maintenance tools which simplify many administrative tasks.<\/p><p>FollowMe\u2019s tracking and reporting tools give transparency on all print costs, helping Finance managers allocate or recover costs from departments or clients. Organizations can also use FollowMe's tracking data to help comply with industry regulations such as Gramm-Leach-Bliley Act (GLBA), Payment Card Industry Data Security Standard (PCI DSS) and Sarbanes-Oxley (SOX).<\/p><h3>How FollowMe works<\/h3><p>FollowMe Printing allows users to print to a shared print queue, roam and release their print job from any enabled output device. Mobile workers can print securely from any location, mobile phone or tablet device, and if a printer should fail, productivity is not disrupted.<\/p><h3>Mobile Printing Made Effortless<\/h3><p>FollowMe\u2019s Mobile Printing feature brings the power of printing to mobile phones and enables users to print securely whilst on the move. Print jobs can be submitted via e-mail, web-client and from any mobile phone or tablet device.<\/p><ul><li>Print securely from any location<br \/> Print from any mobile phone or tablet device<br \/> Integrates with Apple AirPrint and Google Cloud Print<\/li><\/ul><h3>Find out more...<\/h3><p>To find out how FollowMe can help reduce your printing costs and improve your printing environment, visit <a href=\"http:\/\/www.followme.ringdale.com\/\" target=\"_blank\">www.followme.ringdale.com<\/a>.<\/p><h6>Ringdale, FollowMe\u00ae and their respective logos are registered trademarks of Ringdale UK Ltd and Ringdale, Inc.<\/h6>","_et_gb_content_width":"","content-type":"","footnotes":""},"class_list":["post-1614","page","type-page","status-publish","hentry"],"acf":[],"yoast_head":"<!-- This site is optimized with the Yoast SEO plugin v27.3 - https:\/\/yoast.com\/product\/yoast-seo-wordpress\/ -->\n<title>FollowMe - La solution de confiance pour une impression de bureau rentable et s\u00e9curis\u00e9e - SmartPrint<\/title>\n<meta name=\"robots\" content=\"index, follow, max-snippet:-1, max-image-preview:large, max-video-preview:-1\" \/>\n<link rel=\"canonical\" href=\"https:\/\/smartprint.com\/fr\/propos-de-smartprint\/partenariats-et-associations-sig\/followme-la-solution-de-confiance-pour-une-impression-de-bureau-rentable-et-securisee\/\" \/>\n<meta property=\"og:locale\" content=\"fr_FR\" \/>\n<meta property=\"og:type\" content=\"article\" \/>\n<meta property=\"og:title\" content=\"FollowMe - La solution de confiance pour une impression de bureau rentable et s\u00e9curis\u00e9e - SmartPrint\" \/>\n<meta property=\"og:description\" content=\"[et_pb_section bb_built=&#8221;1&#8243;][et_pb_row][et_pb_column type=&#8221;4_4&#8243;][et_pb_text] FollowMe est la solution compl\u00e8te de gestion de sortie de document qui aide les entreprises \u00e0 r\u00e9duire les co\u00fbts d&#8217;impression jusqu&#8217;\u00e0 60%, qui prot\u00e8ge des donn\u00e9es pr\u00e9cieuses et qui am\u00e9liore l&#8217;efficacit\u00e9 des environnements d&#8217;impression. Que vous op\u00e9riez un environnement d&#8217;impression ou que vous mettiez en \u0153uvre une strat\u00e9gie de Services d&#8217;Impressions G\u00e9r\u00e9s [&hellip;]\" \/>\n<meta property=\"og:url\" content=\"https:\/\/smartprint.com\/fr\/propos-de-smartprint\/partenariats-et-associations-sig\/followme-la-solution-de-confiance-pour-une-impression-de-bureau-rentable-et-securisee\/\" \/>\n<meta property=\"og:site_name\" content=\"SmartPrint\" \/>\n<meta property=\"article:modified_time\" content=\"2017-11-29T15:13:15+00:00\" \/>\n<meta property=\"og:image\" content=\"https:\/\/smartprint.com\/wp-content\/uploads\/2016\/03\/followme-300x70.png\" \/>\n<meta name=\"twitter:card\" content=\"summary_large_image\" \/>\n<meta name=\"twitter:label1\" content=\"Est. reading time\" \/>\n\t<meta name=\"twitter:data1\" content=\"3 minutes\" \/>\n<script type=\"application\/ld+json\" class=\"yoast-schema-graph\">{\"@context\":\"https:\\\/\\\/schema.org\",\"@graph\":[{\"@type\":\"WebPage\",\"@id\":\"https:\\\/\\\/smartprint.com\\\/fr\\\/propos-de-smartprint\\\/partenariats-et-associations-sig\\\/followme-la-solution-de-confiance-pour-une-impression-de-bureau-rentable-et-securisee\\\/\",\"url\":\"https:\\\/\\\/smartprint.com\\\/fr\\\/propos-de-smartprint\\\/partenariats-et-associations-sig\\\/followme-la-solution-de-confiance-pour-une-impression-de-bureau-rentable-et-securisee\\\/\",\"name\":\"FollowMe - La solution de confiance pour une impression de bureau rentable et s\u00e9curis\u00e9e - SmartPrint\",\"isPartOf\":{\"@id\":\"https:\\\/\\\/smartprint.com\\\/#website\"},\"primaryImageOfPage\":{\"@id\":\"https:\\\/\\\/smartprint.com\\\/fr\\\/propos-de-smartprint\\\/partenariats-et-associations-sig\\\/followme-la-solution-de-confiance-pour-une-impression-de-bureau-rentable-et-securisee\\\/#primaryimage\"},\"image\":{\"@id\":\"https:\\\/\\\/smartprint.com\\\/fr\\\/propos-de-smartprint\\\/partenariats-et-associations-sig\\\/followme-la-solution-de-confiance-pour-une-impression-de-bureau-rentable-et-securisee\\\/#primaryimage\"},\"thumbnailUrl\":\"https:\\\/\\\/smartprint.com\\\/wp-content\\\/uploads\\\/2016\\\/03\\\/followme-300x70.png\",\"datePublished\":\"2017-07-24T15:32:12+00:00\",\"dateModified\":\"2017-11-29T15:13:15+00:00\",\"breadcrumb\":{\"@id\":\"https:\\\/\\\/smartprint.com\\\/fr\\\/propos-de-smartprint\\\/partenariats-et-associations-sig\\\/followme-la-solution-de-confiance-pour-une-impression-de-bureau-rentable-et-securisee\\\/#breadcrumb\"},\"inLanguage\":\"fr-FR\",\"potentialAction\":[{\"@type\":\"ReadAction\",\"target\":[\"https:\\\/\\\/smartprint.com\\\/fr\\\/propos-de-smartprint\\\/partenariats-et-associations-sig\\\/followme-la-solution-de-confiance-pour-une-impression-de-bureau-rentable-et-securisee\\\/\"]}]},{\"@type\":\"ImageObject\",\"inLanguage\":\"fr-FR\",\"@id\":\"https:\\\/\\\/smartprint.com\\\/fr\\\/propos-de-smartprint\\\/partenariats-et-associations-sig\\\/followme-la-solution-de-confiance-pour-une-impression-de-bureau-rentable-et-securisee\\\/#primaryimage\",\"url\":\"https:\\\/\\\/smartprint.com\\\/wp-content\\\/uploads\\\/2016\\\/03\\\/followme-300x70.png\",\"contentUrl\":\"https:\\\/\\\/smartprint.com\\\/wp-content\\\/uploads\\\/2016\\\/03\\\/followme-300x70.png\"},{\"@type\":\"BreadcrumbList\",\"@id\":\"https:\\\/\\\/smartprint.com\\\/fr\\\/propos-de-smartprint\\\/partenariats-et-associations-sig\\\/followme-la-solution-de-confiance-pour-une-impression-de-bureau-rentable-et-securisee\\\/#breadcrumb\",\"itemListElement\":[{\"@type\":\"ListItem\",\"position\":1,\"name\":\"Accueil\",\"item\":\"https:\\\/\\\/smartprint.com\\\/fr\\\/\"},{\"@type\":\"ListItem\",\"position\":2,\"name\":\"\u00c0 propos de SmartPrint\",\"item\":\"https:\\\/\\\/smartprint.com\\\/fr\\\/propos-de-smartprint\\\/\"},{\"@type\":\"ListItem\",\"position\":3,\"name\":\"Partenariats et associations SIG\",\"item\":\"https:\\\/\\\/smartprint.com\\\/fr\\\/propos-de-smartprint\\\/partenariats-et-associations-sig\\\/\"},{\"@type\":\"ListItem\",\"position\":4,\"name\":\"FollowMe &#8211; La solution de confiance pour une impression de bureau rentable et s\u00e9curis\u00e9e\"}]},{\"@type\":\"WebSite\",\"@id\":\"https:\\\/\\\/smartprint.com\\\/#website\",\"url\":\"https:\\\/\\\/smartprint.com\\\/\",\"name\":\"SmartPrint\",\"description\":\"Services d&#039;Impression G\u00e9r\u00e9s\",\"potentialAction\":[{\"@type\":\"SearchAction\",\"target\":{\"@type\":\"EntryPoint\",\"urlTemplate\":\"https:\\\/\\\/smartprint.com\\\/?s={search_term_string}\"},\"query-input\":{\"@type\":\"PropertyValueSpecification\",\"valueRequired\":true,\"valueName\":\"search_term_string\"}}],\"inLanguage\":\"fr-FR\"}]}<\/script>\n<!-- \/ Yoast SEO plugin. -->","yoast_head_json":{"title":"FollowMe - La solution de confiance pour une impression de bureau rentable et s\u00e9curis\u00e9e - SmartPrint","robots":{"index":"index","follow":"follow","max-snippet":"max-snippet:-1","max-image-preview":"max-image-preview:large","max-video-preview":"max-video-preview:-1"},"canonical":"https:\/\/smartprint.com\/fr\/propos-de-smartprint\/partenariats-et-associations-sig\/followme-la-solution-de-confiance-pour-une-impression-de-bureau-rentable-et-securisee\/","og_locale":"fr_FR","og_type":"article","og_title":"FollowMe - La solution de confiance pour une impression de bureau rentable et s\u00e9curis\u00e9e - SmartPrint","og_description":"[et_pb_section bb_built=&#8221;1&#8243;][et_pb_row][et_pb_column type=&#8221;4_4&#8243;][et_pb_text] FollowMe est la solution compl\u00e8te de gestion de sortie de document qui aide les entreprises \u00e0 r\u00e9duire les co\u00fbts d&#8217;impression jusqu&#8217;\u00e0 60%, qui prot\u00e8ge des donn\u00e9es pr\u00e9cieuses et qui am\u00e9liore l&#8217;efficacit\u00e9 des environnements d&#8217;impression. Que vous op\u00e9riez un environnement d&#8217;impression ou que vous mettiez en \u0153uvre une strat\u00e9gie de Services d&#8217;Impressions G\u00e9r\u00e9s [&hellip;]","og_url":"https:\/\/smartprint.com\/fr\/propos-de-smartprint\/partenariats-et-associations-sig\/followme-la-solution-de-confiance-pour-une-impression-de-bureau-rentable-et-securisee\/","og_site_name":"SmartPrint","article_modified_time":"2017-11-29T15:13:15+00:00","og_image":[{"url":"https:\/\/smartprint.com\/wp-content\/uploads\/2016\/03\/followme-300x70.png","type":"","width":"","height":""}],"twitter_card":"summary_large_image","twitter_misc":{"Est. reading time":"3 minutes"},"schema":{"@context":"https:\/\/schema.org","@graph":[{"@type":"WebPage","@id":"https:\/\/smartprint.com\/fr\/propos-de-smartprint\/partenariats-et-associations-sig\/followme-la-solution-de-confiance-pour-une-impression-de-bureau-rentable-et-securisee\/","url":"https:\/\/smartprint.com\/fr\/propos-de-smartprint\/partenariats-et-associations-sig\/followme-la-solution-de-confiance-pour-une-impression-de-bureau-rentable-et-securisee\/","name":"FollowMe - La solution de confiance pour une impression de bureau rentable et s\u00e9curis\u00e9e - SmartPrint","isPartOf":{"@id":"https:\/\/smartprint.com\/#website"},"primaryImageOfPage":{"@id":"https:\/\/smartprint.com\/fr\/propos-de-smartprint\/partenariats-et-associations-sig\/followme-la-solution-de-confiance-pour-une-impression-de-bureau-rentable-et-securisee\/#primaryimage"},"image":{"@id":"https:\/\/smartprint.com\/fr\/propos-de-smartprint\/partenariats-et-associations-sig\/followme-la-solution-de-confiance-pour-une-impression-de-bureau-rentable-et-securisee\/#primaryimage"},"thumbnailUrl":"https:\/\/smartprint.com\/wp-content\/uploads\/2016\/03\/followme-300x70.png","datePublished":"2017-07-24T15:32:12+00:00","dateModified":"2017-11-29T15:13:15+00:00","breadcrumb":{"@id":"https:\/\/smartprint.com\/fr\/propos-de-smartprint\/partenariats-et-associations-sig\/followme-la-solution-de-confiance-pour-une-impression-de-bureau-rentable-et-securisee\/#breadcrumb"},"inLanguage":"fr-FR","potentialAction":[{"@type":"ReadAction","target":["https:\/\/smartprint.com\/fr\/propos-de-smartprint\/partenariats-et-associations-sig\/followme-la-solution-de-confiance-pour-une-impression-de-bureau-rentable-et-securisee\/"]}]},{"@type":"ImageObject","inLanguage":"fr-FR","@id":"https:\/\/smartprint.com\/fr\/propos-de-smartprint\/partenariats-et-associations-sig\/followme-la-solution-de-confiance-pour-une-impression-de-bureau-rentable-et-securisee\/#primaryimage","url":"https:\/\/smartprint.com\/wp-content\/uploads\/2016\/03\/followme-300x70.png","contentUrl":"https:\/\/smartprint.com\/wp-content\/uploads\/2016\/03\/followme-300x70.png"},{"@type":"BreadcrumbList","@id":"https:\/\/smartprint.com\/fr\/propos-de-smartprint\/partenariats-et-associations-sig\/followme-la-solution-de-confiance-pour-une-impression-de-bureau-rentable-et-securisee\/#breadcrumb","itemListElement":[{"@type":"ListItem","position":1,"name":"Accueil","item":"https:\/\/smartprint.com\/fr\/"},{"@type":"ListItem","position":2,"name":"\u00c0 propos de SmartPrint","item":"https:\/\/smartprint.com\/fr\/propos-de-smartprint\/"},{"@type":"ListItem","position":3,"name":"Partenariats et associations SIG","item":"https:\/\/smartprint.com\/fr\/propos-de-smartprint\/partenariats-et-associations-sig\/"},{"@type":"ListItem","position":4,"name":"FollowMe &#8211; La solution de confiance pour une impression de bureau rentable et s\u00e9curis\u00e9e"}]},{"@type":"WebSite","@id":"https:\/\/smartprint.com\/#website","url":"https:\/\/smartprint.com\/","name":"SmartPrint","description":"Services d&#039;Impression G\u00e9r\u00e9s","potentialAction":[{"@type":"SearchAction","target":{"@type":"EntryPoint","urlTemplate":"https:\/\/smartprint.com\/?s={search_term_string}"},"query-input":{"@type":"PropertyValueSpecification","valueRequired":true,"valueName":"search_term_string"}}],"inLanguage":"fr-FR"}]}},"_links":{"self":[{"href":"https:\/\/smartprint.com\/fr\/wp-json\/wp\/v2\/pages\/1614","targetHints":{"allow":["GET"]}}],"collection":[{"href":"https:\/\/smartprint.com\/fr\/wp-json\/wp\/v2\/pages"}],"about":[{"href":"https:\/\/smartprint.com\/fr\/wp-json\/wp\/v2\/types\/page"}],"author":[{"embeddable":true,"href":"https:\/\/smartprint.com\/fr\/wp-json\/wp\/v2\/users\/3"}],"replies":[{"embeddable":true,"href":"https:\/\/smartprint.com\/fr\/wp-json\/wp\/v2\/comments?post=1614"}],"version-history":[{"count":1,"href":"https:\/\/smartprint.com\/fr\/wp-json\/wp\/v2\/pages\/1614\/revisions"}],"predecessor-version":[{"id":1630,"href":"https:\/\/smartprint.com\/fr\/wp-json\/wp\/v2\/pages\/1614\/revisions\/1630"}],"up":[{"embeddable":true,"href":"https:\/\/smartprint.com\/fr\/wp-json\/wp\/v2\/pages\/1617"}],"wp:attachment":[{"href":"https:\/\/smartprint.com\/fr\/wp-json\/wp\/v2\/media?parent=1614"}],"curies":[{"name":"wp","href":"https:\/\/api.w.org\/{rel}","templated":true}]}}