{"id":1621,"date":"2017-07-24T11:36:11","date_gmt":"2017-07-24T15:36:11","guid":{"rendered":"https:\/\/smartprint.com\/?page_id=1621\/"},"modified":"2017-12-14T13:53:01","modified_gmt":"2017-12-14T17:53:01","slug":"propos-de-smartprint","status":"publish","type":"page","link":"https:\/\/smartprint.com\/fr\/propos-de-smartprint\/","title":{"rendered":"\u00c0 propos de SmartPrint"},"content":{"rendered":"<h2>Les services d&#8217;impressions g\u00e9r\u00e9s au Canada par SmartPrint<\/h2>\n<p>SmartPrint est le chef de file canadien des services d&#8217;impression g\u00e9r\u00e9s et collabore avec de grands clients corporatifs (comptant plus de 100 employ\u00e9s) pour leur permettre d&#8217;externaliser la gestion de leurs appareils d&#8217;impression et de num\u00e9risation de bureau. L&#8217;objectif de notre programme de services d&#8217;impressions g\u00e9r\u00e9s est de r\u00e9duire les co\u00fbts et de maximiser l&#8217;efficacit\u00e9 au sein des organisations de nos clients. Nous sommes fiers de nos r\u00e9ussites avec nos clients \u00e0 travers de nombreuses industries telles que le domaine de la sant\u00e9, du droit, de la fabrication, de la distribution, des services financiers et de l&#8217;assurance.<\/p>\n<p>SmartPrint assiste ses clients \u00e0 ma\u00eetriser des environnements d&#8217;impression complexes en \u00e9valuant, en g\u00e9rant et en optimisant l&#8217;impression gr\u00e2ce \u00e0 des services d&#8217;impressions g\u00e9r\u00e9s qui comprennent la conception, la mise en \u0153uvre, la surveillance \u00e0 distance, le support sur site, le reporting et la gestion des p\u00e9riph\u00e9riques. Nous utilisons des outils de surveillance \u00e0 distance, des syst\u00e8mes et une \u00e9quipe technique de pointe afin d&#8217;offrir un temps de disponibilit\u00e9 important pour les environnements d&#8217;impression de nos clients. SmartPrint aide ses clients \u00e0 impl\u00e9menter des solutions logicielles simples et int\u00e9gr\u00e9es qui am\u00e9liorent le flux de travail des documents, la s\u00e9curit\u00e9 et l&#8217;efficacit\u00e9 globale des utilisateurs.<\/p>\n<h3>Notre Mission<\/h3>\n<p>La mission de SmartPrint est de toujours fournir une valeur ajout\u00e9e et un service extraordinaire \u00e0 ses clients en promouvant le professionnalisme de ses collaborateurs gr\u00e2ce \u00e0 des pratiques commerciales solides et \u00e0 une innovation avant-gardiste.<\/p>\n<h3>Nos valeurs fondamentales<\/h3>\n<ul>\n<li>Nous sommes des sp\u00e9cialistes<\/li>\n<li>Nous rendons les choses faciles<\/li>\n<li>Nous nous assurons de livrer la meilleure exp\u00e9rience client<\/li>\n<li>Nous nous amusons<\/li>\n<\/ul>\n<p><strong>Apprenez-en d&#8217;avantage au sujet de nos\u00a0<a href=\"https:\/\/smartprint.com\/fr\/about\/mps-partnerships-associations\/\">partenariats<\/a> et de nos\u00a0<a href=\"https:\/\/smartprint.com\/fr\/?page_id=1650\/\">\u00e9tudes de cas<\/a>\u00a0et voyez comment nous aidons \u00e0 fournir des solutions brillantes pour contr\u00f4ler des environnements d&#8217;impression obscurs.<\/strong><\/p>\n","protected":false},"excerpt":{"rendered":"<p>Les services d&#8217;impressions g\u00e9r\u00e9s au Canada par&#8230;<\/p>\n <a href=\"https:\/\/smartprint.com\/fr\/propos-de-smartprint\/\" class=\"more-link\" title=\"Read More\">En savoir plus<\/a>","protected":false},"author":3,"featured_media":0,"parent":0,"menu_order":0,"comment_status":"closed","ping_status":"closed","template":"page-about.php","meta":{"_acf_changed":false,"_et_pb_use_builder":"on","_et_pb_old_content":"","_et_gb_content_width":"","content-type":"","footnotes":""},"class_list":["post-1621","page","type-page","status-publish","hentry"],"acf":[],"yoast_head":"<!-- This site is optimized with the Yoast SEO plugin v27.4 - https:\/\/yoast.com\/product\/yoast-seo-wordpress\/ -->\n<title>\u00c0 propos de SmartPrint - SmartPrint<\/title>\n<meta name=\"robots\" content=\"index, follow, max-snippet:-1, max-image-preview:large, max-video-preview:-1\" \/>\n<link rel=\"canonical\" href=\"https:\/\/smartprint.com\/fr\/propos-de-smartprint\/\" \/>\n<meta property=\"og:locale\" content=\"fr_FR\" \/>\n<meta property=\"og:type\" content=\"article\" \/>\n<meta property=\"og:title\" content=\"\u00c0 propos de SmartPrint - SmartPrint\" \/>\n<meta property=\"og:description\" content=\"Les services d&#8217;impressions g\u00e9r\u00e9s au Canada par...\" \/>\n<meta property=\"og:url\" content=\"https:\/\/smartprint.com\/fr\/propos-de-smartprint\/\" \/>\n<meta property=\"og:site_name\" content=\"SmartPrint\" \/>\n<meta property=\"article:modified_time\" content=\"2017-12-14T17:53:01+00:00\" \/>\n<meta name=\"twitter:card\" content=\"summary_large_image\" \/>\n<meta name=\"twitter:label1\" content=\"Est. reading time\" \/>\n\t<meta name=\"twitter:data1\" content=\"2 minutes\" \/>\n<script type=\"application\/ld+json\" class=\"yoast-schema-graph\">{\"@context\":\"https:\\\/\\\/schema.org\",\"@graph\":[{\"@type\":\"WebPage\",\"@id\":\"https:\\\/\\\/smartprint.com\\\/fr\\\/propos-de-smartprint\\\/\",\"url\":\"https:\\\/\\\/smartprint.com\\\/fr\\\/propos-de-smartprint\\\/\",\"name\":\"\u00c0 propos de SmartPrint - SmartPrint\",\"isPartOf\":{\"@id\":\"https:\\\/\\\/smartprint.com\\\/#website\"},\"datePublished\":\"2017-07-24T15:36:11+00:00\",\"dateModified\":\"2017-12-14T17:53:01+00:00\",\"breadcrumb\":{\"@id\":\"https:\\\/\\\/smartprint.com\\\/fr\\\/propos-de-smartprint\\\/#breadcrumb\"},\"inLanguage\":\"fr-FR\",\"potentialAction\":[{\"@type\":\"ReadAction\",\"target\":[\"https:\\\/\\\/smartprint.com\\\/fr\\\/propos-de-smartprint\\\/\"]}]},{\"@type\":\"BreadcrumbList\",\"@id\":\"https:\\\/\\\/smartprint.com\\\/fr\\\/propos-de-smartprint\\\/#breadcrumb\",\"itemListElement\":[{\"@type\":\"ListItem\",\"position\":1,\"name\":\"Accueil\",\"item\":\"https:\\\/\\\/smartprint.com\\\/fr\\\/\"},{\"@type\":\"ListItem\",\"position\":2,\"name\":\"\u00c0 propos de SmartPrint\"}]},{\"@type\":\"WebSite\",\"@id\":\"https:\\\/\\\/smartprint.com\\\/#website\",\"url\":\"https:\\\/\\\/smartprint.com\\\/\",\"name\":\"SmartPrint\",\"description\":\"Services d&#039;Impression G\u00e9r\u00e9s\",\"potentialAction\":[{\"@type\":\"SearchAction\",\"target\":{\"@type\":\"EntryPoint\",\"urlTemplate\":\"https:\\\/\\\/smartprint.com\\\/?s={search_term_string}\"},\"query-input\":{\"@type\":\"PropertyValueSpecification\",\"valueRequired\":true,\"valueName\":\"search_term_string\"}}],\"inLanguage\":\"fr-FR\"}]}<\/script>\n<!-- \/ Yoast SEO plugin. -->","yoast_head_json":{"title":"\u00c0 propos de SmartPrint - SmartPrint","robots":{"index":"index","follow":"follow","max-snippet":"max-snippet:-1","max-image-preview":"max-image-preview:large","max-video-preview":"max-video-preview:-1"},"canonical":"https:\/\/smartprint.com\/fr\/propos-de-smartprint\/","og_locale":"fr_FR","og_type":"article","og_title":"\u00c0 propos de SmartPrint - SmartPrint","og_description":"Les services d&#8217;impressions g\u00e9r\u00e9s au Canada par...","og_url":"https:\/\/smartprint.com\/fr\/propos-de-smartprint\/","og_site_name":"SmartPrint","article_modified_time":"2017-12-14T17:53:01+00:00","twitter_card":"summary_large_image","twitter_misc":{"Est. reading time":"2 minutes"},"schema":{"@context":"https:\/\/schema.org","@graph":[{"@type":"WebPage","@id":"https:\/\/smartprint.com\/fr\/propos-de-smartprint\/","url":"https:\/\/smartprint.com\/fr\/propos-de-smartprint\/","name":"\u00c0 propos de SmartPrint - SmartPrint","isPartOf":{"@id":"https:\/\/smartprint.com\/#website"},"datePublished":"2017-07-24T15:36:11+00:00","dateModified":"2017-12-14T17:53:01+00:00","breadcrumb":{"@id":"https:\/\/smartprint.com\/fr\/propos-de-smartprint\/#breadcrumb"},"inLanguage":"fr-FR","potentialAction":[{"@type":"ReadAction","target":["https:\/\/smartprint.com\/fr\/propos-de-smartprint\/"]}]},{"@type":"BreadcrumbList","@id":"https:\/\/smartprint.com\/fr\/propos-de-smartprint\/#breadcrumb","itemListElement":[{"@type":"ListItem","position":1,"name":"Accueil","item":"https:\/\/smartprint.com\/fr\/"},{"@type":"ListItem","position":2,"name":"\u00c0 propos de SmartPrint"}]},{"@type":"WebSite","@id":"https:\/\/smartprint.com\/#website","url":"https:\/\/smartprint.com\/","name":"SmartPrint","description":"Services d&#039;Impression G\u00e9r\u00e9s","potentialAction":[{"@type":"SearchAction","target":{"@type":"EntryPoint","urlTemplate":"https:\/\/smartprint.com\/?s={search_term_string}"},"query-input":{"@type":"PropertyValueSpecification","valueRequired":true,"valueName":"search_term_string"}}],"inLanguage":"fr-FR"}]}},"_links":{"self":[{"href":"https:\/\/smartprint.com\/fr\/wp-json\/wp\/v2\/pages\/1621","targetHints":{"allow":["GET"]}}],"collection":[{"href":"https:\/\/smartprint.com\/fr\/wp-json\/wp\/v2\/pages"}],"about":[{"href":"https:\/\/smartprint.com\/fr\/wp-json\/wp\/v2\/types\/page"}],"author":[{"embeddable":true,"href":"https:\/\/smartprint.com\/fr\/wp-json\/wp\/v2\/users\/3"}],"replies":[{"embeddable":true,"href":"https:\/\/smartprint.com\/fr\/wp-json\/wp\/v2\/comments?post=1621"}],"version-history":[{"count":5,"href":"https:\/\/smartprint.com\/fr\/wp-json\/wp\/v2\/pages\/1621\/revisions"}],"predecessor-version":[{"id":2686,"href":"https:\/\/smartprint.com\/fr\/wp-json\/wp\/v2\/pages\/1621\/revisions\/2686"}],"wp:attachment":[{"href":"https:\/\/smartprint.com\/fr\/wp-json\/wp\/v2\/media?parent=1621"}],"curies":[{"name":"wp","href":"https:\/\/api.w.org\/{rel}","templated":true}]}}