{"id":1637,"date":"2017-07-24T12:01:14","date_gmt":"2017-07-24T16:01:14","guid":{"rendered":"https:\/\/smartprint.com\/?page_id=1637\/"},"modified":"2017-12-13T14:51:00","modified_gmt":"2017-12-13T18:51:00","slug":"les-avantages-des-services-dimpressions-geres","status":"publish","type":"page","link":"https:\/\/smartprint.com\/fr\/services-dimpressions-geres\/les-avantages-des-services-dimpressions-geres\/","title":{"rendered":"Les avantages des Services d&#8217;Impression G\u00e9r\u00e9s"},"content":{"rendered":"<p>[et_pb_section bb_built=&#8221;1&#8243;][et_pb_row][et_pb_column type=&#8221;4_4&#8243;][et_pb_text]<\/p>\n<h2>De quelle fa\u00e7on les Services d&#8217;Impression G\u00e9r\u00e9s peuvent-il am\u00e9liorer mes affaires?<\/h2>\n<p>L&#8217;abandon de la gestion de l\u2019environnement d&#8217;impression d&#8217;une entreprise peut rapidement devenir compl\u00e8tement hors de contr\u00f4le: un usage excessif de papier, de toner et d\u2019utilisation d&#8217;encre, d\u2019appels d&#8217;utilisateurs frustr\u00e9s au service des TI, sans parler des fournisseurs \u00e0 g\u00e9rer. \u00c0 travers l&#8217;entreprise, les gens se tirent les cheveux de frustration car tout ce qu&#8217;ils veulent faire, c&#8217;est imprimer.<\/p>\n<p>En plus de cette frustration, il y a ce co\u00fbt invisible que personne ne peut g\u00e9rer car, comme par hasard, aucune personne ou aucun service n&#8217;est responsable de ces d\u00e9penses \u00e9tonnamment \u00e9normes.<\/p>\n<p>En implantant des Services d&#8217;Impressions G\u00e9r\u00e9s, plusieurs de ces probl\u00e8mes d&#8217;impression se dissipent:<\/p>\n<ul>\n<li><strong>Suivre et g\u00e9rer les co\u00fbts d&#8217;impression<\/strong> \u2013 La mise en \u0153uvre d&#8217;une <strong>solution de comptabilisation des travaux d&#8217;impression<\/strong> peut vous indiquer exactement la d\u00e9pense par utilisateur au niveau des impressions. Avec les services d&#8217;impression g\u00e9r\u00e9s, vous pouvez retrouver tous vos co\u00fbts d&#8217;impressions d\u00e9taill\u00e9s sur une seule facture, ventil\u00e9s par imprimante ou par centre de co\u00fbts. Tous les co\u00fbts d&#8217;impression sont visibles et transparents pour l&#8217;organisation.<\/li>\n<li><strong>Suivre \u00e0 la trace les p\u00e9riph\u00e9riques d&#8217;impression, et les d\u00e9ployer au bon endroit<\/strong> &#8211; Suivez exactement le nombre des p\u00e9riph\u00e9riques d&#8217;impression et de num\u00e9risation et analysez le volume de chaque p\u00e9riph\u00e9rique. Vous saurez \u00e9galement si les capacit\u00e9s de l&#8217;appareil correspondent au volume et aux besoins fonctionnels des utilisateurs.<\/li>\n<li><strong><a href=\"https:\/\/smartprint.com\/fr\/services-dimpressions-geres\/les-avantages-des-services-dimpressions-geres\/la-consolidation-des-fournisseurs-dimpression-produit-des-economies-de-couts-et-des-avantages-organisationnels-indirects\/\">Consolider les fournisseurs de pages<\/a>\u00a0et uniformiser le parc d&#8217;impression<\/strong>\u00a0&#8211; Les pratiques d&#8217;achat concentr\u00e9es engendrent moins de fournisseurs pour g\u00e9rer et standardiser les fonctionnalit\u00e9s d&#8217;impression et les meilleures pratiques dans l&#8217;organisation.<\/li>\n<li><strong>S\u2019assurer de meilleures d\u00e9cisions sur l&#8217;environnement d&#8217;impression<\/strong> &#8211; Comme l&#8217;environnement global d&#8217;impression et de num\u00e9risation est g\u00e9r\u00e9 de mani\u00e8re unique, toutes les d\u00e9cisions li\u00e9es \u00e0 l&#8217;impression tiennent compte des besoins de l&#8217;ensemble de l&#8217;organisation, entrainant une r\u00e9duction consid\u00e9rablement r\u00e9duite et une meilleure utilisation des p\u00e9riph\u00e9riques d&#8217;impression existants.<\/li>\n<li><strong>R\u00e9duire le support informatique et la gestion globale<\/strong> &#8211; R\u00e9duisez le besoin de participation des employ\u00e9s pour soutenir et g\u00e9rer l&#8217;environnement d&#8217;impression en \u00e9liminant les t\u00e2ches de commande des fournitures et les appels d&#8217;assistance pour le support de l&#8217;imprimante.<\/li>\n<li><strong>Cr\u00e9er un environnement sans papier (ou r\u00e9duction significative du papier)<\/strong> \u2013 <a href=\"https:\/\/smartprint.com\/fr\/services-dimpressions-geres\/les-avantages-des-services-dimpressions-geres\/un-bureau-sans-papier-grace-aux-sig\/\">La cr\u00e9ation d&#8217;un bureau sans page<\/a>\u00a0permet une main-d&#8217;\u0153uvre plus efficace, des co\u00fbts consid\u00e9rablement r\u00e9duits, moins de duplication \/ erreurs avec des versions et un bureau plus respectueux de l&#8217;environnement.<\/li>\n<li><strong>Am\u00e9liorer le workflow et rationaliser les pratiques commerciales<\/strong> &#8211; En mettant en \u0153uvre les meilleures pratiques de SIG, les documents de bureau sont contr\u00f4l\u00e9s de mani\u00e8re \u00e0 permettre aux employ\u00e9s d&#8217;\u00eatre plus efficaces et d&#8217;am\u00e9liorer l&#8217;impression, le document et le flux de travail global.<\/li>\n<li><strong>Am\u00e9liorer le\u00a0<a href=\"https:\/\/smartprint.com\/fr\/services-dimpressions-geres\/les-avantages-des-services-dimpressions-geres\/le-controle-des-documents-produit-des-avantages-organisationnels-importants\/\">contr\u00f4le des pages\u00a0<\/a>et la s\u00e9curit\u00e9 des documents<\/strong>\u00a0\u2013\u00a0Contr\u00f4lez les documents de mani\u00e8re rigoureuse en utilisant les meilleures pratiques de gestion de documents. Emp\u00eacher l&#8217;acc\u00e8s non autoris\u00e9 aux documents et au r\u00e9seau en d\u00e9ployant une politique de s\u00e9curit\u00e9 unique dans la flotte. La piste d&#8217;audit compl\u00e8te peut permettre la documentation de qui a acc\u00e9d\u00e9 et modifi\u00e9 tous les documents.<\/li>\n<\/ul>\n<p>Pour r\u00e9aliser les avantages maximaux des services d&#8217;impressions g\u00e9r\u00e9s, il est important de trouver le bon partenaire commercial. Une \u00e9valuation et une recommandation SIG compl\u00e8tes peuvent vous aider \u00e0 d\u00e9terminer ce qui fonctionne le mieux pour votre entreprise.<\/p>\n<p><strong><a href=\"https:\/\/smartprint.com\/fr\/about\/contact-us\/\">Parlez \u00e0 l&#8217;un de nos sp\u00e9cialistes en SIG<\/a><\/strong>\u00a0pour apprendre comment notre approche proactive des Services d&#8217;Impression G\u00e9r\u00e9s peut aider votre entreprise \u00e0 contr\u00f4ler votre environnement d&#8217;impression et \u00e0 rendre vos utilisateurs plus heureux et plus efficaces.<\/p>\n<p>[\/et_pb_text][\/et_pb_column][\/et_pb_row][\/et_pb_section]<\/p>\n","protected":false},"excerpt":{"rendered":"<p>[et_pb_section bb_built=&#8221;1&#8243;][et_pb_row][et_pb_column type=&#8221;4_4&#8243;][et_pb_text] De quelle fa\u00e7on les Services d&#8217;Impression G\u00e9r\u00e9s peuvent-il am\u00e9liorer mes affaires? L&#8217;abandon de la gestion de l\u2019environnement d&#8217;impression d&#8217;une entreprise peut rapidement devenir compl\u00e8tement hors de contr\u00f4le: un usage excessif de papier, de toner et d\u2019utilisation d&#8217;encre, d\u2019appels d&#8217;utilisateurs frustr\u00e9s au service des TI, sans parler des fournisseurs \u00e0 g\u00e9rer. \u00c0 travers [&hellip;]<\/p>\n <a href=\"https:\/\/smartprint.com\/fr\/services-dimpressions-geres\/les-avantages-des-services-dimpressions-geres\/\" class=\"more-link\" title=\"Read More\">En savoir plus<\/a>","protected":false},"author":3,"featured_media":0,"parent":1595,"menu_order":0,"comment_status":"closed","ping_status":"closed","template":"page-benefits.php","meta":{"_acf_changed":false,"_et_pb_use_builder":"","_et_pb_old_content":"","_et_gb_content_width":"","content-type":"","footnotes":""},"class_list":["post-1637","page","type-page","status-publish","hentry"],"acf":[],"yoast_head":"<!-- This site is optimized with the Yoast SEO plugin v27.3 - https:\/\/yoast.com\/product\/yoast-seo-wordpress\/ -->\n<title>Les avantages des Services d&#039;Impression G\u00e9r\u00e9s - SmartPrint<\/title>\n<meta name=\"robots\" content=\"index, follow, max-snippet:-1, max-image-preview:large, max-video-preview:-1\" \/>\n<link rel=\"canonical\" href=\"https:\/\/smartprint.com\/fr\/services-dimpressions-geres\/les-avantages-des-services-dimpressions-geres\/\" \/>\n<meta property=\"og:locale\" content=\"fr_FR\" \/>\n<meta property=\"og:type\" content=\"article\" \/>\n<meta property=\"og:title\" content=\"Les avantages des Services d&#039;Impression G\u00e9r\u00e9s - SmartPrint\" \/>\n<meta property=\"og:description\" content=\"[et_pb_section bb_built=&#8221;1&#8243;][et_pb_row][et_pb_column type=&#8221;4_4&#8243;][et_pb_text] De quelle fa\u00e7on les Services d&#8217;Impression G\u00e9r\u00e9s peuvent-il am\u00e9liorer mes affaires? L&#8217;abandon de la gestion de l\u2019environnement d&#8217;impression d&#8217;une entreprise peut rapidement devenir compl\u00e8tement hors de contr\u00f4le: un usage excessif de papier, de toner et d\u2019utilisation d&#8217;encre, d\u2019appels d&#8217;utilisateurs frustr\u00e9s au service des TI, sans parler des fournisseurs \u00e0 g\u00e9rer. \u00c0 travers [&hellip;]\" \/>\n<meta property=\"og:url\" content=\"https:\/\/smartprint.com\/fr\/services-dimpressions-geres\/les-avantages-des-services-dimpressions-geres\/\" \/>\n<meta property=\"og:site_name\" content=\"SmartPrint\" \/>\n<meta property=\"article:modified_time\" content=\"2017-12-13T18:51:00+00:00\" \/>\n<meta name=\"twitter:card\" content=\"summary_large_image\" \/>\n<meta name=\"twitter:label1\" content=\"Est. reading time\" \/>\n\t<meta name=\"twitter:data1\" content=\"3 minutes\" \/>\n<script type=\"application\/ld+json\" class=\"yoast-schema-graph\">{\"@context\":\"https:\\\/\\\/schema.org\",\"@graph\":[{\"@type\":\"WebPage\",\"@id\":\"https:\\\/\\\/smartprint.com\\\/fr\\\/services-dimpressions-geres\\\/les-avantages-des-services-dimpressions-geres\\\/\",\"url\":\"https:\\\/\\\/smartprint.com\\\/fr\\\/services-dimpressions-geres\\\/les-avantages-des-services-dimpressions-geres\\\/\",\"name\":\"Les avantages des Services d'Impression G\u00e9r\u00e9s - SmartPrint\",\"isPartOf\":{\"@id\":\"https:\\\/\\\/smartprint.com\\\/#website\"},\"datePublished\":\"2017-07-24T16:01:14+00:00\",\"dateModified\":\"2017-12-13T18:51:00+00:00\",\"breadcrumb\":{\"@id\":\"https:\\\/\\\/smartprint.com\\\/fr\\\/services-dimpressions-geres\\\/les-avantages-des-services-dimpressions-geres\\\/#breadcrumb\"},\"inLanguage\":\"fr-FR\",\"potentialAction\":[{\"@type\":\"ReadAction\",\"target\":[\"https:\\\/\\\/smartprint.com\\\/fr\\\/services-dimpressions-geres\\\/les-avantages-des-services-dimpressions-geres\\\/\"]}]},{\"@type\":\"BreadcrumbList\",\"@id\":\"https:\\\/\\\/smartprint.com\\\/fr\\\/services-dimpressions-geres\\\/les-avantages-des-services-dimpressions-geres\\\/#breadcrumb\",\"itemListElement\":[{\"@type\":\"ListItem\",\"position\":1,\"name\":\"Accueil\",\"item\":\"https:\\\/\\\/smartprint.com\\\/fr\\\/\"},{\"@type\":\"ListItem\",\"position\":2,\"name\":\"Services d&#8217;Impressions G\u00e9r\u00e9s\",\"item\":\"https:\\\/\\\/smartprint.com\\\/fr\\\/services-dimpressions-geres\\\/\"},{\"@type\":\"ListItem\",\"position\":3,\"name\":\"Les avantages des Services d&#8217;Impression G\u00e9r\u00e9s\"}]},{\"@type\":\"WebSite\",\"@id\":\"https:\\\/\\\/smartprint.com\\\/#website\",\"url\":\"https:\\\/\\\/smartprint.com\\\/\",\"name\":\"SmartPrint\",\"description\":\"Services d&#039;Impression G\u00e9r\u00e9s\",\"potentialAction\":[{\"@type\":\"SearchAction\",\"target\":{\"@type\":\"EntryPoint\",\"urlTemplate\":\"https:\\\/\\\/smartprint.com\\\/?s={search_term_string}\"},\"query-input\":{\"@type\":\"PropertyValueSpecification\",\"valueRequired\":true,\"valueName\":\"search_term_string\"}}],\"inLanguage\":\"fr-FR\"}]}<\/script>\n<!-- \/ Yoast SEO plugin. -->","yoast_head_json":{"title":"Les avantages des Services d'Impression G\u00e9r\u00e9s - SmartPrint","robots":{"index":"index","follow":"follow","max-snippet":"max-snippet:-1","max-image-preview":"max-image-preview:large","max-video-preview":"max-video-preview:-1"},"canonical":"https:\/\/smartprint.com\/fr\/services-dimpressions-geres\/les-avantages-des-services-dimpressions-geres\/","og_locale":"fr_FR","og_type":"article","og_title":"Les avantages des Services d'Impression G\u00e9r\u00e9s - SmartPrint","og_description":"[et_pb_section bb_built=&#8221;1&#8243;][et_pb_row][et_pb_column type=&#8221;4_4&#8243;][et_pb_text] De quelle fa\u00e7on les Services d&#8217;Impression G\u00e9r\u00e9s peuvent-il am\u00e9liorer mes affaires? L&#8217;abandon de la gestion de l\u2019environnement d&#8217;impression d&#8217;une entreprise peut rapidement devenir compl\u00e8tement hors de contr\u00f4le: un usage excessif de papier, de toner et d\u2019utilisation d&#8217;encre, d\u2019appels d&#8217;utilisateurs frustr\u00e9s au service des TI, sans parler des fournisseurs \u00e0 g\u00e9rer. \u00c0 travers [&hellip;]","og_url":"https:\/\/smartprint.com\/fr\/services-dimpressions-geres\/les-avantages-des-services-dimpressions-geres\/","og_site_name":"SmartPrint","article_modified_time":"2017-12-13T18:51:00+00:00","twitter_card":"summary_large_image","twitter_misc":{"Est. reading time":"3 minutes"},"schema":{"@context":"https:\/\/schema.org","@graph":[{"@type":"WebPage","@id":"https:\/\/smartprint.com\/fr\/services-dimpressions-geres\/les-avantages-des-services-dimpressions-geres\/","url":"https:\/\/smartprint.com\/fr\/services-dimpressions-geres\/les-avantages-des-services-dimpressions-geres\/","name":"Les avantages des Services d'Impression G\u00e9r\u00e9s - SmartPrint","isPartOf":{"@id":"https:\/\/smartprint.com\/#website"},"datePublished":"2017-07-24T16:01:14+00:00","dateModified":"2017-12-13T18:51:00+00:00","breadcrumb":{"@id":"https:\/\/smartprint.com\/fr\/services-dimpressions-geres\/les-avantages-des-services-dimpressions-geres\/#breadcrumb"},"inLanguage":"fr-FR","potentialAction":[{"@type":"ReadAction","target":["https:\/\/smartprint.com\/fr\/services-dimpressions-geres\/les-avantages-des-services-dimpressions-geres\/"]}]},{"@type":"BreadcrumbList","@id":"https:\/\/smartprint.com\/fr\/services-dimpressions-geres\/les-avantages-des-services-dimpressions-geres\/#breadcrumb","itemListElement":[{"@type":"ListItem","position":1,"name":"Accueil","item":"https:\/\/smartprint.com\/fr\/"},{"@type":"ListItem","position":2,"name":"Services d&#8217;Impressions G\u00e9r\u00e9s","item":"https:\/\/smartprint.com\/fr\/services-dimpressions-geres\/"},{"@type":"ListItem","position":3,"name":"Les avantages des Services d&#8217;Impression G\u00e9r\u00e9s"}]},{"@type":"WebSite","@id":"https:\/\/smartprint.com\/#website","url":"https:\/\/smartprint.com\/","name":"SmartPrint","description":"Services d&#039;Impression G\u00e9r\u00e9s","potentialAction":[{"@type":"SearchAction","target":{"@type":"EntryPoint","urlTemplate":"https:\/\/smartprint.com\/?s={search_term_string}"},"query-input":{"@type":"PropertyValueSpecification","valueRequired":true,"valueName":"search_term_string"}}],"inLanguage":"fr-FR"}]}},"_links":{"self":[{"href":"https:\/\/smartprint.com\/fr\/wp-json\/wp\/v2\/pages\/1637","targetHints":{"allow":["GET"]}}],"collection":[{"href":"https:\/\/smartprint.com\/fr\/wp-json\/wp\/v2\/pages"}],"about":[{"href":"https:\/\/smartprint.com\/fr\/wp-json\/wp\/v2\/types\/page"}],"author":[{"embeddable":true,"href":"https:\/\/smartprint.com\/fr\/wp-json\/wp\/v2\/users\/3"}],"replies":[{"embeddable":true,"href":"https:\/\/smartprint.com\/fr\/wp-json\/wp\/v2\/comments?post=1637"}],"version-history":[{"count":5,"href":"https:\/\/smartprint.com\/fr\/wp-json\/wp\/v2\/pages\/1637\/revisions"}],"predecessor-version":[{"id":2563,"href":"https:\/\/smartprint.com\/fr\/wp-json\/wp\/v2\/pages\/1637\/revisions\/2563"}],"up":[{"embeddable":true,"href":"https:\/\/smartprint.com\/fr\/wp-json\/wp\/v2\/pages\/1595"}],"wp:attachment":[{"href":"https:\/\/smartprint.com\/fr\/wp-json\/wp\/v2\/media?parent=1637"}],"curies":[{"name":"wp","href":"https:\/\/api.w.org\/{rel}","templated":true}]}}