{"id":1639,"date":"2017-07-24T12:10:11","date_gmt":"2017-07-24T16:10:11","guid":{"rendered":"https:\/\/smartprint.com\/?page_id=1639\/"},"modified":"2017-12-12T15:37:43","modified_gmt":"2017-12-12T19:37:43","slug":"un-bureau-sans-papier-grace-aux-sig","status":"publish","type":"page","link":"https:\/\/smartprint.com\/fr\/services-dimpressions-geres\/les-avantages-des-services-dimpressions-geres\/un-bureau-sans-papier-grace-aux-sig\/","title":{"rendered":"Un bureau sans papier gr\u00e2ce aux SIG"},"content":{"rendered":"<p>[et_pb_section bb_built=&#8221;1&#8243;][et_pb_row][et_pb_column type=&#8221;4_4&#8243;][et_pb_text]<\/p>\n<h2>L&#8217;\u00e9volution de l&#8217;efficacit\u00e9 et l&#8217;am\u00e9lioration du flux de travail des documents sont les principaux avantages d&#8217;un bureau sans papier<\/h2>\n<p>Bien que l&#8217;on ait parl\u00e9 du virage sans papier dans le monde des affaires depuis plusieurs ann\u00e9es, les raisons et les buts du virage sans papier ont consid\u00e9rablement \u00e9volu\u00e9. Initialement un plan visant \u00e0 simplement \u00e9liminer l&#8217;impression dans le bureau dans le but d&#8217;\u00e9conomiser les co\u00fbts d&#8217;impression, de prendre un virage vert et de faire fonctionner tout sur un \u00e9cran, il a \u00e9volu\u00e9 vers un accent d&#8217;efficacit\u00e9 croissante, en am\u00e9liorant le flux de travail des documents et en r\u00e9duisant l&#8217;empreinte carbone, ce qui a entra\u00een\u00e9 une rentabilit\u00e9 accrue pour les organisations. De nombreux dirigeants sont d\u00e9sormais ax\u00e9s sur l&#8217;automatisation des documents de leurs principaux flux de travail qui g\u00e9n\u00e9reront de l&#8217;efficacit\u00e9 et une incidence positive sur l&#8217;exp\u00e9rience de leurs clients.<\/p>\n<p>Il existe des avantages importants, pour chaque type d&#8217;industrie et pour chaque service de votre entreprise, qui peuvent \u00eatre reconnus gr\u00e2ce \u00e0 la mise en \u0153uvre d&#8217;un syst\u00e8me de gestion de contenu d&#8217;entreprise (ECM) et de l&#8217;int\u00e9gration de solutions de flux de travail. Chaque organisation et chaque service est diff\u00e9rent; par cons\u00e9quent, une approche cibl\u00e9e avec des experts de la gestion du contenu et du workflow est n\u00e9cessaire pour am\u00e9liorer l&#8217;efficacit\u00e9.<\/p>\n<p>Voici quelques services qui connaissent un taux de succ\u00e8s \u00e9lev\u00e9 de transition vers un bureau sans papier:<\/p>\n<ul>\n<li>Comptes \u00e0 payer<\/li>\n<li>Ressources humaines<\/li>\n<li>Service Clients<\/li>\n<li>Op\u00e9rations<\/li>\n<li>Ventes et marketing<\/li>\n<\/ul>\n<p>Les avantages du bureau sans papier:<\/p>\n<ul>\n<li>Am\u00e9lioration de l&#8217;efficacit\u00e9<\/li>\n<li>Simplicit\u00e9 pour vos employ\u00e9s<\/li>\n<li>Sentier de s\u00e9curit\u00e9 et d&#8217;audit<\/li>\n<li>Am\u00e9lioration de l&#8217;exp\u00e9rience client<\/li>\n<li>Retour sur investissement<\/li>\n<\/ul>\n<p>Une planification strat\u00e9gique est essentielle pour des projets r\u00e9ussis. Une organisation a besoin d&#8217;une compr\u00e9hension approfondie de son \u00e9tat actuel ainsi que des meilleures pratiques en mati\u00e8re de technologie et de processus pour planifier le futur et engendrer un retour sur investissement. Trouver la bonne solution pour votre organisation est essentiel, et mettre l&#8217;accent sur l&#8217;am\u00e9lioration du flux de travail des documents est un effort continu qui am\u00e9liorera l&#8217;efficacit\u00e9 et un retour sur investissement significatif. Sachant qu&#8217;il s&#8217;agit habituellement de co\u00fbts variables, souvent, les organisations doivent prendre le pari qu&#8217;un gain significatif d&#8217;efficacit\u00e9 entra\u00eenera une valeur ajout\u00e9e \u00e0 long terme.<\/p>\n<h4><strong>Apprenez-en d&#8217;avantage sur le virage sans papier en consultant l&#8217;\u00e9tude de cas <a href=\"https:\/\/smartprint.com\/fr\/etude-de-cas-sig\/etude-de-cas-sig-loptimisation-du-controle-des-documents-se-traduit-par-une-reduction-de-45-du-materiel-dimpression\/\" target=\"_blank\" rel=\"noopener\">\u00c9tude de Cas SIG &#8211; Baisse de 20% des impressions.<\/a><\/strong><\/h4>\n<p>[\/et_pb_text][\/et_pb_column][\/et_pb_row][\/et_pb_section]<\/p>\n","protected":false},"excerpt":{"rendered":"<p>[et_pb_section bb_built=&#8221;1&#8243;][et_pb_row][et_pb_column type=&#8221;4_4&#8243;][et_pb_text] L&#8217;\u00e9volution de l&#8217;efficacit\u00e9 et l&#8217;am\u00e9lioration du flux de travail des documents sont les principaux avantages d&#8217;un bureau sans papier Bien que l&#8217;on ait parl\u00e9 du virage sans papier dans le monde des affaires depuis plusieurs ann\u00e9es, les raisons et les buts du virage sans papier ont consid\u00e9rablement \u00e9volu\u00e9. Initialement un plan visant [&hellip;]<\/p>\n <a href=\"https:\/\/smartprint.com\/fr\/services-dimpressions-geres\/les-avantages-des-services-dimpressions-geres\/un-bureau-sans-papier-grace-aux-sig\/\" class=\"more-link\" title=\"Read More\">En savoir plus<\/a>","protected":false},"author":3,"featured_media":0,"parent":1637,"menu_order":0,"comment_status":"closed","ping_status":"closed","template":"page-benefits.php","meta":{"_acf_changed":false,"_et_pb_use_builder":"","_et_pb_old_content":"","_et_gb_content_width":"","content-type":"","footnotes":""},"class_list":["post-1639","page","type-page","status-publish","hentry"],"acf":[],"yoast_head":"<!-- This site is optimized with the Yoast SEO plugin v27.3 - https:\/\/yoast.com\/product\/yoast-seo-wordpress\/ -->\n<title>Un bureau sans papier gr\u00e2ce aux SIG - SmartPrint<\/title>\n<meta name=\"robots\" content=\"index, follow, max-snippet:-1, max-image-preview:large, max-video-preview:-1\" \/>\n<link rel=\"canonical\" href=\"https:\/\/smartprint.com\/fr\/services-dimpressions-geres\/les-avantages-des-services-dimpressions-geres\/un-bureau-sans-papier-grace-aux-sig\/\" \/>\n<meta property=\"og:locale\" content=\"fr_FR\" \/>\n<meta property=\"og:type\" content=\"article\" \/>\n<meta property=\"og:title\" content=\"Un bureau sans papier gr\u00e2ce aux SIG - SmartPrint\" \/>\n<meta property=\"og:description\" content=\"[et_pb_section bb_built=&#8221;1&#8243;][et_pb_row][et_pb_column type=&#8221;4_4&#8243;][et_pb_text] L&#8217;\u00e9volution de l&#8217;efficacit\u00e9 et l&#8217;am\u00e9lioration du flux de travail des documents sont les principaux avantages d&#8217;un bureau sans papier Bien que l&#8217;on ait parl\u00e9 du virage sans papier dans le monde des affaires depuis plusieurs ann\u00e9es, les raisons et les buts du virage sans papier ont consid\u00e9rablement \u00e9volu\u00e9. Initialement un plan visant [&hellip;]\" \/>\n<meta property=\"og:url\" content=\"https:\/\/smartprint.com\/fr\/services-dimpressions-geres\/les-avantages-des-services-dimpressions-geres\/un-bureau-sans-papier-grace-aux-sig\/\" \/>\n<meta property=\"og:site_name\" content=\"SmartPrint\" \/>\n<meta property=\"article:modified_time\" content=\"2017-12-12T19:37:43+00:00\" \/>\n<meta name=\"twitter:card\" content=\"summary_large_image\" \/>\n<meta name=\"twitter:label1\" content=\"Est. reading time\" \/>\n\t<meta name=\"twitter:data1\" content=\"2 minutes\" \/>\n<script type=\"application\/ld+json\" class=\"yoast-schema-graph\">{\"@context\":\"https:\\\/\\\/schema.org\",\"@graph\":[{\"@type\":\"WebPage\",\"@id\":\"https:\\\/\\\/smartprint.com\\\/fr\\\/services-dimpressions-geres\\\/les-avantages-des-services-dimpressions-geres\\\/un-bureau-sans-papier-grace-aux-sig\\\/\",\"url\":\"https:\\\/\\\/smartprint.com\\\/fr\\\/services-dimpressions-geres\\\/les-avantages-des-services-dimpressions-geres\\\/un-bureau-sans-papier-grace-aux-sig\\\/\",\"name\":\"Un bureau sans papier gr\u00e2ce aux SIG - SmartPrint\",\"isPartOf\":{\"@id\":\"https:\\\/\\\/smartprint.com\\\/#website\"},\"datePublished\":\"2017-07-24T16:10:11+00:00\",\"dateModified\":\"2017-12-12T19:37:43+00:00\",\"breadcrumb\":{\"@id\":\"https:\\\/\\\/smartprint.com\\\/fr\\\/services-dimpressions-geres\\\/les-avantages-des-services-dimpressions-geres\\\/un-bureau-sans-papier-grace-aux-sig\\\/#breadcrumb\"},\"inLanguage\":\"fr-FR\",\"potentialAction\":[{\"@type\":\"ReadAction\",\"target\":[\"https:\\\/\\\/smartprint.com\\\/fr\\\/services-dimpressions-geres\\\/les-avantages-des-services-dimpressions-geres\\\/un-bureau-sans-papier-grace-aux-sig\\\/\"]}]},{\"@type\":\"BreadcrumbList\",\"@id\":\"https:\\\/\\\/smartprint.com\\\/fr\\\/services-dimpressions-geres\\\/les-avantages-des-services-dimpressions-geres\\\/un-bureau-sans-papier-grace-aux-sig\\\/#breadcrumb\",\"itemListElement\":[{\"@type\":\"ListItem\",\"position\":1,\"name\":\"Accueil\",\"item\":\"https:\\\/\\\/smartprint.com\\\/fr\\\/\"},{\"@type\":\"ListItem\",\"position\":2,\"name\":\"Services d&#8217;Impressions G\u00e9r\u00e9s\",\"item\":\"https:\\\/\\\/smartprint.com\\\/fr\\\/services-dimpressions-geres\\\/\"},{\"@type\":\"ListItem\",\"position\":3,\"name\":\"Les avantages des Services d&#8217;Impression G\u00e9r\u00e9s\",\"item\":\"https:\\\/\\\/smartprint.com\\\/fr\\\/services-dimpressions-geres\\\/les-avantages-des-services-dimpressions-geres\\\/\"},{\"@type\":\"ListItem\",\"position\":4,\"name\":\"Un bureau sans papier gr\u00e2ce aux SIG\"}]},{\"@type\":\"WebSite\",\"@id\":\"https:\\\/\\\/smartprint.com\\\/#website\",\"url\":\"https:\\\/\\\/smartprint.com\\\/\",\"name\":\"SmartPrint\",\"description\":\"Services d&#039;Impression G\u00e9r\u00e9s\",\"potentialAction\":[{\"@type\":\"SearchAction\",\"target\":{\"@type\":\"EntryPoint\",\"urlTemplate\":\"https:\\\/\\\/smartprint.com\\\/?s={search_term_string}\"},\"query-input\":{\"@type\":\"PropertyValueSpecification\",\"valueRequired\":true,\"valueName\":\"search_term_string\"}}],\"inLanguage\":\"fr-FR\"}]}<\/script>\n<!-- \/ Yoast SEO plugin. -->","yoast_head_json":{"title":"Un bureau sans papier gr\u00e2ce aux SIG - SmartPrint","robots":{"index":"index","follow":"follow","max-snippet":"max-snippet:-1","max-image-preview":"max-image-preview:large","max-video-preview":"max-video-preview:-1"},"canonical":"https:\/\/smartprint.com\/fr\/services-dimpressions-geres\/les-avantages-des-services-dimpressions-geres\/un-bureau-sans-papier-grace-aux-sig\/","og_locale":"fr_FR","og_type":"article","og_title":"Un bureau sans papier gr\u00e2ce aux SIG - SmartPrint","og_description":"[et_pb_section bb_built=&#8221;1&#8243;][et_pb_row][et_pb_column type=&#8221;4_4&#8243;][et_pb_text] L&#8217;\u00e9volution de l&#8217;efficacit\u00e9 et l&#8217;am\u00e9lioration du flux de travail des documents sont les principaux avantages d&#8217;un bureau sans papier Bien que l&#8217;on ait parl\u00e9 du virage sans papier dans le monde des affaires depuis plusieurs ann\u00e9es, les raisons et les buts du virage sans papier ont consid\u00e9rablement \u00e9volu\u00e9. Initialement un plan visant [&hellip;]","og_url":"https:\/\/smartprint.com\/fr\/services-dimpressions-geres\/les-avantages-des-services-dimpressions-geres\/un-bureau-sans-papier-grace-aux-sig\/","og_site_name":"SmartPrint","article_modified_time":"2017-12-12T19:37:43+00:00","twitter_card":"summary_large_image","twitter_misc":{"Est. reading time":"2 minutes"},"schema":{"@context":"https:\/\/schema.org","@graph":[{"@type":"WebPage","@id":"https:\/\/smartprint.com\/fr\/services-dimpressions-geres\/les-avantages-des-services-dimpressions-geres\/un-bureau-sans-papier-grace-aux-sig\/","url":"https:\/\/smartprint.com\/fr\/services-dimpressions-geres\/les-avantages-des-services-dimpressions-geres\/un-bureau-sans-papier-grace-aux-sig\/","name":"Un bureau sans papier gr\u00e2ce aux SIG - SmartPrint","isPartOf":{"@id":"https:\/\/smartprint.com\/#website"},"datePublished":"2017-07-24T16:10:11+00:00","dateModified":"2017-12-12T19:37:43+00:00","breadcrumb":{"@id":"https:\/\/smartprint.com\/fr\/services-dimpressions-geres\/les-avantages-des-services-dimpressions-geres\/un-bureau-sans-papier-grace-aux-sig\/#breadcrumb"},"inLanguage":"fr-FR","potentialAction":[{"@type":"ReadAction","target":["https:\/\/smartprint.com\/fr\/services-dimpressions-geres\/les-avantages-des-services-dimpressions-geres\/un-bureau-sans-papier-grace-aux-sig\/"]}]},{"@type":"BreadcrumbList","@id":"https:\/\/smartprint.com\/fr\/services-dimpressions-geres\/les-avantages-des-services-dimpressions-geres\/un-bureau-sans-papier-grace-aux-sig\/#breadcrumb","itemListElement":[{"@type":"ListItem","position":1,"name":"Accueil","item":"https:\/\/smartprint.com\/fr\/"},{"@type":"ListItem","position":2,"name":"Services d&#8217;Impressions G\u00e9r\u00e9s","item":"https:\/\/smartprint.com\/fr\/services-dimpressions-geres\/"},{"@type":"ListItem","position":3,"name":"Les avantages des Services d&#8217;Impression G\u00e9r\u00e9s","item":"https:\/\/smartprint.com\/fr\/services-dimpressions-geres\/les-avantages-des-services-dimpressions-geres\/"},{"@type":"ListItem","position":4,"name":"Un bureau sans papier gr\u00e2ce aux SIG"}]},{"@type":"WebSite","@id":"https:\/\/smartprint.com\/#website","url":"https:\/\/smartprint.com\/","name":"SmartPrint","description":"Services d&#039;Impression G\u00e9r\u00e9s","potentialAction":[{"@type":"SearchAction","target":{"@type":"EntryPoint","urlTemplate":"https:\/\/smartprint.com\/?s={search_term_string}"},"query-input":{"@type":"PropertyValueSpecification","valueRequired":true,"valueName":"search_term_string"}}],"inLanguage":"fr-FR"}]}},"_links":{"self":[{"href":"https:\/\/smartprint.com\/fr\/wp-json\/wp\/v2\/pages\/1639","targetHints":{"allow":["GET"]}}],"collection":[{"href":"https:\/\/smartprint.com\/fr\/wp-json\/wp\/v2\/pages"}],"about":[{"href":"https:\/\/smartprint.com\/fr\/wp-json\/wp\/v2\/types\/page"}],"author":[{"embeddable":true,"href":"https:\/\/smartprint.com\/fr\/wp-json\/wp\/v2\/users\/3"}],"replies":[{"embeddable":true,"href":"https:\/\/smartprint.com\/fr\/wp-json\/wp\/v2\/comments?post=1639"}],"version-history":[{"count":3,"href":"https:\/\/smartprint.com\/fr\/wp-json\/wp\/v2\/pages\/1639\/revisions"}],"predecessor-version":[{"id":2575,"href":"https:\/\/smartprint.com\/fr\/wp-json\/wp\/v2\/pages\/1639\/revisions\/2575"}],"up":[{"embeddable":true,"href":"https:\/\/smartprint.com\/fr\/wp-json\/wp\/v2\/pages\/1637"}],"wp:attachment":[{"href":"https:\/\/smartprint.com\/fr\/wp-json\/wp\/v2\/media?parent=1639"}],"curies":[{"name":"wp","href":"https:\/\/api.w.org\/{rel}","templated":true}]}}