{"id":1640,"date":"2017-07-24T12:10:45","date_gmt":"2017-07-24T16:10:45","guid":{"rendered":"https:\/\/smartprint.com\/?page_id=1640\/"},"modified":"2018-05-31T15:50:52","modified_gmt":"2018-05-31T19:50:52","slug":"le-controle-des-documents-produit-des-avantages-organisationnels-importants","status":"publish","type":"page","link":"https:\/\/smartprint.com\/fr\/services-dimpressions-geres\/les-avantages-des-services-dimpressions-geres\/le-controle-des-documents-produit-des-avantages-organisationnels-importants\/","title":{"rendered":"Le contr\u00f4le des documents produit des avantages organisationnels importants"},"content":{"rendered":"<p>[et_pb_section bb_built=&#8221;1&#8243; admin_label=&#8221;section&#8221; transparent_background_fb=&#8221;default&#8221; _builder_version=&#8221;3.0.47&#8243;][et_pb_row admin_label=&#8221;row&#8221; _builder_version=&#8221;3.0.64&#8243; background_size=&#8221;initial&#8221; background_position=&#8221;top_left&#8221; background_repeat=&#8221;repeat&#8221;][et_pb_column type=&#8221;4_4&#8243;][et_pb_text _builder_version=&#8221;3.0.64&#8243; background_size=&#8221;initial&#8221; background_position=&#8221;top_left&#8221; background_repeat=&#8221;repeat&#8221;]<\/p>\n<h2>Un syst\u00e8me de contr\u00f4le de documents a tous les avantages d&#8217;un syst\u00e8me de gestion de documents et plus encore &#8230;<\/h2>\n<p>Le contr\u00f4le des documents est plus robuste que la gestion des documents. La diff\u00e9rence entre les deux est que la gestion de documents implique le stockage, l&#8217;acc\u00e8s, la recherche et la r\u00e9cup\u00e9ration de documents \u00e9lectroniques. Alors que le contr\u00f4le des documents ajoute la couche suppl\u00e9mentaire de s\u00e9curit\u00e9 et de contr\u00f4le, ainsi qu&#8217;une int\u00e9gration \u00e9troite du flux de documents papiers et num\u00e9riques dans votre organisation. Ceci est particuli\u00e8rement important pour les entreprises des industries r\u00e9glement\u00e9es (juridiques, sanitaires, services financiers, assurances, etc.) qui n\u00e9cessitent un certain niveau de suivi et de s\u00e9curit\u00e9 de la documentation.<\/p>\n<p>Les avantages d&#8217;un syst\u00e8me de contr\u00f4le de documents<\/p>\n<p>Les organisations qui mettent en \u0153uvre un syst\u00e8me de contr\u00f4le des documents connaissent de nombreux avantages qui augmentent la s\u00e9curit\u00e9, l&#8217;acc\u00e8s et l&#8217;efficacit\u00e9:<\/p>\n<ul>\n<li>Conversion de documents papier vers des versions \u00e9lectroniques, ce qui signifie des co\u00fbts d\u2019op\u00e9ration et des co\u00fbts d\u2019administration r\u00e9duits: moins de papier, d\u2019impressions et de copies papier<\/li>\n<li>Diminution des documents perdus ou manquants<\/li>\n<li>Un d\u00e9p\u00f4t \u00e9lectronique de documents centralis\u00e9s comprenant la s\u00e9curit\u00e9 et les protocoles hi\u00e9rarchiques<\/li>\n<li>Fonctions de recherche et de r\u00e9cup\u00e9ration<\/li>\n<li>Acc\u00e8s Web aux documents<\/li>\n<li>Am\u00e9lioration de la collaboration documentaire et du contr\u00f4le de version<\/li>\n<li>Audit trail &#8211; Piste de v\u00e9rification<\/li>\n<li>S\u00e9curit\u00e9 et contr\u00f4le pour respecter la conformit\u00e9 r\u00e9glementaire<\/li>\n<li>Outils de reporting pour l&#8217;analyse documentaire<\/li>\n<\/ul>\n<h3>Les \u00e9conomies de co\u00fbts du contr\u00f4le de document<\/h3>\n<p>Bien que la mise en \u0153uvre d&#8217;une solution de gestion et de gestion de documents puisse \u00eatre co\u00fbteuse \u00e0 d\u00e9marrer, les \u00e9conomies peuvent \u00eatre importantes. Des \u00e9tudes ont montr\u00e9 que le co\u00fbt moyen pour traiter une facture est de 15 $. Lorsqu&#8217;un certain degr\u00e9 d&#8217;automatisation des entreprises est initi\u00e9, le co\u00fbt est r\u00e9duit \u00e0 6 $. Lorsqu&#8217;une solution compl\u00e8te de gestion de documents est impl\u00e9ment\u00e9e, ce co\u00fbt est r\u00e9duit \u00e0 3$.<\/p>\n<h3>Les processus du contr\u00f4le de document<\/h3>\n<p>La mise en \u0153uvre d&#8217;un syst\u00e8me de contr\u00f4le de documents est complexe, mais peut \u00eatre simplifi\u00e9e avec le bon partenaire de gestion de documents. Simplement, nous examinons vos processus papier actuels et les num\u00e9risons. Cela implique:<\/p>\n<ul>\n<li><strong>La\u00a0Capture de documents\u00a0<\/strong> \u2013 Num\u00e9risation de documents papier ou acc\u00e8s \u00e0 un document cr\u00e9\u00e9 \u00e9lectroniquement.<\/li>\n<li><strong>Stockage \u00e9lectronique de documents<\/strong> \u2013 D\u00e9p\u00f4t du document captur\u00e9 dans un classeur \u00e9lectronique avec des en-t\u00eates ou des mots-cl\u00e9s consultables pour aider les employ\u00e9s \u00e0 trouver et \u00e0 r\u00e9cup\u00e9rer le document.<\/li>\n<li><strong>Gestion des processus de document<\/strong> \u2013Mise en \u0153uvre des meilleures pratiques de gestion documentaire \u00e9tablies pour cr\u00e9er des r\u00e8gles afin d&#8217;assurer le bon routage du document pour examen et approbation.<\/li>\n<li><strong>Gestion et contr\u00f4le des enregistrements \u00e9lectroniques<\/strong> \u2013 Application de protocoles de s\u00e9curit\u00e9 documentaire pour l&#8217;accessibilit\u00e9 et politiques automatis\u00e9es de stockage et de destruction des documents.<\/li>\n<\/ul>\n<p>SmartPrint travaille avec un certain nombre de fournisseurs de solutions de contr\u00f4le de documents et de logiciels de gestion de documents afin que nous puissions mettre en \u0153uvre une solution adapt\u00e9e \u00e0 votre entreprise.<\/p>\n<p>Avant d&#8217;envisager la mise en \u0153uvre d&#8217;une solution, vous devriez consid\u00e9rer les capacit\u00e9s de votre organisation \u00e0 d\u00e9velopper, mettre en \u0153uvre et maintenir un tel syst\u00e8me.<\/p>\n<p>[\/et_pb_text][\/et_pb_column][\/et_pb_row][et_pb_row _builder_version=&#8221;3.0.47&#8243; background_size=&#8221;initial&#8221; background_position=&#8221;top_left&#8221; background_repeat=&#8221;repeat&#8221;][et_pb_column type=&#8221;1_3&#8243;][et_pb_text _builder_version=&#8221;3.0.64&#8243; background_size=&#8221;initial&#8221; background_position=&#8221;top_left&#8221; background_repeat=&#8221;repeat&#8221; background_layout=&#8221;light&#8221; text_orientation=&#8221;left&#8221; border_style=&#8221;solid&#8221;]<\/p>\n<p><a href=\"https:\/\/smartprint.com\/fr\/etude-de-cas-sig\/etude-de-cas-sig-loptimisation-du-controle-des-documents-se-traduit-par-une-reduction-de-45-du-materiel-dimpression\/\" target=\"_blank\" rel=\"noopener noreferrer\">T\u00e9l\u00e9charger l&#8217;\u00e9tude de cas SIG sur le contr\u00f4le des documents<\/a>\u00a0pour apprendre comment l&#8217;optimisation du contr\u00f4le des documents a entra\u00een\u00e9 une r\u00e9duction de 45% du mat\u00e9riel d&#8217;impression et une r\u00e9duction de 20% des impressions.<\/p>\n<p>[\/et_pb_text][\/et_pb_column][et_pb_column type=&#8221;1_3&#8243;][et_pb_image src=&#8221;https:\/\/smartprint.com\/wp-content\/uploads\/2016\/03\/MPS-Case-Study-Document-Control-SmartPrint-front-page-thumbnail.jpg&#8221; url=&#8221;https:\/\/smartprint.com\/fr\/etude-de-cas-sig\/etude-de-cas-sig-loptimisation-du-controle-des-documents-se-traduit-par-une-reduction-de-45-du-materiel-dimpression\/&#8221; url_new_window=&#8221;on&#8221; animation=&#8221;off&#8221; align=&#8221;center&#8221; _builder_version=&#8221;3.0.64&#8243; show_in_lightbox=&#8221;off&#8221; use_overlay=&#8221;off&#8221; sticky=&#8221;off&#8221; always_center_on_mobile=&#8221;on&#8221; border_style=&#8221;solid&#8221; force_fullwidth=&#8221;off&#8221; \/][\/et_pb_column][et_pb_column type=&#8221;1_3&#8243;][et_pb_code admin_label=&#8221;Learn More Button&#8221; module_class=&#8221;aligncenter&#8221; _builder_version=&#8221;3.0.64&#8243; saved_tabs=&#8221;all&#8221;]&lt;a class=&quot;et_pb_promo_button et_pb_button&quot; href=&quot;https:\/\/smartprint.com\/fr\/etude-de-cas-sig\/etude-de-cas-sig-loptimisation-du-controle-des-documents-se-traduit-par-une-reduction-de-45-du-materiel-dimpression\/&quot;&gt;En savoir plus&lt;\/a&gt;[\/et_pb_code][\/et_pb_column][\/et_pb_row][et_pb_row _builder_version=&#8221;3.0.47&#8243; background_size=&#8221;initial&#8221; background_position=&#8221;top_left&#8221; background_repeat=&#8221;repeat&#8221;][et_pb_column type=&#8221;4_4&#8243;][et_pb_text _builder_version=&#8221;3.0.64&#8243; background_size=&#8221;initial&#8221; background_position=&#8221;top_left&#8221; background_repeat=&#8221;repeat&#8221; background_layout=&#8221;light&#8221; text_orientation=&#8221;left&#8221; border_style=&#8221;solid&#8221;]<\/p>\n<h4><strong>Pour en savoir d\u2019avantage sur la fa\u00e7on dont un syst\u00e8me de contr\u00f4le de documents peut aider pour votre organisation, il suffit de poser une question \u00e0 l&#8217;un de nos sp\u00e9cialistes de la gestion documentaire ci-dessous.<\/strong><\/h4>\n<p><!--[if lte IE 8]><script charset=\"utf-8\" type=\"text\/javascript\" src=\"\/\/js.hsforms.net\/forms\/v2-legacy.js\"><\/script><![endif]--><script charset=\"utf-8\" type=\"text\/javascript\" src=\"\/\/js.hsforms.net\/forms\/v2.js\"><\/script><br \/>\n<script>\n  hbspt.forms.create({\n\tportalId: \"4215610\",\n\tformId: \"00600f1b-056f-4b01-a712-a3cbda4e271a\",\n\tcss: \"\",\n\tsfdcCampaignId: \"7011W000000eOcxQAE\"\n});\n<\/script><\/p>\n<p>[\/et_pb_text][\/et_pb_column][\/et_pb_row][\/et_pb_section]<\/p>\n","protected":false},"excerpt":{"rendered":"<p>Un syst\u00e8me de contr\u00f4le de documents a tous les&#8230;<\/p>\n <a href=\"https:\/\/smartprint.com\/fr\/services-dimpressions-geres\/les-avantages-des-services-dimpressions-geres\/le-controle-des-documents-produit-des-avantages-organisationnels-importants\/\" class=\"more-link\" title=\"Read More\">En savoir plus<\/a>","protected":false},"author":3,"featured_media":0,"parent":1637,"menu_order":0,"comment_status":"closed","ping_status":"closed","template":"page-benefits.php","meta":{"_acf_changed":false,"_et_pb_use_builder":"on","_et_pb_old_content":"<h2>A Document Control System has all the Benefits of a Document Management System and More\u2026<\/h2><p>Document control is more robust than document management. The difference between the two is that document management involves the storage, access, search and retrieval of electronic documents. Whereas, document control adds the extra layer of document security and control, as well as tight integration of the hard-copy and digital document flow in your organization. This is particularly important for businesses in regulated industries (legal, healthcare, financial services, insurance, etc.) which require a certain level of tracking and security of documentation.<\/p><h3>Benefits of a Document Control System<\/h3><p>Organizations that implement a document control system experience many benefits that increase security, access, and efficiency:<\/p><ul><li>Conversion of paper-based documents to electronic versions which means reduced hard costs and administrative costs: less paper, printing and hard copy filing<\/li><li>Reduced lost or missing documents<\/li><li>Central, electronic repository of documents including security and hierarchical protocols<\/li><li>Search and retrieval functionality<\/li><li>Web-based access to documents<\/li><li>Improved document collaboration and version control<\/li><li>Audit trail<\/li><li>Security and control to meet regulatory compliance<\/li><li>Reporting tools for document analysis<\/li><\/ul><h3>Document Control Cost Savings<\/h3><p>While the implementation of a document control and management solution can be costly to initiate, the savings can be substantial. Studies have shown that the average cost to process an invoice is $15. When some degree of business automation is initiated, the cost is reduced to $6. When a complete document management solution is implemented, the cost is reduced to $3.<\/p><h3>Document Control Process<\/h3><p>Implementing a document control system is complex, but can be made simple with the right document management partner. Basically, we review your current paper processes and digitize them. This involves:<\/p><ul><li><strong>Document capture<\/strong> \u2013 Scanning of paper documents or accessing an electronically created document.<\/li><li><strong>Electronic document storage<\/strong> \u2013 Filing of the captured document in an electronic filing cabinet with searchable headers or keywords to help employees find and retrieve the document.<\/li><li><strong>Document process management<\/strong> \u2013 Implementing established document management best practices to create process rules to ensure proper routing of the document for review and approval.<\/li><li><strong>Electronic records management and control<\/strong> \u2013 Applying document security protocols for accessibility and automated document storage and destruction policies.<\/li><\/ul><p>SmartPrint works with a number of third party document control and document management software solution providers so we can help to assess and implement a solution that\u2019s right for your business.<\/p><p>Before considering implementing a solution, you\u2019ll need to consider the capabilities of your organization to develop, implement and maintain such a system.<\/p><h4><strong>To find out more about how a document control system can work for your organization, just ask a question to one of our document management specialists below.<\/strong><\/h4><p>[gravityform id=\"9\" title=\"false\" description=\"false\"]<\/p>","_et_gb_content_width":"","content-type":"","footnotes":""},"class_list":["post-1640","page","type-page","status-publish","hentry"],"acf":[],"yoast_head":"<!-- This site is optimized with the Yoast SEO plugin v27.3 - https:\/\/yoast.com\/product\/yoast-seo-wordpress\/ -->\n<title>Le contr\u00f4le des documents produit des avantages organisationnels importants - SmartPrint<\/title>\n<meta name=\"robots\" content=\"index, follow, max-snippet:-1, max-image-preview:large, max-video-preview:-1\" \/>\n<link rel=\"canonical\" href=\"https:\/\/smartprint.com\/fr\/services-dimpressions-geres\/les-avantages-des-services-dimpressions-geres\/le-controle-des-documents-produit-des-avantages-organisationnels-importants\/\" \/>\n<meta property=\"og:locale\" content=\"fr_FR\" \/>\n<meta property=\"og:type\" content=\"article\" \/>\n<meta property=\"og:title\" content=\"Le contr\u00f4le des documents produit des avantages organisationnels importants - SmartPrint\" \/>\n<meta property=\"og:description\" content=\"Un syst\u00e8me de contr\u00f4le de documents a tous les...\" \/>\n<meta property=\"og:url\" content=\"https:\/\/smartprint.com\/fr\/services-dimpressions-geres\/les-avantages-des-services-dimpressions-geres\/le-controle-des-documents-produit-des-avantages-organisationnels-importants\/\" \/>\n<meta property=\"og:site_name\" content=\"SmartPrint\" \/>\n<meta property=\"article:modified_time\" content=\"2018-05-31T19:50:52+00:00\" \/>\n<meta name=\"twitter:card\" content=\"summary_large_image\" \/>\n<meta name=\"twitter:label1\" content=\"Est. reading time\" \/>\n\t<meta name=\"twitter:data1\" content=\"5 minutes\" \/>\n<script type=\"application\/ld+json\" class=\"yoast-schema-graph\">{\"@context\":\"https:\\\/\\\/schema.org\",\"@graph\":[{\"@type\":\"WebPage\",\"@id\":\"https:\\\/\\\/smartprint.com\\\/fr\\\/services-dimpressions-geres\\\/les-avantages-des-services-dimpressions-geres\\\/le-controle-des-documents-produit-des-avantages-organisationnels-importants\\\/\",\"url\":\"https:\\\/\\\/smartprint.com\\\/fr\\\/services-dimpressions-geres\\\/les-avantages-des-services-dimpressions-geres\\\/le-controle-des-documents-produit-des-avantages-organisationnels-importants\\\/\",\"name\":\"Le contr\u00f4le des documents produit des avantages organisationnels importants - SmartPrint\",\"isPartOf\":{\"@id\":\"https:\\\/\\\/smartprint.com\\\/#website\"},\"datePublished\":\"2017-07-24T16:10:45+00:00\",\"dateModified\":\"2018-05-31T19:50:52+00:00\",\"breadcrumb\":{\"@id\":\"https:\\\/\\\/smartprint.com\\\/fr\\\/services-dimpressions-geres\\\/les-avantages-des-services-dimpressions-geres\\\/le-controle-des-documents-produit-des-avantages-organisationnels-importants\\\/#breadcrumb\"},\"inLanguage\":\"fr-FR\",\"potentialAction\":[{\"@type\":\"ReadAction\",\"target\":[\"https:\\\/\\\/smartprint.com\\\/fr\\\/services-dimpressions-geres\\\/les-avantages-des-services-dimpressions-geres\\\/le-controle-des-documents-produit-des-avantages-organisationnels-importants\\\/\"]}]},{\"@type\":\"BreadcrumbList\",\"@id\":\"https:\\\/\\\/smartprint.com\\\/fr\\\/services-dimpressions-geres\\\/les-avantages-des-services-dimpressions-geres\\\/le-controle-des-documents-produit-des-avantages-organisationnels-importants\\\/#breadcrumb\",\"itemListElement\":[{\"@type\":\"ListItem\",\"position\":1,\"name\":\"Accueil\",\"item\":\"https:\\\/\\\/smartprint.com\\\/fr\\\/\"},{\"@type\":\"ListItem\",\"position\":2,\"name\":\"Services d&#8217;Impressions G\u00e9r\u00e9s\",\"item\":\"https:\\\/\\\/smartprint.com\\\/fr\\\/services-dimpressions-geres\\\/\"},{\"@type\":\"ListItem\",\"position\":3,\"name\":\"Les avantages des Services d&#8217;Impression G\u00e9r\u00e9s\",\"item\":\"https:\\\/\\\/smartprint.com\\\/fr\\\/services-dimpressions-geres\\\/les-avantages-des-services-dimpressions-geres\\\/\"},{\"@type\":\"ListItem\",\"position\":4,\"name\":\"Le contr\u00f4le des documents produit des avantages organisationnels importants\"}]},{\"@type\":\"WebSite\",\"@id\":\"https:\\\/\\\/smartprint.com\\\/#website\",\"url\":\"https:\\\/\\\/smartprint.com\\\/\",\"name\":\"SmartPrint\",\"description\":\"Services d&#039;Impression G\u00e9r\u00e9s\",\"potentialAction\":[{\"@type\":\"SearchAction\",\"target\":{\"@type\":\"EntryPoint\",\"urlTemplate\":\"https:\\\/\\\/smartprint.com\\\/?s={search_term_string}\"},\"query-input\":{\"@type\":\"PropertyValueSpecification\",\"valueRequired\":true,\"valueName\":\"search_term_string\"}}],\"inLanguage\":\"fr-FR\"}]}<\/script>\n<!-- \/ Yoast SEO plugin. -->","yoast_head_json":{"title":"Le contr\u00f4le des documents produit des avantages organisationnels importants - SmartPrint","robots":{"index":"index","follow":"follow","max-snippet":"max-snippet:-1","max-image-preview":"max-image-preview:large","max-video-preview":"max-video-preview:-1"},"canonical":"https:\/\/smartprint.com\/fr\/services-dimpressions-geres\/les-avantages-des-services-dimpressions-geres\/le-controle-des-documents-produit-des-avantages-organisationnels-importants\/","og_locale":"fr_FR","og_type":"article","og_title":"Le contr\u00f4le des documents produit des avantages organisationnels importants - SmartPrint","og_description":"Un syst\u00e8me de contr\u00f4le de documents a tous les...","og_url":"https:\/\/smartprint.com\/fr\/services-dimpressions-geres\/les-avantages-des-services-dimpressions-geres\/le-controle-des-documents-produit-des-avantages-organisationnels-importants\/","og_site_name":"SmartPrint","article_modified_time":"2018-05-31T19:50:52+00:00","twitter_card":"summary_large_image","twitter_misc":{"Est. reading time":"5 minutes"},"schema":{"@context":"https:\/\/schema.org","@graph":[{"@type":"WebPage","@id":"https:\/\/smartprint.com\/fr\/services-dimpressions-geres\/les-avantages-des-services-dimpressions-geres\/le-controle-des-documents-produit-des-avantages-organisationnels-importants\/","url":"https:\/\/smartprint.com\/fr\/services-dimpressions-geres\/les-avantages-des-services-dimpressions-geres\/le-controle-des-documents-produit-des-avantages-organisationnels-importants\/","name":"Le contr\u00f4le des documents produit des avantages organisationnels importants - SmartPrint","isPartOf":{"@id":"https:\/\/smartprint.com\/#website"},"datePublished":"2017-07-24T16:10:45+00:00","dateModified":"2018-05-31T19:50:52+00:00","breadcrumb":{"@id":"https:\/\/smartprint.com\/fr\/services-dimpressions-geres\/les-avantages-des-services-dimpressions-geres\/le-controle-des-documents-produit-des-avantages-organisationnels-importants\/#breadcrumb"},"inLanguage":"fr-FR","potentialAction":[{"@type":"ReadAction","target":["https:\/\/smartprint.com\/fr\/services-dimpressions-geres\/les-avantages-des-services-dimpressions-geres\/le-controle-des-documents-produit-des-avantages-organisationnels-importants\/"]}]},{"@type":"BreadcrumbList","@id":"https:\/\/smartprint.com\/fr\/services-dimpressions-geres\/les-avantages-des-services-dimpressions-geres\/le-controle-des-documents-produit-des-avantages-organisationnels-importants\/#breadcrumb","itemListElement":[{"@type":"ListItem","position":1,"name":"Accueil","item":"https:\/\/smartprint.com\/fr\/"},{"@type":"ListItem","position":2,"name":"Services d&#8217;Impressions G\u00e9r\u00e9s","item":"https:\/\/smartprint.com\/fr\/services-dimpressions-geres\/"},{"@type":"ListItem","position":3,"name":"Les avantages des Services d&#8217;Impression G\u00e9r\u00e9s","item":"https:\/\/smartprint.com\/fr\/services-dimpressions-geres\/les-avantages-des-services-dimpressions-geres\/"},{"@type":"ListItem","position":4,"name":"Le contr\u00f4le des documents produit des avantages organisationnels importants"}]},{"@type":"WebSite","@id":"https:\/\/smartprint.com\/#website","url":"https:\/\/smartprint.com\/","name":"SmartPrint","description":"Services d&#039;Impression G\u00e9r\u00e9s","potentialAction":[{"@type":"SearchAction","target":{"@type":"EntryPoint","urlTemplate":"https:\/\/smartprint.com\/?s={search_term_string}"},"query-input":{"@type":"PropertyValueSpecification","valueRequired":true,"valueName":"search_term_string"}}],"inLanguage":"fr-FR"}]}},"_links":{"self":[{"href":"https:\/\/smartprint.com\/fr\/wp-json\/wp\/v2\/pages\/1640","targetHints":{"allow":["GET"]}}],"collection":[{"href":"https:\/\/smartprint.com\/fr\/wp-json\/wp\/v2\/pages"}],"about":[{"href":"https:\/\/smartprint.com\/fr\/wp-json\/wp\/v2\/types\/page"}],"author":[{"embeddable":true,"href":"https:\/\/smartprint.com\/fr\/wp-json\/wp\/v2\/users\/3"}],"replies":[{"embeddable":true,"href":"https:\/\/smartprint.com\/fr\/wp-json\/wp\/v2\/comments?post=1640"}],"version-history":[{"count":6,"href":"https:\/\/smartprint.com\/fr\/wp-json\/wp\/v2\/pages\/1640\/revisions"}],"predecessor-version":[{"id":3104,"href":"https:\/\/smartprint.com\/fr\/wp-json\/wp\/v2\/pages\/1640\/revisions\/3104"}],"up":[{"embeddable":true,"href":"https:\/\/smartprint.com\/fr\/wp-json\/wp\/v2\/pages\/1637"}],"wp:attachment":[{"href":"https:\/\/smartprint.com\/fr\/wp-json\/wp\/v2\/media?parent=1640"}],"curies":[{"name":"wp","href":"https:\/\/api.w.org\/{rel}","templated":true}]}}