{"id":1647,"date":"2017-07-24T12:14:35","date_gmt":"2017-07-24T16:14:35","guid":{"rendered":"https:\/\/smartprint.com\/?page_id=1647\/"},"modified":"2017-12-14T18:28:39","modified_gmt":"2017-12-14T22:28:39","slug":"la-gestion-de-votre-environnement-dimpression","status":"publish","type":"page","link":"https:\/\/smartprint.com\/fr\/services-dimpressions-geres\/la-gestion-de-votre-environnement-dimpression\/","title":{"rendered":"La gestion de votre environnement d&#8217;impression"},"content":{"rendered":"<h2>Des impressions hors de contr\u00f4le = Des d\u00e9penses hors de contr\u00f4le<\/h2>\n<p>La grande majorit\u00e9 des entreprises actuelles n&#8217;ont aucune id\u00e9e de ce qu&#8217;elles consacrent \u00e0 l&#8217;impression de bureau. Les co\u00fbts d&#8217;impression de bureau repr\u00e9sentent la plus grande d\u00e9pense non g\u00e9r\u00e9e dans les entreprises d&#8217;aujourd&#8217;hui. Les co\u00fbts d&#8217;impression g\u00e9n\u00e9raux sont difficiles \u00e0 quantifier, puisque le co\u00fbt des fournitures, du mat\u00e9riel et du soutien est souvent enfoui dans diff\u00e9rents centres de co\u00fbts de l&#8217;organisation.<\/p>\n<p>Selon les experts de l&#8217;industrie, les co\u00fbts d&#8217;impression de bureau sont importants et en croissance:<\/p>\n<blockquote><p><em><strong>&#8220;L&#8217;employ\u00e9 moyen imprime 12 000 pages par an et peut co\u00fbter jusqu&#8217;\u00e0 1 000 $ en toner.&#8221; <a href=\"https:\/\/www.usa.canon.com\/CUSA\/assets\/app\/html\/industry\/education\/pdfs\/Making_Every_Print_Count.pdf\" target=\"_blank\" rel=\"noopener\">Canon<\/a><\/strong><\/em><\/p><\/blockquote>\n<p>En plus des co\u00fbts d&#8217;impression directs, le service informatique, le support et les co\u00fbts de service peuvent \u00eatre bouleversants:<\/p>\n<blockquote><p><em><strong>&#8220;Plus de 50% de tous les appels d&#8217;assistance t\u00e9l\u00e9phonique sont li\u00e9s \u00e0 l&#8217;imprimante&#8221; <a href=\"http:\/\/www.xerox.com\/downloads\/usa\/en\/w\/whitepaper_mps.pdf\" target=\"_blank\" rel=\"noopener\">Xerox<\/a><\/strong><\/em><\/p><\/blockquote>\n<p>Compte tenu que les d\u00e9penses en impression de bureau peuvent \u00eatre importantes pour une organisation, pourquoi ces environnements d&#8217;impression de bureau et ces co\u00fbts connexes sont g\u00e9n\u00e9ralement hors de contr\u00f4le et non g\u00e9r\u00e9s?<\/p>\n<h2>Pourquoi les impressions ne sont pas contr\u00f4l\u00e9es?<\/h2>\n<p>En r\u00e8gle g\u00e9n\u00e9rale, les d\u00e9cisions relatives aux imprimantes sont r\u00e9alis\u00e9es en &#8220;silos&#8221;:<\/p>\n<ul>\n<li>Les services de bureau s\u2019occupent des copieurs.<\/li>\n<li>L&#8217;approvisionnement est responsable \u00a0des fournitures d\u2019impression.<\/li>\n<li>Les TI ach\u00e8tent les imprimantes et prennent en charge le support de la flotte d&#8217;imprimantes.<\/li>\n<li>Le workflow pour la num\u00e9risation et les processus papier sont g\u00e9n\u00e9ralement d\u00e9finis par l&#8217;utilisateur.<\/li>\n<\/ul>\n<p>Les diff\u00e9rents services prennent tous part au processus, mais aucun service n&#8217;est responsable \u00e0 100% de l&#8217;environnement d&#8217;impression et du budget de l&#8217;organisation.<\/p>\n<p>En g\u00e9rant de fa\u00e7on proactive l&#8217;environnement d&#8217;impression, les organisations peuvent r\u00e9aliser des \u00e9conomies importantes.<\/p>\n<p><strong><a href=\"https:\/\/smartprint.com\/fr\/services-dimpressions-geres\/les-avantages-des-services-dimpressions-geres\/\/\">Pour en savoir d\u2019avantage sur les avantages des services d&#8217;impression g\u00e9r\u00e9s.<\/a><\/strong><\/p>\n","protected":false},"excerpt":{"rendered":"<p>Des impressions hors de contr\u00f4le = Des d\u00e9penses hors de contr\u00f4le La grande majorit\u00e9 des entreprises actuelles n&#8217;ont aucune id\u00e9e de ce qu&#8217;elles consacrent \u00e0 l&#8217;impression de bureau. Les co\u00fbts d&#8217;impression de bureau repr\u00e9sentent la plus grande d\u00e9pense non g\u00e9r\u00e9e dans les entreprises d&#8217;aujourd&#8217;hui. Les co\u00fbts d&#8217;impression g\u00e9n\u00e9raux sont difficiles \u00e0 quantifier, puisque le co\u00fbt [&hellip;]<\/p>\n <a href=\"https:\/\/smartprint.com\/fr\/services-dimpressions-geres\/la-gestion-de-votre-environnement-dimpression\/\" class=\"more-link\" title=\"Read More\">En savoir plus<\/a>","protected":false},"author":3,"featured_media":0,"parent":1595,"menu_order":0,"comment_status":"closed","ping_status":"closed","template":"page-mps.php","meta":{"_acf_changed":false,"_et_pb_use_builder":"","_et_pb_old_content":"","_et_gb_content_width":"","content-type":"","footnotes":""},"class_list":["post-1647","page","type-page","status-publish","hentry"],"acf":[],"yoast_head":"<!-- This site is optimized with the Yoast SEO plugin v27.4 - https:\/\/yoast.com\/product\/yoast-seo-wordpress\/ -->\n<title>La gestion de votre environnement d&#039;impression - SmartPrint<\/title>\n<meta name=\"robots\" content=\"index, follow, max-snippet:-1, max-image-preview:large, max-video-preview:-1\" \/>\n<link rel=\"canonical\" href=\"https:\/\/smartprint.com\/fr\/services-dimpressions-geres\/la-gestion-de-votre-environnement-dimpression\/\" \/>\n<meta property=\"og:locale\" content=\"fr_FR\" \/>\n<meta property=\"og:type\" content=\"article\" \/>\n<meta property=\"og:title\" content=\"La gestion de votre environnement d&#039;impression - SmartPrint\" \/>\n<meta property=\"og:description\" content=\"Des impressions hors de contr\u00f4le = Des d\u00e9penses hors de contr\u00f4le La grande majorit\u00e9 des entreprises actuelles n&#8217;ont aucune id\u00e9e de ce qu&#8217;elles consacrent \u00e0 l&#8217;impression de bureau. Les co\u00fbts d&#8217;impression de bureau repr\u00e9sentent la plus grande d\u00e9pense non g\u00e9r\u00e9e dans les entreprises d&#8217;aujourd&#8217;hui. Les co\u00fbts d&#8217;impression g\u00e9n\u00e9raux sont difficiles \u00e0 quantifier, puisque le co\u00fbt [&hellip;]\" \/>\n<meta property=\"og:url\" content=\"https:\/\/smartprint.com\/fr\/services-dimpressions-geres\/la-gestion-de-votre-environnement-dimpression\/\" \/>\n<meta property=\"og:site_name\" content=\"SmartPrint\" \/>\n<meta property=\"article:modified_time\" content=\"2017-12-14T22:28:39+00:00\" \/>\n<meta name=\"twitter:card\" content=\"summary_large_image\" \/>\n<meta name=\"twitter:label1\" content=\"Est. reading time\" \/>\n\t<meta name=\"twitter:data1\" content=\"2 minutes\" \/>\n<script type=\"application\/ld+json\" class=\"yoast-schema-graph\">{\"@context\":\"https:\\\/\\\/schema.org\",\"@graph\":[{\"@type\":\"WebPage\",\"@id\":\"https:\\\/\\\/smartprint.com\\\/fr\\\/services-dimpressions-geres\\\/la-gestion-de-votre-environnement-dimpression\\\/\",\"url\":\"https:\\\/\\\/smartprint.com\\\/fr\\\/services-dimpressions-geres\\\/la-gestion-de-votre-environnement-dimpression\\\/\",\"name\":\"La gestion de votre environnement d'impression - SmartPrint\",\"isPartOf\":{\"@id\":\"https:\\\/\\\/smartprint.com\\\/#website\"},\"datePublished\":\"2017-07-24T16:14:35+00:00\",\"dateModified\":\"2017-12-14T22:28:39+00:00\",\"breadcrumb\":{\"@id\":\"https:\\\/\\\/smartprint.com\\\/fr\\\/services-dimpressions-geres\\\/la-gestion-de-votre-environnement-dimpression\\\/#breadcrumb\"},\"inLanguage\":\"fr-FR\",\"potentialAction\":[{\"@type\":\"ReadAction\",\"target\":[\"https:\\\/\\\/smartprint.com\\\/fr\\\/services-dimpressions-geres\\\/la-gestion-de-votre-environnement-dimpression\\\/\"]}]},{\"@type\":\"BreadcrumbList\",\"@id\":\"https:\\\/\\\/smartprint.com\\\/fr\\\/services-dimpressions-geres\\\/la-gestion-de-votre-environnement-dimpression\\\/#breadcrumb\",\"itemListElement\":[{\"@type\":\"ListItem\",\"position\":1,\"name\":\"Accueil\",\"item\":\"https:\\\/\\\/smartprint.com\\\/fr\\\/\"},{\"@type\":\"ListItem\",\"position\":2,\"name\":\"Services d&#8217;Impressions G\u00e9r\u00e9s\",\"item\":\"https:\\\/\\\/smartprint.com\\\/fr\\\/services-dimpressions-geres\\\/\"},{\"@type\":\"ListItem\",\"position\":3,\"name\":\"La gestion de votre environnement d&#8217;impression\"}]},{\"@type\":\"WebSite\",\"@id\":\"https:\\\/\\\/smartprint.com\\\/#website\",\"url\":\"https:\\\/\\\/smartprint.com\\\/\",\"name\":\"SmartPrint\",\"description\":\"Services d&#039;Impression G\u00e9r\u00e9s\",\"potentialAction\":[{\"@type\":\"SearchAction\",\"target\":{\"@type\":\"EntryPoint\",\"urlTemplate\":\"https:\\\/\\\/smartprint.com\\\/?s={search_term_string}\"},\"query-input\":{\"@type\":\"PropertyValueSpecification\",\"valueRequired\":true,\"valueName\":\"search_term_string\"}}],\"inLanguage\":\"fr-FR\"}]}<\/script>\n<!-- \/ Yoast SEO plugin. -->","yoast_head_json":{"title":"La gestion de votre environnement d'impression - SmartPrint","robots":{"index":"index","follow":"follow","max-snippet":"max-snippet:-1","max-image-preview":"max-image-preview:large","max-video-preview":"max-video-preview:-1"},"canonical":"https:\/\/smartprint.com\/fr\/services-dimpressions-geres\/la-gestion-de-votre-environnement-dimpression\/","og_locale":"fr_FR","og_type":"article","og_title":"La gestion de votre environnement d'impression - SmartPrint","og_description":"Des impressions hors de contr\u00f4le = Des d\u00e9penses hors de contr\u00f4le La grande majorit\u00e9 des entreprises actuelles n&#8217;ont aucune id\u00e9e de ce qu&#8217;elles consacrent \u00e0 l&#8217;impression de bureau. Les co\u00fbts d&#8217;impression de bureau repr\u00e9sentent la plus grande d\u00e9pense non g\u00e9r\u00e9e dans les entreprises d&#8217;aujourd&#8217;hui. Les co\u00fbts d&#8217;impression g\u00e9n\u00e9raux sont difficiles \u00e0 quantifier, puisque le co\u00fbt [&hellip;]","og_url":"https:\/\/smartprint.com\/fr\/services-dimpressions-geres\/la-gestion-de-votre-environnement-dimpression\/","og_site_name":"SmartPrint","article_modified_time":"2017-12-14T22:28:39+00:00","twitter_card":"summary_large_image","twitter_misc":{"Est. reading time":"2 minutes"},"schema":{"@context":"https:\/\/schema.org","@graph":[{"@type":"WebPage","@id":"https:\/\/smartprint.com\/fr\/services-dimpressions-geres\/la-gestion-de-votre-environnement-dimpression\/","url":"https:\/\/smartprint.com\/fr\/services-dimpressions-geres\/la-gestion-de-votre-environnement-dimpression\/","name":"La gestion de votre environnement d'impression - SmartPrint","isPartOf":{"@id":"https:\/\/smartprint.com\/#website"},"datePublished":"2017-07-24T16:14:35+00:00","dateModified":"2017-12-14T22:28:39+00:00","breadcrumb":{"@id":"https:\/\/smartprint.com\/fr\/services-dimpressions-geres\/la-gestion-de-votre-environnement-dimpression\/#breadcrumb"},"inLanguage":"fr-FR","potentialAction":[{"@type":"ReadAction","target":["https:\/\/smartprint.com\/fr\/services-dimpressions-geres\/la-gestion-de-votre-environnement-dimpression\/"]}]},{"@type":"BreadcrumbList","@id":"https:\/\/smartprint.com\/fr\/services-dimpressions-geres\/la-gestion-de-votre-environnement-dimpression\/#breadcrumb","itemListElement":[{"@type":"ListItem","position":1,"name":"Accueil","item":"https:\/\/smartprint.com\/fr\/"},{"@type":"ListItem","position":2,"name":"Services d&#8217;Impressions G\u00e9r\u00e9s","item":"https:\/\/smartprint.com\/fr\/services-dimpressions-geres\/"},{"@type":"ListItem","position":3,"name":"La gestion de votre environnement d&#8217;impression"}]},{"@type":"WebSite","@id":"https:\/\/smartprint.com\/#website","url":"https:\/\/smartprint.com\/","name":"SmartPrint","description":"Services d&#039;Impression G\u00e9r\u00e9s","potentialAction":[{"@type":"SearchAction","target":{"@type":"EntryPoint","urlTemplate":"https:\/\/smartprint.com\/?s={search_term_string}"},"query-input":{"@type":"PropertyValueSpecification","valueRequired":true,"valueName":"search_term_string"}}],"inLanguage":"fr-FR"}]}},"_links":{"self":[{"href":"https:\/\/smartprint.com\/fr\/wp-json\/wp\/v2\/pages\/1647","targetHints":{"allow":["GET"]}}],"collection":[{"href":"https:\/\/smartprint.com\/fr\/wp-json\/wp\/v2\/pages"}],"about":[{"href":"https:\/\/smartprint.com\/fr\/wp-json\/wp\/v2\/types\/page"}],"author":[{"embeddable":true,"href":"https:\/\/smartprint.com\/fr\/wp-json\/wp\/v2\/users\/3"}],"replies":[{"embeddable":true,"href":"https:\/\/smartprint.com\/fr\/wp-json\/wp\/v2\/comments?post=1647"}],"version-history":[{"count":2,"href":"https:\/\/smartprint.com\/fr\/wp-json\/wp\/v2\/pages\/1647\/revisions"}],"predecessor-version":[{"id":2702,"href":"https:\/\/smartprint.com\/fr\/wp-json\/wp\/v2\/pages\/1647\/revisions\/2702"}],"up":[{"embeddable":true,"href":"https:\/\/smartprint.com\/fr\/wp-json\/wp\/v2\/pages\/1595"}],"wp:attachment":[{"href":"https:\/\/smartprint.com\/fr\/wp-json\/wp\/v2\/media?parent=1647"}],"curies":[{"name":"wp","href":"https:\/\/api.w.org\/{rel}","templated":true}]}}