{"id":1648,"date":"2017-07-24T12:14:42","date_gmt":"2017-07-24T16:14:42","guid":{"rendered":"https:\/\/smartprint.com\/?page_id=1648\/"},"modified":"2019-04-02T10:12:40","modified_gmt":"2019-04-02T14:12:40","slug":"notre-expertise-sig-pour-soutenir-votre-environnement-dimpression","status":"publish","type":"page","link":"https:\/\/smartprint.com\/fr\/services-dimpressions-geres\/notre-expertise-sig-pour-soutenir-votre-environnement-dimpression\/","title":{"rendered":"Notre expertise SIG pour soutenir votre environnement d&#8217;impression"},"content":{"rendered":"<p>SmartPrint poss\u00e8de l&#8217;expertise des services d&#8217;impression g\u00e9r\u00e9s pour <a href=\"https:\/\/smartprint.com\/fr\/services-dimpressions-geres\/evaluation-de-votre-environnement-dimpression\/\">\u00e9valuer<\/a>, <a href=\"https:\/\/smartprint.com\/fr\/services-dimpressions-geres\/la-gestion-de-votre-environnement-dimpression\/\">g\u00e9rer<\/a> et <a href=\"https:\/\/smartprint.com\/fr\/services-dimpressions-geres\/optimisation-de-votre-environnement-dimpression\/\">optimiser <\/a>votre environnement d&#8217;impression afin de rationaliser le workflow de vos utilisateurs afin d&#8217;accro\u00eetre leur efficacit\u00e9 et de r\u00e9duire vos co\u00fbts.<\/p>\n<p>Les p\u00e9riph\u00e9riques d\u2019impression sont un \u00e9l\u00e9ment indispensable de l&#8217;\u00e9quipement de bureau, mais les probl\u00e8mes li\u00e9s \u00e0 l&#8217;imprimante sont une source constante de frustration pour les utilisateurs et les services d\u2019aide des TI. Le temps d&#8217;arr\u00eat de l&#8217;imprimante entra\u00eene une perte de productivit\u00e9 et un m\u00e9contentement des utilisateurs finaux &#8211; en particulier dans les entreprises qui d\u00e9pendent fortement de l&#8217;impression et qui n\u00e9cessitent la possibilit\u00e9 d&#8217;imprimer sur demande. Lorsque votre imprimante ne fonctionne pas, vous avez besoin de la mettre en service le plus rapidement possible.<\/p>\n<p>Chez SmartPrint, nous avons les personnes, l&#8217;exp\u00e9rience et la structure de soutien pour ramener rapidement votre environnement d&#8217;impression \u00e0 ses meilleures performances. Notre \u00e9quipe de support SIG est la meilleure et voici pourquoi:<\/p>\n<h3>Des techniciens certifi\u00e9s et des partenariats SIG<\/h3>\n<p>Les techniciens de SmartPrint sont certifi\u00e9s pour supporter les imprimantes \u00e0 l&#8217;int\u00e9rieur et \u00e0 l&#8217;ext\u00e9rieur de la garantie pour des marques telles que HP, Canon, Lexmark, Dell et Kyocera. Nous avons des <a href=\"https:\/\/smartprint.com\/fr\/propos-de-smartprint\/partenariats-et-associations-sig\/\">partenariats <\/a>avec les principales solutions d&#8217;impression de bureau &#8211; HP, Canon, Samsung, Ringdale, Nuance, Fujitsu, et nous veillons \u00e0 offrir un service et un support de premier ordre \u00e0 nos clients.<\/p>\n<p>Notre \u00e9quipe est form\u00e9e et a acc\u00e8s aux nombreuses ressources de ces partenaires, et s&#8217;assure que nos clients re\u00e7oivent le plus haut niveau de service pour leurs besoins d&#8217;impression. La plupart des flottes d&#8217;imprimantes sont constitu\u00e9es de plusieurs marques et mod\u00e8les qui requi\u00e8rent souvent l&#8217;assistance de fournisseurs de services multiples. Les certifications principales de SmartPrint fournissent un soutien en pla\u00e7ant un seul appel; et nous vous permettons de reprendre le cours normal de vos affaires, plus rapidement.<\/p>\n<h2>Notre exp\u00e9rience SIG<\/h2>\n<p>SmartPrint prend en charge les appareils d&#8217;impression bureautique depuis 1991. Si nos clients rencontrent un probl\u00e8me, il est fort possible que nous l&#8217;ayons d\u00e9j\u00e0 rencontr\u00e9 au pr\u00e9alable. Notre seul objectif est la gestion des services et solutions d\u2019impression pour accro\u00eetre l&#8217;efficacit\u00e9 de l&#8217;utilisateur.<\/p>\n<p>SmartPrint est le partenaire et int\u00e9grateur leader ind\u00e9pendant \u00e0 faire fonctionner les environnements d&#8217;impression de ses clients. SmartPrint dispose d&#8217;une \u00e9quipe de sp\u00e9cialistes qui travaillent en \u00e9troite collaboration avec les dirigeants d&#8217;entreprises, la \u00a0direction des technologies de l&#8217;information et les utilisateurs pour apporter de la valeur dans la r\u00e9solution de probl\u00e8mes complexes dans le domaine de l&#8217;impression et de de la num\u00e9risation de bureau. SmartPrint a form\u00e9 des directeurs qui dirigent des \u00e9quipes d&#8217;experts dans les services professionnels (juridiques, financiers, comptables, assurance), les soins de sant\u00e9 et la fabrication \/ distribution. Nous proposons des meilleures pratiques et des solutions qui peuvent permettre un avantage concurrentiel pour votre organisation.<\/p>\n<h3>Exp\u00e9ditions et suivi en ligne<\/h3>\n<p>SmartPrint offre un acc\u00e8s en temps r\u00e9el pour localiser et suivre les appels t\u00e9l\u00e9phoniques en ligne. Recevez des informations \u00e0 jour sur le moment o\u00f9 un appel est re\u00e7u, exp\u00e9di\u00e9 et compl\u00e9t\u00e9. Tous nos techniciens sont \u00e9quip\u00e9s d&#8217;appareils portables, de sorte que les appels de service sont trait\u00e9s instantan\u00e9ment avec toutes les informations utiles \u00e0 port\u00e9e de main. Tous nos v\u00e9hicules de service sont \u00e9quip\u00e9s d&#8217;un GPS, permettant \u00e0 notre coordonnateur de maximiser la couverture des services, en priorisant les demandes de service pour que votre environnement d&#8217;impression fonctionne rapidement.<\/p>\n<h3>Des v\u00e9hicules de service enti\u00e8rement \u00e9quip\u00e9s<\/h3>\n<p>Nos v\u00e9hicules SmartPrint sont enti\u00e8rement \u00e9quip\u00e9s de pi\u00e8ces de rechange pour un large \u00e9ventail de p\u00e9riph\u00e9riques d&#8217;impression et de marques. Les techniciens arrivent avec les \u00e9l\u00e9ments dont ils ont besoin pour mettre votre appareil en service \u00e0 la premi\u00e8re visite.<\/p>\n<h3>Un temps de r\u00e9ponse garanti<\/h3>\n<p>SmartPrint offre un temps de r\u00e9ponse garanti aux appels de service: prochain jour ouvrable, 4 heures sur site, ou m\u00eame un service d&#8217;urgence en 2 heures, le tout en fonction du niveau de service dont vous avez besoin.<\/p>\n<h3>Une couverture nationale<\/h3>\n<p>Beaucoup de clients de SmartPrint ont besoin d&#8217;un point de contact unique pour desservir leurs succursales \u00e0 travers le Canada. Notre \u00e9quipe de techniciens de service agr\u00e9\u00e9s offre une couverture partout au pays. Un seul appel \u00e0 SmartPrint et nous nous occupons du reste.<\/p>\n<p><strong>Vous voulez en apprendre d\u2019avantage sur l&#8217;expertise et l&#8217;\u00e9quipe de support des SIG de SmartPrint? Remplissez le formulaire ci-dessous et l\u2019un de nos repr\u00e9sentants du service \u00e0 la client\u00e8le vous r\u00e9pondra tr\u00e8s prochainement.<\/strong><\/p>\n<p><!-- [if lte IE 8]><script charset=\"utf-8\" type=\"text\/javascript\" src=\"\/\/js.hsforms.net\/forms\/v2-legacy.js\"><\/script><![endif]--><script charset=\"utf-8\" type=\"text\/javascript\" src=\"\/\/js.hsforms.net\/forms\/v2.js\"><\/script><script>\n  hbspt.forms.create({\n\tportalId: \"4215610\",\n\tformId: \"81459757-4bc9-4c2a-8523-98709c885553\",\n\tcss: \"\",\n\tsfdcCampaignId: \"7011W000000eOdHQAU\"\n});\n<\/script><\/p>\n","protected":false},"excerpt":{"rendered":"<p>SmartPrint poss\u00e8de l&#8217;expertise des services d&#8217;impression g\u00e9r\u00e9s pour \u00e9valuer, g\u00e9rer et optimiser votre environnement d&#8217;impression afin de rationaliser le workflow de vos utilisateurs afin d&#8217;accro\u00eetre leur efficacit\u00e9 et de r\u00e9duire vos co\u00fbts. Les p\u00e9riph\u00e9riques d\u2019impression sont un \u00e9l\u00e9ment indispensable de l&#8217;\u00e9quipement de bureau, mais les probl\u00e8mes li\u00e9s \u00e0 l&#8217;imprimante sont une source constante de frustration [&hellip;]<\/p>\n <a href=\"https:\/\/smartprint.com\/fr\/services-dimpressions-geres\/notre-expertise-sig-pour-soutenir-votre-environnement-dimpression\/\" class=\"more-link\" title=\"Read More\">En savoir plus<\/a>","protected":false},"author":3,"featured_media":0,"parent":1595,"menu_order":0,"comment_status":"closed","ping_status":"closed","template":"page-mps.php","meta":{"_acf_changed":false,"_et_pb_use_builder":"","_et_pb_old_content":"","_et_gb_content_width":"","content-type":"","footnotes":""},"class_list":["post-1648","page","type-page","status-publish","hentry"],"acf":[],"yoast_head":"<!-- This site is optimized with the Yoast SEO plugin v27.3 - https:\/\/yoast.com\/product\/yoast-seo-wordpress\/ -->\n<title>Notre expertise SIG pour soutenir votre environnement d&#039;impression - SmartPrint<\/title>\n<meta name=\"robots\" content=\"index, follow, max-snippet:-1, max-image-preview:large, max-video-preview:-1\" \/>\n<link rel=\"canonical\" href=\"https:\/\/smartprint.com\/fr\/services-dimpressions-geres\/notre-expertise-sig-pour-soutenir-votre-environnement-dimpression\/\" \/>\n<meta property=\"og:locale\" content=\"fr_FR\" \/>\n<meta property=\"og:type\" content=\"article\" \/>\n<meta property=\"og:title\" content=\"Notre expertise SIG pour soutenir votre environnement d&#039;impression - SmartPrint\" \/>\n<meta property=\"og:description\" content=\"SmartPrint poss\u00e8de l&#8217;expertise des services d&#8217;impression g\u00e9r\u00e9s pour \u00e9valuer, g\u00e9rer et optimiser votre environnement d&#8217;impression afin de rationaliser le workflow de vos utilisateurs afin d&#8217;accro\u00eetre leur efficacit\u00e9 et de r\u00e9duire vos co\u00fbts. Les p\u00e9riph\u00e9riques d\u2019impression sont un \u00e9l\u00e9ment indispensable de l&#8217;\u00e9quipement de bureau, mais les probl\u00e8mes li\u00e9s \u00e0 l&#8217;imprimante sont une source constante de frustration [&hellip;]\" \/>\n<meta property=\"og:url\" content=\"https:\/\/smartprint.com\/fr\/services-dimpressions-geres\/notre-expertise-sig-pour-soutenir-votre-environnement-dimpression\/\" \/>\n<meta property=\"og:site_name\" content=\"SmartPrint\" \/>\n<meta property=\"article:modified_time\" content=\"2019-04-02T14:12:40+00:00\" \/>\n<meta name=\"twitter:card\" content=\"summary_large_image\" \/>\n<meta name=\"twitter:label1\" content=\"Est. reading time\" \/>\n\t<meta name=\"twitter:data1\" content=\"4 minutes\" \/>\n<script type=\"application\/ld+json\" class=\"yoast-schema-graph\">{\"@context\":\"https:\\\/\\\/schema.org\",\"@graph\":[{\"@type\":\"WebPage\",\"@id\":\"https:\\\/\\\/smartprint.com\\\/fr\\\/services-dimpressions-geres\\\/notre-expertise-sig-pour-soutenir-votre-environnement-dimpression\\\/\",\"url\":\"https:\\\/\\\/smartprint.com\\\/fr\\\/services-dimpressions-geres\\\/notre-expertise-sig-pour-soutenir-votre-environnement-dimpression\\\/\",\"name\":\"Notre expertise SIG pour soutenir votre environnement d'impression - SmartPrint\",\"isPartOf\":{\"@id\":\"https:\\\/\\\/smartprint.com\\\/#website\"},\"datePublished\":\"2017-07-24T16:14:42+00:00\",\"dateModified\":\"2019-04-02T14:12:40+00:00\",\"breadcrumb\":{\"@id\":\"https:\\\/\\\/smartprint.com\\\/fr\\\/services-dimpressions-geres\\\/notre-expertise-sig-pour-soutenir-votre-environnement-dimpression\\\/#breadcrumb\"},\"inLanguage\":\"fr-FR\",\"potentialAction\":[{\"@type\":\"ReadAction\",\"target\":[\"https:\\\/\\\/smartprint.com\\\/fr\\\/services-dimpressions-geres\\\/notre-expertise-sig-pour-soutenir-votre-environnement-dimpression\\\/\"]}]},{\"@type\":\"BreadcrumbList\",\"@id\":\"https:\\\/\\\/smartprint.com\\\/fr\\\/services-dimpressions-geres\\\/notre-expertise-sig-pour-soutenir-votre-environnement-dimpression\\\/#breadcrumb\",\"itemListElement\":[{\"@type\":\"ListItem\",\"position\":1,\"name\":\"Accueil\",\"item\":\"https:\\\/\\\/smartprint.com\\\/fr\\\/\"},{\"@type\":\"ListItem\",\"position\":2,\"name\":\"Services d&#8217;Impressions G\u00e9r\u00e9s\",\"item\":\"https:\\\/\\\/smartprint.com\\\/fr\\\/services-dimpressions-geres\\\/\"},{\"@type\":\"ListItem\",\"position\":3,\"name\":\"Notre expertise SIG pour soutenir votre environnement d&#8217;impression\"}]},{\"@type\":\"WebSite\",\"@id\":\"https:\\\/\\\/smartprint.com\\\/#website\",\"url\":\"https:\\\/\\\/smartprint.com\\\/\",\"name\":\"SmartPrint\",\"description\":\"Services d&#039;Impression G\u00e9r\u00e9s\",\"potentialAction\":[{\"@type\":\"SearchAction\",\"target\":{\"@type\":\"EntryPoint\",\"urlTemplate\":\"https:\\\/\\\/smartprint.com\\\/?s={search_term_string}\"},\"query-input\":{\"@type\":\"PropertyValueSpecification\",\"valueRequired\":true,\"valueName\":\"search_term_string\"}}],\"inLanguage\":\"fr-FR\"}]}<\/script>\n<!-- \/ Yoast SEO plugin. -->","yoast_head_json":{"title":"Notre expertise SIG pour soutenir votre environnement d'impression - SmartPrint","robots":{"index":"index","follow":"follow","max-snippet":"max-snippet:-1","max-image-preview":"max-image-preview:large","max-video-preview":"max-video-preview:-1"},"canonical":"https:\/\/smartprint.com\/fr\/services-dimpressions-geres\/notre-expertise-sig-pour-soutenir-votre-environnement-dimpression\/","og_locale":"fr_FR","og_type":"article","og_title":"Notre expertise SIG pour soutenir votre environnement d'impression - SmartPrint","og_description":"SmartPrint poss\u00e8de l&#8217;expertise des services d&#8217;impression g\u00e9r\u00e9s pour \u00e9valuer, g\u00e9rer et optimiser votre environnement d&#8217;impression afin de rationaliser le workflow de vos utilisateurs afin d&#8217;accro\u00eetre leur efficacit\u00e9 et de r\u00e9duire vos co\u00fbts. Les p\u00e9riph\u00e9riques d\u2019impression sont un \u00e9l\u00e9ment indispensable de l&#8217;\u00e9quipement de bureau, mais les probl\u00e8mes li\u00e9s \u00e0 l&#8217;imprimante sont une source constante de frustration [&hellip;]","og_url":"https:\/\/smartprint.com\/fr\/services-dimpressions-geres\/notre-expertise-sig-pour-soutenir-votre-environnement-dimpression\/","og_site_name":"SmartPrint","article_modified_time":"2019-04-02T14:12:40+00:00","twitter_card":"summary_large_image","twitter_misc":{"Est. reading time":"4 minutes"},"schema":{"@context":"https:\/\/schema.org","@graph":[{"@type":"WebPage","@id":"https:\/\/smartprint.com\/fr\/services-dimpressions-geres\/notre-expertise-sig-pour-soutenir-votre-environnement-dimpression\/","url":"https:\/\/smartprint.com\/fr\/services-dimpressions-geres\/notre-expertise-sig-pour-soutenir-votre-environnement-dimpression\/","name":"Notre expertise SIG pour soutenir votre environnement d'impression - SmartPrint","isPartOf":{"@id":"https:\/\/smartprint.com\/#website"},"datePublished":"2017-07-24T16:14:42+00:00","dateModified":"2019-04-02T14:12:40+00:00","breadcrumb":{"@id":"https:\/\/smartprint.com\/fr\/services-dimpressions-geres\/notre-expertise-sig-pour-soutenir-votre-environnement-dimpression\/#breadcrumb"},"inLanguage":"fr-FR","potentialAction":[{"@type":"ReadAction","target":["https:\/\/smartprint.com\/fr\/services-dimpressions-geres\/notre-expertise-sig-pour-soutenir-votre-environnement-dimpression\/"]}]},{"@type":"BreadcrumbList","@id":"https:\/\/smartprint.com\/fr\/services-dimpressions-geres\/notre-expertise-sig-pour-soutenir-votre-environnement-dimpression\/#breadcrumb","itemListElement":[{"@type":"ListItem","position":1,"name":"Accueil","item":"https:\/\/smartprint.com\/fr\/"},{"@type":"ListItem","position":2,"name":"Services d&#8217;Impressions G\u00e9r\u00e9s","item":"https:\/\/smartprint.com\/fr\/services-dimpressions-geres\/"},{"@type":"ListItem","position":3,"name":"Notre expertise SIG pour soutenir votre environnement d&#8217;impression"}]},{"@type":"WebSite","@id":"https:\/\/smartprint.com\/#website","url":"https:\/\/smartprint.com\/","name":"SmartPrint","description":"Services d&#039;Impression G\u00e9r\u00e9s","potentialAction":[{"@type":"SearchAction","target":{"@type":"EntryPoint","urlTemplate":"https:\/\/smartprint.com\/?s={search_term_string}"},"query-input":{"@type":"PropertyValueSpecification","valueRequired":true,"valueName":"search_term_string"}}],"inLanguage":"fr-FR"}]}},"_links":{"self":[{"href":"https:\/\/smartprint.com\/fr\/wp-json\/wp\/v2\/pages\/1648","targetHints":{"allow":["GET"]}}],"collection":[{"href":"https:\/\/smartprint.com\/fr\/wp-json\/wp\/v2\/pages"}],"about":[{"href":"https:\/\/smartprint.com\/fr\/wp-json\/wp\/v2\/types\/page"}],"author":[{"embeddable":true,"href":"https:\/\/smartprint.com\/fr\/wp-json\/wp\/v2\/users\/3"}],"replies":[{"embeddable":true,"href":"https:\/\/smartprint.com\/fr\/wp-json\/wp\/v2\/comments?post=1648"}],"version-history":[{"count":4,"href":"https:\/\/smartprint.com\/fr\/wp-json\/wp\/v2\/pages\/1648\/revisions"}],"predecessor-version":[{"id":3545,"href":"https:\/\/smartprint.com\/fr\/wp-json\/wp\/v2\/pages\/1648\/revisions\/3545"}],"up":[{"embeddable":true,"href":"https:\/\/smartprint.com\/fr\/wp-json\/wp\/v2\/pages\/1595"}],"wp:attachment":[{"href":"https:\/\/smartprint.com\/fr\/wp-json\/wp\/v2\/media?parent=1648"}],"curies":[{"name":"wp","href":"https:\/\/api.w.org\/{rel}","templated":true}]}}