{"id":1649,"date":"2017-07-24T12:15:40","date_gmt":"2017-07-24T16:15:40","guid":{"rendered":"https:\/\/smartprint.com\/?page_id=1649\/"},"modified":"2018-05-31T15:57:02","modified_gmt":"2018-05-31T19:57:02","slug":"optimisation-de-votre-environnement-dimpression","status":"publish","type":"page","link":"https:\/\/smartprint.com\/fr\/services-dimpressions-geres\/optimisation-de-votre-environnement-dimpression\/","title":{"rendered":"Optimisation de votre environnement d&#8217;impression"},"content":{"rendered":"<h2>Services d&#8217;impressions G\u00e9r\u00e9s + Plan d&#8217;optimisation d&#8217;impressions = Jusqu&#8217;\u00e0 50% R\u00e9duction des co\u00fbts d&#8217;impression!<\/h2>\n<p>Les opportunit\u00e9s d&#8217;\u00e9conomies de co\u00fbts d&#8217;impression et les am\u00e9liorations de productivit\u00e9 sont continues et \u00e9voluent avec les changements dans votre entreprise. La gestion de l&#8217;environnement existant n&#8217;est que la premi\u00e8re \u00e9tape. La mise en \u0153uvre r\u00e9ussie de services d&#8217;impressions g\u00e9r\u00e9s sont un processus multi-phases qui s\u2019inscriventt dans la dur\u00e9e et non des solutions rapides et ponctuelles.<\/p>\n<p>Les services d&#8217;impressions g\u00e9r\u00e9s (SIG) peuvent offrir une \u00e9conomie de 10% \u00e0 30% des co\u00fbts d&#8217;impression. Cependant, en mettant \u00e9galement en \u0153uvre des recommandations \u00e0 partir d&#8217;un plan d&#8217;optimisation d&#8217;impression personnalis\u00e9, votre organisation peut \u00e9conomiser 20% \u00e0 30% additionnels des co\u00fbts d&#8217;impression.<\/p>\n<h3>Comment optimiser l&#8217;impression pour r\u00e9aliser des \u00e9conomies consid\u00e9rables<\/h3>\n<p>Il est rare dans l&#8217;environnement commercial actuel de trouver une solution qui r\u00e9duit \u00e0 la fois les co\u00fbts et am\u00e9liore la productivit\u00e9 sans investissement de capital initial. La solution d&#8217;optimisation d&#8217;impression de SmartPrint permet aux entreprises de faire exactement cela\u00a0: Tirer profit de leur flotte d&#8217;imprimantes existante, tout en d\u00e9pensant moins.<\/p>\n<p>Comment une organisation optimise t\u2019elle l&#8217;impression de bureau?<\/p>\n<p>Faire un inventaire de vos appareils d&#8217;impression et de num\u00e9risation.<\/p>\n<ul>\n<li>Comprenez les tendances de l&#8217;environnement d&#8217;impression et de num\u00e9risation en regardant l&#8217;historique de la performance de l&#8217;appareil sur une p\u00e9riode de temps; Cette information est facilement disponible car elle est continuellement collect\u00e9e sur la flotte d&#8217;imprimantes. Au fil du temps, les tendances apparaissent, offrant une opportunit\u00e9 d&#8217;optimisation et de consolidation des p\u00e9riph\u00e9riques.<\/li>\n<li>Comprendre les co\u00fbts d&#8217;impression et d&#8217;imagerie directement \u00e0 chaque p\u00e9riph\u00e9rique sp\u00e9cifique. Chaque appareil poss\u00e8de une plage d&#8217;utilisation id\u00e9ale, mesur\u00e9e dans le nombre recommand\u00e9 de pages imprim\u00e9es par mois ou par cycle de service. Les co\u00fbts d&#8217;impression sont optimis\u00e9s lorsque l&#8217;utilisation r\u00e9elle du p\u00e9riph\u00e9rique est align\u00e9e avec son cycle de travail recommand\u00e9.<\/li>\n<li>Placez chaque p\u00e9riph\u00e9rique au bon endroit pour optimiser les co\u00fbts et r\u00e9pondre aux besoins des utilisateurs. Des \u00e9conomies substantielles sont observ\u00e9es lorsque vous alignez vos appareils les plus rentables avec vos zones de volume les plus \u00e9lev\u00e9es. SmartPrint utilise une vari\u00e9t\u00e9 de rapports pour identifier les p\u00e9riph\u00e9riques sur ou sous-utilis\u00e9s pour faire des recommandations pour r\u00e9aligner les emplacements des p\u00e9riph\u00e9riques en fonction du volume d&#8217;impression.<\/li>\n<\/ul>\n<p>Le r\u00e9sultat se traduit par les bons appareils aux les bons endroits, produisant le bon nombre de pages au co\u00fbt le plus bas.<\/p>\n<p>Au cours du processus d&#8217;optimisation, pendant que nous recueillons des donn\u00e9es et en apprenons davantage sur votre environnement d&#8217;impression, nous travaillons pour mettre en \u0153uvre un nouvel ensemble de meilleures pratiques. Le r\u00e9sultat final est un environnement d&#8217;impression et de num\u00e9risation finement calibr\u00e9 et hautement g\u00e9r\u00e9 et optimis\u00e9.<\/p>\n<p>Une fois install\u00e9e, la solution de services d&#8217;impressions g\u00e9r\u00e9s enti\u00e8rement optimis\u00e9e pour votre environnement d&#8217;impression peut exposer et \u00e9liminer un certain nombre de probl\u00e8mes d&#8217;impression:<\/p>\n<ul>\n<li>Des p\u00e9riph\u00e9riques incorrectement plac\u00e9s qui entra\u00eenent une utilisation excessive ou insuffisante et des utilisateurs inefficaces.<\/li>\n<li>P\u00e9riph\u00e9riques au co\u00fbt d&#8217;impression \u00e9lev\u00e9 qui produisent des volumes \u00e9lev\u00e9s d\u2019impressions.<\/li>\n<li>Impression couleur hors contr\u00f4le.<\/li>\n<li>Plusieurs appareils d&#8217;impression \u00e0 fonction unique plac\u00e9s c\u00f4te \u00e0 c\u00f4te entra\u00eenant une redondance et une flotte surcapitalis\u00e9e.<\/li>\n<li>Multiplication de dispositifs \u00e0 co\u00fbt \u00e9lev\u00e9 et connect\u00e9s localement sur les postes de travail sans tenir compte du co\u00fbt total de possession<\/li>\n<\/ul>\n<p><strong>Faites les premiers pas pour optimiser votre environnement d&#8217;impression en remplissant le formulaire ci-dessous pour l&#8217;\u00e9valuation sans obligation de votre environnement d&#8217;impression.<\/strong><\/p>\n<p><!--[if lte IE 8]><script charset=\"utf-8\" type=\"text\/javascript\" src=\"\/\/js.hsforms.net\/forms\/v2-legacy.js\"><\/script><![endif]--><script charset=\"utf-8\" type=\"text\/javascript\" src=\"\/\/js.hsforms.net\/forms\/v2.js\"><\/script><script>\n  hbspt.forms.create({\n\tportalId: \"4215610\",\n\tformId: \"b070a9a8-9c5b-4a48-b6ae-e063d09d742b\",\n\tcss: \"\",\n\tsfdcCampaignId: \"7011W000000eOdRQAU\"\n});\n<\/script><\/p>\n","protected":false},"excerpt":{"rendered":"<p>Services d&#8217;impressions G\u00e9r\u00e9s + Plan d&#8217;optimisation d&#8217;impressions = Jusqu&#8217;\u00e0 50% R\u00e9duction des co\u00fbts d&#8217;impression! Les opportunit\u00e9s d&#8217;\u00e9conomies de co\u00fbts d&#8217;impression et les am\u00e9liorations de productivit\u00e9 sont continues et \u00e9voluent avec les changements dans votre entreprise. La gestion de l&#8217;environnement existant n&#8217;est que la premi\u00e8re \u00e9tape. La mise en \u0153uvre r\u00e9ussie de services d&#8217;impressions g\u00e9r\u00e9s sont [&hellip;]<\/p>\n <a href=\"https:\/\/smartprint.com\/fr\/services-dimpressions-geres\/optimisation-de-votre-environnement-dimpression\/\" class=\"more-link\" title=\"Read More\">En savoir plus<\/a>","protected":false},"author":3,"featured_media":0,"parent":1595,"menu_order":0,"comment_status":"closed","ping_status":"closed","template":"page-mps.php","meta":{"_acf_changed":false,"_et_pb_use_builder":"","_et_pb_old_content":"","_et_gb_content_width":"","content-type":"","footnotes":""},"class_list":["post-1649","page","type-page","status-publish","hentry"],"acf":[],"yoast_head":"<!-- This site is optimized with the Yoast SEO plugin v27.3 - https:\/\/yoast.com\/product\/yoast-seo-wordpress\/ -->\n<title>Optimisation de votre environnement d&#039;impression - SmartPrint<\/title>\n<meta name=\"robots\" content=\"index, follow, max-snippet:-1, max-image-preview:large, max-video-preview:-1\" \/>\n<link rel=\"canonical\" href=\"https:\/\/smartprint.com\/fr\/services-dimpressions-geres\/optimisation-de-votre-environnement-dimpression\/\" \/>\n<meta property=\"og:locale\" content=\"fr_FR\" \/>\n<meta property=\"og:type\" content=\"article\" \/>\n<meta property=\"og:title\" content=\"Optimisation de votre environnement d&#039;impression - SmartPrint\" \/>\n<meta property=\"og:description\" content=\"Services d&#8217;impressions G\u00e9r\u00e9s + Plan d&#8217;optimisation d&#8217;impressions = Jusqu&#8217;\u00e0 50% R\u00e9duction des co\u00fbts d&#8217;impression! Les opportunit\u00e9s d&#8217;\u00e9conomies de co\u00fbts d&#8217;impression et les am\u00e9liorations de productivit\u00e9 sont continues et \u00e9voluent avec les changements dans votre entreprise. La gestion de l&#8217;environnement existant n&#8217;est que la premi\u00e8re \u00e9tape. La mise en \u0153uvre r\u00e9ussie de services d&#8217;impressions g\u00e9r\u00e9s sont [&hellip;]\" \/>\n<meta property=\"og:url\" content=\"https:\/\/smartprint.com\/fr\/services-dimpressions-geres\/optimisation-de-votre-environnement-dimpression\/\" \/>\n<meta property=\"og:site_name\" content=\"SmartPrint\" \/>\n<meta property=\"article:modified_time\" content=\"2018-05-31T19:57:02+00:00\" \/>\n<meta name=\"twitter:card\" content=\"summary_large_image\" \/>\n<meta name=\"twitter:label1\" content=\"Est. reading time\" \/>\n\t<meta name=\"twitter:data1\" content=\"3 minutes\" \/>\n<script type=\"application\/ld+json\" class=\"yoast-schema-graph\">{\"@context\":\"https:\\\/\\\/schema.org\",\"@graph\":[{\"@type\":\"WebPage\",\"@id\":\"https:\\\/\\\/smartprint.com\\\/fr\\\/services-dimpressions-geres\\\/optimisation-de-votre-environnement-dimpression\\\/\",\"url\":\"https:\\\/\\\/smartprint.com\\\/fr\\\/services-dimpressions-geres\\\/optimisation-de-votre-environnement-dimpression\\\/\",\"name\":\"Optimisation de votre environnement d'impression - SmartPrint\",\"isPartOf\":{\"@id\":\"https:\\\/\\\/smartprint.com\\\/#website\"},\"datePublished\":\"2017-07-24T16:15:40+00:00\",\"dateModified\":\"2018-05-31T19:57:02+00:00\",\"breadcrumb\":{\"@id\":\"https:\\\/\\\/smartprint.com\\\/fr\\\/services-dimpressions-geres\\\/optimisation-de-votre-environnement-dimpression\\\/#breadcrumb\"},\"inLanguage\":\"fr-FR\",\"potentialAction\":[{\"@type\":\"ReadAction\",\"target\":[\"https:\\\/\\\/smartprint.com\\\/fr\\\/services-dimpressions-geres\\\/optimisation-de-votre-environnement-dimpression\\\/\"]}]},{\"@type\":\"BreadcrumbList\",\"@id\":\"https:\\\/\\\/smartprint.com\\\/fr\\\/services-dimpressions-geres\\\/optimisation-de-votre-environnement-dimpression\\\/#breadcrumb\",\"itemListElement\":[{\"@type\":\"ListItem\",\"position\":1,\"name\":\"Accueil\",\"item\":\"https:\\\/\\\/smartprint.com\\\/fr\\\/\"},{\"@type\":\"ListItem\",\"position\":2,\"name\":\"Services d&#8217;Impressions G\u00e9r\u00e9s\",\"item\":\"https:\\\/\\\/smartprint.com\\\/fr\\\/services-dimpressions-geres\\\/\"},{\"@type\":\"ListItem\",\"position\":3,\"name\":\"Optimisation de votre environnement d&#8217;impression\"}]},{\"@type\":\"WebSite\",\"@id\":\"https:\\\/\\\/smartprint.com\\\/#website\",\"url\":\"https:\\\/\\\/smartprint.com\\\/\",\"name\":\"SmartPrint\",\"description\":\"Services d&#039;Impression G\u00e9r\u00e9s\",\"potentialAction\":[{\"@type\":\"SearchAction\",\"target\":{\"@type\":\"EntryPoint\",\"urlTemplate\":\"https:\\\/\\\/smartprint.com\\\/?s={search_term_string}\"},\"query-input\":{\"@type\":\"PropertyValueSpecification\",\"valueRequired\":true,\"valueName\":\"search_term_string\"}}],\"inLanguage\":\"fr-FR\"}]}<\/script>\n<!-- \/ Yoast SEO plugin. -->","yoast_head_json":{"title":"Optimisation de votre environnement d'impression - SmartPrint","robots":{"index":"index","follow":"follow","max-snippet":"max-snippet:-1","max-image-preview":"max-image-preview:large","max-video-preview":"max-video-preview:-1"},"canonical":"https:\/\/smartprint.com\/fr\/services-dimpressions-geres\/optimisation-de-votre-environnement-dimpression\/","og_locale":"fr_FR","og_type":"article","og_title":"Optimisation de votre environnement d'impression - SmartPrint","og_description":"Services d&#8217;impressions G\u00e9r\u00e9s + Plan d&#8217;optimisation d&#8217;impressions = Jusqu&#8217;\u00e0 50% R\u00e9duction des co\u00fbts d&#8217;impression! Les opportunit\u00e9s d&#8217;\u00e9conomies de co\u00fbts d&#8217;impression et les am\u00e9liorations de productivit\u00e9 sont continues et \u00e9voluent avec les changements dans votre entreprise. La gestion de l&#8217;environnement existant n&#8217;est que la premi\u00e8re \u00e9tape. La mise en \u0153uvre r\u00e9ussie de services d&#8217;impressions g\u00e9r\u00e9s sont [&hellip;]","og_url":"https:\/\/smartprint.com\/fr\/services-dimpressions-geres\/optimisation-de-votre-environnement-dimpression\/","og_site_name":"SmartPrint","article_modified_time":"2018-05-31T19:57:02+00:00","twitter_card":"summary_large_image","twitter_misc":{"Est. reading time":"3 minutes"},"schema":{"@context":"https:\/\/schema.org","@graph":[{"@type":"WebPage","@id":"https:\/\/smartprint.com\/fr\/services-dimpressions-geres\/optimisation-de-votre-environnement-dimpression\/","url":"https:\/\/smartprint.com\/fr\/services-dimpressions-geres\/optimisation-de-votre-environnement-dimpression\/","name":"Optimisation de votre environnement d'impression - SmartPrint","isPartOf":{"@id":"https:\/\/smartprint.com\/#website"},"datePublished":"2017-07-24T16:15:40+00:00","dateModified":"2018-05-31T19:57:02+00:00","breadcrumb":{"@id":"https:\/\/smartprint.com\/fr\/services-dimpressions-geres\/optimisation-de-votre-environnement-dimpression\/#breadcrumb"},"inLanguage":"fr-FR","potentialAction":[{"@type":"ReadAction","target":["https:\/\/smartprint.com\/fr\/services-dimpressions-geres\/optimisation-de-votre-environnement-dimpression\/"]}]},{"@type":"BreadcrumbList","@id":"https:\/\/smartprint.com\/fr\/services-dimpressions-geres\/optimisation-de-votre-environnement-dimpression\/#breadcrumb","itemListElement":[{"@type":"ListItem","position":1,"name":"Accueil","item":"https:\/\/smartprint.com\/fr\/"},{"@type":"ListItem","position":2,"name":"Services d&#8217;Impressions G\u00e9r\u00e9s","item":"https:\/\/smartprint.com\/fr\/services-dimpressions-geres\/"},{"@type":"ListItem","position":3,"name":"Optimisation de votre environnement d&#8217;impression"}]},{"@type":"WebSite","@id":"https:\/\/smartprint.com\/#website","url":"https:\/\/smartprint.com\/","name":"SmartPrint","description":"Services d&#039;Impression G\u00e9r\u00e9s","potentialAction":[{"@type":"SearchAction","target":{"@type":"EntryPoint","urlTemplate":"https:\/\/smartprint.com\/?s={search_term_string}"},"query-input":{"@type":"PropertyValueSpecification","valueRequired":true,"valueName":"search_term_string"}}],"inLanguage":"fr-FR"}]}},"_links":{"self":[{"href":"https:\/\/smartprint.com\/fr\/wp-json\/wp\/v2\/pages\/1649","targetHints":{"allow":["GET"]}}],"collection":[{"href":"https:\/\/smartprint.com\/fr\/wp-json\/wp\/v2\/pages"}],"about":[{"href":"https:\/\/smartprint.com\/fr\/wp-json\/wp\/v2\/types\/page"}],"author":[{"embeddable":true,"href":"https:\/\/smartprint.com\/fr\/wp-json\/wp\/v2\/users\/3"}],"replies":[{"embeddable":true,"href":"https:\/\/smartprint.com\/fr\/wp-json\/wp\/v2\/comments?post=1649"}],"version-history":[{"count":2,"href":"https:\/\/smartprint.com\/fr\/wp-json\/wp\/v2\/pages\/1649\/revisions"}],"predecessor-version":[{"id":3110,"href":"https:\/\/smartprint.com\/fr\/wp-json\/wp\/v2\/pages\/1649\/revisions\/3110"}],"up":[{"embeddable":true,"href":"https:\/\/smartprint.com\/fr\/wp-json\/wp\/v2\/pages\/1595"}],"wp:attachment":[{"href":"https:\/\/smartprint.com\/fr\/wp-json\/wp\/v2\/media?parent=1649"}],"curies":[{"name":"wp","href":"https:\/\/api.w.org\/{rel}","templated":true}]}}