{"id":1650,"date":"2017-07-24T12:15:54","date_gmt":"2017-07-24T16:15:54","guid":{"rendered":"https:\/\/smartprint.com\/?page_id=1650\/"},"modified":"2017-11-29T11:16:08","modified_gmt":"2017-11-29T15:16:08","slug":"etude-de-cas-sig","status":"publish","type":"page","link":"https:\/\/smartprint.com\/fr\/etude-de-cas-sig\/","title":{"rendered":"\u00c9tude de cas SIG"},"content":{"rendered":"<h1>Contenu pouss\u00e9 dynamiquement par le mod\u00e8le d&#8217;\u00e9tudes de cas<\/h1>\n<h1>\u00e0 droite&gt;&gt;&gt;&gt;&gt;<\/h1>\n","protected":false},"excerpt":{"rendered":"<p>Contenu pouss\u00e9 dynamiquement par le mod\u00e8le d&#8217;\u00e9tudes de cas \u00e0 droite&gt;&gt;&gt;&gt;&gt;<\/p>\n <a href=\"https:\/\/smartprint.com\/fr\/etude-de-cas-sig\/\" class=\"more-link\" title=\"Read More\">En savoir plus<\/a>","protected":false},"author":3,"featured_media":0,"parent":0,"menu_order":0,"comment_status":"closed","ping_status":"closed","template":"page-case-studies.php","meta":{"_acf_changed":false,"_et_pb_use_builder":"off","_et_pb_old_content":"<p>Clipper tender line chase league grog Jolly Roger log hornswaggle swing the lead. Crow's nest clap of thunder me schooner landlubber or just lubber execution dock red ensign topmast Letter of Marque bucko. Black jack Spanish Main bilge no prey, no pay line warp starboard main sheet topgallant bilged on her anchor.<\/p><p>Provost gangway Blimey come about rutters smartly yo-ho-ho handsomely bilge rat maroon. Red ensign league long clothes American Main belay snow keelhaul cog hearties haul wind. Hogshead chantey Davy Jones' Locker brig furl brigantine Brethren of the Coast bring a spring upon her cable pressgang chase.<\/p><p>Bucko scallywag carouser topsail nipperkin Davy Jones' Locker sutler nipper no prey, no pay Spanish Main. Galleon strike colors gaff hail-shot fire ship chase guns plunder tender Nelsons folly no prey, no pay. Gangplank fluke pink smartly barkadeer hang the jib wherry come about bucko coxswain.<\/p>","_et_gb_content_width":"","content-type":"","footnotes":""},"class_list":["post-1650","page","type-page","status-publish","hentry"],"acf":[],"yoast_head":"<!-- This site is optimized with the Yoast SEO plugin v27.4 - https:\/\/yoast.com\/product\/yoast-seo-wordpress\/ -->\n<title>\u00c9tude de cas SIG - SmartPrint<\/title>\n<meta name=\"robots\" content=\"index, follow, max-snippet:-1, max-image-preview:large, max-video-preview:-1\" \/>\n<link rel=\"canonical\" href=\"https:\/\/smartprint.com\/fr\/etude-de-cas-sig\/\" \/>\n<meta property=\"og:locale\" content=\"fr_FR\" \/>\n<meta property=\"og:type\" content=\"article\" \/>\n<meta property=\"og:title\" content=\"\u00c9tude de cas SIG - SmartPrint\" \/>\n<meta property=\"og:description\" content=\"Contenu pouss\u00e9 dynamiquement par le mod\u00e8le d&#8217;\u00e9tudes de cas \u00e0 droite&gt;&gt;&gt;&gt;&gt;\" \/>\n<meta property=\"og:url\" content=\"https:\/\/smartprint.com\/fr\/etude-de-cas-sig\/\" \/>\n<meta property=\"og:site_name\" content=\"SmartPrint\" \/>\n<meta property=\"article:modified_time\" content=\"2017-11-29T15:16:08+00:00\" \/>\n<meta name=\"twitter:card\" content=\"summary_large_image\" \/>\n<script type=\"application\/ld+json\" class=\"yoast-schema-graph\">{\"@context\":\"https:\\\/\\\/schema.org\",\"@graph\":[{\"@type\":\"WebPage\",\"@id\":\"https:\\\/\\\/smartprint.com\\\/fr\\\/etude-de-cas-sig\\\/\",\"url\":\"https:\\\/\\\/smartprint.com\\\/fr\\\/etude-de-cas-sig\\\/\",\"name\":\"\u00c9tude de cas SIG - SmartPrint\",\"isPartOf\":{\"@id\":\"https:\\\/\\\/smartprint.com\\\/#website\"},\"datePublished\":\"2017-07-24T16:15:54+00:00\",\"dateModified\":\"2017-11-29T15:16:08+00:00\",\"breadcrumb\":{\"@id\":\"https:\\\/\\\/smartprint.com\\\/fr\\\/etude-de-cas-sig\\\/#breadcrumb\"},\"inLanguage\":\"fr-FR\",\"potentialAction\":[{\"@type\":\"ReadAction\",\"target\":[\"https:\\\/\\\/smartprint.com\\\/fr\\\/etude-de-cas-sig\\\/\"]}]},{\"@type\":\"BreadcrumbList\",\"@id\":\"https:\\\/\\\/smartprint.com\\\/fr\\\/etude-de-cas-sig\\\/#breadcrumb\",\"itemListElement\":[{\"@type\":\"ListItem\",\"position\":1,\"name\":\"Accueil\",\"item\":\"https:\\\/\\\/smartprint.com\\\/fr\\\/\"},{\"@type\":\"ListItem\",\"position\":2,\"name\":\"\u00c9tude de cas SIG\"}]},{\"@type\":\"WebSite\",\"@id\":\"https:\\\/\\\/smartprint.com\\\/#website\",\"url\":\"https:\\\/\\\/smartprint.com\\\/\",\"name\":\"SmartPrint\",\"description\":\"Services d&#039;Impression G\u00e9r\u00e9s\",\"potentialAction\":[{\"@type\":\"SearchAction\",\"target\":{\"@type\":\"EntryPoint\",\"urlTemplate\":\"https:\\\/\\\/smartprint.com\\\/?s={search_term_string}\"},\"query-input\":{\"@type\":\"PropertyValueSpecification\",\"valueRequired\":true,\"valueName\":\"search_term_string\"}}],\"inLanguage\":\"fr-FR\"}]}<\/script>\n<!-- \/ Yoast SEO plugin. -->","yoast_head_json":{"title":"\u00c9tude de cas SIG - SmartPrint","robots":{"index":"index","follow":"follow","max-snippet":"max-snippet:-1","max-image-preview":"max-image-preview:large","max-video-preview":"max-video-preview:-1"},"canonical":"https:\/\/smartprint.com\/fr\/etude-de-cas-sig\/","og_locale":"fr_FR","og_type":"article","og_title":"\u00c9tude de cas SIG - SmartPrint","og_description":"Contenu pouss\u00e9 dynamiquement par le mod\u00e8le d&#8217;\u00e9tudes de cas \u00e0 droite&gt;&gt;&gt;&gt;&gt;","og_url":"https:\/\/smartprint.com\/fr\/etude-de-cas-sig\/","og_site_name":"SmartPrint","article_modified_time":"2017-11-29T15:16:08+00:00","twitter_card":"summary_large_image","schema":{"@context":"https:\/\/schema.org","@graph":[{"@type":"WebPage","@id":"https:\/\/smartprint.com\/fr\/etude-de-cas-sig\/","url":"https:\/\/smartprint.com\/fr\/etude-de-cas-sig\/","name":"\u00c9tude de cas SIG - SmartPrint","isPartOf":{"@id":"https:\/\/smartprint.com\/#website"},"datePublished":"2017-07-24T16:15:54+00:00","dateModified":"2017-11-29T15:16:08+00:00","breadcrumb":{"@id":"https:\/\/smartprint.com\/fr\/etude-de-cas-sig\/#breadcrumb"},"inLanguage":"fr-FR","potentialAction":[{"@type":"ReadAction","target":["https:\/\/smartprint.com\/fr\/etude-de-cas-sig\/"]}]},{"@type":"BreadcrumbList","@id":"https:\/\/smartprint.com\/fr\/etude-de-cas-sig\/#breadcrumb","itemListElement":[{"@type":"ListItem","position":1,"name":"Accueil","item":"https:\/\/smartprint.com\/fr\/"},{"@type":"ListItem","position":2,"name":"\u00c9tude de cas SIG"}]},{"@type":"WebSite","@id":"https:\/\/smartprint.com\/#website","url":"https:\/\/smartprint.com\/","name":"SmartPrint","description":"Services d&#039;Impression G\u00e9r\u00e9s","potentialAction":[{"@type":"SearchAction","target":{"@type":"EntryPoint","urlTemplate":"https:\/\/smartprint.com\/?s={search_term_string}"},"query-input":{"@type":"PropertyValueSpecification","valueRequired":true,"valueName":"search_term_string"}}],"inLanguage":"fr-FR"}]}},"_links":{"self":[{"href":"https:\/\/smartprint.com\/fr\/wp-json\/wp\/v2\/pages\/1650","targetHints":{"allow":["GET"]}}],"collection":[{"href":"https:\/\/smartprint.com\/fr\/wp-json\/wp\/v2\/pages"}],"about":[{"href":"https:\/\/smartprint.com\/fr\/wp-json\/wp\/v2\/types\/page"}],"author":[{"embeddable":true,"href":"https:\/\/smartprint.com\/fr\/wp-json\/wp\/v2\/users\/3"}],"replies":[{"embeddable":true,"href":"https:\/\/smartprint.com\/fr\/wp-json\/wp\/v2\/comments?post=1650"}],"version-history":[{"count":5,"href":"https:\/\/smartprint.com\/fr\/wp-json\/wp\/v2\/pages\/1650\/revisions"}],"predecessor-version":[{"id":2244,"href":"https:\/\/smartprint.com\/fr\/wp-json\/wp\/v2\/pages\/1650\/revisions\/2244"}],"wp:attachment":[{"href":"https:\/\/smartprint.com\/fr\/wp-json\/wp\/v2\/media?parent=1650"}],"curies":[{"name":"wp","href":"https:\/\/api.w.org\/{rel}","templated":true}]}}