{"id":1651,"date":"2017-07-24T12:16:00","date_gmt":"2017-07-24T16:16:00","guid":{"rendered":"https:\/\/smartprint.com\/?page_id=1651\/"},"modified":"2018-05-31T15:58:44","modified_gmt":"2018-05-31T19:58:44","slug":"solutions-dimpression-par-industrie","status":"publish","type":"page","link":"https:\/\/smartprint.com\/fr\/solutions-dimpression-par-industrie\/","title":{"rendered":"Solutions d&#8217;impression par industrie"},"content":{"rendered":"<p>[et_pb_section bb_built=&#8221;1&#8243; admin_label=&#8221;section&#8221; transparent_background_fb=&#8221;default&#8221; _builder_version=&#8221;3.0.47&#8243;][et_pb_row admin_label=&#8221;row&#8221; _builder_version=&#8221;3.0.47&#8243; background_size=&#8221;initial&#8221; background_position=&#8221;top_left&#8221; background_repeat=&#8221;repeat&#8221;][et_pb_column type=&#8221;4_4&#8243;][et_pb_text _builder_version=&#8221;3.0.64&#8243; background_size=&#8221;initial&#8221; background_position=&#8221;top_left&#8221; background_repeat=&#8221;repeat&#8221;]<\/p>\n<p>La priorit\u00e9 des services d&#8217;impressions g\u00e9r\u00e9s est diff\u00e9rente pour chaque industrie et chaque organisation. Chez SmartPrint, nous avons travaill\u00e9 avec de nombreux types d&#8217;organisations dans de nombreuses industries. Nous comprenons les priorit\u00e9s d&#8217;impression et de num\u00e9risation associ\u00e9es sp\u00e9cifiquement \u00e0 ces industries.<\/p>\n<p>[\/et_pb_text][\/et_pb_column][\/et_pb_row][\/et_pb_section][et_pb_section bb_built=&#8221;1&#8243; transparent_background_fb=&#8221;on&#8221; padding_mobile=&#8221;off&#8221; _builder_version=&#8221;3.0.47&#8243;][et_pb_row _builder_version=&#8221;3.0.64&#8243; background_size=&#8221;initial&#8221; background_position=&#8221;top_left&#8221; background_repeat=&#8221;repeat&#8221;][et_pb_column type=&#8221;1_3&#8243;][et_pb_blurb admin_label=&#8221;Healthcare&#8221; title=&#8221;SERVICES D&#8217;IMPRESSIONS G\u00c9R\u00c9S pour l\u2019industrie des soins de sant\u00e9&#8221; url=&#8221;\/fr\/solutions-dimpression-par-industrie\/services-dimpressions-geres-dans-lindustrie-des-soins-de-sante\/&#8221; image=&#8221;https:\/\/smartprint.com\/wp-content\/uploads\/2016\/01\/healthcare.jpg&#8221; animation=&#8221;off&#8221; text_orientation=&#8221;center&#8221; _builder_version=&#8221;3.0.64&#8243; background_size=&#8221;initial&#8221; background_position=&#8221;top_left&#8221; background_repeat=&#8221;repeat&#8221; url_new_window=&#8221;off&#8221; use_icon=&#8221;off&#8221; use_circle=&#8221;off&#8221; use_circle_border=&#8221;off&#8221; icon_placement=&#8221;top&#8221; use_icon_font_size=&#8221;off&#8221; background_layout=&#8221;light&#8221; border_style=&#8221;solid&#8221;]<\/p>\n<h3 class=\"p1\" style=\"text-align: center;\"><span class=\"s1\"><strong>Priorit\u00e9\u00a0n \u00b0 1:<\/strong><br \/>\nAm\u00e9liorer les soins aux patients et r\u00e9duire le temps d&#8217;attente en implantant un workflow num\u00e9rique.<\/span><\/h3>\n<p>[\/et_pb_blurb][\/et_pb_column][et_pb_column type=&#8221;1_3&#8243;][et_pb_blurb admin_label=&#8221;Manufacturing&#8221; title=&#8221;SERVICES D\u2019IMPRESSIONS G\u00c9R\u00c9S POUR LA FABRICATION&#8221; url=&#8221;https:\/\/smartprint.com\/fr\/solutions-dimpression-par-industrie\/services-dimpression-geres-pour-lindustrie-de-la-fabrication-et-de-la-distribution\/&#8221; image=&#8221;https:\/\/smartprint.com\/wp-content\/uploads\/2016\/03\/manufacturing-managed-print-services-2.jpg&#8221; animation=&#8221;off&#8221; text_orientation=&#8221;center&#8221; _builder_version=&#8221;3.0.64&#8243; background_size=&#8221;initial&#8221; background_position=&#8221;top_left&#8221; background_repeat=&#8221;repeat&#8221; url_new_window=&#8221;off&#8221; use_icon=&#8221;off&#8221; use_circle=&#8221;off&#8221; use_circle_border=&#8221;off&#8221; icon_placement=&#8221;top&#8221; use_icon_font_size=&#8221;off&#8221; background_layout=&#8221;light&#8221; border_style=&#8221;solid&#8221;]<\/p>\n<h3 class=\"p1\" style=\"text-align: center;\"><span class=\"s1\"><strong>Priorit\u00e9\u00a0n \u00b0 1:<\/strong><br \/>\nAm\u00e9liorer constamment l&#8217;efficacit\u00e9 et r\u00e9duire le risque<\/span><\/h3>\n<p>[\/et_pb_blurb][\/et_pb_column][et_pb_column type=&#8221;1_3&#8243;][et_pb_blurb admin_label=&#8221;Law Firms&#8221; title=&#8221;Services d\u2019impression g\u00e9r\u00e9s pour cabinets d&#8217;avocats&#8221; url=&#8221;\/fr\/solutions-dimpression-par-industrie\/services-dimpressions-geres-pour-cabinets-davocats\/&#8221; image=&#8221;https:\/\/smartprint.com\/wp-content\/uploads\/2016\/01\/legal.jpg&#8221; alt=&#8221;managed print services for law firms&#8221; animation=&#8221;off&#8221; text_orientation=&#8221;center&#8221; _builder_version=&#8221;3.0.64&#8243; background_size=&#8221;initial&#8221; background_position=&#8221;top_left&#8221; background_repeat=&#8221;repeat&#8221; url_new_window=&#8221;off&#8221; use_icon=&#8221;off&#8221; use_circle=&#8221;off&#8221; use_circle_border=&#8221;off&#8221; icon_placement=&#8221;top&#8221; use_icon_font_size=&#8221;off&#8221; background_layout=&#8221;light&#8221; border_style=&#8221;solid&#8221;]<\/p>\n<h3 style=\"text-align: center;\"><strong>Priorit\u00e9&nbsp;n \u00b0 1:<\/strong><br \/>\nDes temps de disponibilit\u00e9 \u00e9lev\u00e9s&nbsp;pour les p\u00e9riph\u00e9riques d&#8217;impression et de num\u00e9risation pour des workflow simples et efficaces pour livrer des services juridiques \u00e0 temps, tout le temps.<\/h3>\n<p>[\/et_pb_blurb][\/et_pb_column][\/et_pb_row][et_pb_row _builder_version=&#8221;3.0.64&#8243; background_size=&#8221;initial&#8221; background_position=&#8221;top_left&#8221; background_repeat=&#8221;repeat&#8221;][et_pb_column type=&#8221;1_3&#8243;][et_pb_blurb admin_label=&#8221;Financial Services&#8221; title=&#8221;Services d&#8217;Impression G\u00e9r\u00e9s pour les entreprises de services financiers&#8221; url=&#8221;\/fr\/solutions-dimpression-par-industrie\/services-dimpressions-geres-pour-les-entreprises-de-services-financiers\/&#8221; image=&#8221;https:\/\/smartprint.com\/wp-content\/uploads\/2016\/01\/financial.jpg&#8221; alt=&#8221;financial printing managed print services&#8221; animation=&#8221;off&#8221; text_orientation=&#8221;center&#8221; _builder_version=&#8221;3.0.64&#8243; background_size=&#8221;initial&#8221; background_position=&#8221;top_left&#8221; background_repeat=&#8221;repeat&#8221; url_new_window=&#8221;off&#8221; use_icon=&#8221;off&#8221; use_circle=&#8221;off&#8221; use_circle_border=&#8221;off&#8221; icon_placement=&#8221;top&#8221; use_icon_font_size=&#8221;off&#8221; background_layout=&#8221;light&#8221; border_style=&#8221;solid&#8221;]<\/p>\n<h3 class=\"p1\" style=\"text-align: center;\"><span class=\"s1\"><strong>Priorit\u00e9 n \u00b0 1 :<\/strong><br \/>\nEfficacit\u00e9 du workflow, s\u00e9curit\u00e9 et conformit\u00e9 d\u2019audits. Acc\u00e8s aux informations importantes partout, \u00e0 tout moment et sur n&#8217;importe quel appareil.<\/span><\/h3>\n<p>[\/et_pb_blurb][\/et_pb_column][et_pb_column type=&#8221;1_3&#8243;][\/et_pb_column][et_pb_column type=&#8221;1_3&#8243;][et_pb_blurb admin_label=&#8221;Insurance&#8221; title=&#8221;Services d&#8217;Impressions G\u00e9r\u00e9s pour l\u2019industrie de l\u2019assurance&#8221; url=&#8221;\/fr\/solutions-dimpression-par-industrie\/services-dimpressions-geres-pour-lindustrie-de-lassurance\/&#8221; image=&#8221;https:\/\/smartprint.com\/wp-content\/uploads\/2016\/01\/insurance.jpg&#8221; animation=&#8221;off&#8221; text_orientation=&#8221;center&#8221; _builder_version=&#8221;3.0.64&#8243; background_size=&#8221;initial&#8221; background_position=&#8221;top_left&#8221; background_repeat=&#8221;repeat&#8221; url_new_window=&#8221;off&#8221; use_icon=&#8221;off&#8221; use_circle=&#8221;off&#8221; use_circle_border=&#8221;off&#8221; icon_placement=&#8221;top&#8221; use_icon_font_size=&#8221;off&#8221; background_layout=&#8221;light&#8221; border_style=&#8221;solid&#8221;]<\/p>\n<h3 class=\"p1\" style=\"text-align: center;\"><span class=\"s1\"><strong>Priorit\u00e9 n \u00b0 1:<\/strong><br \/>\nEfficacit\u00e9 op\u00e9rationnelle Et s\u00e9curit\u00e9.<\/span><\/h3>\n<p>[\/et_pb_blurb][\/et_pb_column][\/et_pb_row][\/et_pb_section][et_pb_section bb_built=&#8221;1&#8243; transparent_background_fb=&#8221;default&#8221; _builder_version=&#8221;3.0.47&#8243;][et_pb_row _builder_version=&#8221;3.0.47&#8243; background_size=&#8221;initial&#8221; background_position=&#8221;top_left&#8221; background_repeat=&#8221;repeat&#8221;][et_pb_column type=&#8221;4_4&#8243;][et_pb_text _builder_version=&#8221;3.0.64&#8243; background_size=&#8221;initial&#8221; background_position=&#8221;top_left&#8221; background_repeat=&#8221;repeat&#8221; background_layout=&#8221;light&#8221; text_orientation=&#8221;left&#8221; border_style=&#8221;solid&#8221;]<\/p>\n<h3>Remplissez le formulaire ci-dessous pour contacter un de nos sp\u00e9cialistes GSI. D\u00e9couvrez comment notre approche proactive de la gestion des services d\u2019impression combin\u00e9e \u00e0 notre expertise dans votre industrie sp\u00e9cifique peut aider votre entreprise \u00e0 contr\u00f4ler son environnement d&#8217;impression.<\/h3>\n<p><!--[if lte IE 8]><script charset=\"utf-8\" type=\"text\/javascript\" src=\"\/\/js.hsforms.net\/forms\/v2-legacy.js\"><\/script><![endif]--><script charset=\"utf-8\" type=\"text\/javascript\" src=\"\/\/js.hsforms.net\/forms\/v2.js\"><\/script><script>\n  hbspt.forms.create({\n\tportalId: \"4215610\",\n\tformId: \"d29826e3-82b9-40b0-aaa3-31144feb6a12\",\n\tcss: \"\",\n\tsfdcCampaignId: \"7011W000000eOdqQAE\"\n});\n<\/script><\/p>\n<p>[\/et_pb_text][\/et_pb_column][\/et_pb_row][\/et_pb_section]<\/p>\n","protected":false},"excerpt":{"rendered":"<p>La priorit\u00e9 des services d&#8217;impressions g\u00e9r\u00e9s&#8230;<\/p>\n <a href=\"https:\/\/smartprint.com\/fr\/solutions-dimpression-par-industrie\/\" class=\"more-link\" title=\"Read More\">En savoir plus<\/a>","protected":false},"author":3,"featured_media":0,"parent":0,"menu_order":0,"comment_status":"closed","ping_status":"closed","template":"page-full.php","meta":{"_acf_changed":false,"_et_pb_use_builder":"on","_et_pb_old_content":"<p>Clipper tender line chase league grog Jolly Roger log hornswaggle swing the lead. Crow's nest clap of thunder me schooner landlubber or just lubber execution dock red ensign topmast Letter of Marque bucko. Black jack Spanish Main bilge no prey, no pay line warp starboard main sheet topgallant bilged on her anchor.<\/p><p>Provost gangway Blimey come about rutters smartly yo-ho-ho handsomely bilge rat maroon. Red ensign league long clothes American Main belay snow keelhaul cog hearties haul wind. Hogshead chantey Davy Jones' Locker brig furl brigantine Brethren of the Coast bring a spring upon her cable pressgang chase.<\/p><p>Bucko scallywag carouser topsail nipperkin Davy Jones' Locker sutler nipper no prey, no pay Spanish Main. Galleon strike colors gaff hail-shot fire ship chase guns plunder tender Nelsons folly no prey, no pay. Gangplank fluke pink smartly barkadeer hang the jib wherry come about bucko coxswain.<\/p>","_et_gb_content_width":"","content-type":"","footnotes":""},"class_list":["post-1651","page","type-page","status-publish","hentry"],"acf":[],"yoast_head":"<!-- This site is optimized with the Yoast SEO plugin v27.4 - https:\/\/yoast.com\/product\/yoast-seo-wordpress\/ -->\n<title>Solutions d&#039;impression par industrie - SmartPrint<\/title>\n<meta name=\"robots\" content=\"index, follow, max-snippet:-1, max-image-preview:large, max-video-preview:-1\" \/>\n<link rel=\"canonical\" href=\"https:\/\/smartprint.com\/fr\/solutions-dimpression-par-industrie\/\" \/>\n<meta property=\"og:locale\" content=\"fr_FR\" \/>\n<meta property=\"og:type\" content=\"article\" \/>\n<meta property=\"og:title\" content=\"Solutions d&#039;impression par industrie - SmartPrint\" \/>\n<meta property=\"og:description\" content=\"La priorit\u00e9 des services d&#8217;impressions g\u00e9r\u00e9s...\" \/>\n<meta property=\"og:url\" content=\"https:\/\/smartprint.com\/fr\/solutions-dimpression-par-industrie\/\" \/>\n<meta property=\"og:site_name\" content=\"SmartPrint\" \/>\n<meta property=\"article:modified_time\" content=\"2018-05-31T19:58:44+00:00\" \/>\n<meta name=\"twitter:card\" content=\"summary_large_image\" \/>\n<meta name=\"twitter:label1\" content=\"Est. reading time\" \/>\n\t<meta name=\"twitter:data1\" content=\"4 minutes\" \/>\n<script type=\"application\/ld+json\" class=\"yoast-schema-graph\">{\"@context\":\"https:\\\/\\\/schema.org\",\"@graph\":[{\"@type\":\"WebPage\",\"@id\":\"https:\\\/\\\/smartprint.com\\\/fr\\\/solutions-dimpression-par-industrie\\\/\",\"url\":\"https:\\\/\\\/smartprint.com\\\/fr\\\/solutions-dimpression-par-industrie\\\/\",\"name\":\"Solutions d'impression par industrie - SmartPrint\",\"isPartOf\":{\"@id\":\"https:\\\/\\\/smartprint.com\\\/#website\"},\"datePublished\":\"2017-07-24T16:16:00+00:00\",\"dateModified\":\"2018-05-31T19:58:44+00:00\",\"breadcrumb\":{\"@id\":\"https:\\\/\\\/smartprint.com\\\/fr\\\/solutions-dimpression-par-industrie\\\/#breadcrumb\"},\"inLanguage\":\"fr-FR\",\"potentialAction\":[{\"@type\":\"ReadAction\",\"target\":[\"https:\\\/\\\/smartprint.com\\\/fr\\\/solutions-dimpression-par-industrie\\\/\"]}]},{\"@type\":\"BreadcrumbList\",\"@id\":\"https:\\\/\\\/smartprint.com\\\/fr\\\/solutions-dimpression-par-industrie\\\/#breadcrumb\",\"itemListElement\":[{\"@type\":\"ListItem\",\"position\":1,\"name\":\"Accueil\",\"item\":\"https:\\\/\\\/smartprint.com\\\/fr\\\/\"},{\"@type\":\"ListItem\",\"position\":2,\"name\":\"Solutions d&#8217;impression par industrie\"}]},{\"@type\":\"WebSite\",\"@id\":\"https:\\\/\\\/smartprint.com\\\/#website\",\"url\":\"https:\\\/\\\/smartprint.com\\\/\",\"name\":\"SmartPrint\",\"description\":\"Services d&#039;Impression G\u00e9r\u00e9s\",\"potentialAction\":[{\"@type\":\"SearchAction\",\"target\":{\"@type\":\"EntryPoint\",\"urlTemplate\":\"https:\\\/\\\/smartprint.com\\\/?s={search_term_string}\"},\"query-input\":{\"@type\":\"PropertyValueSpecification\",\"valueRequired\":true,\"valueName\":\"search_term_string\"}}],\"inLanguage\":\"fr-FR\"}]}<\/script>\n<!-- \/ Yoast SEO plugin. -->","yoast_head_json":{"title":"Solutions d'impression par industrie - SmartPrint","robots":{"index":"index","follow":"follow","max-snippet":"max-snippet:-1","max-image-preview":"max-image-preview:large","max-video-preview":"max-video-preview:-1"},"canonical":"https:\/\/smartprint.com\/fr\/solutions-dimpression-par-industrie\/","og_locale":"fr_FR","og_type":"article","og_title":"Solutions d'impression par industrie - SmartPrint","og_description":"La priorit\u00e9 des services d&#8217;impressions g\u00e9r\u00e9s...","og_url":"https:\/\/smartprint.com\/fr\/solutions-dimpression-par-industrie\/","og_site_name":"SmartPrint","article_modified_time":"2018-05-31T19:58:44+00:00","twitter_card":"summary_large_image","twitter_misc":{"Est. reading time":"4 minutes"},"schema":{"@context":"https:\/\/schema.org","@graph":[{"@type":"WebPage","@id":"https:\/\/smartprint.com\/fr\/solutions-dimpression-par-industrie\/","url":"https:\/\/smartprint.com\/fr\/solutions-dimpression-par-industrie\/","name":"Solutions d'impression par industrie - SmartPrint","isPartOf":{"@id":"https:\/\/smartprint.com\/#website"},"datePublished":"2017-07-24T16:16:00+00:00","dateModified":"2018-05-31T19:58:44+00:00","breadcrumb":{"@id":"https:\/\/smartprint.com\/fr\/solutions-dimpression-par-industrie\/#breadcrumb"},"inLanguage":"fr-FR","potentialAction":[{"@type":"ReadAction","target":["https:\/\/smartprint.com\/fr\/solutions-dimpression-par-industrie\/"]}]},{"@type":"BreadcrumbList","@id":"https:\/\/smartprint.com\/fr\/solutions-dimpression-par-industrie\/#breadcrumb","itemListElement":[{"@type":"ListItem","position":1,"name":"Accueil","item":"https:\/\/smartprint.com\/fr\/"},{"@type":"ListItem","position":2,"name":"Solutions d&#8217;impression par industrie"}]},{"@type":"WebSite","@id":"https:\/\/smartprint.com\/#website","url":"https:\/\/smartprint.com\/","name":"SmartPrint","description":"Services d&#039;Impression G\u00e9r\u00e9s","potentialAction":[{"@type":"SearchAction","target":{"@type":"EntryPoint","urlTemplate":"https:\/\/smartprint.com\/?s={search_term_string}"},"query-input":{"@type":"PropertyValueSpecification","valueRequired":true,"valueName":"search_term_string"}}],"inLanguage":"fr-FR"}]}},"_links":{"self":[{"href":"https:\/\/smartprint.com\/fr\/wp-json\/wp\/v2\/pages\/1651","targetHints":{"allow":["GET"]}}],"collection":[{"href":"https:\/\/smartprint.com\/fr\/wp-json\/wp\/v2\/pages"}],"about":[{"href":"https:\/\/smartprint.com\/fr\/wp-json\/wp\/v2\/types\/page"}],"author":[{"embeddable":true,"href":"https:\/\/smartprint.com\/fr\/wp-json\/wp\/v2\/users\/3"}],"replies":[{"embeddable":true,"href":"https:\/\/smartprint.com\/fr\/wp-json\/wp\/v2\/comments?post=1651"}],"version-history":[{"count":9,"href":"https:\/\/smartprint.com\/fr\/wp-json\/wp\/v2\/pages\/1651\/revisions"}],"predecessor-version":[{"id":3113,"href":"https:\/\/smartprint.com\/fr\/wp-json\/wp\/v2\/pages\/1651\/revisions\/3113"}],"wp:attachment":[{"href":"https:\/\/smartprint.com\/fr\/wp-json\/wp\/v2\/media?parent=1651"}],"curies":[{"name":"wp","href":"https:\/\/api.w.org\/{rel}","templated":true}]}}