{"id":1652,"date":"2017-07-24T12:16:10","date_gmt":"2017-07-24T16:16:10","guid":{"rendered":"https:\/\/smartprint.com\/?page_id=1652\/"},"modified":"2018-05-31T14:49:46","modified_gmt":"2018-05-31T18:49:46","slug":"services-dimpressions-geres-pour-les-entreprises-de-services-financiers","status":"publish","type":"page","link":"https:\/\/smartprint.com\/fr\/solutions-dimpression-par-industrie\/services-dimpressions-geres-pour-les-entreprises-de-services-financiers\/","title":{"rendered":"Services d&#8217;Impression G\u00e9r\u00e9s pour les entreprises de services financiers"},"content":{"rendered":"<p>[et_pb_section bb_built=&#8221;1&#8243; admin_label=&#8221;section&#8221; transparent_background_fb=&#8221;default&#8221; _builder_version=&#8221;3.0.47&#8243;][et_pb_row admin_label=&#8221;row&#8221; _builder_version=&#8221;3.0.47&#8243; background_size=&#8221;initial&#8221; background_position=&#8221;top_left&#8221; background_repeat=&#8221;repeat&#8221;][et_pb_column type=&#8221;2_3&#8243;][et_pb_text _builder_version=&#8221;3.0.64&#8243; background_size=&#8221;initial&#8221; background_position=&#8221;top_left&#8221; background_repeat=&#8221;repeat&#8221;]<\/p>\n<p>Les exigences en mati\u00e8re d&#8217;impression dans l&#8217;industrie financi\u00e8re peuvent \u00eatre tr\u00e8s complexes. Le but des services d&#8217;informatique et des op\u00e9rations est de fournir un environnement d&#8217;impression simple, efficace et s\u00e9curis\u00e9 pour les utilisateurs afin d&#8217;avoir un acc\u00e8s accru \u00e0 l&#8217;information et au reporting. Ceci est n\u00e9cessaire pour l&#8217;analyse interne et pour l&#8217;impression financi\u00e8re externe pour les clients. L&#8217;industrie des services financiers cherche constamment \u00e0 am\u00e9liorer le temps de r\u00e9ponse pour la prise de d\u00e9cision et \u00e0 am\u00e9liorer la communication vers ses clients, car le service, la confiance et les performances sont les cl\u00e9s pour entretenir d&#8217;excellentes relations avec les clients.<\/p>\n<p>[\/et_pb_text][\/et_pb_column][et_pb_column type=&#8221;1_3&#8243;][et_pb_blurb image=&#8221;https:\/\/smartprint.com\/wp-content\/uploads\/2016\/01\/financial.jpg&#8221; _builder_version=&#8221;3.0.47&#8243; background_size=&#8221;initial&#8221; background_position=&#8221;top_left&#8221; background_repeat=&#8221;repeat&#8221; \/][\/et_pb_column][\/et_pb_row][et_pb_row admin_label=&#8221;row&#8221; _builder_version=&#8221;3.0.47&#8243; background_size=&#8221;initial&#8221; background_position=&#8221;top_left&#8221; background_repeat=&#8221;repeat&#8221;][et_pb_column type=&#8221;4_4&#8243;][et_pb_text _builder_version=&#8221;3.0.64&#8243; background_size=&#8221;initial&#8221; background_position=&#8221;top_left&#8221; background_repeat=&#8221;repeat&#8221; background_layout=&#8221;light&#8221; text_orientation=&#8221;left&#8221; border_style=&#8221;solid&#8221;]<\/p>\n<p>Les temps d&#8217;arr\u00eat de l&#8217;impression dans le secteur financier peuvent potentiellement causer d&#8217;importants probl\u00e8mes de relation avec les client. Il est essentiel de fournir un temps de disponibilit\u00e9 \u00e9lev\u00e9 avec une plate-forme efficace d&#8217;\u00e9quipements d&#8217;impression, de num\u00e9risation et de logiciels int\u00e9gr\u00e9s. Le partenariat avec des&nbsp;<a href=\"https:\/\/smartprint.com\/fr\/services-dimpressions-geres\/notre-expertise-sig-pour-soutenir-votre-environnement-dimpression\/\">sp\u00e9cialistes SIG<\/a> ind\u00e9pendants ayant une connaissance des environnements d&#8217;impression et de num\u00e9ration dans le secteur financier est essentielle \u00e0 la r\u00e9ussite des objectifs de l&#8217;organisation pour le soutien, l&#8217;efficacit\u00e9, la s\u00e9curit\u00e9 et la r\u00e9duction des co\u00fbts. Il existe de nombreux outils logiciels simples pour am\u00e9liorer les processus financiers d&#8217;impression et d&#8217;imagerie:<\/p>\n<ul>\n<li>workflow des num\u00e9risation et du routage,<\/li>\n<li>sorties s\u00e9curis\u00e9e des impression,<\/li>\n<li>l&#8217;int\u00e9gration de l&#8217;automatisation des flux de documents dans la gestion des documents et les syst\u00e8mes de reporting,<\/li>\n<li>compression de fichiers,<\/li>\n<li>fax sur IP et bien d&#8217;autres encore<\/li>\n<\/ul>\n<p>Chez SmartPrint, nous soutenons depuis des d\u00e9cennies les entreprises de services financiers partout au Canada. Nous sommes des sp\u00e9cialistes de l&#8217;impression de bureau dans chaques services de l&#8217;industrie financi\u00e8re. Nous fournissons des solutions d&#8217;impression s\u00e9curis\u00e9es simples qui prennent en charge l&#8217;efficacit\u00e9 de l&#8217;utilisateur. Nous fournissons \u00e9galement des solutions de <a href=\"https:\/\/smartprint.com\/fr\/services-dimpressions-geres\/les-avantages-des-services-dimpressions-geres\/le-controle-des-documents-produit-des-avantages-organisationnels-importants\/\">contr\u00f4le de documents<\/a> afin de garantir que l&#8217;environnement d&#8217;impression et de num\u00e9risation est v\u00e9rouill\u00e9, s\u00e9curis\u00e9 et activ\u00e9 avec des rapports pour les audits de conformit\u00e9 de l&#8217;industrie financi\u00e8re. En tant que sp\u00e9cialiste des SIG, nous avons une vaste exp\u00e9rience de l&#8217;am\u00e9lioration continue de l&#8217;industrie des services financiers \u00e0 travers le Canada gr\u00e2ce \u00e0 des services d&#8217;impressions g\u00e9r\u00e9s.<\/p>\n<h3>Les d\u00e9fis de l&#8217;industrie des services financiers<\/h3>\n<ul>\n<li>Cybercrime\/s\u00e9curit\u00e9 &#8211; l&#8217;industrie des services financiers est une cible. Les dispositifs d&#8217;impression et de num\u00e9risation sur le r\u00e9seau qui ne sont pas verrouill\u00e9s et prot\u00e9g\u00e9s contre d&#8217;\u00e9ventuels pirates sont expos\u00e9es.<\/li>\n<li>Macropolitique \/ ralentissement \u00e9conomique &#8211; exigeant des am\u00e9liorations significatives dans l&#8217;efficacit\u00e9 et la gestion des co\u00fbts au sein des organisations.<\/li>\n<li>La pression r\u00e9glementaire de conformit\u00e9, de cont\u00f4le et les audits.<\/li>\n<li><a href=\"https:\/\/smartprint.com\/fr\/services-dimpressions-geres\/les-avantages-des-services-dimpressions-geres\/le-controle-des-documents-produit-des-avantages-organisationnels-importants\/\">Contr\u00f4le des documents<\/a> &#8211;&nbsp;manque de capacit\u00e9 de suivre les actions des utilisateurs dans l&#8217;environnement de bureau d&#8217;impressions financi\u00e8res et &nbsp;manque de capacit\u00e9 associ\u00e9e au reporting \u00e0 des fins de v\u00e9rification et d&#8217;audits.<\/li>\n<li>Cr\u00e9er de l&#8217;agilit\u00e9 dans les organisations.<\/li>\n<li>Stockage externe et r\u00e9cup\u00e9ration de documents.<\/li>\n<li>Mise en \u0153uvre des meilleures pratiques pour le workflow des documents afin d&#8217;am\u00e9liorer l&#8217;efficacit\u00e9, ce qui donne un offre de r\u00e9ponse plus rapide aux clients.<\/li>\n<li>Le manque de standardisation d&#8217;une plate-forme technologique avec de multiples fabricants pose des d\u00e9fis pour les utilisateurs et les technologies de l&#8217;information, les interfaces multi-p\u00e9riph\u00e9riques, l&#8217;utilisation et le support du pilote, la gestion des fournitures et le service technique.<\/li>\n<li>Une concurrence accrue et une pression des clients pour la r\u00e9duction des prix.<\/li>\n<li>Am\u00e9lioration et transformation du syst\u00e8me de base.<\/li>\n<\/ul>\n<h3>Domaines d&#8217;opportunit\u00e9 pour les organisations de services financiers<\/h3>\n<ul>\n<li>Gestion proactive de tous les dispositifs d&#8217;impression financi\u00e8res prenant en charge les marques requises.<\/li>\n<li>Audits de s\u00e9curit\u00e9 de l&#8217;environnement d&#8217;impression et de num\u00e9risation pour identifier les zones \u00e0 risques.<\/li>\n<li>R\u00e9duction du risque en s\u00e9curisant l&#8217;environnement d&#8217;impression et de num\u00e9risation gr\u00e2ce \u00e0 <a href=\"https:\/\/smartprint.com\/fr\/services-dimpressions-geres\/les-avantages-des-services-dimpressions-geres\/le-controle-des-documents-produit-des-avantages-organisationnels-importants\/\">un logiciel de contr\u00f4le des documents<\/a> et un logiciel de s\u00e9curit\u00e9 qui verrouille les p\u00e9riph\u00e9riques pour emp\u00eacher les pirates informatiques et qui fournit des rapports \u00e0 des fins d&#8217;audits.<\/li>\n<li>Authentification des utilisateurs pour le workflow des documents efficace, s\u00e9curis\u00e9 et personnalis\u00e9 pour un utilisateur ou un service.<\/li>\n<li>D\u00e9ploiement \u00e9quilibr\u00e9 de la technologie.<\/li>\n<li>Conversion de documents, compression et profilage.<\/li>\n<li>Entretien et livraison de documents s\u00e9curis\u00e9s pour l&#8217;entreprise (interne et externe).<\/li>\n<li>Fax sur IP pour r\u00e9duire les co\u00fbts d&#8217;impression et la d\u00e9pendance aux p\u00e9riph\u00e9riques d&#8217;impression.<\/li>\n<li>R\u00e9duction des co\u00fbts d&#8217;exploitation de 30% \u00e0 50% sans d\u00e9pense en capital.<\/li>\n<li>Impl\u00e9mentation des impressions mobiles s\u00e9curis\u00e9es et simples dans l&#8217;industrie financi\u00e8re.<\/li>\n<li>Soutient continu aux impression et expertise pour aider les objectifs de port\u00e9e de l&#8217;organisation.<\/li>\n<\/ul>\n<p>Chez SmartPrint, nous avons une exp\u00e9rience profonde et une connaissance de ce qu&#8217;il faut pour soutenir l&#8217;industrie financi\u00e8re.&nbsp;<a href=\"https:\/\/smartprint.com\/fr\/propos-de-smartprint\/nous-contacter\/\">Contactez SmartPrint<\/a> pour discuter de la fa\u00e7on dont nos&nbsp;<a href=\"https:\/\/smartprint.com\/fr\/services-dimpressions-geres\/\">solutions SIG<\/a> et vos flux de gestion de contenu peuvent consid\u00e9rablement am\u00e9liorer l&#8217;efficacit\u00e9 et la s\u00e9curit\u00e9 des impressions financi\u00e8re.<\/p>\n<p><strong>Remplissez le formulaire ci-dessous pour l&#8217;\u00e9valuation sans obligation de votre environnement d&#8217;impression et constatez comment les services d&#8217;impressions g\u00e9r\u00e9s pour l&#8217;industrie des services financiers pourrait am\u00e9liorer celui-ci.<\/strong><br \/>\n<!--[if lte IE 8]><script charset=\"utf-8\" type=\"text\/javascript\" src=\"\/\/js.hsforms.net\/forms\/v2-legacy.js\"><\/script><![endif]--><script charset=\"utf-8\" type=\"text\/javascript\" src=\"\/\/js.hsforms.net\/forms\/v2.js\"><\/script><br \/>\n<script>\n  hbspt.forms.create({\n\tportalId: \"4215610\",\n\tformId: \"e95f4eac-2795-4316-93a6-f1c53a547955\",\n\tcss: \"\",\n\tsfdcCampaignId: \"7011W000000eObzQAE\"\n});\n<\/script><\/p>\n<p>[\/et_pb_text][\/et_pb_column][\/et_pb_row][\/et_pb_section]<\/p>\n","protected":false},"excerpt":{"rendered":"<p>Les exigences en mati\u00e8re d&#8217;impression dans&#8230;<\/p>\n <a href=\"https:\/\/smartprint.com\/fr\/solutions-dimpression-par-industrie\/services-dimpressions-geres-pour-les-entreprises-de-services-financiers\/\" class=\"more-link\" title=\"Read More\">En savoir plus<\/a>","protected":false},"author":3,"featured_media":0,"parent":1651,"menu_order":0,"comment_status":"closed","ping_status":"closed","template":"","meta":{"_acf_changed":false,"_et_pb_use_builder":"on","_et_pb_old_content":"","_et_gb_content_width":"","content-type":"","footnotes":""},"class_list":["post-1652","page","type-page","status-publish","hentry"],"acf":[],"yoast_head":"<!-- This site is optimized with the Yoast SEO plugin v27.3 - https:\/\/yoast.com\/product\/yoast-seo-wordpress\/ -->\n<title>Services d&#039;Impression G\u00e9r\u00e9s pour les entreprises de services financiers - SmartPrint<\/title>\n<meta name=\"robots\" content=\"index, follow, max-snippet:-1, max-image-preview:large, max-video-preview:-1\" \/>\n<link rel=\"canonical\" href=\"https:\/\/smartprint.com\/fr\/solutions-dimpression-par-industrie\/services-dimpressions-geres-pour-les-entreprises-de-services-financiers\/\" \/>\n<meta property=\"og:locale\" content=\"fr_FR\" \/>\n<meta property=\"og:type\" content=\"article\" \/>\n<meta property=\"og:title\" content=\"Services d&#039;Impression G\u00e9r\u00e9s pour les entreprises de services financiers - SmartPrint\" \/>\n<meta property=\"og:description\" content=\"Les exigences en mati\u00e8re d&#8217;impression dans...\" \/>\n<meta property=\"og:url\" content=\"https:\/\/smartprint.com\/fr\/solutions-dimpression-par-industrie\/services-dimpressions-geres-pour-les-entreprises-de-services-financiers\/\" \/>\n<meta property=\"og:site_name\" content=\"SmartPrint\" \/>\n<meta property=\"article:modified_time\" content=\"2018-05-31T18:49:46+00:00\" \/>\n<meta name=\"twitter:card\" content=\"summary_large_image\" \/>\n<meta name=\"twitter:label1\" content=\"Est. reading time\" \/>\n\t<meta name=\"twitter:data1\" content=\"5 minutes\" \/>\n<script type=\"application\/ld+json\" class=\"yoast-schema-graph\">{\"@context\":\"https:\\\/\\\/schema.org\",\"@graph\":[{\"@type\":\"WebPage\",\"@id\":\"https:\\\/\\\/smartprint.com\\\/fr\\\/solutions-dimpression-par-industrie\\\/services-dimpressions-geres-pour-les-entreprises-de-services-financiers\\\/\",\"url\":\"https:\\\/\\\/smartprint.com\\\/fr\\\/solutions-dimpression-par-industrie\\\/services-dimpressions-geres-pour-les-entreprises-de-services-financiers\\\/\",\"name\":\"Services d'Impression G\u00e9r\u00e9s pour les entreprises de services financiers - SmartPrint\",\"isPartOf\":{\"@id\":\"https:\\\/\\\/smartprint.com\\\/#website\"},\"datePublished\":\"2017-07-24T16:16:10+00:00\",\"dateModified\":\"2018-05-31T18:49:46+00:00\",\"breadcrumb\":{\"@id\":\"https:\\\/\\\/smartprint.com\\\/fr\\\/solutions-dimpression-par-industrie\\\/services-dimpressions-geres-pour-les-entreprises-de-services-financiers\\\/#breadcrumb\"},\"inLanguage\":\"fr-FR\",\"potentialAction\":[{\"@type\":\"ReadAction\",\"target\":[\"https:\\\/\\\/smartprint.com\\\/fr\\\/solutions-dimpression-par-industrie\\\/services-dimpressions-geres-pour-les-entreprises-de-services-financiers\\\/\"]}]},{\"@type\":\"BreadcrumbList\",\"@id\":\"https:\\\/\\\/smartprint.com\\\/fr\\\/solutions-dimpression-par-industrie\\\/services-dimpressions-geres-pour-les-entreprises-de-services-financiers\\\/#breadcrumb\",\"itemListElement\":[{\"@type\":\"ListItem\",\"position\":1,\"name\":\"Accueil\",\"item\":\"https:\\\/\\\/smartprint.com\\\/fr\\\/\"},{\"@type\":\"ListItem\",\"position\":2,\"name\":\"Solutions d&#8217;impression par industrie\",\"item\":\"https:\\\/\\\/smartprint.com\\\/fr\\\/solutions-dimpression-par-industrie\\\/\"},{\"@type\":\"ListItem\",\"position\":3,\"name\":\"Services d&#8217;Impression G\u00e9r\u00e9s pour les entreprises de services financiers\"}]},{\"@type\":\"WebSite\",\"@id\":\"https:\\\/\\\/smartprint.com\\\/#website\",\"url\":\"https:\\\/\\\/smartprint.com\\\/\",\"name\":\"SmartPrint\",\"description\":\"Services d&#039;Impression G\u00e9r\u00e9s\",\"potentialAction\":[{\"@type\":\"SearchAction\",\"target\":{\"@type\":\"EntryPoint\",\"urlTemplate\":\"https:\\\/\\\/smartprint.com\\\/?s={search_term_string}\"},\"query-input\":{\"@type\":\"PropertyValueSpecification\",\"valueRequired\":true,\"valueName\":\"search_term_string\"}}],\"inLanguage\":\"fr-FR\"}]}<\/script>\n<!-- \/ Yoast SEO plugin. -->","yoast_head_json":{"title":"Services d'Impression G\u00e9r\u00e9s pour les entreprises de services financiers - SmartPrint","robots":{"index":"index","follow":"follow","max-snippet":"max-snippet:-1","max-image-preview":"max-image-preview:large","max-video-preview":"max-video-preview:-1"},"canonical":"https:\/\/smartprint.com\/fr\/solutions-dimpression-par-industrie\/services-dimpressions-geres-pour-les-entreprises-de-services-financiers\/","og_locale":"fr_FR","og_type":"article","og_title":"Services d'Impression G\u00e9r\u00e9s pour les entreprises de services financiers - SmartPrint","og_description":"Les exigences en mati\u00e8re d&#8217;impression dans...","og_url":"https:\/\/smartprint.com\/fr\/solutions-dimpression-par-industrie\/services-dimpressions-geres-pour-les-entreprises-de-services-financiers\/","og_site_name":"SmartPrint","article_modified_time":"2018-05-31T18:49:46+00:00","twitter_card":"summary_large_image","twitter_misc":{"Est. reading time":"5 minutes"},"schema":{"@context":"https:\/\/schema.org","@graph":[{"@type":"WebPage","@id":"https:\/\/smartprint.com\/fr\/solutions-dimpression-par-industrie\/services-dimpressions-geres-pour-les-entreprises-de-services-financiers\/","url":"https:\/\/smartprint.com\/fr\/solutions-dimpression-par-industrie\/services-dimpressions-geres-pour-les-entreprises-de-services-financiers\/","name":"Services d'Impression G\u00e9r\u00e9s pour les entreprises de services financiers - SmartPrint","isPartOf":{"@id":"https:\/\/smartprint.com\/#website"},"datePublished":"2017-07-24T16:16:10+00:00","dateModified":"2018-05-31T18:49:46+00:00","breadcrumb":{"@id":"https:\/\/smartprint.com\/fr\/solutions-dimpression-par-industrie\/services-dimpressions-geres-pour-les-entreprises-de-services-financiers\/#breadcrumb"},"inLanguage":"fr-FR","potentialAction":[{"@type":"ReadAction","target":["https:\/\/smartprint.com\/fr\/solutions-dimpression-par-industrie\/services-dimpressions-geres-pour-les-entreprises-de-services-financiers\/"]}]},{"@type":"BreadcrumbList","@id":"https:\/\/smartprint.com\/fr\/solutions-dimpression-par-industrie\/services-dimpressions-geres-pour-les-entreprises-de-services-financiers\/#breadcrumb","itemListElement":[{"@type":"ListItem","position":1,"name":"Accueil","item":"https:\/\/smartprint.com\/fr\/"},{"@type":"ListItem","position":2,"name":"Solutions d&#8217;impression par industrie","item":"https:\/\/smartprint.com\/fr\/solutions-dimpression-par-industrie\/"},{"@type":"ListItem","position":3,"name":"Services d&#8217;Impression G\u00e9r\u00e9s pour les entreprises de services financiers"}]},{"@type":"WebSite","@id":"https:\/\/smartprint.com\/#website","url":"https:\/\/smartprint.com\/","name":"SmartPrint","description":"Services d&#039;Impression G\u00e9r\u00e9s","potentialAction":[{"@type":"SearchAction","target":{"@type":"EntryPoint","urlTemplate":"https:\/\/smartprint.com\/?s={search_term_string}"},"query-input":{"@type":"PropertyValueSpecification","valueRequired":true,"valueName":"search_term_string"}}],"inLanguage":"fr-FR"}]}},"_links":{"self":[{"href":"https:\/\/smartprint.com\/fr\/wp-json\/wp\/v2\/pages\/1652","targetHints":{"allow":["GET"]}}],"collection":[{"href":"https:\/\/smartprint.com\/fr\/wp-json\/wp\/v2\/pages"}],"about":[{"href":"https:\/\/smartprint.com\/fr\/wp-json\/wp\/v2\/types\/page"}],"author":[{"embeddable":true,"href":"https:\/\/smartprint.com\/fr\/wp-json\/wp\/v2\/users\/3"}],"replies":[{"embeddable":true,"href":"https:\/\/smartprint.com\/fr\/wp-json\/wp\/v2\/comments?post=1652"}],"version-history":[{"count":5,"href":"https:\/\/smartprint.com\/fr\/wp-json\/wp\/v2\/pages\/1652\/revisions"}],"predecessor-version":[{"id":3078,"href":"https:\/\/smartprint.com\/fr\/wp-json\/wp\/v2\/pages\/1652\/revisions\/3078"}],"up":[{"embeddable":true,"href":"https:\/\/smartprint.com\/fr\/wp-json\/wp\/v2\/pages\/1651"}],"wp:attachment":[{"href":"https:\/\/smartprint.com\/fr\/wp-json\/wp\/v2\/media?parent=1652"}],"curies":[{"name":"wp","href":"https:\/\/api.w.org\/{rel}","templated":true}]}}