{"id":1653,"date":"2017-07-24T12:16:20","date_gmt":"2017-07-24T16:16:20","guid":{"rendered":"https:\/\/smartprint.com\/?page_id=1653\/"},"modified":"2018-05-31T14:47:34","modified_gmt":"2018-05-31T18:47:34","slug":"services-dimpressions-geres-pour-lindustrie-de-lassurance","status":"publish","type":"page","link":"https:\/\/smartprint.com\/fr\/solutions-dimpression-par-industrie\/services-dimpressions-geres-pour-lindustrie-de-lassurance\/","title":{"rendered":"Services d\u2019Impression G\u00e9r\u00e9s pour l&#8217;industrie de l&#8217;assurance"},"content":{"rendered":"<p>[et_pb_section bb_built=&#8221;1&#8243; admin_label=&#8221;section&#8221; transparent_background_fb=&#8221;default&#8221; _builder_version=&#8221;3.0.47&#8243;][et_pb_row admin_label=&#8221;row&#8221; _builder_version=&#8221;3.0.47&#8243; background_size=&#8221;initial&#8221; background_position=&#8221;top_left&#8221; background_repeat=&#8221;repeat&#8221;][et_pb_column type=&#8221;2_3&#8243;][et_pb_text _builder_version=&#8221;3.0.47&#8243; background_size=&#8221;initial&#8221; background_position=&#8221;top_left&#8221; background_repeat=&#8221;repeat&#8221;]<\/p>\n<p>SmartPrint aide les entreprises d&#8217;assurance \u00e0 travers le Canada \u00e0 r\u00e9duire les co\u00fbts d&#8217;impression de bureau et \u00e0 am\u00e9liorer l&#8217;efficacit\u00e9 des utilisateurs depuis des d\u00e9cennies. Les exigences d&#8217;impression dans le secteur de l&#8217;assurance peuvent \u00eatre complexes. Les d\u00e9partements informatiques et op\u00e9rationnels doivent fournir un environnement d&#8217;impression simple et efficace pour les utilisateurs, mais doivent \u00e9galement s&#8217;assurer que l&#8217;environnement d&#8217;impression est s\u00e9curis\u00e9. L&#8217;industrie de l&#8217;assurance cherche constamment \u00e0 am\u00e9liorer le temps de traitement de la documentation destin\u00e9e aux clients afin de fournir un haut niveau de service \u00e0 la client\u00e8le. Le temps d&#8217;arr\u00eat de l&#8217;impression de bureau peut potentiellement causer des probl\u00e8mes importants avec le soutien client. Il est essentiel de fournir un temps de disponibilit\u00e9 \u00e9lev\u00e9 avec des \u00e9quipements d&#8217;impression et de num\u00e9risation efficaces et des logiciels int\u00e9gr\u00e9s.<\/p>\n<p>[\/et_pb_text][\/et_pb_column][et_pb_column type=&#8221;1_3&#8243;][et_pb_blurb image=&#8221;https:\/\/smartprint.com\/wp-content\/uploads\/2016\/01\/insurance.jpg&#8221; alt=&#8221;mps for insurance industry&#8221; _builder_version=&#8221;3.0.47&#8243; background_size=&#8221;initial&#8221; background_position=&#8221;top_left&#8221; background_repeat=&#8221;repeat&#8221; \/][\/et_pb_column][\/et_pb_row][et_pb_row _builder_version=&#8221;3.0.47&#8243; background_size=&#8221;initial&#8221; background_position=&#8221;top_left&#8221; background_repeat=&#8221;repeat&#8221;][et_pb_column type=&#8221;4_4&#8243;][et_pb_text _builder_version=&#8221;3.0.64&#8243; background_size=&#8221;initial&#8221; background_position=&#8221;top_left&#8221; background_repeat=&#8221;repeat&#8221; background_layout=&#8221;light&#8221; text_orientation=&#8221;left&#8221; border_style=&#8221;solid&#8221;]<\/p>\n<p>Un partenariat avec des experts ind\u00e9pendants dans la gestion des services d\u2019impression avec une base de connaissances approfondie des environnements d&#8217;impression et de num\u00e9risation de l&#8217;industrie de l&#8217;assurance est conseill\u00e9 pour am\u00e9liorer l&#8217;autonomie, l&#8217;efficacit\u00e9, la s\u00e9curit\u00e9 des documents et la r\u00e9duction des co\u00fbts. Il existe de nombreuses solutions logicielles int\u00e9gr\u00e9es d&#8217;impression et de num\u00e9risation qui peuvent am\u00e9liorer ces processus pour cette industrie, et comprennent:<\/p>\n<ul>\n<li>La sortie d&#8217;impression s\u00e9curis\u00e9e,<\/li>\n<li>Des solutions de workflow de num\u00e9risation et de routage,<\/li>\n<li>Des solutions de compression de fichiers,<\/li>\n<li>L&#8217;int\u00e9gration automatis\u00e9e des flux de documents dans <a href=\"https:\/\/smartprint.com\/fr\/services-dimpressions-geres\/les-avantages-des-services-dimpressions-geres\/le-controle-des-documents-produit-des-avantages-organisationnels-importants\/\">la gestion des documents <\/a>et les syst\u00e8mes de reporting,<\/li>\n<li>Fax int\u00e9gr\u00e9 sur IP et bien plus encore.<\/li>\n<\/ul>\n<p>Nous sommes sp\u00e9cialis\u00e9s pour soutenir les environnements d&#8217;impression et de num\u00e9risation des organismes d&#8217;assurance afin d&#8217;assurer un d\u00e9ploiement \u00e9quilibr\u00e9 qui accompagne chaque service de mani\u00e8re appropri\u00e9e. Nous fournissons des solutions d&#8217;impression simples et s\u00e9curis\u00e9es pour supporter l&#8217;efficacit\u00e9 de l&#8217;utilisateur et nous fournissons \u00e9galement des solutions de contr\u00f4le documentaire pour garantir que l&#8217;environnement d&#8217;impression et de num\u00e9risation est verrouill\u00e9, s\u00e9curis\u00e9 et activ\u00e9 avec des rapports pour les audits de conformit\u00e9. \u00c0 titre de sp\u00e9cialistes SIG, nous avons une vaste exp\u00e9rience de l&#8217;am\u00e9lioration continue de l&#8217;industrie de l&#8217;assurance \u00e0 travers le Canada gr\u00e2ce \u00e0 des services d&#8217;impression g\u00e9r\u00e9s.<\/p>\n<h3>Les d\u00e9fis de l&#8217;industrie de l&#8217;assurance<\/h3>\n<ul>\n<li>Changements de politique d\u00e9coulant des changements des r\u00e9glementations de l&#8217;industrie<\/li>\n<li>Cr\u00e9er de l&#8217;agilit\u00e9 dans les organisations et augmenter l&#8217;efficacit\u00e9 pour rester comp\u00e9titif<\/li>\n<li>Activit\u00e9 de fusion et d&#8217;acquisitions<\/li>\n<li>Cyber crime<\/li>\n<li>Stockage num\u00e9rique et r\u00e9cup\u00e9ration hors site de documents<\/li>\n<li>Meilleures pratiques pour <a href=\"https:\/\/smartprint.com\/fr\/services-dimpressions-geres\/les-avantages-des-services-dimpressions-geres\/le-controle-des-documents-produit-des-avantages-organisationnels-importants\/\">le flux de documents<\/a><\/li>\n<li>Facilit\u00e9 pour les clients de changer de fournisseur, il faut donc maintenir des niveaux de service \u00e9lev\u00e9s et un avantage concurrentiel<\/li>\n<li>Transformation du syst\u00e8me de base<\/li>\n<\/ul>\n<h3>Domaines d&#8217;opportunit\u00e9s pour les compagnies d&#8217;assurances<\/h3>\n<ul>\n<li>Authentification de l\u2019utilisateur pour un flux de travail d&#8217;impression et de num\u00e9risation efficace et s\u00e9curis\u00e9<\/li>\n<li>Mise en place d&#8217;une file d&#8217;impression unique dans l&#8217;organisation qui simplifie le support informatique<\/li>\n<li>D\u00e9ploiement \u00e9quilibr\u00e9 de la technologie pour r\u00e9duire les co\u00fbts, l&#8217;efficacit\u00e9 et la satisfaction des utilisateurs<\/li>\n<li>Conversion de documents, compression et profilage qui am\u00e9liore la r\u00e9cup\u00e9ration des fichiers num\u00e9riques<\/li>\n<li>Partage et livraison de documents s\u00e9curis\u00e9s pour l&#8217;entreprise<\/li>\n<li>Fax sur IP pour r\u00e9duire les co\u00fbts d&#8217;impression et la fiabilit\u00e9 des appareils d&#8217;impression<\/li>\n<li><a href=\"https:\/\/smartprint.com\/fr\/services-dimpressions-geres\/les-avantages-des-services-dimpressions-geres\/la-consolidation-des-fournisseurs-dimpression-produit-des-economies-de-couts-et-des-avantages-organisationnels-indirects\/\">La consolidation des fournisseurs<\/a> pour supporter la r\u00e9duction des co\u00fbts d&#8217;impression et d&#8217;imagerie et pour simplifier les processus administratifs.<\/li>\n<\/ul>\n<p><a href=\"https:\/\/smartprint.com\/fr\/propos-de-smartprint\/contact-us\/\">Contactez SmartPrint<\/a>&nbsp;pour discuter de la fa\u00e7on dont nos <a href=\"https:\/\/smartprint.com\/fr\/services-dimpressions-geres\/\">solutions SIG&nbsp;<\/a>et notre flux de travail de gestion de contenu peuvent consid\u00e9rablement am\u00e9liorer l&#8217;efficacit\u00e9 de votre entreprise.<\/p>\n<p><strong>Remplissez le formulaire ci-dessous pour une \u00e9valuation sans obligation de votre environnement d\u2019impression et constatez comment les services d&#8217;impressions g\u00e9r\u00e9s pourraient am\u00e9liorer votre environnement d&#8217;impression.<\/strong><br \/>\n<!--[if lte IE 8]><script charset=\"utf-8\" type=\"text\/javascript\" src=\"\/\/js.hsforms.net\/forms\/v2-legacy.js\"><\/script><![endif]--><script charset=\"utf-8\" type=\"text\/javascript\" src=\"\/\/js.hsforms.net\/forms\/v2.js\"><\/script><br \/>\n<script>\n  hbspt.forms.create({\n\tportalId: \"4215610\",\n\tformId: \"e95f4eac-2795-4316-93a6-f1c53a547955\",\n\tcss: \"\",\n\tsfdcCampaignId: \"7011W000000eObzQAE\"\n});\n<\/script><\/p>\n<p>[\/et_pb_text][\/et_pb_column][\/et_pb_row][\/et_pb_section]<\/p>\n","protected":false},"excerpt":{"rendered":"<p>SmartPrint aide les entreprises d&#8217;assurance \u00e0&#8230;<\/p>\n <a href=\"https:\/\/smartprint.com\/fr\/solutions-dimpression-par-industrie\/services-dimpressions-geres-pour-lindustrie-de-lassurance\/\" class=\"more-link\" title=\"Read More\">En savoir plus<\/a>","protected":false},"author":3,"featured_media":0,"parent":1651,"menu_order":0,"comment_status":"closed","ping_status":"closed","template":"","meta":{"_acf_changed":false,"_et_pb_use_builder":"on","_et_pb_old_content":"<p>SmartPrint has been helping insurance firms across Canada reduce office printing costs and improve user efficiency for decades. The requirements for printing in the insurance industry can be complex, the focus of IT and Operations is to provide a simple, efficient and secure technology environment for the users. The insurance industry is continually looking to improve the processing time of documentation for clients to deliver a high level of customer service. Office printing downtime can potentially cause significant issues with client support. It is crucial to provide high uptime with an efficient platform of printing and imaging equipment and integrated software. Partnering with independent experts in managed print services with knowledge of office insurance company printing and imaging environments helps to improve end user up-time, efficiency, document security and cost reduction.<\/p><p>There are many integrated software solutions that can improve insurance printing and imaging processes, including secure print release, scanning and routing workflow software, file compression, integration to automate the flow of documents into document management and reporting systems, integrated fax over IP and many more.<\/p><p>We are experts at supporting insurance organization\u2019s office environments to ensure there is a balanced deployment that supports each department appropriately. We provide simple secure solutions supporting user efficiency, and provide solutions in document control to ensure the printing and imaging environment is locked down, secure and enabled with reporting for compliance audits.<\/p><p>As MPS experts, we have vast experience providing continuous improvement for the insurance industry across Canada through managed print services.<\/p><p>Insurance industry challenges<br \/> \u2022 Policy changes driven from industry regulation changes<br \/> \u2022 Building agility into organizations and increase efficiencies to stay competitive<br \/> \u2022 M&A activity<br \/> \u2022 Cybercrime<br \/> \u2022 Offsite and digital storage and retrieval of documents<br \/> \u2022 Best practices for document workflow<br \/> \u2022 Increased competition, downward pressure on prices from clients<br \/> \u2022 It continually gets easier for clients to switch providers<br \/> \u2022 Core system transformation<\/p><p>Areas of opportunity for insurance companies<\/p><p>\u2022 User authentication for efficient \/ secure workflow<br \/> \u2022 Implement a single print queue across the organization simplifying IT support and enabling user authentication for secure digital workflow and fax over IP<br \/> \u2022 Balanced deployment of technology<br \/> \u2022 Document conversion, compression and profiling improving retrieval of digital files<br \/> \u2022 Secure enterprise document sharing and delivery<br \/> \u2022 Fax Over IP to help reduce print costs and print device reliance<br \/> \u2022 Vendor consolidation supporting printing and imaging cost reduction and simplifying administrative processes<\/p><p><a href=\"https:\/\/smartprint.com\/about-us\/contact-us\/\">Contact SmartPrint<\/a> to discuss how our <a href=\"https:\/\/smartprint.com\/managed-print-services-canada\/\">MPS solutions<\/a> and content management workflow can dramatically improve your firm\u2019s efficiency driving competitive advantage in the legal vertical.<\/p><p>[gravityform id=\"5\" title=\"false\" description=\"true\"]<\/p>","_et_gb_content_width":"","content-type":"","footnotes":""},"class_list":["post-1653","page","type-page","status-publish","hentry"],"acf":[],"yoast_head":"<!-- This site is optimized with the Yoast SEO plugin v27.3 - https:\/\/yoast.com\/product\/yoast-seo-wordpress\/ -->\n<title>Services d\u2019Impression G\u00e9r\u00e9s pour l&#039;industrie de l&#039;assurance - SmartPrint<\/title>\n<meta name=\"robots\" content=\"index, follow, max-snippet:-1, max-image-preview:large, max-video-preview:-1\" \/>\n<link rel=\"canonical\" href=\"https:\/\/smartprint.com\/fr\/solutions-dimpression-par-industrie\/services-dimpressions-geres-pour-lindustrie-de-lassurance\/\" \/>\n<meta property=\"og:locale\" content=\"fr_FR\" \/>\n<meta property=\"og:type\" content=\"article\" \/>\n<meta property=\"og:title\" content=\"Services d\u2019Impression G\u00e9r\u00e9s pour l&#039;industrie de l&#039;assurance - SmartPrint\" \/>\n<meta property=\"og:description\" content=\"SmartPrint aide les entreprises d&#8217;assurance \u00e0...\" \/>\n<meta property=\"og:url\" content=\"https:\/\/smartprint.com\/fr\/solutions-dimpression-par-industrie\/services-dimpressions-geres-pour-lindustrie-de-lassurance\/\" \/>\n<meta property=\"og:site_name\" content=\"SmartPrint\" \/>\n<meta property=\"article:modified_time\" content=\"2018-05-31T18:47:34+00:00\" \/>\n<meta name=\"twitter:card\" content=\"summary_large_image\" \/>\n<meta name=\"twitter:label1\" content=\"Est. reading time\" \/>\n\t<meta name=\"twitter:data1\" content=\"4 minutes\" \/>\n<script type=\"application\/ld+json\" class=\"yoast-schema-graph\">{\"@context\":\"https:\\\/\\\/schema.org\",\"@graph\":[{\"@type\":\"WebPage\",\"@id\":\"https:\\\/\\\/smartprint.com\\\/fr\\\/solutions-dimpression-par-industrie\\\/services-dimpressions-geres-pour-lindustrie-de-lassurance\\\/\",\"url\":\"https:\\\/\\\/smartprint.com\\\/fr\\\/solutions-dimpression-par-industrie\\\/services-dimpressions-geres-pour-lindustrie-de-lassurance\\\/\",\"name\":\"Services d\u2019Impression G\u00e9r\u00e9s pour l'industrie de l'assurance - SmartPrint\",\"isPartOf\":{\"@id\":\"https:\\\/\\\/smartprint.com\\\/#website\"},\"datePublished\":\"2017-07-24T16:16:20+00:00\",\"dateModified\":\"2018-05-31T18:47:34+00:00\",\"breadcrumb\":{\"@id\":\"https:\\\/\\\/smartprint.com\\\/fr\\\/solutions-dimpression-par-industrie\\\/services-dimpressions-geres-pour-lindustrie-de-lassurance\\\/#breadcrumb\"},\"inLanguage\":\"fr-FR\",\"potentialAction\":[{\"@type\":\"ReadAction\",\"target\":[\"https:\\\/\\\/smartprint.com\\\/fr\\\/solutions-dimpression-par-industrie\\\/services-dimpressions-geres-pour-lindustrie-de-lassurance\\\/\"]}]},{\"@type\":\"BreadcrumbList\",\"@id\":\"https:\\\/\\\/smartprint.com\\\/fr\\\/solutions-dimpression-par-industrie\\\/services-dimpressions-geres-pour-lindustrie-de-lassurance\\\/#breadcrumb\",\"itemListElement\":[{\"@type\":\"ListItem\",\"position\":1,\"name\":\"Accueil\",\"item\":\"https:\\\/\\\/smartprint.com\\\/fr\\\/\"},{\"@type\":\"ListItem\",\"position\":2,\"name\":\"Solutions d&#8217;impression par industrie\",\"item\":\"https:\\\/\\\/smartprint.com\\\/fr\\\/solutions-dimpression-par-industrie\\\/\"},{\"@type\":\"ListItem\",\"position\":3,\"name\":\"Services d\u2019Impression G\u00e9r\u00e9s pour l&#8217;industrie de l&#8217;assurance\"}]},{\"@type\":\"WebSite\",\"@id\":\"https:\\\/\\\/smartprint.com\\\/#website\",\"url\":\"https:\\\/\\\/smartprint.com\\\/\",\"name\":\"SmartPrint\",\"description\":\"Services d&#039;Impression G\u00e9r\u00e9s\",\"potentialAction\":[{\"@type\":\"SearchAction\",\"target\":{\"@type\":\"EntryPoint\",\"urlTemplate\":\"https:\\\/\\\/smartprint.com\\\/?s={search_term_string}\"},\"query-input\":{\"@type\":\"PropertyValueSpecification\",\"valueRequired\":true,\"valueName\":\"search_term_string\"}}],\"inLanguage\":\"fr-FR\"}]}<\/script>\n<!-- \/ Yoast SEO plugin. -->","yoast_head_json":{"title":"Services d\u2019Impression G\u00e9r\u00e9s pour l'industrie de l'assurance - SmartPrint","robots":{"index":"index","follow":"follow","max-snippet":"max-snippet:-1","max-image-preview":"max-image-preview:large","max-video-preview":"max-video-preview:-1"},"canonical":"https:\/\/smartprint.com\/fr\/solutions-dimpression-par-industrie\/services-dimpressions-geres-pour-lindustrie-de-lassurance\/","og_locale":"fr_FR","og_type":"article","og_title":"Services d\u2019Impression G\u00e9r\u00e9s pour l'industrie de l'assurance - SmartPrint","og_description":"SmartPrint aide les entreprises d&#8217;assurance \u00e0...","og_url":"https:\/\/smartprint.com\/fr\/solutions-dimpression-par-industrie\/services-dimpressions-geres-pour-lindustrie-de-lassurance\/","og_site_name":"SmartPrint","article_modified_time":"2018-05-31T18:47:34+00:00","twitter_card":"summary_large_image","twitter_misc":{"Est. reading time":"4 minutes"},"schema":{"@context":"https:\/\/schema.org","@graph":[{"@type":"WebPage","@id":"https:\/\/smartprint.com\/fr\/solutions-dimpression-par-industrie\/services-dimpressions-geres-pour-lindustrie-de-lassurance\/","url":"https:\/\/smartprint.com\/fr\/solutions-dimpression-par-industrie\/services-dimpressions-geres-pour-lindustrie-de-lassurance\/","name":"Services d\u2019Impression G\u00e9r\u00e9s pour l'industrie de l'assurance - SmartPrint","isPartOf":{"@id":"https:\/\/smartprint.com\/#website"},"datePublished":"2017-07-24T16:16:20+00:00","dateModified":"2018-05-31T18:47:34+00:00","breadcrumb":{"@id":"https:\/\/smartprint.com\/fr\/solutions-dimpression-par-industrie\/services-dimpressions-geres-pour-lindustrie-de-lassurance\/#breadcrumb"},"inLanguage":"fr-FR","potentialAction":[{"@type":"ReadAction","target":["https:\/\/smartprint.com\/fr\/solutions-dimpression-par-industrie\/services-dimpressions-geres-pour-lindustrie-de-lassurance\/"]}]},{"@type":"BreadcrumbList","@id":"https:\/\/smartprint.com\/fr\/solutions-dimpression-par-industrie\/services-dimpressions-geres-pour-lindustrie-de-lassurance\/#breadcrumb","itemListElement":[{"@type":"ListItem","position":1,"name":"Accueil","item":"https:\/\/smartprint.com\/fr\/"},{"@type":"ListItem","position":2,"name":"Solutions d&#8217;impression par industrie","item":"https:\/\/smartprint.com\/fr\/solutions-dimpression-par-industrie\/"},{"@type":"ListItem","position":3,"name":"Services d\u2019Impression G\u00e9r\u00e9s pour l&#8217;industrie de l&#8217;assurance"}]},{"@type":"WebSite","@id":"https:\/\/smartprint.com\/#website","url":"https:\/\/smartprint.com\/","name":"SmartPrint","description":"Services d&#039;Impression G\u00e9r\u00e9s","potentialAction":[{"@type":"SearchAction","target":{"@type":"EntryPoint","urlTemplate":"https:\/\/smartprint.com\/?s={search_term_string}"},"query-input":{"@type":"PropertyValueSpecification","valueRequired":true,"valueName":"search_term_string"}}],"inLanguage":"fr-FR"}]}},"_links":{"self":[{"href":"https:\/\/smartprint.com\/fr\/wp-json\/wp\/v2\/pages\/1653","targetHints":{"allow":["GET"]}}],"collection":[{"href":"https:\/\/smartprint.com\/fr\/wp-json\/wp\/v2\/pages"}],"about":[{"href":"https:\/\/smartprint.com\/fr\/wp-json\/wp\/v2\/types\/page"}],"author":[{"embeddable":true,"href":"https:\/\/smartprint.com\/fr\/wp-json\/wp\/v2\/users\/3"}],"replies":[{"embeddable":true,"href":"https:\/\/smartprint.com\/fr\/wp-json\/wp\/v2\/comments?post=1653"}],"version-history":[{"count":5,"href":"https:\/\/smartprint.com\/fr\/wp-json\/wp\/v2\/pages\/1653\/revisions"}],"predecessor-version":[{"id":3076,"href":"https:\/\/smartprint.com\/fr\/wp-json\/wp\/v2\/pages\/1653\/revisions\/3076"}],"up":[{"embeddable":true,"href":"https:\/\/smartprint.com\/fr\/wp-json\/wp\/v2\/pages\/1651"}],"wp:attachment":[{"href":"https:\/\/smartprint.com\/fr\/wp-json\/wp\/v2\/media?parent=1653"}],"curies":[{"name":"wp","href":"https:\/\/api.w.org\/{rel}","templated":true}]}}