{"id":1654,"date":"2017-07-24T12:16:14","date_gmt":"2017-07-24T16:16:14","guid":{"rendered":"https:\/\/smartprint.com\/?page_id=1654\/"},"modified":"2018-05-31T14:54:16","modified_gmt":"2018-05-31T18:54:16","slug":"services-dimpressions-geres-pour-cabinets-davocats","status":"publish","type":"page","link":"https:\/\/smartprint.com\/fr\/solutions-dimpression-par-industrie\/services-dimpressions-geres-pour-cabinets-davocats\/","title":{"rendered":"Services d&#8217;Impressions G\u00e9r\u00e9s pour cabinets d&#8217;avocats"},"content":{"rendered":"<p>[et_pb_section bb_built=&#8221;1&#8243; admin_label=&#8221;section&#8221; transparent_background_fb=&#8221;default&#8221; _builder_version=&#8221;3.0.47&#8243;][et_pb_row admin_label=&#8221;row&#8221; _builder_version=&#8221;3.0.47&#8243; background_size=&#8221;initial&#8221; background_position=&#8221;top_left&#8221; background_repeat=&#8221;repeat&#8221;][et_pb_column type=&#8221;2_3&#8243;][et_pb_text _builder_version=&#8221;3.0.64&#8243; background_size=&#8221;initial&#8221; background_position=&#8221;top_left&#8221; background_repeat=&#8221;repeat&#8221;]<\/p>\n<p>Chez SmartPrint, nous comprenons vos besoins. Nous comprenons que dans le secteur juridique, les clients internes de l&#8217;informatique (avocats, commis et assistants) sont extr\u00eamement exigeants. Ils sont exigeants car l&#8217;\u00e9chec n&#8217;est pas une option. Dans le cadre juridique, il est essentiel de fournir un temps de disponibilit\u00e9 \u00e9lev\u00e9 avec une plate-forme efficace d&#8217;\u00e9quipements d&#8217;impression, de num\u00e9risation et de logiciels int\u00e9gr\u00e9s. Il existe de nombreux outils complexes de num\u00e9risation, de routage, de compression de fichiers, d\u2019int\u00e9gration \u00e0 la DM, de fax sur IP, de recouvrement des co\u00fbts et bien d&#8217;autres encore. Toutefois, s&#8217;ils ne sont pas correctement impl\u00e9ment\u00e9s pour fournir aux utilisateurs des workflow simples et efficaces, les utilisateurs reviendront \u00e0 leurs processus manuels et perdront l&#8217;efficacit\u00e9.<\/p>\n<p>[\/et_pb_text][\/et_pb_column][et_pb_column type=&#8221;1_3&#8243;][et_pb_blurb image=&#8221;https:\/\/smartprint.com\/wp-content\/uploads\/2016\/01\/legal.jpg&#8221; alt=&#8221;managed print services for law firms&#8221; _builder_version=&#8221;3.0.47&#8243; background_size=&#8221;initial&#8221; background_position=&#8221;top_left&#8221; background_repeat=&#8221;repeat&#8221; \/][\/et_pb_column][\/et_pb_row][et_pb_row _builder_version=&#8221;3.0.64&#8243; background_size=&#8221;initial&#8221; background_position=&#8221;top_left&#8221; background_repeat=&#8221;repeat&#8221;][et_pb_column type=&#8221;4_4&#8243;][et_pb_text _builder_version=&#8221;3.0.64&#8243; background_size=&#8221;initial&#8221; background_position=&#8221;top_left&#8221; background_repeat=&#8221;repeat&#8221; background_layout=&#8221;light&#8221; text_orientation=&#8221;left&#8221; border_style=&#8221;solid&#8221;]<\/p>\n<p>Nous sommes des experts de l\u2019ergonomie de l&#8217;utilisateur. Nous savons que nous devons offrir \u00e0 l&#8217;utilisateur, dont les connaissances en technologie de l&#8217;information sont limit\u00e9es, l\u2019essentiel pour faire le travail simplement. &nbsp;Nous voulons \u00e9galement tirer parti de ces m\u00eames plates-formes pour fournir aux utilisateurs plus comp\u00e9tents en mati\u00e8re de technologie les workflow et les processus qui les porteront vers un niveau encore plus \u00e9lev\u00e9 d\u2019efficacit\u00e9. En tant qu&#8217;experts des SIG, nous avons une vaste exp\u00e9rience dans de nombreuses industries, en particulier en gestion des services d&#8217;impression pour cabinets d&#8217;avocats. Nous comprenons les d\u00e9fis et les opportunit\u00e9s de l&#8217;industrie l\u00e9gale pour am\u00e9liorer vos environnements d&#8217;impression.<\/p>\n<h3>Les d\u00e9fis de l&#8217;industrie juridique<\/h3>\n<ul>\n<li>Rendre les assistants juridiques plus productifs<\/li>\n<li>S\u00e9curit\u00e9<\/li>\n<li>Collaboration interne et externe de mani\u00e8re s\u00e9curis\u00e9e et efficace<\/li>\n<li>Confiance sur le stockage de documents hors site<\/li>\n<li>Simplification des processus de num\u00e9risation pour les rendre efficaces pour les utilisateurs<\/li>\n<li>Introduire efficacement l&#8217;impression couleur en gardant le budget sous contr\u00f4le<\/li>\n<li>Augmentation de la demande de fournitures OEM pour s&#8217;assurer que les utilisateurs ne sont pas touch\u00e9s par les temps d&#8217;arr\u00eat ou les inconv\u00e9nients des cartouches de toner remises \u00e0 neuf d\u00e9fectueuses<\/li>\n<li>Un besoin pour le temps de disponibilit\u00e9 du p\u00e9riph\u00e9rique le plus \u00e9lev\u00e9<\/li>\n<li>Simplification dans la gestion des approvisionnements pour les services d&#8217;assistance informatique et les utilisateurs.<\/li>\n<li>Relations personnalis\u00e9es flexibles et simplifi\u00e9es avec un fournisseur (Consolidation de fournisseur)<\/li>\n<li>Diminution du budget associ\u00e9 \u00e0 la production et \u00e0 la gestion des documents (y compris le stockage hors site)<\/li>\n<\/ul>\n<h3>Domaines d&#8217;opportunit\u00e9s pour cabinets d&#8217;avocats<\/h3>\n<ul>\n<li>Authentification simplifi\u00e9e des utilisateurs pour un flux de travail efficace et s\u00e9curis\u00e9 vers le syst\u00e8me de gestion de documents<\/li>\n<li>Conversion, compression et profil de documents simplifi\u00e9s<\/li>\n<li>D\u00e9ploiement \u00e9quilibr\u00e9 de la technologie d&#8217;impression et de num\u00e9risation, combinant force et fonctionnalit\u00e9 du bureau<\/li>\n<li>Partage et livraison de documents s\u00e9curis\u00e9s pour l&#8217;entreprise<\/li>\n<li>Fax sur IP pour r\u00e9duire les co\u00fbts d&#8217;impression et la fiabilit\u00e9 des p\u00e9riph\u00e9riques d&#8217;impression<\/li>\n<li>R\u00e9duction des co\u00fbts<\/li>\n<li>Gain de temps important remis aux \u00e9quipes internes des TI et des op\u00e9rations en externalisant toutes les int\u00e9grations d&#8217;impression, de num\u00e9risation et de logiciels associ\u00e9s \u00e0 un partenaire strat\u00e9gique de GSI<\/li>\n<\/ul>\n<p><a href=\"https:\/\/smartprint.com\/fr\/propos-de-smartprint\/contact-us\/\">Contactez SmartPrint<\/a>&nbsp;pour analyser la fa\u00e7on dont nos&nbsp;<a href=\"https:\/\/smartprint.com\/fr\/services-dimpressions-geres\/\">solutions SIG<\/a> et nos workflow de gestion de contenu peuvent consid\u00e9rablement am\u00e9liorer l&#8217;\u00e9fficacit\u00e9 de votre entrepris en vous offrant un avantage comp\u00e9titif.<\/p>\n<p><strong>Remplissez le formulaire ci-dessous pour l&#8217;\u00e9valuation sans obligation de votre r\u00e9seau d&#8217;impression et constatez comment les services d&#8217;impression g\u00e9r\u00e9s pour les cabinets d&#8217;avocats pourrait am\u00e9liorer votre environnement d&#8217;impression.<\/strong><br \/>\n<!-- [if lte IE 8]><script charset=\"utf-8\" type=\"text\/javascript\" src=\"\/\/js.hsforms.net\/forms\/v2-legacy.js\"><\/script><![endif]--><script charset=\"utf-8\" type=\"text\/javascript\" src=\"\/\/js.hsforms.net\/forms\/v2.js\"><\/script><br \/>\n<script>\n  hbspt.forms.create({\n\tportalId: \"4215610\",\n\tformId: \"e95f4eac-2795-4316-93a6-f1c53a547955\",\n\tcss: \"\",\n\tsfdcCampaignId: \"7011W000000eObzQAE\"\n});\n<\/script><\/p>\n<p>[\/et_pb_text][\/et_pb_column][\/et_pb_row][\/et_pb_section]<\/p>\n","protected":false},"excerpt":{"rendered":"<p>Chez SmartPrint, nous comprenons vos besoins. Nous&#8230;<\/p>\n <a href=\"https:\/\/smartprint.com\/fr\/solutions-dimpression-par-industrie\/services-dimpressions-geres-pour-cabinets-davocats\/\" class=\"more-link\" title=\"Read More\">En savoir plus<\/a>","protected":false},"author":3,"featured_media":0,"parent":1651,"menu_order":0,"comment_status":"closed","ping_status":"closed","template":"","meta":{"_acf_changed":false,"_et_pb_use_builder":"on","_et_pb_old_content":"<p><img class=\"style-svg alignright\" src=\"https:\/\/smartprint.com\/wp-content\/uploads\/2016\/01\/legal-300x200.jpg\" alt=\"managed print services for law firms\" width=\"300\" height=\"200\" \/><\/p><p>At SmartPrint, we get it. We understand that in the legal industry, IT\u2019s internal customers (lawyers, clerks and assistants) are extremely demanding. They do not have time to wait for anything because failure for the law firm\u2019s client is not an option. In the legal environment, it\u2019s crucial to provide high uptime with an efficient platform of printing and imaging equipment and integrated software.<\/p><p>There are many complex tools including scanning, routing, file compression, integration to DM, fax over IP, cost recovery and many more. However, if they are not implemented correctly to provide users with simple effective workflows, the users will go back to their manual processes and lose efficiency.<\/p><p>We are experts at getting it right for the user. We know that we need to give the limited tech-savvy user what they need to simply get the job done while also leveraging those same platforms to provide the more tech-savvy user with the workflows and processes that take them to an even higher level of efficiency.<\/p><p>As MPS experts, we have vast experience across many industries, particularly managed print services for law firms. We understand the legal industry's challenges and opportunities to improve their print environments.<\/p><h3>Legal Industry Challenges<\/h3><ul><li>Making Legal Assistants more productive<\/li><li>Security<\/li><li>Collaborating internally and externally securely and efficiently<\/li><li>Reliance on off-site document storage<\/li><li>How to simplify scanning processes to make it easy and efficient for users<\/li><li>How to introduce convenience colour printing effectively while watching the budget<\/li><li>Increase in demand for OEM supplies to ensure that users aren\u2019t impacted by downtime or the inconvenience of failed re-manufactured toner cartridges<\/li><li>A need for the highest device uptime<\/li><li>Simplification in supplies and services management for IT Helpdesk and Users.<\/li><li>Personalized, flexible and simplified vendor relationships (Vendor Consolidation)<\/li><li>Decrease budget associated with document production and management (including off-site storage)<\/li><\/ul><h3>Areas of opportunity for Law Firms<\/h3><ul><li>Streamlined user authentication for efficient, secure workflow of documents to the Document Management System<\/li><li>Simplified document conversion, compression and profiling<\/li><li>Balanced deployment of printing and imaging technology, bringing power and functionality closer to the desk top<\/li><li>Secure enterprise document sharing and delivery<\/li><li>Fax Over IP to help reduce print costs and print device reliance<\/li><li>Cost reduction<\/li><li>Significant time given back to internal IT and Operations teams by outsourcing all printing, scanning and related software integrations to one strategic MPS partner<\/li><\/ul><p><a href=\"https:\/\/smartprint.com\/about-us\/contact-us\/\">Contact SmartPrint<\/a> to discuss how our <a href=\"https:\/\/smartprint.com\/managed-print-services-canada\/\">MPS solutions<\/a> and content management workflow can dramatically improve your firm\u2019s efficiency driving competitive advantage in the legal vertical.<\/p><p><strong>Complete the form below for your no obligation print assessment to see how managed print services for law firms might improve your print environment.<\/strong><\/p><p>[gravityform id=\"5\" title=\"false\" description=\"false\"]<\/p>","_et_gb_content_width":"","content-type":"","footnotes":""},"class_list":["post-1654","page","type-page","status-publish","hentry"],"acf":[],"yoast_head":"<!-- This site is optimized with the Yoast SEO plugin v27.4 - https:\/\/yoast.com\/product\/yoast-seo-wordpress\/ -->\n<title>Services d&#039;Impressions G\u00e9r\u00e9s pour cabinets d&#039;avocats - SmartPrint<\/title>\n<meta name=\"robots\" content=\"index, follow, max-snippet:-1, max-image-preview:large, max-video-preview:-1\" \/>\n<link rel=\"canonical\" href=\"https:\/\/smartprint.com\/fr\/solutions-dimpression-par-industrie\/services-dimpressions-geres-pour-cabinets-davocats\/\" \/>\n<meta property=\"og:locale\" content=\"fr_FR\" \/>\n<meta property=\"og:type\" content=\"article\" \/>\n<meta property=\"og:title\" content=\"Services d&#039;Impressions G\u00e9r\u00e9s pour cabinets d&#039;avocats - SmartPrint\" \/>\n<meta property=\"og:description\" content=\"Chez SmartPrint, nous comprenons vos besoins. Nous...\" \/>\n<meta property=\"og:url\" content=\"https:\/\/smartprint.com\/fr\/solutions-dimpression-par-industrie\/services-dimpressions-geres-pour-cabinets-davocats\/\" \/>\n<meta property=\"og:site_name\" content=\"SmartPrint\" \/>\n<meta property=\"article:modified_time\" content=\"2018-05-31T18:54:16+00:00\" \/>\n<meta name=\"twitter:card\" content=\"summary_large_image\" \/>\n<meta name=\"twitter:label1\" content=\"Est. reading time\" \/>\n\t<meta name=\"twitter:data1\" content=\"4 minutes\" \/>\n<script type=\"application\/ld+json\" class=\"yoast-schema-graph\">{\"@context\":\"https:\\\/\\\/schema.org\",\"@graph\":[{\"@type\":\"WebPage\",\"@id\":\"https:\\\/\\\/smartprint.com\\\/fr\\\/solutions-dimpression-par-industrie\\\/services-dimpressions-geres-pour-cabinets-davocats\\\/\",\"url\":\"https:\\\/\\\/smartprint.com\\\/fr\\\/solutions-dimpression-par-industrie\\\/services-dimpressions-geres-pour-cabinets-davocats\\\/\",\"name\":\"Services d'Impressions G\u00e9r\u00e9s pour cabinets d'avocats - SmartPrint\",\"isPartOf\":{\"@id\":\"https:\\\/\\\/smartprint.com\\\/#website\"},\"datePublished\":\"2017-07-24T16:16:14+00:00\",\"dateModified\":\"2018-05-31T18:54:16+00:00\",\"breadcrumb\":{\"@id\":\"https:\\\/\\\/smartprint.com\\\/fr\\\/solutions-dimpression-par-industrie\\\/services-dimpressions-geres-pour-cabinets-davocats\\\/#breadcrumb\"},\"inLanguage\":\"fr-FR\",\"potentialAction\":[{\"@type\":\"ReadAction\",\"target\":[\"https:\\\/\\\/smartprint.com\\\/fr\\\/solutions-dimpression-par-industrie\\\/services-dimpressions-geres-pour-cabinets-davocats\\\/\"]}]},{\"@type\":\"BreadcrumbList\",\"@id\":\"https:\\\/\\\/smartprint.com\\\/fr\\\/solutions-dimpression-par-industrie\\\/services-dimpressions-geres-pour-cabinets-davocats\\\/#breadcrumb\",\"itemListElement\":[{\"@type\":\"ListItem\",\"position\":1,\"name\":\"Accueil\",\"item\":\"https:\\\/\\\/smartprint.com\\\/fr\\\/\"},{\"@type\":\"ListItem\",\"position\":2,\"name\":\"Solutions d&#8217;impression par industrie\",\"item\":\"https:\\\/\\\/smartprint.com\\\/fr\\\/solutions-dimpression-par-industrie\\\/\"},{\"@type\":\"ListItem\",\"position\":3,\"name\":\"Services d&#8217;Impressions G\u00e9r\u00e9s pour cabinets d&#8217;avocats\"}]},{\"@type\":\"WebSite\",\"@id\":\"https:\\\/\\\/smartprint.com\\\/#website\",\"url\":\"https:\\\/\\\/smartprint.com\\\/\",\"name\":\"SmartPrint\",\"description\":\"Services d&#039;Impression G\u00e9r\u00e9s\",\"potentialAction\":[{\"@type\":\"SearchAction\",\"target\":{\"@type\":\"EntryPoint\",\"urlTemplate\":\"https:\\\/\\\/smartprint.com\\\/?s={search_term_string}\"},\"query-input\":{\"@type\":\"PropertyValueSpecification\",\"valueRequired\":true,\"valueName\":\"search_term_string\"}}],\"inLanguage\":\"fr-FR\"}]}<\/script>\n<!-- \/ Yoast SEO plugin. -->","yoast_head_json":{"title":"Services d'Impressions G\u00e9r\u00e9s pour cabinets d'avocats - SmartPrint","robots":{"index":"index","follow":"follow","max-snippet":"max-snippet:-1","max-image-preview":"max-image-preview:large","max-video-preview":"max-video-preview:-1"},"canonical":"https:\/\/smartprint.com\/fr\/solutions-dimpression-par-industrie\/services-dimpressions-geres-pour-cabinets-davocats\/","og_locale":"fr_FR","og_type":"article","og_title":"Services d'Impressions G\u00e9r\u00e9s pour cabinets d'avocats - SmartPrint","og_description":"Chez SmartPrint, nous comprenons vos besoins. Nous...","og_url":"https:\/\/smartprint.com\/fr\/solutions-dimpression-par-industrie\/services-dimpressions-geres-pour-cabinets-davocats\/","og_site_name":"SmartPrint","article_modified_time":"2018-05-31T18:54:16+00:00","twitter_card":"summary_large_image","twitter_misc":{"Est. reading time":"4 minutes"},"schema":{"@context":"https:\/\/schema.org","@graph":[{"@type":"WebPage","@id":"https:\/\/smartprint.com\/fr\/solutions-dimpression-par-industrie\/services-dimpressions-geres-pour-cabinets-davocats\/","url":"https:\/\/smartprint.com\/fr\/solutions-dimpression-par-industrie\/services-dimpressions-geres-pour-cabinets-davocats\/","name":"Services d'Impressions G\u00e9r\u00e9s pour cabinets d'avocats - SmartPrint","isPartOf":{"@id":"https:\/\/smartprint.com\/#website"},"datePublished":"2017-07-24T16:16:14+00:00","dateModified":"2018-05-31T18:54:16+00:00","breadcrumb":{"@id":"https:\/\/smartprint.com\/fr\/solutions-dimpression-par-industrie\/services-dimpressions-geres-pour-cabinets-davocats\/#breadcrumb"},"inLanguage":"fr-FR","potentialAction":[{"@type":"ReadAction","target":["https:\/\/smartprint.com\/fr\/solutions-dimpression-par-industrie\/services-dimpressions-geres-pour-cabinets-davocats\/"]}]},{"@type":"BreadcrumbList","@id":"https:\/\/smartprint.com\/fr\/solutions-dimpression-par-industrie\/services-dimpressions-geres-pour-cabinets-davocats\/#breadcrumb","itemListElement":[{"@type":"ListItem","position":1,"name":"Accueil","item":"https:\/\/smartprint.com\/fr\/"},{"@type":"ListItem","position":2,"name":"Solutions d&#8217;impression par industrie","item":"https:\/\/smartprint.com\/fr\/solutions-dimpression-par-industrie\/"},{"@type":"ListItem","position":3,"name":"Services d&#8217;Impressions G\u00e9r\u00e9s pour cabinets d&#8217;avocats"}]},{"@type":"WebSite","@id":"https:\/\/smartprint.com\/#website","url":"https:\/\/smartprint.com\/","name":"SmartPrint","description":"Services d&#039;Impression G\u00e9r\u00e9s","potentialAction":[{"@type":"SearchAction","target":{"@type":"EntryPoint","urlTemplate":"https:\/\/smartprint.com\/?s={search_term_string}"},"query-input":{"@type":"PropertyValueSpecification","valueRequired":true,"valueName":"search_term_string"}}],"inLanguage":"fr-FR"}]}},"_links":{"self":[{"href":"https:\/\/smartprint.com\/fr\/wp-json\/wp\/v2\/pages\/1654","targetHints":{"allow":["GET"]}}],"collection":[{"href":"https:\/\/smartprint.com\/fr\/wp-json\/wp\/v2\/pages"}],"about":[{"href":"https:\/\/smartprint.com\/fr\/wp-json\/wp\/v2\/types\/page"}],"author":[{"embeddable":true,"href":"https:\/\/smartprint.com\/fr\/wp-json\/wp\/v2\/users\/3"}],"replies":[{"embeddable":true,"href":"https:\/\/smartprint.com\/fr\/wp-json\/wp\/v2\/comments?post=1654"}],"version-history":[{"count":10,"href":"https:\/\/smartprint.com\/fr\/wp-json\/wp\/v2\/pages\/1654\/revisions"}],"predecessor-version":[{"id":3084,"href":"https:\/\/smartprint.com\/fr\/wp-json\/wp\/v2\/pages\/1654\/revisions\/3084"}],"up":[{"embeddable":true,"href":"https:\/\/smartprint.com\/fr\/wp-json\/wp\/v2\/pages\/1651"}],"wp:attachment":[{"href":"https:\/\/smartprint.com\/fr\/wp-json\/wp\/v2\/media?parent=1654"}],"curies":[{"name":"wp","href":"https:\/\/api.w.org\/{rel}","templated":true}]}}