{"id":1655,"date":"2017-07-24T12:16:34","date_gmt":"2017-07-24T16:16:34","guid":{"rendered":"https:\/\/smartprint.com\/?page_id=1655\/"},"modified":"2018-05-31T14:48:42","modified_gmt":"2018-05-31T18:48:42","slug":"services-dimpression-geres-pour-lindustrie-de-la-fabrication-et-de-la-distribution","status":"publish","type":"page","link":"https:\/\/smartprint.com\/fr\/solutions-dimpression-par-industrie\/services-dimpression-geres-pour-lindustrie-de-la-fabrication-et-de-la-distribution\/","title":{"rendered":"Services d&#8217;Impression G\u00e9r\u00e9s pour l&#8217;industrie de la fabrication et de la distribution"},"content":{"rendered":"<p>[et_pb_section bb_built=&#8221;1&#8243; admin_label=&#8221;section&#8221; transparent_background_fb=&#8221;default&#8221; _builder_version=&#8221;3.0.47&#8243;][et_pb_row admin_label=&#8221;row&#8221; _builder_version=&#8221;3.0.47&#8243; background_size=&#8221;initial&#8221; background_position=&#8221;top_left&#8221; background_repeat=&#8221;repeat&#8221;][et_pb_column type=&#8221;2_3&#8243;][et_pb_text _builder_version=&#8221;3.0.47&#8243; background_size=&#8221;initial&#8221; background_position=&#8221;top_left&#8221; background_repeat=&#8221;repeat&#8221;]<\/p>\n<p>SmartPrint poss\u00e8de les connaissances et l&#8217;exp\u00e9rience requises pour aider les entreprises manufacturi\u00e8res \u00e0 r\u00e9duire leurs co\u00fbts d&#8217;impression de bureau et de production, tout en am\u00e9liorant l&#8217;efficacit\u00e9 de l&#8217;organisation. L&#8217;impression fait partie int\u00e9grante des processus op\u00e9rationnels pour les organisations de fabrication &#8211; depuis la commande des produits \u00e0 la zone de production en terminant par l&#8217;exp\u00e9dition et la livraison des produits finis.<\/p>\n<p>L&#8217;industrie manufacturi\u00e8re cherche continuellement des moyens d&#8217;\u00e9conomiser des co\u00fbts et d&#8217;am\u00e9liorer l&#8217;efficacit\u00e9. Il existe de nombreux processus d&#8217;affaires dans de multiples services qui ont g\u00e9n\u00e9ralement des possibilit\u00e9s pour l&#8217;am\u00e9lioration.<\/p>\n<p>[\/et_pb_text][\/et_pb_column][et_pb_column type=&#8221;1_3&#8243;][et_pb_blurb image=&#8221;https:\/\/smartprint.com\/wp-content\/uploads\/2016\/03\/manufacturing-managed-print-services-2.jpg&#8221; alt=&#8221;manufacturing managed print services 2&#8243; _builder_version=&#8221;3.0.47&#8243; background_size=&#8221;initial&#8221; background_position=&#8221;top_left&#8221; background_repeat=&#8221;repeat&#8221; \/][\/et_pb_column][\/et_pb_row][et_pb_row _builder_version=&#8221;3.0.47&#8243; background_size=&#8221;initial&#8221; background_position=&#8221;top_left&#8221; background_repeat=&#8221;repeat&#8221;][et_pb_column type=&#8221;4_4&#8243;][et_pb_text _builder_version=&#8221;3.0.64&#8243; background_size=&#8221;initial&#8221; background_position=&#8221;top_left&#8221; background_repeat=&#8221;repeat&#8221; background_layout=&#8221;light&#8221; text_orientation=&#8221;left&#8221; border_style=&#8221;solid&#8221;]<\/p>\n<p>Il existe de nombreuses solutions logicielles d&#8217;impression et de num\u00e9risation qui peuvent am\u00e9liorer ces processus pour entreprise manufacturi\u00e8re, notamment:<\/p>\n<ul>\n<li>Des sorties d&#8217;impressions s\u00e9curis\u00e9es,<\/li>\n<li>Des logiciels de workflow de num\u00e9risation et de routage,<\/li>\n<li>Des int\u00e9grations pour automatiser le flux de documents vers les progiciels ERP et les syst\u00e8mes de reporting<\/li>\n<li>La compression de fichiers et bien d&#8217;autres encore.<\/li>\n<\/ul>\n<p>En partenariat avec des<a href=\"https:\/\/smartprint.com\/fr\/services-dimpressions-geres\/notre-expertise-sig-pour-soutenir-votre-environnement-dimpression\/\"> experts ind\u00e9pendants des services d&#8217;impression g\u00e9r\u00e9s<\/a> qui ont de l&#8217;exp\u00e9rience avec les entreprises de fabrication, vous pourrez consid\u00e9rablement am\u00e9liorer le temps de disponibilit\u00e9, l&#8217;efficacit\u00e9 du workflow, <a href=\"https:\/\/smartprint.com\/fr\/vos-documents-numeriques-sont-ils-securises\/\">la s\u00e9curit\u00e9 des documents<\/a> et la r\u00e9duction des co\u00fbts.<\/p>\n<p>\u00c0 titre d&#8217;experts SIG, nous avons une vaste exp\u00e9rience de l&#8217;am\u00e9lioration continue pour les entreprises manufacturi\u00e8res partout au Canada gr\u00e2ce \u00e0 des services des services d&#8217;impressions g\u00e9r\u00e9s.<\/p>\n<h3>D\u00e9fis de l&#8217;industrie manufacturi\u00e8re<\/h3>\n<ul>\n<li>Volume d&#8217;impression couleur \u00e9lev\u00e9e pour &nbsp;analyses de qualit\u00e9 \/ production (proc\u00e9dure op\u00e9rationnelle permanente, manuels)<\/li>\n<li>Utilisation de services de stockage de papier avec co\u00fbt \u00e9lev\u00e9 pour les envoyer et les r\u00e9cup\u00e9rer<\/li>\n<li>Distribution et livraison de produits finis en papier, y compris la documentation de preuve de livraison<\/li>\n<li>Croisement manuel des donn\u00e9es, gourmand en ressources humaines, pour la consignation des preuves de livraison vers le syst\u00e8me ERP<\/li>\n<li>D\u00e9p\u00f4ts, stockage et gestion des formulaires pr\u00e9-imprim\u00e9s<\/li>\n<li>Volume \u00e9lev\u00e9 de fax pour les commandes<\/li>\n<li>Trop d&#8217;\u00e9quipement d&#8217;impression dans les lieux de production et les bureaux entra\u00eenant des co\u00fbts \u00e9lev\u00e9s<\/li>\n<li>Processus manuels du service \u00e0 la client\u00e8le pour les commandes incorrectes<\/li>\n<li>Processus comptes \u00e0 payer \/ comptes \u00e0 recevoir &#8211; imprimer les factures, puis les r\u00e9f\u00e9rencer dans ERP<\/li>\n<\/ul>\n<h3>Domaines d&#8217;opportunit\u00e9s pour les fabricants<\/h3>\n<ul>\n<li>Authentification de l&#8217;utilisateur pour un flux de travail s\u00e9curis\u00e9 et efficace<\/li>\n<li>D\u00e9ploiement \u00e9quilibr\u00e9 de la num\u00e9risation et de la technologie d&#8217;impression<\/li>\n<li><a href=\"https:\/\/smartprint.com\/fr\/services-dimpressions-geres\/les-avantages-des-services-dimpressions-geres\/la-consolidation-des-fournisseurs-dimpression-produit-des-economies-de-couts-et-des-avantages-organisationnels-indirects\/\">Consolidation des fournisseurs<\/a> pour la r\u00e9duction des co\u00fbts d&#8217;impression et de num\u00e9risation et simplification des processus administratifs<\/li>\n<li>Compr\u00e9hension de l&#8217;impression par application pour consulter ce que les gens impriment et am\u00e9liorer le flux de travail<\/li>\n<li>Fax sur IP pour r\u00e9duire les co\u00fbts d&#8217;impression et la d\u00e9pendance aux p\u00e9riph\u00e9riques d&#8217;impression.<\/li>\n<li>Implanter la num\u00e9risation en utilisant des outils simples de capture et de routage<\/li>\n<li>Possibilit\u00e9s de <a href=\"https:\/\/smartprint.com\/fr\/services-dimpressions-geres\/les-avantages-des-services-dimpressions-geres\/le-controle-des-documents-produit-des-avantages-organisationnels-importants\/\">contr\u00f4le de documents<\/a>, y compris la conversion, la compression et le profilage, am\u00e9liorant la r\u00e9cup\u00e9ration des fichiers num\u00e9riques<\/li>\n<\/ul>\n<p><a href=\"https:\/\/smartprint.com\/fr\/propos-de-smartprint\/nous-contacter\/\">Contactez SmartPrint<\/a> pour discuter de la fa\u00e7on dont nos <a href=\"https:\/\/smartprint.com\/fr\/services-dimpressions-geres\/\">solutions SIG<\/a> et notre workflow de gestion de contenu peuvent consid\u00e9rablement am\u00e9liorer l&#8217;efficacit\u00e9 de votre dans l&#8217;industrie manufacturi\u00e8re.<\/p>\n<p><strong>Remplissez le formulaire ci-dessous pour une \u00e9valuation d&#8217;impression sans obligation afin de constater comment les services d&#8217;impressions g\u00e9r\u00e9s pour les organisations manufacturi\u00e8res pourraient am\u00e9liorer votre environnement d&#8217;impression.<\/strong><\/p>\n<p><!--[if lte IE 8]><script charset=\"utf-8\" type=\"text\/javascript\" src=\"\/\/js.hsforms.net\/forms\/v2-legacy.js\"><\/script><![endif]--><script charset=\"utf-8\" type=\"text\/javascript\" src=\"\/\/js.hsforms.net\/forms\/v2.js\"><\/script><br \/>\n<script>\n  hbspt.forms.create({\n\tportalId: \"4215610\",\n\tformId: \"e95f4eac-2795-4316-93a6-f1c53a547955\",\n\tcss: \"\",\n\tsfdcCampaignId: \"7011W000000eObzQAE\"\n});\n<\/script><\/p>\n<p>[\/et_pb_text][\/et_pb_column][\/et_pb_row][\/et_pb_section]<\/p>\n","protected":false},"excerpt":{"rendered":"<p>SmartPrint poss\u00e8de les connaissances et&#8230;<\/p>\n <a href=\"https:\/\/smartprint.com\/fr\/solutions-dimpression-par-industrie\/services-dimpression-geres-pour-lindustrie-de-la-fabrication-et-de-la-distribution\/\" class=\"more-link\" title=\"Read More\">En savoir plus<\/a>","protected":false},"author":3,"featured_media":0,"parent":1651,"menu_order":0,"comment_status":"closed","ping_status":"closed","template":"","meta":{"_acf_changed":false,"_et_pb_use_builder":"on","_et_pb_old_content":"SmartPrint has the knowledge and experience required to help manufacturing businesses reduce office and production printing costs, while improve efficiency across the organization. Printing is an integral part of business processes for manufacturing organizations, from product order through to the production floor, through to shipping and delivery of finished goods. The manufacturing industry is continually looking for ways to save cost and improve efficiency and there are many business processes in multiple departments that typically have room for improvement. \r\n\r\nThere are many software solutions that can improve a manufacturing companies printing and imaging processes, including secure print release, scanning and routing workflow software, file compression, integration to automate the flow of documents into ERP and reporting systems and many more. \r\n\r\nPartnering with independent experts in managed print services with experience in helping manufacturing firms can significantly improve up-time, workflow efficiency, document security and cost reduction.\r\n\r\nAs MPS experts, we have vast experience providing continuous improvement for manufacturing organizations across Canada through managed print services.\r\n\r\n\r\nManufacturing industry challenges\r\n\u2022\tHigh Colour Print Volume for QA\/Production (SOP\u2019s, Manuals)\r\n\u2022\tUse of paper storage companies with high cost to send and retrieve   \r\n\u2022\tPaper intensive on distribution and deliver of finished goods (proof of delivery documentation)  \r\n\u2022\tCross referencing proof of delivery with ERP system \u2013 Manual Process  \r\n\u2022\tPre printed forms expense, storage and management\r\n\u2022\tToo much printing equipment in production locations and in office locations resulting in high costs\r\n\u2022\tHigh volume of faxes for orders\r\n\u2022\tCustomer service manual process for incorrect orders \r\n\u2022\tAP\/AR processes - print bills and then reference them in ERP\r\n\r\nAreas of opportunity for insurance companies\r\n\r\n\u2022\tUser authentication for efficient \/ secure workflow \r\n\u2022\tBalanced deployment of technology with secure printing \r\n\u2022\tVendor consolidation supporting printing and imaging cost reduction and simplifying administrative processes\r\n\u2022\tUnderstanding of printing by application to see what people are printing and improve workflow\r\n\u2022\tFax Over IP to help reduce print costs and print device reliance.\r\n\u2022\tImplement scanning with use of simple capture & routing tools\r\n\u2022\tDocument conversion, compression and profiling improving retrieval of digital files\r\n\r\nContact SmartPrint to discuss how our MPS solutions and content management workflow can dramatically improve your organizations efficiency driving competitive advantage in the manufacturing vertical.","_et_gb_content_width":"","content-type":"","footnotes":""},"class_list":["post-1655","page","type-page","status-publish","hentry"],"acf":[],"yoast_head":"<!-- This site is optimized with the Yoast SEO plugin v27.3 - https:\/\/yoast.com\/product\/yoast-seo-wordpress\/ -->\n<title>Services d&#039;Impression G\u00e9r\u00e9s pour l&#039;industrie de la fabrication et de la distribution - SmartPrint<\/title>\n<meta name=\"robots\" content=\"index, follow, max-snippet:-1, max-image-preview:large, max-video-preview:-1\" \/>\n<link rel=\"canonical\" href=\"https:\/\/smartprint.com\/fr\/solutions-dimpression-par-industrie\/services-dimpression-geres-pour-lindustrie-de-la-fabrication-et-de-la-distribution\/\" \/>\n<meta property=\"og:locale\" content=\"fr_FR\" \/>\n<meta property=\"og:type\" content=\"article\" \/>\n<meta property=\"og:title\" content=\"Services d&#039;Impression G\u00e9r\u00e9s pour l&#039;industrie de la fabrication et de la distribution - SmartPrint\" \/>\n<meta property=\"og:description\" content=\"SmartPrint poss\u00e8de les connaissances et...\" \/>\n<meta property=\"og:url\" content=\"https:\/\/smartprint.com\/fr\/solutions-dimpression-par-industrie\/services-dimpression-geres-pour-lindustrie-de-la-fabrication-et-de-la-distribution\/\" \/>\n<meta property=\"og:site_name\" content=\"SmartPrint\" \/>\n<meta property=\"article:modified_time\" content=\"2018-05-31T18:48:42+00:00\" \/>\n<meta name=\"twitter:card\" content=\"summary_large_image\" \/>\n<meta name=\"twitter:label1\" content=\"Est. reading time\" \/>\n\t<meta name=\"twitter:data1\" content=\"4 minutes\" \/>\n<script type=\"application\/ld+json\" class=\"yoast-schema-graph\">{\"@context\":\"https:\\\/\\\/schema.org\",\"@graph\":[{\"@type\":\"WebPage\",\"@id\":\"https:\\\/\\\/smartprint.com\\\/fr\\\/solutions-dimpression-par-industrie\\\/services-dimpression-geres-pour-lindustrie-de-la-fabrication-et-de-la-distribution\\\/\",\"url\":\"https:\\\/\\\/smartprint.com\\\/fr\\\/solutions-dimpression-par-industrie\\\/services-dimpression-geres-pour-lindustrie-de-la-fabrication-et-de-la-distribution\\\/\",\"name\":\"Services d'Impression G\u00e9r\u00e9s pour l'industrie de la fabrication et de la distribution - SmartPrint\",\"isPartOf\":{\"@id\":\"https:\\\/\\\/smartprint.com\\\/#website\"},\"datePublished\":\"2017-07-24T16:16:34+00:00\",\"dateModified\":\"2018-05-31T18:48:42+00:00\",\"breadcrumb\":{\"@id\":\"https:\\\/\\\/smartprint.com\\\/fr\\\/solutions-dimpression-par-industrie\\\/services-dimpression-geres-pour-lindustrie-de-la-fabrication-et-de-la-distribution\\\/#breadcrumb\"},\"inLanguage\":\"fr-FR\",\"potentialAction\":[{\"@type\":\"ReadAction\",\"target\":[\"https:\\\/\\\/smartprint.com\\\/fr\\\/solutions-dimpression-par-industrie\\\/services-dimpression-geres-pour-lindustrie-de-la-fabrication-et-de-la-distribution\\\/\"]}]},{\"@type\":\"BreadcrumbList\",\"@id\":\"https:\\\/\\\/smartprint.com\\\/fr\\\/solutions-dimpression-par-industrie\\\/services-dimpression-geres-pour-lindustrie-de-la-fabrication-et-de-la-distribution\\\/#breadcrumb\",\"itemListElement\":[{\"@type\":\"ListItem\",\"position\":1,\"name\":\"Accueil\",\"item\":\"https:\\\/\\\/smartprint.com\\\/fr\\\/\"},{\"@type\":\"ListItem\",\"position\":2,\"name\":\"Solutions d&#8217;impression par industrie\",\"item\":\"https:\\\/\\\/smartprint.com\\\/fr\\\/solutions-dimpression-par-industrie\\\/\"},{\"@type\":\"ListItem\",\"position\":3,\"name\":\"Services d&#8217;Impression G\u00e9r\u00e9s pour l&#8217;industrie de la fabrication et de la distribution\"}]},{\"@type\":\"WebSite\",\"@id\":\"https:\\\/\\\/smartprint.com\\\/#website\",\"url\":\"https:\\\/\\\/smartprint.com\\\/\",\"name\":\"SmartPrint\",\"description\":\"Services d&#039;Impression G\u00e9r\u00e9s\",\"potentialAction\":[{\"@type\":\"SearchAction\",\"target\":{\"@type\":\"EntryPoint\",\"urlTemplate\":\"https:\\\/\\\/smartprint.com\\\/?s={search_term_string}\"},\"query-input\":{\"@type\":\"PropertyValueSpecification\",\"valueRequired\":true,\"valueName\":\"search_term_string\"}}],\"inLanguage\":\"fr-FR\"}]}<\/script>\n<!-- \/ Yoast SEO plugin. -->","yoast_head_json":{"title":"Services d'Impression G\u00e9r\u00e9s pour l'industrie de la fabrication et de la distribution - SmartPrint","robots":{"index":"index","follow":"follow","max-snippet":"max-snippet:-1","max-image-preview":"max-image-preview:large","max-video-preview":"max-video-preview:-1"},"canonical":"https:\/\/smartprint.com\/fr\/solutions-dimpression-par-industrie\/services-dimpression-geres-pour-lindustrie-de-la-fabrication-et-de-la-distribution\/","og_locale":"fr_FR","og_type":"article","og_title":"Services d'Impression G\u00e9r\u00e9s pour l'industrie de la fabrication et de la distribution - SmartPrint","og_description":"SmartPrint poss\u00e8de les connaissances et...","og_url":"https:\/\/smartprint.com\/fr\/solutions-dimpression-par-industrie\/services-dimpression-geres-pour-lindustrie-de-la-fabrication-et-de-la-distribution\/","og_site_name":"SmartPrint","article_modified_time":"2018-05-31T18:48:42+00:00","twitter_card":"summary_large_image","twitter_misc":{"Est. reading time":"4 minutes"},"schema":{"@context":"https:\/\/schema.org","@graph":[{"@type":"WebPage","@id":"https:\/\/smartprint.com\/fr\/solutions-dimpression-par-industrie\/services-dimpression-geres-pour-lindustrie-de-la-fabrication-et-de-la-distribution\/","url":"https:\/\/smartprint.com\/fr\/solutions-dimpression-par-industrie\/services-dimpression-geres-pour-lindustrie-de-la-fabrication-et-de-la-distribution\/","name":"Services d'Impression G\u00e9r\u00e9s pour l'industrie de la fabrication et de la distribution - SmartPrint","isPartOf":{"@id":"https:\/\/smartprint.com\/#website"},"datePublished":"2017-07-24T16:16:34+00:00","dateModified":"2018-05-31T18:48:42+00:00","breadcrumb":{"@id":"https:\/\/smartprint.com\/fr\/solutions-dimpression-par-industrie\/services-dimpression-geres-pour-lindustrie-de-la-fabrication-et-de-la-distribution\/#breadcrumb"},"inLanguage":"fr-FR","potentialAction":[{"@type":"ReadAction","target":["https:\/\/smartprint.com\/fr\/solutions-dimpression-par-industrie\/services-dimpression-geres-pour-lindustrie-de-la-fabrication-et-de-la-distribution\/"]}]},{"@type":"BreadcrumbList","@id":"https:\/\/smartprint.com\/fr\/solutions-dimpression-par-industrie\/services-dimpression-geres-pour-lindustrie-de-la-fabrication-et-de-la-distribution\/#breadcrumb","itemListElement":[{"@type":"ListItem","position":1,"name":"Accueil","item":"https:\/\/smartprint.com\/fr\/"},{"@type":"ListItem","position":2,"name":"Solutions d&#8217;impression par industrie","item":"https:\/\/smartprint.com\/fr\/solutions-dimpression-par-industrie\/"},{"@type":"ListItem","position":3,"name":"Services d&#8217;Impression G\u00e9r\u00e9s pour l&#8217;industrie de la fabrication et de la distribution"}]},{"@type":"WebSite","@id":"https:\/\/smartprint.com\/#website","url":"https:\/\/smartprint.com\/","name":"SmartPrint","description":"Services d&#039;Impression G\u00e9r\u00e9s","potentialAction":[{"@type":"SearchAction","target":{"@type":"EntryPoint","urlTemplate":"https:\/\/smartprint.com\/?s={search_term_string}"},"query-input":{"@type":"PropertyValueSpecification","valueRequired":true,"valueName":"search_term_string"}}],"inLanguage":"fr-FR"}]}},"_links":{"self":[{"href":"https:\/\/smartprint.com\/fr\/wp-json\/wp\/v2\/pages\/1655","targetHints":{"allow":["GET"]}}],"collection":[{"href":"https:\/\/smartprint.com\/fr\/wp-json\/wp\/v2\/pages"}],"about":[{"href":"https:\/\/smartprint.com\/fr\/wp-json\/wp\/v2\/types\/page"}],"author":[{"embeddable":true,"href":"https:\/\/smartprint.com\/fr\/wp-json\/wp\/v2\/users\/3"}],"replies":[{"embeddable":true,"href":"https:\/\/smartprint.com\/fr\/wp-json\/wp\/v2\/comments?post=1655"}],"version-history":[{"count":5,"href":"https:\/\/smartprint.com\/fr\/wp-json\/wp\/v2\/pages\/1655\/revisions"}],"predecessor-version":[{"id":3075,"href":"https:\/\/smartprint.com\/fr\/wp-json\/wp\/v2\/pages\/1655\/revisions\/3075"}],"up":[{"embeddable":true,"href":"https:\/\/smartprint.com\/fr\/wp-json\/wp\/v2\/pages\/1651"}],"wp:attachment":[{"href":"https:\/\/smartprint.com\/fr\/wp-json\/wp\/v2\/media?parent=1655"}],"curies":[{"name":"wp","href":"https:\/\/api.w.org\/{rel}","templated":true}]}}