{"id":1657,"date":"2017-07-24T12:16:59","date_gmt":"2017-07-24T16:16:59","guid":{"rendered":"https:\/\/smartprint.com\/?page_id=1657\/"},"modified":"2017-11-29T11:29:34","modified_gmt":"2017-11-29T15:29:34","slug":"politique-de-confidentialite","status":"publish","type":"page","link":"https:\/\/smartprint.com\/fr\/politique-de-confidentialite\/","title":{"rendered":"Politique de confidentialit\u00e9"},"content":{"rendered":"<p>Cette politique de confidentialit\u00e9 r\u00e9v\u00e8le les pratiques de confidentialit\u00e9 de <a href=\"http:\/\/www.smartprint.com\/fr\">www.smartprint.com<\/a>. Cette politique de confidentialit\u00e9 s&#8217;applique uniquement \u00e0 l&#8217;information recueillie par ce site Web. Il vous informera de ce qui suit:<\/p>\n<ul>\n<li>Quelles informations personnelles identifiables sont collect\u00e9es aupr\u00e8s de vous via le site Web, comment elles sont utilis\u00e9es et avec qui elle peuvent \u00eatre partag\u00e9es.<\/li>\n<li>Quels sont les choix qui vont sont propos\u00e9s concernant l&#8217;utilisation de vos donn\u00e9es.<\/li>\n<li>Les proc\u00e9dures de s\u00e9curit\u00e9 en place pour prot\u00e9ger l&#8217;utilisation abusive de vos informations.<\/li>\n<li>Comment vous pouvez corriger toute inexactitude dans les informations.<\/li>\n<\/ul>\n<h3><strong>Collecte, utilisation et partage d&#8217;informations<\/strong><\/h3>\n<p>Nous sommes les seuls propri\u00e9taires de l&#8217;information recueillie sur ce site. Nous n&#8217;avons acc\u00e8s qu&#8217;\u00e0 des informations collect\u00e9es que vous nous avez volontairement transmises par courrier \u00e9lectronique ou autre contact direct de votre part. Nous ne vendrons ni ne lourons cette information \u00e0 personne.<\/p>\n<p>Nous utiliserons vos informations pour vous r\u00e9pondre, selon la raison pour laquelle vous nous avez contact\u00e9s. Nous ne partagerons pas vos informations avec une tierce partie hors de notre organisation, sauf si n\u00e9cessaire pour r\u00e9pondre \u00e0 votre demande, par exemple dans le cas d\u2019une exp\u00e9dition de commande.<\/p>\n<p>Sauf avis contraire, nous nous r\u00e9servons le droit de vous contacter par courrier \u00e9lectronique \u00e0 l&#8217;avenir pour vous informer des promotions, des nouveaux produits ou des services, ou au sujet des modifications apport\u00e9es \u00e0 cette politique de confidentialit\u00e9.<\/p>\n<h3>Votre acc\u00e8s et votre contr\u00f4le sur l&#8217;information<\/h3>\n<p>Vous pouvez nous demander de cesser les contacts \u00e0 tout moment. Pour se faire, vous pouvez nous contacter via l&#8217;adresse \u00e9lectronique ou le num\u00e9ro de t\u00e9l\u00e9phone indiqu\u00e9 sur notre site:<\/p>\n<ul>\n<li>Avoir acc\u00e8s \u00e0 vos donn\u00e9es personnelles, le cas \u00e9ch\u00e9ant.<\/li>\n<li>Changer ou modifier les donn\u00e9es que nous collect\u00e9 \u00e0 votre sujet.<\/li>\n<li>Nous demander de supprimer les donn\u00e9es collect\u00e9es \u00e0 votre sujet<\/li>\n<li>Partager toute pr\u00e9occupation que vous avez concernant l\u2019utilisation de vos donn\u00e9es.<\/li>\n<\/ul>\n<p>Nous nous associons \u00e0 une autre partie pour fournir des services sp\u00e9cifiques. Lorsque l&#8217;utilisateur s&#8217;inscrit \u00e0 ces services, nous partagerons les noms ou les autres informations de contact n\u00e9cessaires pour que le tiers puisse fournir ces services. Ces parties ne sont pas autoris\u00e9es \u00e0 utiliser ces informations personnelles identifiables sauf dans le but de fournir ces services.<\/p>\n<h3>S\u00e9curit\u00e9<\/h3>\n<p>Nous prenons des pr\u00e9cautions pour prot\u00e9ger vos informations. Lorsque vous soumettez des informations sensibles via le site Web, vos informations sont prot\u00e9g\u00e9es en ligne et hors ligne.<\/p>\n<p>Bien que nous utilisions le cryptage pour prot\u00e9ger les informations sensibles transmises en ligne, nous prot\u00e9geons \u00e9galement vos informations hors ligne. Seuls les employ\u00e9s qui ont besoin de l&#8217;information pour effectuer un travail sp\u00e9cifique (par exemple, la facturation ou le service \u00e0 la client\u00e8le) ont acc\u00e8s \u00e0 des informations personnelles identifiables. Les ordinateurs \/ serveurs dans lesquels nous stockons des informations personnelles identifiables sont conserv\u00e9s dans un environnement s\u00e9curis\u00e9.<\/p>\n<h3><strong>Mises \u00e0 jour<\/strong><\/h3>\n<p>Notre politique de confidentialit\u00e9 peut changer en tout temps et toutes les mises \u00e0 jour seront publi\u00e9es sur cette page.<\/p>\n<p>Si vous estimez que nous ne respectons pas cette politique de confidentialit\u00e9, vous pouvez nous contacter imm\u00e9diatement par t\u00e9l\u00e9phone au 1.800.387.9434.<\/p>\n<p>Si votre site poss\u00e8de une page d&#8217;inscription que les clients doivent compl\u00e9ter pour faire des affaires avec vous, ins\u00e9rez un paragraphe comme celui-ci dans votre politique de confidentialit\u00e9:<\/p>\n<h3><strong>Cookies et publicit\u00e9s<br \/>\n<\/strong><\/h3>\n<p>Notre site utilise des cookies. Un cookie est une donn\u00e9e stock\u00e9e sur le disque dur d&#8217;un site pour aider \u00e0 am\u00e9liorer votre acc\u00e8s \u00e0 ce site et identifier les visiteurs r\u00e9p\u00e9t\u00e9s sur ce site. Par exemple, lorsque nous utilisons un cookie pour vous identifier, vous ne devriez pas inscrire plus d&#8217;une fois vos identifiants et vos mots de passe, ce qui vous permet d&#8217;\u00e9conomiser du temps sur notre site. Les cookies peuvent \u00e9galement nous permettre de suivre et de cibler les int\u00e9r\u00eats de nos utilisateurs pour am\u00e9liorer l&#8217;exp\u00e9rience sur notre site. L&#8217;utilisation d&#8217;un cookie n&#8217;est en aucun cas li\u00e9e \u00e0 des informations personnelles identifiables sur notre site.<\/p>\n<p>Certains de nos partenaires commerciaux peuvent utiliser des cookies sur notre site (par exemple, les annonceurs). Cependant, nous n&#8217;avons aucun acc\u00e8s ou contr\u00f4le sur ces cookies.<\/p>\n<p><strong>DoubleClick DART Cookie<\/strong><\/p>\n<p>Google, en tant que fournisseur tiers, utilise des cookies pour diffuser des annonces pour SmartPrint.com sur d&#8217;autres sites. L&#8217;utilisation par Google du cookie DART lui permet de diffuser des publicit\u00e9s aux utilisateurs en fonction de leur visite sur SmartPrint.com et d&#8217;autres sites sur Internet. Les utilisateurs peuvent exclure l&#8217;utilisation du cookie DART en visitant <a href=\"https:\/\/www.google.com\/intl\/fr-CA\/policies\/technologies\/ads\/\">la politique de confidentialit\u00e9 du r\u00e9seau publicitaire et de contenu Google.<\/a><\/p>\n<p><strong>R\u00e9seaux publicitaires<\/strong><\/p>\n<p>Nos r\u00e9seaux publicitaires externes utilisent une technologie qui permet \u00e0 des publicit\u00e9s et des liens d&#8217;appara\u00eetre sur d&#8217;autres sites de votre navigateur. Dans certains cas, ils re\u00e7oivent automatiquement votre adresse IP lorsque cela se produit. D&#8217;autres technologies (comme les cookies, JavaScript ou Web Beacons) peuvent \u00e9galement \u00eatre utilis\u00e9es par les r\u00e9seaux publicitaires externes pour mesurer l&#8217;efficacit\u00e9 de leurs publicit\u00e9s et \/ ou pour personnaliser le contenu publicitaire que vous voyez.<\/p>\n<p>SmartPrint.com n&#8217;a aucun acc\u00e8s ou contr\u00f4le sur ces cookies qui sont utilis\u00e9s par des annonceurs tiers; Cependant, nous ne publions pas directement sur SmartPrint.com.<\/p>\n<p>Vous devriez consulter les politiques de confidentialit\u00e9 respectives de ces serveurs publicitaires tiers pour des informations plus d\u00e9taill\u00e9es sur leurs pratiques ainsi que pour des instructions sur la fa\u00e7on de supprimer certaines pratiques. La politique de confidentialit\u00e9 de SmartPrint.com ne peut s&#8217;appliquer et nous ne pouvons pas contr\u00f4ler les activit\u00e9s de ces autres annonceurs ou sites Web.<\/p>\n<p>Si vous souhaitez d\u00e9sactiver les cookies, vous pouvez le faire via vos options individuelles du navigateur. Des informations plus d\u00e9taill\u00e9es sur la gestion des cookies avec des navigateurs Web sp\u00e9cifiques peuvent \u00eatre trouv\u00e9es sur les sites Web respectifs des navigateurs.<\/p>\n<p><strong>Remarketing<\/strong><\/p>\n<p>SmartPrint.com utilise \u00e9galement des cookies de suivi de re-commercialisation des fournisseurs tiers, y compris le cookie de suivi Google Adwords. Cela signifie que nous continuerons \u00e0 vous diffuser des annonces sur Internet, en particulier sur Google Content Network (GCN). Comme toujours, nous respectons votre vie priv\u00e9e et ne collectons aucune information identifiable gr\u00e2ce \u00e0 l&#8217;utilisation de Google ou de tout autre syst\u00e8me de remarketing tiers.<\/p>\n<p>Les fournisseurs tiers, y compris Google, dont nous utilisons les services, placeront des cookies sur les navigateurs Web afin de diffuser des publicit\u00e9s bas\u00e9es sur des visites pass\u00e9es sur notre site Web. Les fournisseurs tiers, y compris Google, utilisent des cookies pour diffuser des publicit\u00e9s en fonction des visites ant\u00e9rieures d&#8217;un utilisateur sur votre site. Cela nous permet de faire des offres sp\u00e9ciales et de continuer \u00e0 commercialiser nos services aupr\u00e8s de ceux qui ont manifest\u00e9 de l&#8217;int\u00e9r\u00eat pour notre service.<\/p>\n<p><strong>Se d\u00e9sinscrire<\/strong><\/p>\n<p>Vous pouvez exclure l&#8217;utilisation de cookies par Google en visitant les <a href=\"http:\/\/www.google.com\/settings\/ads\" target=\"_blank\" rel=\"noopener\">param\u00e8tres publicitaires<\/a>. De plus, vous pouvez exclure l&#8217;utilisation des cookies par un tiers en visitant la\u00a0<a href=\"http:\/\/www.networkadvertising.org\/choices\/\" target=\"_blank\" rel=\"noopener\">page d&#8217;exclusion de r\u00e9seau publicitaire<\/a>.<\/p>\n<p><strong>DoubleClick\u2019s Remarketing Pixels<\/strong><\/p>\n<p>Vous pouvez exclure les pixels de remarketing de DoubleClick, votre politique de confidentialit\u00e9 peut plut\u00f4t indiquer aux gens de se retirer de l&#8217;utilisation des cookies par DoubleClick en visitant la <a href=\"https:\/\/www.google.com\/settings\/ads\/onweb#display_optout\" target=\"_blank\" rel=\"noopener\">page de d\u00e9sinscription de DoubleClick<\/a>\u00a0ou la\u00a0<a href=\"http:\/\/www.networkadvertising.org\/managing\/opt_out.asp\" target=\"_blank\" rel=\"noopener\">page de d\u00e9sinscription de Network Advertising Initiative<\/a>.<\/p>\n<h3><strong>Liens<\/strong><\/h3>\n<p>Ce site contient des liens vers d&#8217;autres sites. Soyez conscient que nous ne sommes pas responsables du contenu ou des pratiques de confidentialit\u00e9 de ces autres sites. Nous encourageons nos utilisateurs \u00e0 la prudence quand ils quittent notre site et \u00e0 lire les d\u00e9clarations de confidentialit\u00e9 de tout autre site qui collecte des informations personnelles identifiables.<\/p>\n<h3><strong>Sondages et concours<\/strong><\/h3>\n<p>De temps en temps, notre site fait la collecte d&#8217;informations via des sondages ou des concours. La participation \u00e0 ces enqu\u00eates ou concours est totalement volontaire et vous pouvez d\u00e9cider de divulguer ces informations. Les informations demand\u00e9es peuvent inclure des informations de contact (telles que le nom et l&#8217;adresse de livraison) et les informations d\u00e9mographiques (telles que le code postal, l\u2019\u00e2ge). Les informations de contact seront utilis\u00e9es pour informer les gagnants et attribuer des prix. Les informations de l&#8217;enqu\u00eate serviront \u00e0 surveiller ou \u00e0 am\u00e9liorer l&#8217;utilisation et la satisfaction de ce site.<\/p>\n","protected":false},"excerpt":{"rendered":"<p>Cette politique de confidentialit\u00e9 r\u00e9v\u00e8le les pratiques de confidentialit\u00e9 de www.smartprint.com. Cette politique de confidentialit\u00e9 s&#8217;applique uniquement \u00e0 l&#8217;information recueillie par ce site Web. Il vous informera de ce qui suit: Quelles informations personnelles identifiables sont collect\u00e9es aupr\u00e8s de vous via le site Web, comment elles sont utilis\u00e9es et avec qui elle peuvent \u00eatre partag\u00e9es. [&hellip;]<\/p>\n <a href=\"https:\/\/smartprint.com\/fr\/politique-de-confidentialite\/\" class=\"more-link\" title=\"Read More\">En savoir plus<\/a>","protected":false},"author":3,"featured_media":0,"parent":0,"menu_order":0,"comment_status":"closed","ping_status":"closed","template":"page-full.php","meta":{"_acf_changed":false,"_et_pb_use_builder":"","_et_pb_old_content":"","_et_gb_content_width":"","content-type":"","footnotes":""},"class_list":["post-1657","page","type-page","status-publish","hentry"],"acf":[],"yoast_head":"<!-- This site is optimized with the Yoast SEO plugin v27.3 - https:\/\/yoast.com\/product\/yoast-seo-wordpress\/ -->\n<title>Politique de confidentialit\u00e9 - SmartPrint<\/title>\n<meta name=\"robots\" content=\"noindex, nofollow\" \/>\n<meta property=\"og:locale\" content=\"fr_FR\" \/>\n<meta property=\"og:type\" content=\"article\" \/>\n<meta property=\"og:title\" content=\"Politique de confidentialit\u00e9 - SmartPrint\" \/>\n<meta property=\"og:description\" content=\"Cette politique de confidentialit\u00e9 r\u00e9v\u00e8le les pratiques de confidentialit\u00e9 de www.smartprint.com. Cette politique de confidentialit\u00e9 s&#8217;applique uniquement \u00e0 l&#8217;information recueillie par ce site Web. Il vous informera de ce qui suit: Quelles informations personnelles identifiables sont collect\u00e9es aupr\u00e8s de vous via le site Web, comment elles sont utilis\u00e9es et avec qui elle peuvent \u00eatre partag\u00e9es. [&hellip;]\" \/>\n<meta property=\"og:url\" content=\"https:\/\/smartprint.com\/fr\/politique-de-confidentialite\/\" \/>\n<meta property=\"og:site_name\" content=\"SmartPrint\" \/>\n<meta property=\"article:modified_time\" content=\"2017-11-29T15:29:34+00:00\" \/>\n<meta name=\"twitter:card\" content=\"summary_large_image\" \/>\n<meta name=\"twitter:label1\" content=\"Est. reading time\" \/>\n\t<meta name=\"twitter:data1\" content=\"7 minutes\" \/>\n<script type=\"application\/ld+json\" class=\"yoast-schema-graph\">{\"@context\":\"https:\\\/\\\/schema.org\",\"@graph\":[{\"@type\":\"WebPage\",\"@id\":\"https:\\\/\\\/smartprint.com\\\/fr\\\/politique-de-confidentialite\\\/\",\"url\":\"https:\\\/\\\/smartprint.com\\\/fr\\\/politique-de-confidentialite\\\/\",\"name\":\"Politique de confidentialit\u00e9 - SmartPrint\",\"isPartOf\":{\"@id\":\"https:\\\/\\\/smartprint.com\\\/#website\"},\"datePublished\":\"2017-07-24T16:16:59+00:00\",\"dateModified\":\"2017-11-29T15:29:34+00:00\",\"breadcrumb\":{\"@id\":\"https:\\\/\\\/smartprint.com\\\/fr\\\/politique-de-confidentialite\\\/#breadcrumb\"},\"inLanguage\":\"fr-FR\",\"potentialAction\":[{\"@type\":\"ReadAction\",\"target\":[\"https:\\\/\\\/smartprint.com\\\/fr\\\/politique-de-confidentialite\\\/\"]}]},{\"@type\":\"BreadcrumbList\",\"@id\":\"https:\\\/\\\/smartprint.com\\\/fr\\\/politique-de-confidentialite\\\/#breadcrumb\",\"itemListElement\":[{\"@type\":\"ListItem\",\"position\":1,\"name\":\"Accueil\",\"item\":\"https:\\\/\\\/smartprint.com\\\/fr\\\/\"},{\"@type\":\"ListItem\",\"position\":2,\"name\":\"Politique de confidentialit\u00e9\"}]},{\"@type\":\"WebSite\",\"@id\":\"https:\\\/\\\/smartprint.com\\\/#website\",\"url\":\"https:\\\/\\\/smartprint.com\\\/\",\"name\":\"SmartPrint\",\"description\":\"Services d&#039;Impression G\u00e9r\u00e9s\",\"potentialAction\":[{\"@type\":\"SearchAction\",\"target\":{\"@type\":\"EntryPoint\",\"urlTemplate\":\"https:\\\/\\\/smartprint.com\\\/?s={search_term_string}\"},\"query-input\":{\"@type\":\"PropertyValueSpecification\",\"valueRequired\":true,\"valueName\":\"search_term_string\"}}],\"inLanguage\":\"fr-FR\"}]}<\/script>\n<!-- \/ Yoast SEO plugin. -->","yoast_head_json":{"title":"Politique de confidentialit\u00e9 - SmartPrint","robots":{"index":"noindex","follow":"nofollow"},"og_locale":"fr_FR","og_type":"article","og_title":"Politique de confidentialit\u00e9 - SmartPrint","og_description":"Cette politique de confidentialit\u00e9 r\u00e9v\u00e8le les pratiques de confidentialit\u00e9 de www.smartprint.com. Cette politique de confidentialit\u00e9 s&#8217;applique uniquement \u00e0 l&#8217;information recueillie par ce site Web. Il vous informera de ce qui suit: Quelles informations personnelles identifiables sont collect\u00e9es aupr\u00e8s de vous via le site Web, comment elles sont utilis\u00e9es et avec qui elle peuvent \u00eatre partag\u00e9es. [&hellip;]","og_url":"https:\/\/smartprint.com\/fr\/politique-de-confidentialite\/","og_site_name":"SmartPrint","article_modified_time":"2017-11-29T15:29:34+00:00","twitter_card":"summary_large_image","twitter_misc":{"Est. reading time":"7 minutes"},"schema":{"@context":"https:\/\/schema.org","@graph":[{"@type":"WebPage","@id":"https:\/\/smartprint.com\/fr\/politique-de-confidentialite\/","url":"https:\/\/smartprint.com\/fr\/politique-de-confidentialite\/","name":"Politique de confidentialit\u00e9 - SmartPrint","isPartOf":{"@id":"https:\/\/smartprint.com\/#website"},"datePublished":"2017-07-24T16:16:59+00:00","dateModified":"2017-11-29T15:29:34+00:00","breadcrumb":{"@id":"https:\/\/smartprint.com\/fr\/politique-de-confidentialite\/#breadcrumb"},"inLanguage":"fr-FR","potentialAction":[{"@type":"ReadAction","target":["https:\/\/smartprint.com\/fr\/politique-de-confidentialite\/"]}]},{"@type":"BreadcrumbList","@id":"https:\/\/smartprint.com\/fr\/politique-de-confidentialite\/#breadcrumb","itemListElement":[{"@type":"ListItem","position":1,"name":"Accueil","item":"https:\/\/smartprint.com\/fr\/"},{"@type":"ListItem","position":2,"name":"Politique de confidentialit\u00e9"}]},{"@type":"WebSite","@id":"https:\/\/smartprint.com\/#website","url":"https:\/\/smartprint.com\/","name":"SmartPrint","description":"Services d&#039;Impression G\u00e9r\u00e9s","potentialAction":[{"@type":"SearchAction","target":{"@type":"EntryPoint","urlTemplate":"https:\/\/smartprint.com\/?s={search_term_string}"},"query-input":{"@type":"PropertyValueSpecification","valueRequired":true,"valueName":"search_term_string"}}],"inLanguage":"fr-FR"}]}},"_links":{"self":[{"href":"https:\/\/smartprint.com\/fr\/wp-json\/wp\/v2\/pages\/1657","targetHints":{"allow":["GET"]}}],"collection":[{"href":"https:\/\/smartprint.com\/fr\/wp-json\/wp\/v2\/pages"}],"about":[{"href":"https:\/\/smartprint.com\/fr\/wp-json\/wp\/v2\/types\/page"}],"author":[{"embeddable":true,"href":"https:\/\/smartprint.com\/fr\/wp-json\/wp\/v2\/users\/3"}],"replies":[{"embeddable":true,"href":"https:\/\/smartprint.com\/fr\/wp-json\/wp\/v2\/comments?post=1657"}],"version-history":[{"count":3,"href":"https:\/\/smartprint.com\/fr\/wp-json\/wp\/v2\/pages\/1657\/revisions"}],"predecessor-version":[{"id":2499,"href":"https:\/\/smartprint.com\/fr\/wp-json\/wp\/v2\/pages\/1657\/revisions\/2499"}],"wp:attachment":[{"href":"https:\/\/smartprint.com\/fr\/wp-json\/wp\/v2\/media?parent=1657"}],"curies":[{"name":"wp","href":"https:\/\/api.w.org\/{rel}","templated":true}]}}