{"id":1685,"date":"2017-07-24T12:22:43","date_gmt":"2017-07-24T16:22:43","guid":{"rendered":"https:\/\/smartprint.com\/?page_id=1685\/"},"modified":"2017-11-29T11:28:37","modified_gmt":"2017-11-29T15:28:37","slug":"nous-vous-remercions-de-votre-interet-pour-le-telechargement-de-letude-de-cas-optimisation-du-controle-des-documents","status":"publish","type":"page","link":"https:\/\/smartprint.com\/fr\/nous-vous-remercions-de-votre-interet-pour-le-telechargement-de-letude-de-cas-optimisation-du-controle-des-documents\/","title":{"rendered":"Nous vous remercions de votre int\u00e9r\u00eat pour le t\u00e9l\u00e9chargement de l&#8217;\u00e9tude de cas &#8220;Optimisation du contr\u00f4le des documents&#8221;"},"content":{"rendered":"<p>Vous recevrez bient\u00f4t un courriel avec un lien de t\u00e9l\u00e9chargement pour cette \u00e9tude de cas.<\/p>\n","protected":false},"excerpt":{"rendered":"<p>Vous recevrez bient\u00f4t un courriel avec un lien de t\u00e9l\u00e9chargement pour cette \u00e9tude de cas.<\/p>\n <a href=\"https:\/\/smartprint.com\/fr\/nous-vous-remercions-de-votre-interet-pour-le-telechargement-de-letude-de-cas-optimisation-du-controle-des-documents\/\" class=\"more-link\" title=\"Read More\">En savoir plus<\/a>","protected":false},"author":3,"featured_media":0,"parent":0,"menu_order":0,"comment_status":"closed","ping_status":"closed","template":"","meta":{"_acf_changed":false,"_et_pb_use_builder":"","_et_pb_old_content":"","_et_gb_content_width":"","content-type":"","footnotes":""},"class_list":["post-1685","page","type-page","status-publish","hentry"],"acf":[],"yoast_head":"<!-- This site is optimized with the Yoast SEO plugin v27.3 - https:\/\/yoast.com\/product\/yoast-seo-wordpress\/ -->\n<title>Nous vous remercions de votre int\u00e9r\u00eat pour le t\u00e9l\u00e9chargement de l&#039;\u00e9tude de cas &quot;Optimisation du contr\u00f4le des documents&quot; - SmartPrint<\/title>\n<meta name=\"robots\" content=\"index, follow, max-snippet:-1, max-image-preview:large, max-video-preview:-1\" \/>\n<link rel=\"canonical\" href=\"https:\/\/smartprint.com\/fr\/nous-vous-remercions-de-votre-interet-pour-le-telechargement-de-letude-de-cas-optimisation-du-controle-des-documents\/\" \/>\n<meta property=\"og:locale\" content=\"fr_FR\" \/>\n<meta property=\"og:type\" content=\"article\" \/>\n<meta property=\"og:title\" content=\"Nous vous remercions de votre int\u00e9r\u00eat pour le t\u00e9l\u00e9chargement de l&#039;\u00e9tude de cas &quot;Optimisation du contr\u00f4le des documents&quot; - SmartPrint\" \/>\n<meta property=\"og:description\" content=\"Vous recevrez bient\u00f4t un courriel avec un lien de t\u00e9l\u00e9chargement pour cette \u00e9tude de cas.\" \/>\n<meta property=\"og:url\" content=\"https:\/\/smartprint.com\/fr\/nous-vous-remercions-de-votre-interet-pour-le-telechargement-de-letude-de-cas-optimisation-du-controle-des-documents\/\" \/>\n<meta property=\"og:site_name\" content=\"SmartPrint\" \/>\n<meta property=\"article:modified_time\" content=\"2017-11-29T15:28:37+00:00\" \/>\n<meta name=\"twitter:card\" content=\"summary_large_image\" \/>\n<script type=\"application\/ld+json\" class=\"yoast-schema-graph\">{\"@context\":\"https:\\\/\\\/schema.org\",\"@graph\":[{\"@type\":\"WebPage\",\"@id\":\"https:\\\/\\\/smartprint.com\\\/fr\\\/nous-vous-remercions-de-votre-interet-pour-le-telechargement-de-letude-de-cas-optimisation-du-controle-des-documents\\\/\",\"url\":\"https:\\\/\\\/smartprint.com\\\/fr\\\/nous-vous-remercions-de-votre-interet-pour-le-telechargement-de-letude-de-cas-optimisation-du-controle-des-documents\\\/\",\"name\":\"Nous vous remercions de votre int\u00e9r\u00eat pour le t\u00e9l\u00e9chargement de l'\u00e9tude de cas \\\"Optimisation du contr\u00f4le des documents\\\" - SmartPrint\",\"isPartOf\":{\"@id\":\"https:\\\/\\\/smartprint.com\\\/#website\"},\"datePublished\":\"2017-07-24T16:22:43+00:00\",\"dateModified\":\"2017-11-29T15:28:37+00:00\",\"breadcrumb\":{\"@id\":\"https:\\\/\\\/smartprint.com\\\/fr\\\/nous-vous-remercions-de-votre-interet-pour-le-telechargement-de-letude-de-cas-optimisation-du-controle-des-documents\\\/#breadcrumb\"},\"inLanguage\":\"fr-FR\",\"potentialAction\":[{\"@type\":\"ReadAction\",\"target\":[\"https:\\\/\\\/smartprint.com\\\/fr\\\/nous-vous-remercions-de-votre-interet-pour-le-telechargement-de-letude-de-cas-optimisation-du-controle-des-documents\\\/\"]}]},{\"@type\":\"BreadcrumbList\",\"@id\":\"https:\\\/\\\/smartprint.com\\\/fr\\\/nous-vous-remercions-de-votre-interet-pour-le-telechargement-de-letude-de-cas-optimisation-du-controle-des-documents\\\/#breadcrumb\",\"itemListElement\":[{\"@type\":\"ListItem\",\"position\":1,\"name\":\"Accueil\",\"item\":\"https:\\\/\\\/smartprint.com\\\/fr\\\/\"},{\"@type\":\"ListItem\",\"position\":2,\"name\":\"Nous vous remercions de votre int\u00e9r\u00eat pour le t\u00e9l\u00e9chargement de l&#8217;\u00e9tude de cas &#8220;Optimisation du contr\u00f4le des documents&#8221;\"}]},{\"@type\":\"WebSite\",\"@id\":\"https:\\\/\\\/smartprint.com\\\/#website\",\"url\":\"https:\\\/\\\/smartprint.com\\\/\",\"name\":\"SmartPrint\",\"description\":\"Services d&#039;Impression G\u00e9r\u00e9s\",\"potentialAction\":[{\"@type\":\"SearchAction\",\"target\":{\"@type\":\"EntryPoint\",\"urlTemplate\":\"https:\\\/\\\/smartprint.com\\\/?s={search_term_string}\"},\"query-input\":{\"@type\":\"PropertyValueSpecification\",\"valueRequired\":true,\"valueName\":\"search_term_string\"}}],\"inLanguage\":\"fr-FR\"}]}<\/script>\n<!-- \/ Yoast SEO plugin. -->","yoast_head_json":{"title":"Nous vous remercions de votre int\u00e9r\u00eat pour le t\u00e9l\u00e9chargement de l'\u00e9tude de cas \"Optimisation du contr\u00f4le des documents\" - SmartPrint","robots":{"index":"index","follow":"follow","max-snippet":"max-snippet:-1","max-image-preview":"max-image-preview:large","max-video-preview":"max-video-preview:-1"},"canonical":"https:\/\/smartprint.com\/fr\/nous-vous-remercions-de-votre-interet-pour-le-telechargement-de-letude-de-cas-optimisation-du-controle-des-documents\/","og_locale":"fr_FR","og_type":"article","og_title":"Nous vous remercions de votre int\u00e9r\u00eat pour le t\u00e9l\u00e9chargement de l'\u00e9tude de cas \"Optimisation du contr\u00f4le des documents\" - SmartPrint","og_description":"Vous recevrez bient\u00f4t un courriel avec un lien de t\u00e9l\u00e9chargement pour cette \u00e9tude de cas.","og_url":"https:\/\/smartprint.com\/fr\/nous-vous-remercions-de-votre-interet-pour-le-telechargement-de-letude-de-cas-optimisation-du-controle-des-documents\/","og_site_name":"SmartPrint","article_modified_time":"2017-11-29T15:28:37+00:00","twitter_card":"summary_large_image","schema":{"@context":"https:\/\/schema.org","@graph":[{"@type":"WebPage","@id":"https:\/\/smartprint.com\/fr\/nous-vous-remercions-de-votre-interet-pour-le-telechargement-de-letude-de-cas-optimisation-du-controle-des-documents\/","url":"https:\/\/smartprint.com\/fr\/nous-vous-remercions-de-votre-interet-pour-le-telechargement-de-letude-de-cas-optimisation-du-controle-des-documents\/","name":"Nous vous remercions de votre int\u00e9r\u00eat pour le t\u00e9l\u00e9chargement de l'\u00e9tude de cas \"Optimisation du contr\u00f4le des documents\" - SmartPrint","isPartOf":{"@id":"https:\/\/smartprint.com\/#website"},"datePublished":"2017-07-24T16:22:43+00:00","dateModified":"2017-11-29T15:28:37+00:00","breadcrumb":{"@id":"https:\/\/smartprint.com\/fr\/nous-vous-remercions-de-votre-interet-pour-le-telechargement-de-letude-de-cas-optimisation-du-controle-des-documents\/#breadcrumb"},"inLanguage":"fr-FR","potentialAction":[{"@type":"ReadAction","target":["https:\/\/smartprint.com\/fr\/nous-vous-remercions-de-votre-interet-pour-le-telechargement-de-letude-de-cas-optimisation-du-controle-des-documents\/"]}]},{"@type":"BreadcrumbList","@id":"https:\/\/smartprint.com\/fr\/nous-vous-remercions-de-votre-interet-pour-le-telechargement-de-letude-de-cas-optimisation-du-controle-des-documents\/#breadcrumb","itemListElement":[{"@type":"ListItem","position":1,"name":"Accueil","item":"https:\/\/smartprint.com\/fr\/"},{"@type":"ListItem","position":2,"name":"Nous vous remercions de votre int\u00e9r\u00eat pour le t\u00e9l\u00e9chargement de l&#8217;\u00e9tude de cas &#8220;Optimisation du contr\u00f4le des documents&#8221;"}]},{"@type":"WebSite","@id":"https:\/\/smartprint.com\/#website","url":"https:\/\/smartprint.com\/","name":"SmartPrint","description":"Services d&#039;Impression G\u00e9r\u00e9s","potentialAction":[{"@type":"SearchAction","target":{"@type":"EntryPoint","urlTemplate":"https:\/\/smartprint.com\/?s={search_term_string}"},"query-input":{"@type":"PropertyValueSpecification","valueRequired":true,"valueName":"search_term_string"}}],"inLanguage":"fr-FR"}]}},"_links":{"self":[{"href":"https:\/\/smartprint.com\/fr\/wp-json\/wp\/v2\/pages\/1685","targetHints":{"allow":["GET"]}}],"collection":[{"href":"https:\/\/smartprint.com\/fr\/wp-json\/wp\/v2\/pages"}],"about":[{"href":"https:\/\/smartprint.com\/fr\/wp-json\/wp\/v2\/types\/page"}],"author":[{"embeddable":true,"href":"https:\/\/smartprint.com\/fr\/wp-json\/wp\/v2\/users\/3"}],"replies":[{"embeddable":true,"href":"https:\/\/smartprint.com\/fr\/wp-json\/wp\/v2\/comments?post=1685"}],"version-history":[{"count":2,"href":"https:\/\/smartprint.com\/fr\/wp-json\/wp\/v2\/pages\/1685\/revisions"}],"predecessor-version":[{"id":2550,"href":"https:\/\/smartprint.com\/fr\/wp-json\/wp\/v2\/pages\/1685\/revisions\/2550"}],"wp:attachment":[{"href":"https:\/\/smartprint.com\/fr\/wp-json\/wp\/v2\/media?parent=1685"}],"curies":[{"name":"wp","href":"https:\/\/api.w.org\/{rel}","templated":true}]}}