{"id":1692,"date":"2017-07-24T12:23:53","date_gmt":"2017-07-24T16:23:53","guid":{"rendered":"https:\/\/smartprint.com\/?page_id=1692\/"},"modified":"2017-11-29T11:26:25","modified_gmt":"2017-11-29T15:26:25","slug":"merci-de-votre-interet-pour-le-controle-des-documents","status":"publish","type":"page","link":"https:\/\/smartprint.com\/fr\/merci-de-votre-interet-pour-le-controle-des-documents\/","title":{"rendered":"Merci de votre int\u00e9r\u00eat pour le contr\u00f4le des documents"},"content":{"rendered":"<p><span style=\"color: #f26522; font-size: 20px; font-weight: bold;\">Nous vous remercions de votre int\u00e9r\u00eat pour le contr\u00f4le et la gestion des documents. <\/span><\/p>\n<p>L&#8217;un de nos experts en contr\u00f4le des documents vous contactera tr\u00e8s prochainement.<\/p>\n","protected":false},"excerpt":{"rendered":"<p>Nous vous remercions de votre int\u00e9r\u00eat pour le contr\u00f4le et la gestion des documents. L&#8217;un de nos experts en contr\u00f4le des documents vous contactera tr\u00e8s prochainement.<\/p>\n <a href=\"https:\/\/smartprint.com\/fr\/merci-de-votre-interet-pour-le-controle-des-documents\/\" class=\"more-link\" title=\"Read More\">En savoir plus<\/a>","protected":false},"author":3,"featured_media":0,"parent":0,"menu_order":0,"comment_status":"closed","ping_status":"closed","template":"","meta":{"_acf_changed":false,"_et_pb_use_builder":"","_et_pb_old_content":"","_et_gb_content_width":"","content-type":"","footnotes":""},"class_list":["post-1692","page","type-page","status-publish","hentry"],"acf":[],"yoast_head":"<!-- This site is optimized with the Yoast SEO plugin v27.4 - https:\/\/yoast.com\/product\/yoast-seo-wordpress\/ -->\n<title>Merci de votre int\u00e9r\u00eat pour le contr\u00f4le des documents - SmartPrint<\/title>\n<meta name=\"robots\" content=\"noindex, nofollow\" \/>\n<meta property=\"og:locale\" content=\"fr_FR\" \/>\n<meta property=\"og:type\" content=\"article\" \/>\n<meta property=\"og:title\" content=\"Merci de votre int\u00e9r\u00eat pour le contr\u00f4le des documents - SmartPrint\" \/>\n<meta property=\"og:description\" content=\"Nous vous remercions de votre int\u00e9r\u00eat pour le contr\u00f4le et la gestion des documents. L&#8217;un de nos experts en contr\u00f4le des documents vous contactera tr\u00e8s prochainement.\" \/>\n<meta property=\"og:url\" content=\"https:\/\/smartprint.com\/fr\/merci-de-votre-interet-pour-le-controle-des-documents\/\" \/>\n<meta property=\"og:site_name\" content=\"SmartPrint\" \/>\n<meta property=\"article:modified_time\" content=\"2017-11-29T15:26:25+00:00\" \/>\n<meta name=\"twitter:card\" content=\"summary_large_image\" \/>\n<script type=\"application\/ld+json\" class=\"yoast-schema-graph\">{\"@context\":\"https:\\\/\\\/schema.org\",\"@graph\":[{\"@type\":\"WebPage\",\"@id\":\"https:\\\/\\\/smartprint.com\\\/fr\\\/merci-de-votre-interet-pour-le-controle-des-documents\\\/\",\"url\":\"https:\\\/\\\/smartprint.com\\\/fr\\\/merci-de-votre-interet-pour-le-controle-des-documents\\\/\",\"name\":\"Merci de votre int\u00e9r\u00eat pour le contr\u00f4le des documents - SmartPrint\",\"isPartOf\":{\"@id\":\"https:\\\/\\\/smartprint.com\\\/#website\"},\"datePublished\":\"2017-07-24T16:23:53+00:00\",\"dateModified\":\"2017-11-29T15:26:25+00:00\",\"breadcrumb\":{\"@id\":\"https:\\\/\\\/smartprint.com\\\/fr\\\/merci-de-votre-interet-pour-le-controle-des-documents\\\/#breadcrumb\"},\"inLanguage\":\"fr-FR\",\"potentialAction\":[{\"@type\":\"ReadAction\",\"target\":[\"https:\\\/\\\/smartprint.com\\\/fr\\\/merci-de-votre-interet-pour-le-controle-des-documents\\\/\"]}]},{\"@type\":\"BreadcrumbList\",\"@id\":\"https:\\\/\\\/smartprint.com\\\/fr\\\/merci-de-votre-interet-pour-le-controle-des-documents\\\/#breadcrumb\",\"itemListElement\":[{\"@type\":\"ListItem\",\"position\":1,\"name\":\"Accueil\",\"item\":\"https:\\\/\\\/smartprint.com\\\/fr\\\/\"},{\"@type\":\"ListItem\",\"position\":2,\"name\":\"Merci de votre int\u00e9r\u00eat pour le contr\u00f4le des documents\"}]},{\"@type\":\"WebSite\",\"@id\":\"https:\\\/\\\/smartprint.com\\\/#website\",\"url\":\"https:\\\/\\\/smartprint.com\\\/\",\"name\":\"SmartPrint\",\"description\":\"Services d&#039;Impression G\u00e9r\u00e9s\",\"potentialAction\":[{\"@type\":\"SearchAction\",\"target\":{\"@type\":\"EntryPoint\",\"urlTemplate\":\"https:\\\/\\\/smartprint.com\\\/?s={search_term_string}\"},\"query-input\":{\"@type\":\"PropertyValueSpecification\",\"valueRequired\":true,\"valueName\":\"search_term_string\"}}],\"inLanguage\":\"fr-FR\"}]}<\/script>\n<!-- \/ Yoast SEO plugin. -->","yoast_head_json":{"title":"Merci de votre int\u00e9r\u00eat pour le contr\u00f4le des documents - SmartPrint","robots":{"index":"noindex","follow":"nofollow"},"og_locale":"fr_FR","og_type":"article","og_title":"Merci de votre int\u00e9r\u00eat pour le contr\u00f4le des documents - SmartPrint","og_description":"Nous vous remercions de votre int\u00e9r\u00eat pour le contr\u00f4le et la gestion des documents. L&#8217;un de nos experts en contr\u00f4le des documents vous contactera tr\u00e8s prochainement.","og_url":"https:\/\/smartprint.com\/fr\/merci-de-votre-interet-pour-le-controle-des-documents\/","og_site_name":"SmartPrint","article_modified_time":"2017-11-29T15:26:25+00:00","twitter_card":"summary_large_image","schema":{"@context":"https:\/\/schema.org","@graph":[{"@type":"WebPage","@id":"https:\/\/smartprint.com\/fr\/merci-de-votre-interet-pour-le-controle-des-documents\/","url":"https:\/\/smartprint.com\/fr\/merci-de-votre-interet-pour-le-controle-des-documents\/","name":"Merci de votre int\u00e9r\u00eat pour le contr\u00f4le des documents - SmartPrint","isPartOf":{"@id":"https:\/\/smartprint.com\/#website"},"datePublished":"2017-07-24T16:23:53+00:00","dateModified":"2017-11-29T15:26:25+00:00","breadcrumb":{"@id":"https:\/\/smartprint.com\/fr\/merci-de-votre-interet-pour-le-controle-des-documents\/#breadcrumb"},"inLanguage":"fr-FR","potentialAction":[{"@type":"ReadAction","target":["https:\/\/smartprint.com\/fr\/merci-de-votre-interet-pour-le-controle-des-documents\/"]}]},{"@type":"BreadcrumbList","@id":"https:\/\/smartprint.com\/fr\/merci-de-votre-interet-pour-le-controle-des-documents\/#breadcrumb","itemListElement":[{"@type":"ListItem","position":1,"name":"Accueil","item":"https:\/\/smartprint.com\/fr\/"},{"@type":"ListItem","position":2,"name":"Merci de votre int\u00e9r\u00eat pour le contr\u00f4le des documents"}]},{"@type":"WebSite","@id":"https:\/\/smartprint.com\/#website","url":"https:\/\/smartprint.com\/","name":"SmartPrint","description":"Services d&#039;Impression G\u00e9r\u00e9s","potentialAction":[{"@type":"SearchAction","target":{"@type":"EntryPoint","urlTemplate":"https:\/\/smartprint.com\/?s={search_term_string}"},"query-input":{"@type":"PropertyValueSpecification","valueRequired":true,"valueName":"search_term_string"}}],"inLanguage":"fr-FR"}]}},"_links":{"self":[{"href":"https:\/\/smartprint.com\/fr\/wp-json\/wp\/v2\/pages\/1692","targetHints":{"allow":["GET"]}}],"collection":[{"href":"https:\/\/smartprint.com\/fr\/wp-json\/wp\/v2\/pages"}],"about":[{"href":"https:\/\/smartprint.com\/fr\/wp-json\/wp\/v2\/types\/page"}],"author":[{"embeddable":true,"href":"https:\/\/smartprint.com\/fr\/wp-json\/wp\/v2\/users\/3"}],"replies":[{"embeddable":true,"href":"https:\/\/smartprint.com\/fr\/wp-json\/wp\/v2\/comments?post=1692"}],"version-history":[{"count":1,"href":"https:\/\/smartprint.com\/fr\/wp-json\/wp\/v2\/pages\/1692\/revisions"}],"predecessor-version":[{"id":1707,"href":"https:\/\/smartprint.com\/fr\/wp-json\/wp\/v2\/pages\/1692\/revisions\/1707"}],"wp:attachment":[{"href":"https:\/\/smartprint.com\/fr\/wp-json\/wp\/v2\/media?parent=1692"}],"curies":[{"name":"wp","href":"https:\/\/api.w.org\/{rel}","templated":true}]}}