{"id":3324,"date":"2018-09-24T13:17:32","date_gmt":"2018-09-24T17:17:32","guid":{"rendered":"https:\/\/smartprint.com\/smartprint-360\/"},"modified":"2019-10-22T22:50:06","modified_gmt":"2019-10-22T22:50:06","slug":"smartprint-360","status":"publish","type":"page","link":"https:\/\/smartprint.com\/fr\/services-dimpressions-geres\/smartprint-360\/","title":{"rendered":"Smartprint 360"},"content":{"rendered":"<p>[et_pb_section bb_built=&#8221;1&#8243; inner_width=&#8221;auto&#8221; inner_max_width=&#8221;none&#8221;][et_pb_row][et_pb_column type=&#8221;4_4&#8243; custom_padding__hover=&#8221;|||&#8221; custom_padding=&#8221;|||&#8221;][et_pb_slider admin_label=&#8221;Banner&#8221; _builder_version=&#8221;3.0.64&#8243; show_arrows=&#8221;on&#8221; show_pagination=&#8221;on&#8221; parallax=&#8221;off&#8221; parallax_method=&#8221;off&#8221; remove_inner_shadow=&#8221;off&#8221; custom_button=&#8221;off&#8221; button_letter_spacing=&#8221;0&#8243; button_icon_placement=&#8221;right&#8221; button_letter_spacing_hover=&#8221;0&#8243; module_id=&#8221;sp360-banner&#8221; auto=&#8221;off&#8221; auto_ignore_hover=&#8221;off&#8221; hide_content_on_mobile=&#8221;off&#8221; hide_cta_on_mobile=&#8221;off&#8221; show_image_video_mobile=&#8221;off&#8221; custom_padding=&#8221;|||&#8221; custom_padding_tablet=&#8221;|||&#8221; custom_padding_phone=&#8221;|||&#8221; show_inner_shadow=&#8221;on&#8221; show_content_on_mobile=&#8221;on&#8221; show_cta_on_mobile=&#8221;on&#8221; button_text_size__hover_enabled=&#8221;off&#8221; button_text_size__hover=&#8221;null&#8221; button_one_text_size__hover_enabled=&#8221;off&#8221; button_one_text_size__hover=&#8221;null&#8221; button_two_text_size__hover_enabled=&#8221;off&#8221; button_two_text_size__hover=&#8221;null&#8221; button_text_color__hover_enabled=&#8221;off&#8221; button_text_color__hover=&#8221;null&#8221; button_one_text_color__hover_enabled=&#8221;off&#8221; button_one_text_color__hover=&#8221;null&#8221; button_two_text_color__hover_enabled=&#8221;off&#8221; button_two_text_color__hover=&#8221;null&#8221; button_border_width__hover_enabled=&#8221;off&#8221; button_border_width__hover=&#8221;null&#8221; button_one_border_width__hover_enabled=&#8221;off&#8221; button_one_border_width__hover=&#8221;null&#8221; button_two_border_width__hover_enabled=&#8221;off&#8221; button_two_border_width__hover=&#8221;null&#8221; button_border_color__hover_enabled=&#8221;off&#8221; button_border_color__hover=&#8221;null&#8221; button_one_border_color__hover_enabled=&#8221;off&#8221; button_one_border_color__hover=&#8221;null&#8221; button_two_border_color__hover_enabled=&#8221;off&#8221; button_two_border_color__hover=&#8221;null&#8221; button_border_radius__hover_enabled=&#8221;off&#8221; button_border_radius__hover=&#8221;null&#8221; button_one_border_radius__hover_enabled=&#8221;off&#8221; button_one_border_radius__hover=&#8221;null&#8221; button_two_border_radius__hover_enabled=&#8221;off&#8221; button_two_border_radius__hover=&#8221;null&#8221; button_letter_spacing__hover_enabled=&#8221;on&#8221; button_letter_spacing__hover=&#8221;0&#8243; button_one_letter_spacing__hover_enabled=&#8221;off&#8221; button_one_letter_spacing__hover=&#8221;null&#8221; button_two_letter_spacing__hover_enabled=&#8221;off&#8221; button_two_letter_spacing__hover=&#8221;null&#8221; button_bg_color__hover_enabled=&#8221;off&#8221; button_bg_color__hover=&#8221;null&#8221; button_one_bg_color__hover_enabled=&#8221;off&#8221; button_one_bg_color__hover=&#8221;null&#8221; button_two_bg_color__hover_enabled=&#8221;off&#8221; button_two_bg_color__hover=&#8221;null&#8221;][et_pb_slide background_color=&#8221;#ffffff&#8221; use_background_color_gradient=&#8221;off&#8221; background_color_gradient_start=&#8221;#2b87da&#8221; background_color_gradient_end=&#8221;#29c4a9&#8243; background_color_gradient_type=&#8221;linear&#8221; background_color_gradient_direction=&#8221;180deg&#8221; background_color_gradient_direction_radial=&#8221;center&#8221; background_color_gradient_start_position=&#8221;0%&#8221; background_color_gradient_end_position=&#8221;100%&#8221; background_image=&#8221;https:\/\/smartprint.com\/wp-content\/uploads\/2018\/06\/landing-banner.jpg&#8221; parallax=&#8221;off&#8221; parallax_method=&#8221;off&#8221; background_position=&#8221;center&#8221; background_size=&#8221;cover&#8221; background_repeat=&#8221;no-repeat&#8221; background_blend=&#8221;normal&#8221; allow_player_pause=&#8221;off&#8221; admin_title=&#8221;Landing page 360&#8243; use_bg_overlay=&#8221;off&#8221; use_text_overlay=&#8221;on&#8221; text_overlay_color=&#8221;rgba(255,255,255,0.5)&#8221; text_border_radius=&#8221;3&#8243; alignment=&#8221;center&#8221; background_layout=&#8221;light&#8221; header_font_select=&#8221;default&#8221; header_font=&#8221;||||&#8221; body_font_select=&#8221;default&#8221; body_font=&#8221;||||&#8221; custom_button=&#8221;off&#8221; button_font_select=&#8221;default&#8221; button_font=&#8221;||||&#8221; button_use_icon=&#8221;default&#8221; button_icon_placement=&#8221;right&#8221; button_on_hover=&#8221;on&#8221;]<\/p>\n<p><img loading=\"lazy\" decoding=\"async\" class=\"style-svg\" src=\"https:\/\/smartprint.com\/wp-content\/uploads\/2018\/06\/360-logo.png\" alt=\"\" width=\"300\" height=\"238\" style=\"float: left;\"><\/p>\n<p>Tout compte fait<\/p>\n<p>[\/et_pb_slide][\/et_pb_slider][et_pb_text _builder_version=&#8221;3.0.64&#8243; background_layout=&#8221;light&#8221; text_orientation=&#8221;left&#8221; border_style=&#8221;solid&#8221;]<\/p>\n<h2>Litt\u00e9ralement. Seul SmartPrint 360 regroupe tous les services d&#8217;impression g\u00e9r\u00e9s dont vous avez besoin dans un simple forfait et une facture mensuelle unique.<\/h2>\n<p>Les probl\u00e8mes d\u2019impression de bureau prennent-ils trop de temps de votre personnel des TI? Aimeriez-vous garder vos points d&#8217;extr\u00e9mit\u00e9 \u00e0 l&#8217;abri des cybercriminels qui pourraient exploiter les vuln\u00e9rabilit\u00e9s de votre r\u00e9seau d&#8217;imprimantes pour y acc\u00e9der? Aimeriez-vous voir d\u2019un coup d\u2019\u0153il vos d\u00e9penses en impression et o\u00f9 comment vous pourriez \u00e9conomiser de l\u2019argent sans avoir \u00e0 fouiller dans des dizaines de factures? Si oui, SmartPrint 360 est fait pour vous.<\/p>\n<p>[\/et_pb_text][et_pb_text admin_label=&#8221;Fact&#8221; _builder_version=&#8221;3.0.64&#8243; background_layout=&#8221;light&#8221; text_orientation=&#8221;left&#8221; border_style=&#8221;solid&#8221; module_class=&#8221;facts&#8221;]<\/p>\n<p><strong>Fait:<\/strong> 40% des entreprises canadiennes ont connu des br\u00e8ches de s\u00e9curit\u00e9s en 2016, et 54% de ces violations \u00e9taient dues \u00e0 des acc\u00e8s \u00e0 des imprimantes non s\u00e9curis\u00e9es.<br \/>\n<span style=\"font-size: 14px; font-style: italic; text-align: right; display: block;\">IDC: Print Security \u2013 The Overlooked Threat<\/span><\/p>\n<p>[\/et_pb_text][\/et_pb_column][\/et_pb_row][et_pb_row][et_pb_column type=&#8221;1_2&#8243; custom_padding__hover=&#8221;|||&#8221; custom_padding=&#8221;|||&#8221;][et_pb_text _builder_version=&#8221;3.0.64&#8243; background_layout=&#8221;light&#8221; text_orientation=&#8221;left&#8221; border_style=&#8221;solid&#8221;]<\/p>\n<h3>La s\u00e9curit\u00e9 dont vous avez besoin, avec la simplicit\u00e9 que vous souhaitez.<\/h3>\n<p>Les \u00e9quipements d&#8217;impression et les logiciels \u00e9tant les points d&#8217;entr\u00e9e pr\u00e9f\u00e9r\u00e9s des pirates, nous \u00e9valuons et analysons votre infrastructure d&#8217;impression, d\u00e9tectons les vuln\u00e9rabilit\u00e9s et nous vous aidons \u00e0 renforcer les points d\u2019extr\u00e9mit\u00e9. Nous fournissons des syst\u00e8mes de surveillance 24\/7 pour automatiser imm\u00e9diatement le renforcement des p\u00e9riph\u00e9riques d\u2019impression, et pour vous notifier des cyber-activit\u00e9s et rapporter l\u2019\u00e9tat des menaces potentielles.<\/p>\n<p>[\/et_pb_text][\/et_pb_column][et_pb_column type=&#8221;1_2&#8243; custom_padding__hover=&#8221;|||&#8221; custom_padding=&#8221;|||&#8221;][et_pb_text _builder_version=&#8221;3.0.64&#8243; background_layout=&#8221;light&#8221; text_orientation=&#8221;left&#8221; border_style=&#8221;solid&#8221;]<\/p>\n<h3>Une plus grande disponibilit\u00e9 de l&#8217;imprimante et plus de pr\u00e9cieux rapports.<\/h3>\n<p>SmartPrint 360 utilise un syst\u00e8me de surveillance avanc\u00e9 et enti\u00e8rement int\u00e9gr\u00e9 qui se connecte \u00e0 tous vos p\u00e9riph\u00e9riques d&#8217;impression. Les alertes en temps r\u00e9el permettent une gestion proactive des services et des fournitures, r\u00e9duisant les temps d&#8217;arr\u00eat et g\u00e9n\u00e9rant des rapports d\u00e9taill\u00e9s sur l&#8217;utilisation, les co\u00fbts et la mesure d\u2019une multitude de services.<\/p>\n<p>[\/et_pb_text][\/et_pb_column][\/et_pb_row][et_pb_row][et_pb_column type=&#8221;4_4&#8243; custom_padding__hover=&#8221;|||&#8221; custom_padding=&#8221;|||&#8221;][et_pb_text admin_label=&#8221;Text &amp; graphic&#8221; _builder_version=&#8221;3.0.64&#8243; background_layout=&#8221;light&#8221; text_orientation=&#8221;left&#8221; border_style=&#8221;solid&#8221;]<\/p>\n<h2>Un fournisseur, une facture mensuelle avec tout sur une base de service.<\/h2>\n<p>Il suffit de regarder tout ce que vous obtenez avec SmartPrint 360. Et vous obtenez tout cela sur une seule facture mensuelle d\u00e9taill\u00e9e: \u00e9quipements, logiciels, fournitures et services.<\/p>\n<p style=\"text-align: center;\"><img loading=\"lazy\" decoding=\"async\" src=\"https:\/\/smartprint.com\/wp-content\/uploads\/2018\/09\/Smartprint-360-Graphic-FR.jpg\" alt=\"\" width=\"800\" height=\"661\" class=\"style-svg\" \/><\/p>\n<p>[\/et_pb_text][\/et_pb_column][\/et_pb_row][et_pb_row][et_pb_column type=&#8221;1_3&#8243; custom_padding__hover=&#8221;|||&#8221; custom_padding=&#8221;|||&#8221;][et_pb_text admin_label=&#8221;Software Solutions&#8221; _builder_version=&#8221;3.0.64&#8243; background_layout=&#8221;light&#8221; text_orientation=&#8221;left&#8221; border_style=&#8221;solid&#8221;]<\/p>\n<h3 style=\"color: #28aeba;\"><strong>Solutions Logicielles<br \/>\n<span style=\"font-size: 14px; font-style: italic;\">Implant\u00e9es et support\u00e9es par SmartPrint<\/span><\/strong><\/h3>\n<ul>\n<li>Libre de tout engagement avec les marques<\/li>\n<li>S\u00e9curit\u00e9: infrastructure d\u2019impression, p\u00e9riph\u00e9riques, disque dur<\/li>\n<li>Impression s\u00e9curis\u00e9e, nuage, impression mobile<\/li>\n<li>Flux de contenu simple: copie papier et \u00e9lectronique<\/li>\n<li>Gestion des documents<\/li>\n<li>Protection de la propri\u00e9t\u00e9 intellectuelle<\/li>\n<\/ul>\n<p>[\/et_pb_text][\/et_pb_column][et_pb_column type=&#8221;1_3&#8243; custom_padding__hover=&#8221;|||&#8221; custom_padding=&#8221;|||&#8221;][et_pb_text admin_label=&#8221;Professional Services&#8221; _builder_version=&#8221;3.0.64&#8243; background_layout=&#8221;light&#8221; text_orientation=&#8221;left&#8221; border_style=&#8221;solid&#8221;]<\/p>\n<h3 style=\"color: #2ebdab;\"><strong>Services professionnels<\/strong><\/h3>\n<ul>\n<li>Support technique pour g\u00e9rer une infrastructure d&#8217;impression compl\u00e8te<\/li>\n<li>Int\u00e9gration et gestion d&#8217;applications<\/li>\n<li>File d&#8217;attente d&#8217;impression et gestion de serveur<\/li>\n<\/ul>\n<p>[\/et_pb_text][\/et_pb_column][et_pb_column type=&#8221;1_3&#8243; custom_padding__hover=&#8221;|||&#8221; custom_padding=&#8221;|||&#8221;][et_pb_text admin_label=&#8221;Proactive Services&#8221; _builder_version=&#8221;3.0.64&#8243; background_layout=&#8221;light&#8221; text_orientation=&#8221;left&#8221; border_style=&#8221;solid&#8221;]<\/p>\n<h3 style=\"color: #5b9cc6;\"><strong>Services proactifs<br \/>\n<\/strong><\/h3>\n<ul>\n<li>Soutien par des experts de l&#8217;industrie \/ am\u00e9lioration continue<\/li>\n<li>Surveillance 24\/7 \/ r\u00e9ponse pr\u00e9dictive<\/li>\n<li>Gestion des fournitures<\/li>\n<\/ul>\n<p>[\/et_pb_text][\/et_pb_column][\/et_pb_row][et_pb_row][et_pb_column type=&#8221;1_3&#8243; custom_padding__hover=&#8221;|||&#8221; custom_padding=&#8221;|||&#8221;][et_pb_text admin_label=&#8221;Analytics &amp; Reporting&#8221; _builder_version=&#8221;3.0.64&#8243; background_layout=&#8221;light&#8221; text_orientation=&#8221;left&#8221; border_style=&#8221;solid&#8221;]<\/p>\n<h3 style=\"color: #4dae83;\"><strong>Analyse et Reporting<\/strong><\/h3>\n<ul>\n<li>Les syst\u00e8mes int\u00e9gr\u00e9s g\u00e9n\u00e8rent des rapports d\u00e9taill\u00e9s pour guider la prise de d\u00e9cision<\/li>\n<li>Cycle de vie du document, de l&#8217;impression au stockage en passant par la destruction<\/li>\n<li>D\u00e9ploiement \u00e9quilibr\u00e9 de l&#8217;\u00e9quipement avec un logiciel pour des utilisateurs heureux et efficaces<\/li>\n<\/ul>\n<p>[\/et_pb_text][\/et_pb_column][et_pb_column type=&#8221;1_3&#8243; custom_padding__hover=&#8221;|||&#8221; custom_padding=&#8221;|||&#8221;][et_pb_text admin_label=&#8221;Scalability &amp; Flexibility&#8221; _builder_version=&#8221;3.0.64&#8243; background_layout=&#8221;light&#8221; text_orientation=&#8221;left&#8221; border_style=&#8221;solid&#8221;]<\/p>\n<h3 style=\"color: #809dfb;\"><strong>\u00c9volutivit\u00e9 et flexibilit\u00e9<br \/>\n<\/strong><\/h3>\n<ul>\n<li>Pour g\u00e9rer tous vos sites en Am\u00e9rique du Nord et au-del\u00e0<\/li>\n<li>Facilit\u00e9 de flexion vers le haut ou le bas avec les changements d\u2019affaires<\/li>\n<\/ul>\n<p>[\/et_pb_text][\/et_pb_column][et_pb_column type=&#8221;1_3&#8243; custom_padding__hover=&#8221;|||&#8221; custom_padding=&#8221;|||&#8221;][et_pb_text admin_label=&#8221;Equipment&#8221; _builder_version=&#8221;3.0.64&#8243; background_layout=&#8221;light&#8221; text_orientation=&#8221;left&#8221; border_style=&#8221;solid&#8221;]<\/p>\n<h3 style=\"color: #42a2ef;\"><strong>\u00c9quipement<\/strong><\/h3>\n<ul>\n<li>Meilleurs \u00e9quipements pour les besoins de chaque d\u00e9partement<\/li>\n<li>Services d&#8217;impl\u00e9mentation et de gestion de flotte<\/li>\n<\/ul>\n<p>[\/et_pb_text][\/et_pb_column][\/et_pb_row][et_pb_row][et_pb_column type=&#8221;4_4&#8243; custom_padding__hover=&#8221;|||&#8221; custom_padding=&#8221;|||&#8221;][et_pb_text admin_label=&#8221;Fact&#8221; _builder_version=&#8221;3.0.64&#8243; background_layout=&#8221;light&#8221; text_orientation=&#8221;left&#8221; border_style=&#8221;solid&#8221; module_class=&#8221;facts&#8221;]<\/p>\n<p><strong>Fact:<\/strong> Nos clients \u00e9conomisent g\u00e9n\u00e9ralement entre 30% et 50% de leurs co\u00fbts d&#8217;impression apr\u00e8s nous avoir rejoints.<\/p>\n<p>[\/et_pb_text][\/et_pb_column][\/et_pb_row][et_pb_row][et_pb_column type=&#8221;1_2&#8243; custom_padding__hover=&#8221;|||&#8221; custom_padding=&#8221;|||&#8221;][et_pb_text admin_label=&#8221;Text &amp; image&#8221; _builder_version=&#8221;3.0.64&#8243; background_layout=&#8221;light&#8221; text_orientation=&#8221;left&#8221; border_style=&#8221;solid&#8221;]<\/p>\n<h3>Aucun autre service d&#8217;impression g\u00e9r\u00e9 n&#8217;offre autant et ne simplifie autant les choses.<\/h3>\n<p>SmartPrint 360 fournit plus de services, de fonctions de s\u00e9curit\u00e9 et de rapports que n\u2019importe qui d\u2019autre. Vous disposerez enfin des donn\u00e9es d&#8217;audit et de conformit\u00e9 pour comprendre les mouvements d\u2019impression, les co\u00fbts et r\u00e9aliserez le temps, les ennuis et l\u2019argent que vous \u00e9conomiserez. Tout cela, sur une seule facture mensuelle.<\/p>\n<p>&nbsp;<\/p>\n<p><img loading=\"lazy\" decoding=\"async\" class=\"style-svg\" src=\"https:\/\/smartprint.com\/wp-content\/uploads\/2018\/06\/office-work.jpg\" alt=\"\" width=\"1000\" height=\"960\" \/><\/p>\n<p>[\/et_pb_text][\/et_pb_column][et_pb_column type=&#8221;1_2&#8243; custom_padding__hover=&#8221;|||&#8221; custom_padding=&#8221;|||&#8221;][et_pb_text admin_label=&#8221;Text &amp; form&#8221; _builder_version=&#8221;3.0.64&#8243; background_layout=&#8221;light&#8221; text_orientation=&#8221;left&#8221; border_style=&#8221;solid&#8221;]<\/p>\n<h3>D\u00e9couvrez ce que SmartPrint 360 peut faire pour vous.<br \/>\nContactez-nous d\u00e8s maintenant.<\/h3>\n<p><span style=\"color: #ff0000; font-size: 14px; font-style: italic;\">* Mandatory fields <\/span><br \/>\n<!--[if lte IE 8]>\n<script charset=\"utf-8\" type=\"text\/javascript\" src=\"\/\/\njs.hsforms.net\/forms\/v2-legacy.js\"><\/script>\n<![endif]--><br \/>\n<script charset=\"utf-8\" type=\"text\/javascript\" src=\"\/\/\njs.hsforms.net\/forms\/v2.js\"><\/script><br \/>\n<script>\nhbspt.forms.create({\nportalId: \"4215610\",\nformId: \"2c2b976a-944e-490e-b028-7bc77b415410\",\ncss: \"\",\nsfdcCampaignId: \"7011W000000eSiaQAE\"\n});\n<\/script><\/p>\n<p>[\/et_pb_text][\/et_pb_column][\/et_pb_row][\/et_pb_section]<\/p>\n","protected":false},"excerpt":{"rendered":"<p>Tout compte fait Litt\u00e9ralement. Seul SmartPrint 360&#8230;<\/p>\n <a href=\"https:\/\/smartprint.com\/fr\/services-dimpressions-geres\/smartprint-360\/\" class=\"more-link\" title=\"Read More\">En savoir plus<\/a>","protected":false},"author":18,"featured_media":0,"parent":1595,"menu_order":0,"comment_status":"closed","ping_status":"closed","template":"page-full.php","meta":{"_acf_changed":false,"_et_pb_use_builder":"on","_et_pb_old_content":"","_et_gb_content_width":"","content-type":"","footnotes":""},"class_list":["post-3324","page","type-page","status-publish","hentry"],"acf":[],"yoast_head":"<!-- This site is optimized with the Yoast SEO plugin v27.3 - https:\/\/yoast.com\/product\/yoast-seo-wordpress\/ -->\n<title>Smartprint 360 - SmartPrint<\/title>\n<meta name=\"robots\" content=\"index, follow, max-snippet:-1, max-image-preview:large, max-video-preview:-1\" \/>\n<link rel=\"canonical\" href=\"https:\/\/smartprint.com\/fr\/services-dimpressions-geres\/smartprint-360\/\" \/>\n<meta property=\"og:locale\" content=\"fr_FR\" \/>\n<meta property=\"og:type\" content=\"article\" \/>\n<meta property=\"og:title\" content=\"Smartprint 360 - SmartPrint\" \/>\n<meta property=\"og:description\" content=\"Tout compte fait Litt\u00e9ralement. Seul SmartPrint 360...\" \/>\n<meta property=\"og:url\" content=\"https:\/\/smartprint.com\/fr\/services-dimpressions-geres\/smartprint-360\/\" \/>\n<meta property=\"og:site_name\" content=\"SmartPrint\" \/>\n<meta property=\"article:modified_time\" content=\"2019-10-22T22:50:06+00:00\" \/>\n<meta property=\"og:image\" content=\"https:\/\/smartprint.com\/wp-content\/uploads\/2018\/06\/360-logo.png\" \/>\n<meta name=\"twitter:card\" content=\"summary_large_image\" \/>\n<meta name=\"twitter:label1\" content=\"Est. reading time\" \/>\n\t<meta name=\"twitter:data1\" content=\"8 minutes\" \/>\n<script type=\"application\/ld+json\" class=\"yoast-schema-graph\">{\"@context\":\"https:\\\/\\\/schema.org\",\"@graph\":[{\"@type\":\"WebPage\",\"@id\":\"https:\\\/\\\/smartprint.com\\\/fr\\\/services-dimpressions-geres\\\/smartprint-360\\\/\",\"url\":\"https:\\\/\\\/smartprint.com\\\/fr\\\/services-dimpressions-geres\\\/smartprint-360\\\/\",\"name\":\"Smartprint 360 - SmartPrint\",\"isPartOf\":{\"@id\":\"https:\\\/\\\/smartprint.com\\\/#website\"},\"primaryImageOfPage\":{\"@id\":\"https:\\\/\\\/smartprint.com\\\/fr\\\/services-dimpressions-geres\\\/smartprint-360\\\/#primaryimage\"},\"image\":{\"@id\":\"https:\\\/\\\/smartprint.com\\\/fr\\\/services-dimpressions-geres\\\/smartprint-360\\\/#primaryimage\"},\"thumbnailUrl\":\"https:\\\/\\\/smartprint.com\\\/wp-content\\\/uploads\\\/2018\\\/06\\\/360-logo.png\",\"datePublished\":\"2018-09-24T17:17:32+00:00\",\"dateModified\":\"2019-10-22T22:50:06+00:00\",\"breadcrumb\":{\"@id\":\"https:\\\/\\\/smartprint.com\\\/fr\\\/services-dimpressions-geres\\\/smartprint-360\\\/#breadcrumb\"},\"inLanguage\":\"fr-FR\",\"potentialAction\":[{\"@type\":\"ReadAction\",\"target\":[\"https:\\\/\\\/smartprint.com\\\/fr\\\/services-dimpressions-geres\\\/smartprint-360\\\/\"]}]},{\"@type\":\"ImageObject\",\"inLanguage\":\"fr-FR\",\"@id\":\"https:\\\/\\\/smartprint.com\\\/fr\\\/services-dimpressions-geres\\\/smartprint-360\\\/#primaryimage\",\"url\":\"https:\\\/\\\/smartprint.com\\\/wp-content\\\/uploads\\\/2018\\\/06\\\/360-logo.png\",\"contentUrl\":\"https:\\\/\\\/smartprint.com\\\/wp-content\\\/uploads\\\/2018\\\/06\\\/360-logo.png\"},{\"@type\":\"BreadcrumbList\",\"@id\":\"https:\\\/\\\/smartprint.com\\\/fr\\\/services-dimpressions-geres\\\/smartprint-360\\\/#breadcrumb\",\"itemListElement\":[{\"@type\":\"ListItem\",\"position\":1,\"name\":\"Accueil\",\"item\":\"https:\\\/\\\/smartprint.com\\\/fr\\\/\"},{\"@type\":\"ListItem\",\"position\":2,\"name\":\"Services d&#8217;Impressions G\u00e9r\u00e9s\",\"item\":\"https:\\\/\\\/smartprint.com\\\/fr\\\/services-dimpressions-geres\\\/\"},{\"@type\":\"ListItem\",\"position\":3,\"name\":\"Smartprint 360\"}]},{\"@type\":\"WebSite\",\"@id\":\"https:\\\/\\\/smartprint.com\\\/#website\",\"url\":\"https:\\\/\\\/smartprint.com\\\/\",\"name\":\"SmartPrint\",\"description\":\"Services d&#039;Impression G\u00e9r\u00e9s\",\"potentialAction\":[{\"@type\":\"SearchAction\",\"target\":{\"@type\":\"EntryPoint\",\"urlTemplate\":\"https:\\\/\\\/smartprint.com\\\/?s={search_term_string}\"},\"query-input\":{\"@type\":\"PropertyValueSpecification\",\"valueRequired\":true,\"valueName\":\"search_term_string\"}}],\"inLanguage\":\"fr-FR\"}]}<\/script>\n<!-- \/ Yoast SEO plugin. -->","yoast_head_json":{"title":"Smartprint 360 - SmartPrint","robots":{"index":"index","follow":"follow","max-snippet":"max-snippet:-1","max-image-preview":"max-image-preview:large","max-video-preview":"max-video-preview:-1"},"canonical":"https:\/\/smartprint.com\/fr\/services-dimpressions-geres\/smartprint-360\/","og_locale":"fr_FR","og_type":"article","og_title":"Smartprint 360 - SmartPrint","og_description":"Tout compte fait Litt\u00e9ralement. Seul SmartPrint 360...","og_url":"https:\/\/smartprint.com\/fr\/services-dimpressions-geres\/smartprint-360\/","og_site_name":"SmartPrint","article_modified_time":"2019-10-22T22:50:06+00:00","og_image":[{"url":"https:\/\/smartprint.com\/wp-content\/uploads\/2018\/06\/360-logo.png","type":"","width":"","height":""}],"twitter_card":"summary_large_image","twitter_misc":{"Est. reading time":"8 minutes"},"schema":{"@context":"https:\/\/schema.org","@graph":[{"@type":"WebPage","@id":"https:\/\/smartprint.com\/fr\/services-dimpressions-geres\/smartprint-360\/","url":"https:\/\/smartprint.com\/fr\/services-dimpressions-geres\/smartprint-360\/","name":"Smartprint 360 - SmartPrint","isPartOf":{"@id":"https:\/\/smartprint.com\/#website"},"primaryImageOfPage":{"@id":"https:\/\/smartprint.com\/fr\/services-dimpressions-geres\/smartprint-360\/#primaryimage"},"image":{"@id":"https:\/\/smartprint.com\/fr\/services-dimpressions-geres\/smartprint-360\/#primaryimage"},"thumbnailUrl":"https:\/\/smartprint.com\/wp-content\/uploads\/2018\/06\/360-logo.png","datePublished":"2018-09-24T17:17:32+00:00","dateModified":"2019-10-22T22:50:06+00:00","breadcrumb":{"@id":"https:\/\/smartprint.com\/fr\/services-dimpressions-geres\/smartprint-360\/#breadcrumb"},"inLanguage":"fr-FR","potentialAction":[{"@type":"ReadAction","target":["https:\/\/smartprint.com\/fr\/services-dimpressions-geres\/smartprint-360\/"]}]},{"@type":"ImageObject","inLanguage":"fr-FR","@id":"https:\/\/smartprint.com\/fr\/services-dimpressions-geres\/smartprint-360\/#primaryimage","url":"https:\/\/smartprint.com\/wp-content\/uploads\/2018\/06\/360-logo.png","contentUrl":"https:\/\/smartprint.com\/wp-content\/uploads\/2018\/06\/360-logo.png"},{"@type":"BreadcrumbList","@id":"https:\/\/smartprint.com\/fr\/services-dimpressions-geres\/smartprint-360\/#breadcrumb","itemListElement":[{"@type":"ListItem","position":1,"name":"Accueil","item":"https:\/\/smartprint.com\/fr\/"},{"@type":"ListItem","position":2,"name":"Services d&#8217;Impressions G\u00e9r\u00e9s","item":"https:\/\/smartprint.com\/fr\/services-dimpressions-geres\/"},{"@type":"ListItem","position":3,"name":"Smartprint 360"}]},{"@type":"WebSite","@id":"https:\/\/smartprint.com\/#website","url":"https:\/\/smartprint.com\/","name":"SmartPrint","description":"Services d&#039;Impression G\u00e9r\u00e9s","potentialAction":[{"@type":"SearchAction","target":{"@type":"EntryPoint","urlTemplate":"https:\/\/smartprint.com\/?s={search_term_string}"},"query-input":{"@type":"PropertyValueSpecification","valueRequired":true,"valueName":"search_term_string"}}],"inLanguage":"fr-FR"}]}},"_links":{"self":[{"href":"https:\/\/smartprint.com\/fr\/wp-json\/wp\/v2\/pages\/3324","targetHints":{"allow":["GET"]}}],"collection":[{"href":"https:\/\/smartprint.com\/fr\/wp-json\/wp\/v2\/pages"}],"about":[{"href":"https:\/\/smartprint.com\/fr\/wp-json\/wp\/v2\/types\/page"}],"author":[{"embeddable":true,"href":"https:\/\/smartprint.com\/fr\/wp-json\/wp\/v2\/users\/18"}],"replies":[{"embeddable":true,"href":"https:\/\/smartprint.com\/fr\/wp-json\/wp\/v2\/comments?post=3324"}],"version-history":[{"count":20,"href":"https:\/\/smartprint.com\/fr\/wp-json\/wp\/v2\/pages\/3324\/revisions"}],"predecessor-version":[{"id":3778,"href":"https:\/\/smartprint.com\/fr\/wp-json\/wp\/v2\/pages\/3324\/revisions\/3778"}],"up":[{"embeddable":true,"href":"https:\/\/smartprint.com\/fr\/wp-json\/wp\/v2\/pages\/1595"}],"wp:attachment":[{"href":"https:\/\/smartprint.com\/fr\/wp-json\/wp\/v2\/media?parent=3324"}],"curies":[{"name":"wp","href":"https:\/\/api.w.org\/{rel}","templated":true}]}}